{"id":5779,"date":"2023-04-28T07:56:34","date_gmt":"2023-04-28T07:56:34","guid":{"rendered":"https:\/\/prowin-tools.com.tw\/product\/pt-10a-%e9%8b%bc%e8%a3%bd%e5%a3%93%e5%8a%9b%e6%a1%b6-%e6%b0%a3%e5%8b%95%e6%94%aa%e6%8b%8c%e5%9e%8b10l\/"},"modified":"2025-08-30T05:14:47","modified_gmt":"2025-08-30T05:14:47","slug":"pt-10a-steel-pressure-paint-tank-air-agitator-10l","status":"publish","type":"product","link":"https:\/\/prowin-tools.com.tw\/ar\/product\/pt-10a-steel-pressure-paint-tank-air-agitator-10l\/","title":{"rendered":"\u062e\u0632\u0627\u0646 \u0636\u063a\u0637 \u0641\u0648\u0644\u0627\u0630\u064a PT-10A \/ \u0646\u0648\u0639 \u062a\u062d\u0631\u064a\u0643 \u0647\u0648\u0627\u0626\u064a (10 \u0644\u062a\u0631)"},"content":{"rendered":"<h3><strong><span class=\"style2\">\u2611<\/span> <\/strong>\u0645\u064a\u0632\u0629<\/h3>\n<ul>\n<li>\u062e\u0632\u0627\u0646 \u0636\u063a\u0637 \u0645\u0646 \u0642\u0637\u0639\u0629 \u0648\u0627\u062d\u062f\u0629.<\/li>\n<li>\u063a\u0637\u0627\u0621 \u0641\u0648\u0644\u0627\u0630\u064a \u0645\u0636\u063a\u0648\u0637 \u062b\u0642\u064a\u0644.<\/li>\n<li>\u0645\u0634\u0627\u0628\u0643 \u0641\u0648\u0644\u0627\u0630\u064a\u0629 \u0645\u0637\u0631\u0648\u0642\u0629 \u0645\u0635\u0645\u0645\u0629 \u062e\u0635\u064a\u0635\u064b\u0627.<\/li>\n<li>\u0635\u0645\u0627\u0645 \u0623\u0645\u0627\u0646 \u0644\u062a\u0646\u0641\u064a\u0633 \u0627\u0644\u0636\u063a\u0637 \u0627\u0644\u0623\u0648\u062a\u0648\u0645\u0627\u062a\u064a\u0643\u064a.<\/li>\n<li>\u062c\u0645\u064a\u0639 \u0627\u0644\u0645\u0648\u062f\u064a\u0644\u0627\u062a \u0645\u062c\u0647\u0632\u0629 \u0628\u0645\u0646\u0627\u0641\u0630 \u0647\u0648\u0627\u0621 \u0639\u0644\u0648\u064a\u0629.<\/li>\n<li>\u0645\u062a\u0648\u0627\u0641\u0642 \u0645\u0639 \u0634\u0647\u0627\u062f\u0629 CE.<\/li>\n<li>\u0645\u062c\u0647\u0632\u0629 \u0628\u0645\u0646\u0638\u0645 \u0647\u0648\u0627\u0621 \u0648\u0645\u0642\u064a\u0627\u0633 \u0636\u063a\u0637.<\/li>\n<\/ul>\n<h3><strong><span class=\"style2\">\u2611<\/span> \u062a\u062e\u0635\u064a\u0635<\/strong><\/h3>\n<table id=\"tabs-nav\" class=\"xl756500\" border=\"0\" cellspacing=\"2\" cellpadding=\"5\">\n<tbody>\n<tr>\n<th class=\"xl71\" nowrap=\"nowrap\" bgcolor=\"#EFEFEF\" width=\"152\">\n<div align=\"left\">\u0633\u0639\u0629<\/div>\n<\/th>\n<td class=\"xl71\" bgcolor=\"#F7F7F7\" width=\"527\">10 L<\/td>\n<\/tr>\n<tr>\n<th class=\"xl73\" nowrap=\"nowrap\" bgcolor=\"#F7F7F7\">\n<div align=\"left\">\u0645\u062f\u062e\u0644 \u0627\u0644\u0647\u0648\u0627\u0621<\/div>\n<\/th>\n<td class=\"xl71\" width=\"527\">1\/4&#8243;<\/td>\n<\/tr>\n<tr>\n<th class=\"xl73\" nowrap=\"nowrap\" bgcolor=\"#EFEFEF\">\n<div align=\"left\">\u0645\u062e\u0631\u062c \u0627\u0644\u0633\u0648\u0627\u0626\u0644<\/div>\n<\/th>\n<td class=\"xl71\" bgcolor=\"#F7F7F7\" width=\"527\">1\/4 \u2033 (\u0623\u0648 3\/8 \u2033)<\/td>\n<\/tr>\n<tr>\n<th class=\"xl73\" nowrap=\"nowrap\" bgcolor=\"#F7F7F7\">\n<div align=\"left\">\u062d\u062c\u0645 \u0627\u0644\u0628\u0631\u0645\u064a\u0644<\/div>\n<\/th>\n<td class=\"xl71\" width=\"527\">265 I.D. \u00d7 277 O.D. \u00d7 220 H \u00d7 2.5 T<\/td>\n<\/tr>\n<tr>\n<th class=\"xl73\" nowrap=\"nowrap\" bgcolor=\"#EFEFEF\">\n<div align=\"left\">\u062d\u062c\u0645 \u0627\u0644\u063a\u0637\u0627\u0621<\/div>\n<\/th>\n<td class=\"xl71\" bgcolor=\"#F7F7F7\" width=\"527\">279 I.D. \u00d7 287 O.D. \u00d7 3.5 T<\/td>\n<\/tr>\n<tr>\n<th class=\"xl73\" nowrap=\"nowrap\" bgcolor=\"#F7F7F7\">\n<div align=\"left\">\u062d\u062c\u0645 \u0627\u0644\u0645\u0646\u062a\u062c<\/div>\n<\/th>\n<td class=\"xl71\" width=\"527\">290 L \u00d7 290 W \u00d7 540 H (mm)<\/td>\n<\/tr>\n<tr>\n<th class=\"xl74\" nowrap=\"nowrap\" bgcolor=\"#EFEFEF\">\n<div align=\"left\">\u0636\u063a\u0637 \u0627\u0644\u0639\u0645\u0644<\/div>\n<\/th>\n<td class=\"xl70\" bgcolor=\"#F7F7F7\" width=\"527\">4.1 \u0628\u0627\u0631 \/ 60 \u0631\u0637\u0644 \/ \u0628\u0648\u0635\u0629 \u0645\u0631\u0628\u0639\u0629<\/td>\n<\/tr>\n<tr>\n<th class=\"xl75\" nowrap=\"nowrap\" bgcolor=\"#F7F7F7\">\n<div align=\"left\">\u0637\u064e\u0631\u062f<\/div>\n<\/th>\n<td class=\"xl71\" width=\"527\">17 N.W. \u00d7 18.2 G.W. \u00d7 1.8 CUFT<\/td>\n<\/tr>\n<\/tbody>\n<\/table>","protected":false},"excerpt":{"rendered":"<p>\u062a\u062e\u062a\u0644\u0641 \u062a\u0642\u0646\u064a\u0629 \u062a\u0635\u0646\u064a\u0639 \u062e\u0632\u0627\u0646\u0627\u062a \u0627\u0644\u0636\u063a\u0637 \u0627\u0644\u062e\u0627\u0635\u0629 \u0628\u0640 Prowin Tools \u0639\u0646 \u062a\u0642\u0646\u064a\u0629 \u0627\u0644\u0644\u062d\u0627\u0645 \u0627\u0644\u062a\u0642\u0644\u064a\u062f\u064a\u0629 \u0627\u0644\u0639\u0627\u0645\u0629 \u060c \u062d\u064a\u062b \u064a\u062a\u0645 \u062a\u0634\u0643\u064a\u0644\u0647\u0627 \u062c\u0645\u064a\u0639\u064b\u0627 \u0628\u0634\u0643\u0644 \u0645\u062a\u0643\u0627\u0645\u0644 \u0628\u062f\u0648\u0646 \u0644\u062d\u0627\u0645. \u0623\u0635\u0628\u062d \u0647\u0630\u0627 \u0623\u064a\u0636\u064b\u0627 \u0645\u064a\u0632\u0629 \u0641\u0631\u064a\u062f\u0629 \u0645\u0646 \u0628\u0631\u0627\u0645\u064a\u0644 \u0627\u0644\u0636\u063a\u0637 Prowin Tools. \u062c\u0645\u064a\u0639 \u0628\u0631\u0627\u0645\u064a\u0644 \u0627\u0644\u0636\u063a\u0637 \u0644\u062f\u064a\u0646\u0627 \u062d\u0627\u0635\u0644\u0629 \u0639\u0644\u0649 \u0634\u0647\u0627\u062f\u0629 CE. 100% \u0645\u0635\u0646\u0648\u0639 \u0641\u064a \u062a\u0627\u064a\u0648\u0627\u0646 \u060c \u062c\u0648\u062f\u0629 \u0639\u0627\u0644\u064a\u0629 \u060c \u0639\u0645\u0631 \u062e\u062f\u0645\u0629 \u0637\u0648\u064a\u0644 \u060c \u0645\u0639 \u0645\u0646\u0627\u0641\u0630 \u0627\u0644\u0633\u0648\u0627\u0626\u0644 \u0627\u0644\u0639\u0644\u0648\u064a\u0629 \u0648\u0627\u0644\u0633\u0641\u0644\u064a\u0629. \u0625\u0630\u0627 \u0643\u0646\u062a \u062a\u0628\u062d\u062b \u0639\u0646 \u0645\u064f\u0635\u0646\u0650\u0651\u0639 \u0628\u0631\u0627\u0645\u064a\u0644 \u0627\u0644\u0636\u063a\u0637 \u060c \u0641\u0644\u0627 \u062a\u062a\u0631\u062f\u062f \u0641\u064a \u0627\u0644\u0627\u062a\u0635\u0627\u0644 \u0628\u0646\u0627.<\/p>","protected":false},"featured_media":5749,"comment_status":"open","ping_status":"closed","template":"","meta":{"qubely_global_settings":"","qubely_interactions":"","_uag_custom_page_level_css":"","site-sidebar-layout":"default","site-content-layout":"default","ast-site-content-layout":"","site-content-style":"default","site-sidebar-style":"default","ast-global-header-display":"","ast-banner-title-visibility":"","ast-main-header-display":"","ast-hfb-above-header-display":"","ast-hfb-below-header-display":"","ast-hfb-mobile-header-display":"","site-post-title":"","ast-breadcrumbs-content":"","ast-featured-img":"","footer-sml-layout":"","theme-transparent-header-meta":"default","adv-header-id-meta":"","stick-header-meta":"default","header-above-stick-meta":"","header-main-stick-meta":"","header-below-stick-meta":"","astra-migrate-meta-layouts":"","ast-page-background-enabled":"default","ast-page-background-meta":{"desktop":{"background-color":"","background-image":"","background-repeat":"repeat","background-position":"center center","background-size":"auto","background-attachment":"scroll","background-type":"","background-media":"","overlay-type":"","overlay-color":"","overlay-gradient":""},"tablet":{"background-color":"","background-image":"","background-repeat":"repeat","background-position":"center center","background-size":"auto","background-attachment":"scroll","background-type":"","background-media":"","overlay-type":"","overlay-color":"","overlay-gradient":""},"mobile":{"background-color":"","background-image":"","background-repeat":"repeat","background-position":"center center","background-size":"auto","background-attachment":"scroll","background-type":"","background-media":"","overlay-type":"","overlay-color":"","overlay-gradient":""}},"ast-content-background-meta":{"desktop":{"background-color":"var(--ast-global-color-5)","background-image":"","background-repeat":"repeat","background-position":"center center","background-size":"auto","background-attachment":"scroll","background-type":"","background-media":"","overlay-type":"","overlay-color":"","overlay-gradient":""},"tablet":{"background-color":"var(--ast-global-color-5)","background-image":"","background-repeat":"repeat","background-position":"center center","background-size":"auto","background-attachment":"scroll","background-type":"","background-media":"","overlay-type":"","overlay-color":"","overlay-gradient":""},"mobile":{"background-color":"var(--ast-global-color-5)","background-image":"","background-repeat":"repeat","background-position":"center center","background-size":"auto","background-attachment":"scroll","background-type":"","background-media":"","overlay-type":"","overlay-color":"","overlay-gradient":""}},"_themeisle_gutenberg_block_has_review":false},"product_cat":[135],"product_tag":[111,166,170],"class_list":{"0":"post-5779","1":"product","2":"type-product","3":"status-publish","4":"has-post-thumbnail","6":"product_cat-steel-air-pressure-paint-tank","7":"product_tag-111","8":"product_tag-10l","9":"product_tag-170","10":"desktop-align-left","11":"tablet-align-left","12":"mobile-align-left","13":"ast-product-gallery-layout-horizontal","14":"ast-product-tabs-layout-horizontal","15":"ast-qv-on-image","17":"","18":"instock","19":"shipping-taxable","20":"purchasable","21":"product-type-simple"},"uagb_featured_image_src":{"full":["https:\/\/prowin-tools.com.tw\/wp-content\/uploads\/2023\/04\/PT-10A-1Pressure-Tank-Air-Agitator.jpg",1000,1000,false],"thumbnail":["https:\/\/prowin-tools.com.tw\/wp-content\/uploads\/2023\/04\/PT-10A-1Pressure-Tank-Air-Agitator-150x150.jpg",150,150,true],"medium":["https:\/\/prowin-tools.com.tw\/wp-content\/uploads\/2023\/04\/PT-10A-1Pressure-Tank-Air-Agitator-300x300.jpg",300,300,true],"medium_large":["https:\/\/prowin-tools.com.tw\/wp-content\/uploads\/2023\/04\/PT-10A-1Pressure-Tank-Air-Agitator-768x768.jpg",768,768,true],"large":["https:\/\/prowin-tools.com.tw\/wp-content\/uploads\/2023\/04\/PT-10A-1Pressure-Tank-Air-Agitator.jpg",1000,1000,false],"1536x1536":["https:\/\/prowin-tools.com.tw\/wp-content\/uploads\/2023\/04\/PT-10A-1Pressure-Tank-Air-Agitator.jpg",1000,1000,false],"2048x2048":["https:\/\/prowin-tools.com.tw\/wp-content\/uploads\/2023\/04\/PT-10A-1Pressure-Tank-Air-Agitator.jpg",1000,1000,false],"trp-custom-language-flag":["https:\/\/prowin-tools.com.tw\/wp-content\/uploads\/2023\/04\/PT-10A-1Pressure-Tank-Air-Agitator-12x12.jpg",12,12,true],"qubely_landscape":["https:\/\/prowin-tools.com.tw\/wp-content\/uploads\/2023\/04\/PT-10A-1Pressure-Tank-Air-Agitator-1000x750.jpg",1000,750,true],"qubely_portrait":["https:\/\/prowin-tools.com.tw\/wp-content\/uploads\/2023\/04\/PT-10A-1Pressure-Tank-Air-Agitator-540x320.jpg",540,320,true],"qubely_thumbnail":["https:\/\/prowin-tools.com.tw\/wp-content\/uploads\/2023\/04\/PT-10A-1Pressure-Tank-Air-Agitator-140x100.jpg",140,100,true],"woocommerce_thumbnail":["https:\/\/prowin-tools.com.tw\/wp-content\/uploads\/2023\/04\/PT-10A-1Pressure-Tank-Air-Agitator-350x350.jpg",350,350,true],"woocommerce_single":["https:\/\/prowin-tools.com.tw\/wp-content\/uploads\/2023\/04\/PT-10A-1Pressure-Tank-Air-Agitator-600x600.jpg",600,600,true],"woocommerce_gallery_thumbnail":["https:\/\/prowin-tools.com.tw\/wp-content\/uploads\/2023\/04\/PT-10A-1Pressure-Tank-Air-Agitator-100x100.jpg",100,100,true]},"uagb_author_info":{"display_name":"editor.prowintw","author_link":"https:\/\/prowin-tools.com.tw\/ar\/author\/"},"uagb_comment_info":25,"uagb_excerpt":"Prowin Tools \u7684\u58d3\u529b\u6876\u88fd\u9020\u6280\u8853\u4e0a\u548c\u4e00\u822c\u50b3\u7d71\u7684\u710a\u63a5\u6280\u8853\u6709\u6240\u4e0d\u540c\uff0c\u6211\u5011\u7684\u90fd\u662f\u4e00\u9ad4\u6210\u5f62\uff0c\u4e26\u7121\u710a\u63a5\u3002\u9019\u4e5f\u6210&hellip;","_links":{"self":[{"href":"https:\/\/prowin-tools.com.tw\/ar\/wp-json\/wp\/v2\/product\/5779","targetHints":{"allow":["GET"]}}],"collection":[{"href":"https:\/\/prowin-tools.com.tw\/ar\/wp-json\/wp\/v2\/product"}],"about":[{"href":"https:\/\/prowin-tools.com.tw\/ar\/wp-json\/wp\/v2\/types\/product"}],"replies":[{"embeddable":true,"href":"https:\/\/prowin-tools.com.tw\/ar\/wp-json\/wp\/v2\/comments?post=5779"}],"version-history":[{"count":2,"href":"https:\/\/prowin-tools.com.tw\/ar\/wp-json\/wp\/v2\/product\/5779\/revisions"}],"predecessor-version":[{"id":5805,"href":"https:\/\/prowin-tools.com.tw\/ar\/wp-json\/wp\/v2\/product\/5779\/revisions\/5805"}],"wp:featuredmedia":[{"embeddable":true,"href":"https:\/\/prowin-tools.com.tw\/ar\/wp-json\/wp\/v2\/media\/5749"}],"wp:attachment":[{"href":"https:\/\/prowin-tools.com.tw\/ar\/wp-json\/wp\/v2\/media?parent=5779"}],"wp:term":[{"taxonomy":"product_cat","embeddable":true,"href":"https:\/\/prowin-tools.com.tw\/ar\/wp-json\/wp\/v2\/product_cat?post=5779"},{"taxonomy":"product_tag","embeddable":true,"href":"https:\/\/prowin-tools.com.tw\/ar\/wp-json\/wp\/v2\/product_tag?post=5779"}],"curies":[{"name":"wp","href":"https:\/\/api.w.org\/{rel}","templated":true}]}}