{"id":5319,"date":"2023-04-25T09:28:28","date_gmt":"2023-04-25T09:28:28","guid":{"rendered":"https:\/\/prowin-tools.com.tw\/product\/pt-751-%e6%89%8b%e6%8c%81%e5%bc%8f%e7%a9%ba%e6%b0%a3%e6%94%aa%e6%8b%8c%e5%99%a8\/"},"modified":"2023-06-14T05:48:52","modified_gmt":"2023-06-14T05:48:52","slug":"pt-751-air-pneumatic-agitator","status":"publish","type":"product","link":"https:\/\/prowin-tools.com.tw\/es\/producto\/pt-751-air-pneumatic-agitator\/","title":{"rendered":"Mezclador de aire de mano PT-751"},"content":{"rendered":"<ul>\n<li>Los agitadores de aire son impulsados por motores neum\u00e1ticos con una amplia gama de configuraciones de engranajes para adaptarse a una variedad de aplicaciones.<\/li>\n<li>Las cuchillas mezcladoras se seleccionan de aluminio, nailon y acero inoxidable para cumplir con diferentes prop\u00f3sitos.<\/li>\n<li>El mezclador de aire es f\u00e1cil de operar, a prueba de explosiones y funciona uniformemente sin chispas durante mucho tiempo.<\/li>\n<li>Es adecuado para operaciones de agitaci\u00f3n y mezcla de varios l\u00edquidos y tiene un buen rendimiento de seguridad.<\/li>\n<\/ul>\n<h3><strong><span class=\"style2\">\u2611<\/span> Especificaci\u00f3n<\/strong><\/h3>\n<table id=\"tabs-nav\" class=\"xl756500\" border=\"0\" cellspacing=\"2\" cellpadding=\"5\">\n<tbody>\n<tr>\n<th class=\"xl69\" nowrap=\"nowrap\" bgcolor=\"#EFEFEF\" width=\"152\">\n<div align=\"left\">sin velocidad de carga<\/div>\n<\/th>\n<td class=\"xl70\" bgcolor=\"#F7F7F7\" width=\"527\">2,800 RPM<\/td>\n<\/tr>\n<tr>\n<th class=\"xl69\" nowrap=\"nowrap\" bgcolor=\"#F7F7F7\">\n<div align=\"left\">relaci\u00f3n de transmisi\u00f3n<\/div>\n<\/th>\n<td class=\"xl70\" width=\"527\">1:5<\/td>\n<\/tr>\n<tr>\n<th class=\"xl69\" nowrap=\"nowrap\" bgcolor=\"#EFEFEF\">\n<div align=\"left\">\u91cd\u91cf<\/div>\n<\/th>\n<td class=\"xl70\" bgcolor=\"#F7F7F7\" width=\"527\">2.4 Kgs (5.29 lbs)<\/td>\n<\/tr>\n<tr>\n<th class=\"xl71\" nowrap=\"nowrap\" bgcolor=\"#F7F7F7\">\n<div align=\"left\">entrada de aire<\/div>\n<\/th>\n<td class=\"xl70\" width=\"527\">1\/4&#8243;<\/td>\n<\/tr>\n<tr>\n<th class=\"xl69\" nowrap=\"nowrap\" bgcolor=\"#EFEFEF\">\n<div align=\"left\">salida de fluido<\/div>\n<\/th>\n<td class=\"xl70\" bgcolor=\"#F7F7F7\" width=\"527\">3\/8&#8243;<\/td>\n<\/tr>\n<tr>\n<th class=\"xl69\" nowrap=\"nowrap\" bgcolor=\"#F7F7F7\">\n<div align=\"left\">valor de vibraci\u00f3n<\/div>\n<\/th>\n<td class=\"xl70\" bgcolor=\"#FFFFFF\" width=\"527\">5.11 m\/s\u00b2<\/td>\n<\/tr>\n<\/tbody>\n<\/table>","protected":false},"excerpt":{"rendered":"<p>100% est\u00e1 fabricado en Taiw\u00e1n con excelente calidad y larga vida \u00fatil.<br \/>\nLas diferentes especificaciones y configuraciones, como la relaci\u00f3n de transmisi\u00f3n, la velocidad, el tipo de mandril, el eje y el material de la hoja, se pueden ajustar seg\u00fan sus necesidades. Si est\u00e1 buscando un fabricante de mezcladores, no dude en contactarnos.<\/p>","protected":false},"featured_media":5017,"comment_status":"open","ping_status":"closed","template":"","meta":{"qubely_global_settings":"","qubely_interactions":"","_uag_custom_page_level_css":"","site-sidebar-layout":"default","site-content-layout":"default","ast-site-content-layout":"","site-content-style":"default","site-sidebar-style":"default","ast-global-header-display":"","ast-banner-title-visibility":"","ast-main-header-display":"","ast-hfb-above-header-display":"","ast-hfb-below-header-display":"","ast-hfb-mobile-header-display":"","site-post-title":"","ast-breadcrumbs-content":"","ast-featured-img":"","footer-sml-layout":"","theme-transparent-header-meta":"default","adv-header-id-meta":"","stick-header-meta":"default","header-above-stick-meta":"","header-main-stick-meta":"","header-below-stick-meta":"","astra-migrate-meta-layouts":"","ast-page-background-enabled":"default","ast-page-background-meta":{"desktop":{"background-color":"","background-image":"","background-repeat":"repeat","background-position":"center center","background-size":"auto","background-attachment":"scroll","background-type":"","background-media":"","overlay-type":"","overlay-color":"","overlay-gradient":""},"tablet":{"background-color":"","background-image":"","background-repeat":"repeat","background-position":"center center","background-size":"auto","background-attachment":"scroll","background-type":"","background-media":"","overlay-type":"","overlay-color":"","overlay-gradient":""},"mobile":{"background-color":"","background-image":"","background-repeat":"repeat","background-position":"center center","background-size":"auto","background-attachment":"scroll","background-type":"","background-media":"","overlay-type":"","overlay-color":"","overlay-gradient":""}},"ast-content-background-meta":{"desktop":{"background-color":"var(--ast-global-color-5)","background-image":"","background-repeat":"repeat","background-position":"center center","background-size":"auto","background-attachment":"scroll","background-type":"","background-media":"","overlay-type":"","overlay-color":"","overlay-gradient":""},"tablet":{"background-color":"var(--ast-global-color-5)","background-image":"","background-repeat":"repeat","background-position":"center center","background-size":"auto","background-attachment":"scroll","background-type":"","background-media":"","overlay-type":"","overlay-color":"","overlay-gradient":""},"mobile":{"background-color":"var(--ast-global-color-5)","background-image":"","background-repeat":"repeat","background-position":"center center","background-size":"auto","background-attachment":"scroll","background-type":"","background-media":"","overlay-type":"","overlay-color":"","overlay-gradient":""}},"_themeisle_gutenberg_block_has_review":false},"product_cat":[78],"product_tag":[79,105],"class_list":{"0":"post-5319","1":"product","2":"type-product","3":"status-publish","4":"has-post-thumbnail","6":"product_cat-air-agitator","7":"product_tag-air-agitator","8":"product_tag-105","9":"desktop-align-left","10":"tablet-align-left","11":"mobile-align-left","12":"ast-product-gallery-layout-horizontal","13":"ast-product-gallery-with-no-image","14":"ast-product-tabs-layout-horizontal","15":"ast-qv-on-image","17":"","18":"instock","19":"featured","20":"shipping-taxable","21":"purchasable","22":"product-type-simple"},"uagb_featured_image_src":{"full":["https:\/\/prowin-tools.com.tw\/wp-content\/uploads\/2023\/02\/PT-751-1Air-Agitator.jpg",1000,1000,false],"thumbnail":["https:\/\/prowin-tools.com.tw\/wp-content\/uploads\/2023\/02\/PT-751-1Air-Agitator-150x150.jpg",150,150,true],"medium":["https:\/\/prowin-tools.com.tw\/wp-content\/uploads\/2023\/02\/PT-751-1Air-Agitator-300x300.jpg",300,300,true],"medium_large":["https:\/\/prowin-tools.com.tw\/wp-content\/uploads\/2023\/02\/PT-751-1Air-Agitator-768x768.jpg",768,768,true],"large":["https:\/\/prowin-tools.com.tw\/wp-content\/uploads\/2023\/02\/PT-751-1Air-Agitator.jpg",1000,1000,false],"1536x1536":["https:\/\/prowin-tools.com.tw\/wp-content\/uploads\/2023\/02\/PT-751-1Air-Agitator.jpg",1000,1000,false],"2048x2048":["https:\/\/prowin-tools.com.tw\/wp-content\/uploads\/2023\/02\/PT-751-1Air-Agitator.jpg",1000,1000,false],"trp-custom-language-flag":["https:\/\/prowin-tools.com.tw\/wp-content\/uploads\/2023\/02\/PT-751-1Air-Agitator-12x12.jpg",12,12,true],"qubely_landscape":["https:\/\/prowin-tools.com.tw\/wp-content\/uploads\/2023\/02\/PT-751-1Air-Agitator-1000x750.jpg",1000,750,true],"qubely_portrait":["https:\/\/prowin-tools.com.tw\/wp-content\/uploads\/2023\/02\/PT-751-1Air-Agitator-540x320.jpg",540,320,true],"qubely_thumbnail":["https:\/\/prowin-tools.com.tw\/wp-content\/uploads\/2023\/02\/PT-751-1Air-Agitator-140x100.jpg",140,100,true],"woocommerce_thumbnail":["https:\/\/prowin-tools.com.tw\/wp-content\/uploads\/2023\/02\/PT-751-1Air-Agitator-350x350.jpg",350,350,true],"woocommerce_single":["https:\/\/prowin-tools.com.tw\/wp-content\/uploads\/2023\/02\/PT-751-1Air-Agitator-600x600.jpg",600,600,true],"woocommerce_gallery_thumbnail":["https:\/\/prowin-tools.com.tw\/wp-content\/uploads\/2023\/02\/PT-751-1Air-Agitator-100x100.jpg",100,100,true]},"uagb_author_info":{"display_name":"editor.prowintw","author_link":"https:\/\/prowin-tools.com.tw\/es\/author\/"},"uagb_comment_info":0,"uagb_excerpt":"100% \u53f0\u7063\u88fd\u9020\uff0c\u54c1\u8cea\u5353\u8d8a\uff0c\u4f7f\u7528\u58fd\u547d\u9577\u3002 \u4e0d\u540c\u7684\u898f\u683c\u914d\u7f6e\u5982\u9f52\u8f2a\u6bd4\u3001\u8f49\u901f\u3001\u593e\u982d\u7a2e\u985e\u3001\u8ef8\u4ee5\u53ca\u5200\u62cc\u7247\u6750\u8cea\u7686\u53ef\u4f9d\u60a8\u7684&hellip;","_links":{"self":[{"href":"https:\/\/prowin-tools.com.tw\/es\/wp-json\/wp\/v2\/product\/5319","targetHints":{"allow":["GET"]}}],"collection":[{"href":"https:\/\/prowin-tools.com.tw\/es\/wp-json\/wp\/v2\/product"}],"about":[{"href":"https:\/\/prowin-tools.com.tw\/es\/wp-json\/wp\/v2\/types\/product"}],"replies":[{"embeddable":true,"href":"https:\/\/prowin-tools.com.tw\/es\/wp-json\/wp\/v2\/comments?post=5319"}],"version-history":[{"count":2,"href":"https:\/\/prowin-tools.com.tw\/es\/wp-json\/wp\/v2\/product\/5319\/revisions"}],"predecessor-version":[{"id":5588,"href":"https:\/\/prowin-tools.com.tw\/es\/wp-json\/wp\/v2\/product\/5319\/revisions\/5588"}],"wp:featuredmedia":[{"embeddable":true,"href":"https:\/\/prowin-tools.com.tw\/es\/wp-json\/wp\/v2\/media\/5017"}],"wp:attachment":[{"href":"https:\/\/prowin-tools.com.tw\/es\/wp-json\/wp\/v2\/media?parent=5319"}],"wp:term":[{"taxonomy":"product_cat","embeddable":true,"href":"https:\/\/prowin-tools.com.tw\/es\/wp-json\/wp\/v2\/product_cat?post=5319"},{"taxonomy":"product_tag","embeddable":true,"href":"https:\/\/prowin-tools.com.tw\/es\/wp-json\/wp\/v2\/product_tag?post=5319"}],"curies":[{"name":"wp","href":"https:\/\/api.w.org\/{rel}","templated":true}]}}