{"id":5632,"date":"2023-04-27T05:49:53","date_gmt":"2023-04-27T05:49:53","guid":{"rendered":"https:\/\/prowin-tools.com.tw\/?post_type=product&#038;p=5632"},"modified":"2023-06-14T05:40:37","modified_gmt":"2023-06-14T05:40:37","slug":"pt-011-pt-021-clamp-type-air-agitator","status":"publish","type":"product","link":"https:\/\/prowin-tools.com.tw\/es\/producto\/pt-011-pt-021-clamp-type-air-agitator\/","title":{"rendered":"Agitador de aire con clip PT-011\/PT-021"},"content":{"rendered":"<div data-elementor-type=\"wp-post\" data-elementor-id=\"5632\" class=\"elementor elementor-5632\">\n\t\t\t\t\t\t<section class=\"elementor-section elementor-top-section elementor-element elementor-element-dbf2a6 elementor-section-boxed elementor-section-height-default elementor-section-height-default\" data-id=\"dbf2a6\" data-element_type=\"section\" data-e-type=\"section\">\n\t\t\t\t\t\t<div class=\"elementor-container elementor-column-gap-default\">\n\t\t\t\t\t<div class=\"elementor-column elementor-col-100 elementor-top-column elementor-element elementor-element-4242e8ea\" data-id=\"4242e8ea\" data-element_type=\"column\" data-e-type=\"column\">\n\t\t\t<div class=\"elementor-widget-wrap elementor-element-populated\">\n\t\t\t\t\t\t<div class=\"elementor-element elementor-element-427b9af4 elementor-widget__width-initial elementor-widget elementor-widget-text-editor\" data-id=\"427b9af4\" data-element_type=\"widget\" data-e-type=\"widget\" data-widget_type=\"text-editor.default\">\n\t\t\t\t<div class=\"elementor-widget-container\">\n\t\t\t\t\t\t\t\t\t<p>\u593e\u5f0f\u7a7a\u6c23\u652a\u62cc\u5668\u662f\u958b\u653e\u5f0f\u6db2\u6599\u6876\u7684\u6700\u4f73\u9078\u914d\uff0c\u8f15\u6613\u5730\u628a\u652a\u62cc\u6a5f\u593e\u5728\u6876\u908a\uff0c\u4e26\u53ef\u8abf\u6574\u593e\u982d\u652a\u62cc\u89d2\u5ea6\u3002\u4ee5\u8f03\u4f4e\u7684\u901f\u5ea6\u63d0\u4f9b\u66f4\u9ad8\u7684\u626d\u77e9\uff0c\u4ee5\u5728\u91cd\u7c98\u6027\u6750\u6599\u4e0a\u9032\u884c\u9ad8\u6548\u7684\u591a\u9805\u5de5\u4f5c\u3002<\/p><p>\u00a0<\/p><h3><strong><span class=\"style2\">\u2611<\/span> caracter\u00edstica<\/strong><\/h3><ul><li>Los agitadores de aire son impulsados por motores neum\u00e1ticos con una amplia gama de configuraciones de engranajes para adaptarse a una variedad de aplicaciones.<\/li><li>Las cuchillas mezcladoras se seleccionan de aluminio, nailon y acero inoxidable para cumplir con diferentes prop\u00f3sitos.<\/li><li>El mezclador de aire es f\u00e1cil de operar, a prueba de explosiones y funciona uniformemente sin chispas durante mucho tiempo.<\/li><li>Es adecuado para operaciones de agitaci\u00f3n y mezcla de varios l\u00edquidos y tiene un buen rendimiento de seguridad.<\/li><\/ul><h3><strong><span class=\"style2\">\u2611<\/span> Especificaci\u00f3n <\/strong><\/h3>\t\t\t\t\t\t\t\t<\/div>\n\t\t\t\t<\/div>\n\t\t\t\t<div class=\"elementor-element elementor-element-64f1c67 elementor-tabs-view-horizontal elementor-widget elementor-widget-tabs\" data-id=\"64f1c67\" data-element_type=\"widget\" data-e-type=\"widget\" data-widget_type=\"tabs.default\">\n\t\t\t\t<div class=\"elementor-widget-container\">\n\t\t\t\t\t\t\t<div class=\"elementor-tabs\">\n\t\t\t<div class=\"elementor-tabs-wrapper\" role=\"tablist\" >\n\t\t\t\t\t\t\t\t\t<div id=\"elementor-tab-title-1051\" class=\"elementor-tab-title elementor-tab-desktop-title\" aria-selected=\"true\" data-tab=\"1\" role=\"tab\" tabindex=\"0\" aria-controls=\"elementor-tab-content-1051\" aria-expanded=\"false\">PT-011<\/div>\n\t\t\t\t\t\t\t\t\t<div id=\"elementor-tab-title-1052\" class=\"elementor-tab-title elementor-tab-desktop-title\" aria-selected=\"false\" data-tab=\"2\" role=\"tab\" tabindex=\"-1\" aria-controls=\"elementor-tab-content-1052\" aria-expanded=\"false\">PT-021<\/div>\n\t\t\t\t\t\t\t<\/div>\n\t\t\t<div class=\"elementor-tabs-content-wrapper\" role=\"tablist\" aria-orientation=\"vertical\">\n\t\t\t\t\t\t\t\t\t<div class=\"elementor-tab-title elementor-tab-mobile-title\" aria-selected=\"true\" data-tab=\"1\" role=\"tab\" tabindex=\"0\" aria-controls=\"elementor-tab-content-1051\" aria-expanded=\"false\">PT-011<\/div>\n\t\t\t\t\t<div id=\"elementor-tab-content-1051\" class=\"elementor-tab-content elementor-clearfix\" data-tab=\"1\" role=\"tabpanel\" aria-labelledby=\"elementor-tab-title-1051\" tabindex=\"0\" hidden=\"false\"><table border=\"0\" cellpadding=\"5\" cellspacing=\"2\" bordercolor=\"#ACACAC\" class=\"xl756500\" id=\"tabs-nav\">\n  <tr>\n    <th width=\"152\" nowrap bgcolor=\"#EFEFEF\" class=\"xl69\"><div align=\"left\">tipo <\/div><\/th>\n    <td width=\"527\" bgcolor=\"#F7F7F7\" class=\"xl70\">Abrazadera <\/td>\n  <\/tr>\n  <tr>\n    <th nowrap bgcolor=\"#F7F7F7\" class=\"xl71\"><div align=\"left\">caballo de fuerza <\/div><\/th>\n    <td class=\"xl70\" width=\"527\">1\/3 HP <\/td>\n  <\/tr>\n  <tr>\n    <th nowrap bgcolor=\"#EFEFEF\" class=\"xl69\"><div align=\"left\">sin velocidad de carga<\/div><\/th>\n    <td width=\"527\" bgcolor=\"#F7F7F7\" class=\"xl70\">630 RPM <\/td>\n  <\/tr>\n  <tr>\n    <th nowrap bgcolor=\"#F7F7F7\" class=\"xl69\"><div align=\"left\">relaci\u00f3n de transmisi\u00f3n<\/div><\/th>\n    <td class=\"xl70\" width=\"527\">5 : 1 <\/td>\n  <\/tr>\n  <tr>\n    <th nowrap bgcolor=\"#EFEFEF\" class=\"xl69\"><div align=\"left\">Adecuado<\/div><\/th>\n    <td width=\"527\" bgcolor=\"#F7F7F7\" class=\"xl70\">200 L <\/td>\n  <\/tr>\n  <tr>\n    <th nowrap bgcolor=\"#F7F7F7\" class=\"xl71\"><div align=\"left\">Tama\u00f1o de la barra de agitaci\u00f3n<\/div><\/th>\n    <td class=\"xl70\" width=\"527\">\u00d8 15 \u00d7 790 mm<\/td>\n  <\/tr>\n  <tr>\n    <th nowrap bgcolor=\"#EFEFEF\" class=\"xl69\"><div align=\"left\">Material\/di\u00e1metro de la hoja<\/div><\/th>\n    <td width=\"527\" bgcolor=\"#F7F7F7\" class=\"xl70\">O.D.162 mm \/ Aluminum <\/td>\n  <\/tr>\n  <tr>\n    <th nowrap bgcolor=\"#F7F7F7\" class=\"xl71\"><div align=\"left\">Consumo de aire<\/div><\/th>\n    <td class=\"xl70\" width=\"527\">16 SCFM <\/td>\n  <\/tr>\n  <tr>\n    <th nowrap bgcolor=\"#EFEFEF\" class=\"xl69\"><div align=\"left\">valor de vibraci\u00f3n<\/div><\/th>\n    <td width=\"527\" bgcolor=\"#F7F7F7\" class=\"xl70\">7 m\/s\u00b2 <\/td>\n  <\/tr>\n  <tr>\n    <th nowrap bgcolor=\"#F7F7F7\" class=\"xl71\"><div align=\"left\">Paquete<\/div><\/th>\n    <td class=\"xl70\" width=\"527\">9 N.W. \/ 10 G.W. \/ 1 CUFT <\/td>\n  <\/tr>\n  <tr>\n    <th nowrap bgcolor=\"#EFEFEF\" class=\"xl69\"><div align=\"left\">tama\u00f1o<\/div><\/th>\n    <td width=\"527\" bgcolor=\"#F7F7F7\" class=\"xl70\">1130 L \u00d7 175 W \u00d7 170 H (mm) <\/td>\n  <\/tr>\n<\/table><\/div>\n\t\t\t\t\t\t\t\t\t<div class=\"elementor-tab-title elementor-tab-mobile-title\" aria-selected=\"false\" data-tab=\"2\" role=\"tab\" tabindex=\"-1\" aria-controls=\"elementor-tab-content-1052\" aria-expanded=\"false\">PT-021<\/div>\n\t\t\t\t\t<div id=\"elementor-tab-content-1052\" class=\"elementor-tab-content elementor-clearfix\" data-tab=\"2\" role=\"tabpanel\" aria-labelledby=\"elementor-tab-title-1052\" tabindex=\"0\" hidden=\"hidden\"><table id=\"tabs-nav\" class=\"xl756500\" border=\"0\" cellspacing=\"2\" cellpadding=\"5\"><tbody><tr><th class=\"xl69\" nowrap=\"nowrap\" bgcolor=\"#EFEFEF\" width=\"152\"><div align=\"left\">tipo<\/div><\/th><td class=\"xl70\" bgcolor=\"#F7F7F7\" width=\"527\">Abrazadera<\/td><\/tr><tr><th class=\"xl71\" nowrap=\"nowrap\" bgcolor=\"#F7F7F7\"><div align=\"left\">caballo de fuerza<\/div><\/th><td class=\"xl70\" width=\"527\">1\/3 HP<\/td><\/tr><tr><th class=\"xl69\" nowrap=\"nowrap\" bgcolor=\"#EFEFEF\"><div align=\"left\">sin velocidad de carga<\/div><\/th><td class=\"xl70\" bgcolor=\"#F7F7F7\" width=\"527\">278 RPM<\/td><\/tr><tr><th class=\"xl69\" nowrap=\"nowrap\" bgcolor=\"#F7F7F7\"><div align=\"left\">relaci\u00f3n de transmisi\u00f3n<\/div><\/th><td class=\"xl70\" width=\"527\">10 : 1<\/td><\/tr><tr><th class=\"xl69\" nowrap=\"nowrap\" bgcolor=\"#EFEFEF\"><div align=\"left\">Adecuado<\/div><\/th><td class=\"xl70\" bgcolor=\"#F7F7F7\" width=\"527\">200 L<\/td><\/tr><tr><th class=\"xl71\" nowrap=\"nowrap\" bgcolor=\"#F7F7F7\"><div align=\"left\">Tama\u00f1o de la barra de agitaci\u00f3n<\/div><\/th><td class=\"xl70\" width=\"527\">\u00d8 15 \u00d7 790 mm<\/td><\/tr><tr><th class=\"xl69\" nowrap=\"nowrap\" bgcolor=\"#EFEFEF\"><div align=\"left\">Material\/di\u00e1metro de la hoja<\/div><\/th><td class=\"xl70\" bgcolor=\"#F7F7F7\" width=\"527\">O.D.162 mm \/ Aluminum<\/td><\/tr><tr><th class=\"xl71\" nowrap=\"nowrap\" bgcolor=\"#F7F7F7\"><div align=\"left\">Consumo de aire<\/div><\/th><td class=\"xl70\" width=\"527\">16 SCFM<\/td><\/tr><tr><th class=\"xl69\" nowrap=\"nowrap\" bgcolor=\"#EFEFEF\"><div align=\"left\">valor de vibraci\u00f3n<\/div><\/th><td class=\"xl70\" bgcolor=\"#F7F7F7\" width=\"527\">7 m\/s\u00b2<\/td><\/tr><tr><th class=\"xl71\" nowrap=\"nowrap\" bgcolor=\"#F7F7F7\"><div align=\"left\">Paquete<\/div><\/th><td class=\"xl70\" width=\"527\">9.1 N.W. \/ 10.1 G.W. \/ 1 CUFT<\/td><\/tr><tr><th class=\"xl69\" nowrap=\"nowrap\" bgcolor=\"#EFEFEF\"><div align=\"left\">tama\u00f1o<\/div><\/th><td class=\"xl70\" bgcolor=\"#F7F7F7\" width=\"527\">1130 L \u00d7 175 W \u00d7 170 H (mm)<\/td><\/tr><\/tbody><\/table><\/div>\n\t\t\t\t\t\t\t<\/div>\n\t\t<\/div>\n\t\t\t\t\t\t<\/div>\n\t\t\t\t<\/div>\n\t\t\t\t\t<\/div>\n\t\t<\/div>\n\t\t\t\t\t<\/div>\n\t\t<\/section>\n\t\t\t\t<\/div>","protected":false},"excerpt":{"rendered":"<p>100% est\u00e1 fabricado en Taiw\u00e1n con excelente calidad y larga vida \u00fatil.<br \/>\nLas diferentes especificaciones y configuraciones, como la relaci\u00f3n de transmisi\u00f3n, la velocidad, el tipo de mandril, el eje y el material de la hoja, se pueden ajustar seg\u00fan sus necesidades. Si est\u00e1 buscando un fabricante de mezcladores, no dude en contactarnos.<\/p>","protected":false},"featured_media":5032,"comment_status":"open","ping_status":"closed","template":"","meta":{"qubely_global_settings":"","qubely_interactions":"","_uag_custom_page_level_css":"","site-sidebar-layout":"default","site-content-layout":"default","ast-site-content-layout":"","site-content-style":"default","site-sidebar-style":"default","ast-global-header-display":"","ast-banner-title-visibility":"","ast-main-header-display":"","ast-hfb-above-header-display":"","ast-hfb-below-header-display":"","ast-hfb-mobile-header-display":"","site-post-title":"","ast-breadcrumbs-content":"","ast-featured-img":"","footer-sml-layout":"","theme-transparent-header-meta":"default","adv-header-id-meta":"","stick-header-meta":"default","header-above-stick-meta":"","header-main-stick-meta":"","header-below-stick-meta":"","astra-migrate-meta-layouts":"","ast-page-background-enabled":"default","ast-page-background-meta":{"desktop":{"background-color":"","background-image":"","background-repeat":"repeat","background-position":"center center","background-size":"auto","background-attachment":"scroll","background-type":"","background-media":"","overlay-type":"","overlay-color":"","overlay-gradient":""},"tablet":{"background-color":"","background-image":"","background-repeat":"repeat","background-position":"center center","background-size":"auto","background-attachment":"scroll","background-type":"","background-media":"","overlay-type":"","overlay-color":"","overlay-gradient":""},"mobile":{"background-color":"","background-image":"","background-repeat":"repeat","background-position":"center center","background-size":"auto","background-attachment":"scroll","background-type":"","background-media":"","overlay-type":"","overlay-color":"","overlay-gradient":""}},"ast-content-background-meta":{"desktop":{"background-color":"var(--ast-global-color-5)","background-image":"","background-repeat":"repeat","background-position":"center center","background-size":"auto","background-attachment":"scroll","background-type":"","background-media":"","overlay-type":"","overlay-color":"","overlay-gradient":""},"tablet":{"background-color":"var(--ast-global-color-5)","background-image":"","background-repeat":"repeat","background-position":"center center","background-size":"auto","background-attachment":"scroll","background-type":"","background-media":"","overlay-type":"","overlay-color":"","overlay-gradient":""},"mobile":{"background-color":"var(--ast-global-color-5)","background-image":"","background-repeat":"repeat","background-position":"center center","background-size":"auto","background-attachment":"scroll","background-type":"","background-media":"","overlay-type":"","overlay-color":"","overlay-gradient":""}},"_themeisle_gutenberg_block_has_review":false},"product_cat":[78],"product_tag":[79,107],"class_list":{"0":"post-5632","1":"product","2":"type-product","3":"status-publish","4":"has-post-thumbnail","6":"product_cat-air-agitator","7":"product_tag-air-agitator","8":"product_tag-107","9":"desktop-align-left","10":"tablet-align-left","11":"mobile-align-left","12":"ast-product-gallery-layout-horizontal","13":"ast-product-gallery-with-no-image","14":"ast-product-tabs-layout-horizontal","15":"ast-qv-on-image","17":"","18":"instock","19":"featured","20":"shipping-taxable","21":"purchasable","22":"product-type-simple"},"uagb_featured_image_src":{"full":["https:\/\/prowin-tools.com.tw\/wp-content\/uploads\/2023\/02\/PT-011PT-021-1Air-Agitator.jpg",1000,1000,false],"thumbnail":["https:\/\/prowin-tools.com.tw\/wp-content\/uploads\/2023\/02\/PT-011PT-021-1Air-Agitator-150x150.jpg",150,150,true],"medium":["https:\/\/prowin-tools.com.tw\/wp-content\/uploads\/2023\/02\/PT-011PT-021-1Air-Agitator-300x300.jpg",300,300,true],"medium_large":["https:\/\/prowin-tools.com.tw\/wp-content\/uploads\/2023\/02\/PT-011PT-021-1Air-Agitator-768x768.jpg",768,768,true],"large":["https:\/\/prowin-tools.com.tw\/wp-content\/uploads\/2023\/02\/PT-011PT-021-1Air-Agitator.jpg",1000,1000,false],"1536x1536":["https:\/\/prowin-tools.com.tw\/wp-content\/uploads\/2023\/02\/PT-011PT-021-1Air-Agitator.jpg",1000,1000,false],"2048x2048":["https:\/\/prowin-tools.com.tw\/wp-content\/uploads\/2023\/02\/PT-011PT-021-1Air-Agitator.jpg",1000,1000,false],"trp-custom-language-flag":["https:\/\/prowin-tools.com.tw\/wp-content\/uploads\/2023\/02\/PT-011PT-021-1Air-Agitator-12x12.jpg",12,12,true],"qubely_landscape":["https:\/\/prowin-tools.com.tw\/wp-content\/uploads\/2023\/02\/PT-011PT-021-1Air-Agitator-1000x750.jpg",1000,750,true],"qubely_portrait":["https:\/\/prowin-tools.com.tw\/wp-content\/uploads\/2023\/02\/PT-011PT-021-1Air-Agitator-540x320.jpg",540,320,true],"qubely_thumbnail":["https:\/\/prowin-tools.com.tw\/wp-content\/uploads\/2023\/02\/PT-011PT-021-1Air-Agitator-140x100.jpg",140,100,true],"woocommerce_thumbnail":["https:\/\/prowin-tools.com.tw\/wp-content\/uploads\/2023\/02\/PT-011PT-021-1Air-Agitator-350x350.jpg",350,350,true],"woocommerce_single":["https:\/\/prowin-tools.com.tw\/wp-content\/uploads\/2023\/02\/PT-011PT-021-1Air-Agitator-600x600.jpg",600,600,true],"woocommerce_gallery_thumbnail":["https:\/\/prowin-tools.com.tw\/wp-content\/uploads\/2023\/02\/PT-011PT-021-1Air-Agitator-100x100.jpg",100,100,true]},"uagb_author_info":{"display_name":"editor.prowintw","author_link":"https:\/\/prowin-tools.com.tw\/es\/author\/"},"uagb_comment_info":0,"uagb_excerpt":"100% \u53f0\u7063\u88fd\u9020\uff0c\u54c1\u8cea\u5353\u8d8a\uff0c\u4f7f\u7528\u58fd\u547d\u9577\u3002 \u4e0d\u540c\u7684\u898f\u683c\u914d\u7f6e\u5982\u9f52\u8f2a\u6bd4\u3001\u8f49\u901f\u3001\u593e\u982d\u7a2e\u985e\u3001\u8ef8\u4ee5\u53ca\u5200\u62cc\u7247\u6750\u8cea\u7686\u53ef\u4f9d\u60a8\u7684&hellip;","_links":{"self":[{"href":"https:\/\/prowin-tools.com.tw\/es\/wp-json\/wp\/v2\/product\/5632","targetHints":{"allow":["GET"]}}],"collection":[{"href":"https:\/\/prowin-tools.com.tw\/es\/wp-json\/wp\/v2\/product"}],"about":[{"href":"https:\/\/prowin-tools.com.tw\/es\/wp-json\/wp\/v2\/types\/product"}],"replies":[{"embeddable":true,"href":"https:\/\/prowin-tools.com.tw\/es\/wp-json\/wp\/v2\/comments?post=5632"}],"version-history":[{"count":20,"href":"https:\/\/prowin-tools.com.tw\/es\/wp-json\/wp\/v2\/product\/5632\/revisions"}],"predecessor-version":[{"id":6520,"href":"https:\/\/prowin-tools.com.tw\/es\/wp-json\/wp\/v2\/product\/5632\/revisions\/6520"}],"wp:featuredmedia":[{"embeddable":true,"href":"https:\/\/prowin-tools.com.tw\/es\/wp-json\/wp\/v2\/media\/5032"}],"wp:attachment":[{"href":"https:\/\/prowin-tools.com.tw\/es\/wp-json\/wp\/v2\/media?parent=5632"}],"wp:term":[{"taxonomy":"product_cat","embeddable":true,"href":"https:\/\/prowin-tools.com.tw\/es\/wp-json\/wp\/v2\/product_cat?post=5632"},{"taxonomy":"product_tag","embeddable":true,"href":"https:\/\/prowin-tools.com.tw\/es\/wp-json\/wp\/v2\/product_tag?post=5632"}],"curies":[{"name":"wp","href":"https:\/\/api.w.org\/{rel}","templated":true}]}}