{"id":5663,"date":"2023-04-27T07:48:40","date_gmt":"2023-04-27T07:48:40","guid":{"rendered":"https:\/\/prowin-tools.com.tw\/?post_type=product&#038;p=5663"},"modified":"2026-02-05T23:34:43","modified_gmt":"2026-02-05T23:34:43","slug":"am-01-am-02-am-03-am-08-air-motor-pneumatic-motor","status":"publish","type":"product","link":"https:\/\/prowin-tools.com.tw\/es\/producto\/am-01-am-02-am-03-am-08-air-motor-pneumatic-motor\/","title":{"rendered":"Motor neum\u00e1tico AM-01 \/ AM-02 \/ AM-03 \/ AM-08"},"content":{"rendered":"<div data-elementor-type=\"wp-post\" data-elementor-id=\"5663\" class=\"elementor elementor-5663\">\n\t\t\t\t\t\t<section class=\"elementor-section elementor-top-section elementor-element elementor-element-dbf2a6 elementor-section-boxed elementor-section-height-default elementor-section-height-default\" data-id=\"dbf2a6\" data-element_type=\"section\" data-e-type=\"section\">\n\t\t\t\t\t\t<div class=\"elementor-container elementor-column-gap-default\">\n\t\t\t\t\t<div class=\"elementor-column elementor-col-100 elementor-top-column elementor-element elementor-element-4242e8ea\" data-id=\"4242e8ea\" data-element_type=\"column\" data-e-type=\"column\">\n\t\t\t<div class=\"elementor-widget-wrap elementor-element-populated\">\n\t\t\t\t\t\t<div class=\"elementor-element elementor-element-427b9af4 elementor-widget__width-initial elementor-widget elementor-widget-text-editor\" data-id=\"427b9af4\" data-element_type=\"widget\" data-e-type=\"widget\" data-widget_type=\"text-editor.default\">\n\t\t\t\t<div class=\"elementor-widget-container\">\n\t\t\t\t\t\t\t\t\t<p>\u6c23\u52d5\u99ac\u9054\u555f\u52d5\u9806\u66a2\uff0c\u7121\u6bb5\u5f0f\u901f\u5ea6\u63a7\u5236\u63d0\u4f9b\u9ad8\u626d\u529b\uff0c\u77ac\u9593\u6b63\u9006\u8f49\u5411\u3002\u4f4e\u8017\u6c23\u91cf\uff0c\u6700\u9069\u5408\u9ad8\u7c98\u5ea6\u6eb6\u6db2\u3002\u9632\u7206\uff0c\u8ca0\u8f09\u5b89\u5168\uff0c\u5805\u56fa\u8a2d\u8a08\u3002<\/p><h3><strong><span class=\"style2\">\u2611<\/span> Especificaci\u00f3n<\/strong><\/h3>\t\t\t\t\t\t\t\t<\/div>\n\t\t\t\t<\/div>\n\t\t\t\t<div class=\"elementor-element elementor-element-64f1c67 elementor-tabs-view-horizontal elementor-widget elementor-widget-tabs\" data-id=\"64f1c67\" data-element_type=\"widget\" data-e-type=\"widget\" data-widget_type=\"tabs.default\">\n\t\t\t\t<div class=\"elementor-widget-container\">\n\t\t\t\t\t\t\t<div class=\"elementor-tabs\">\n\t\t\t<div class=\"elementor-tabs-wrapper\" role=\"tablist\" >\n\t\t\t\t\t\t\t\t\t<div id=\"elementor-tab-title-1051\" class=\"elementor-tab-title elementor-tab-desktop-title\" aria-selected=\"true\" data-tab=\"1\" role=\"tab\" tabindex=\"0\" aria-controls=\"elementor-tab-content-1051\" aria-expanded=\"false\">AM-01<\/div>\n\t\t\t\t\t\t\t\t\t<div id=\"elementor-tab-title-1052\" class=\"elementor-tab-title elementor-tab-desktop-title\" aria-selected=\"false\" data-tab=\"2\" role=\"tab\" tabindex=\"-1\" aria-controls=\"elementor-tab-content-1052\" aria-expanded=\"false\">AM-08<\/div>\n\t\t\t\t\t\t\t\t\t<div id=\"elementor-tab-title-1053\" class=\"elementor-tab-title elementor-tab-desktop-title\" aria-selected=\"false\" data-tab=\"3\" role=\"tab\" tabindex=\"-1\" aria-controls=\"elementor-tab-content-1053\" aria-expanded=\"false\">AM-02<\/div>\n\t\t\t\t\t\t\t\t\t<div id=\"elementor-tab-title-1054\" class=\"elementor-tab-title elementor-tab-desktop-title\" aria-selected=\"false\" data-tab=\"4\" role=\"tab\" tabindex=\"-1\" aria-controls=\"elementor-tab-content-1054\" aria-expanded=\"false\">AM-03<\/div>\n\t\t\t\t\t\t\t<\/div>\n\t\t\t<div class=\"elementor-tabs-content-wrapper\" role=\"tablist\" aria-orientation=\"vertical\">\n\t\t\t\t\t\t\t\t\t<div class=\"elementor-tab-title elementor-tab-mobile-title\" aria-selected=\"true\" data-tab=\"1\" role=\"tab\" tabindex=\"0\" aria-controls=\"elementor-tab-content-1051\" aria-expanded=\"false\">AM-01<\/div>\n\t\t\t\t\t<div id=\"elementor-tab-content-1051\" class=\"elementor-tab-content elementor-clearfix\" data-tab=\"1\" role=\"tabpanel\" aria-labelledby=\"elementor-tab-title-1051\" tabindex=\"0\" hidden=\"false\"><table id=\"tabs-nav\" class=\"xl756500\" border=\"0\" cellspacing=\"2\" cellpadding=\"5\">\n<tbody>\n<tr>\n<th style=\"text-align: left;\" align=\"right\" nowrap=\"nowrap\" bgcolor=\"#EFEFEF\" width=\"152\">caballo de fuerza<\/th>\n<td align=\"left\" bgcolor=\"#F7F7F7\" width=\"527\">1\/12HP<\/td>\n<\/tr>\n<tr>\n<th align=\"right\" nowrap=\"nowrap\" bgcolor=\"#F7F7F7\">\n<div align=\"left\">sin velocidad de carga<\/div><\/th>\n<td align=\"left\" bgcolor=\"#FFFFFF\">3,880 R.P.M<\/td>\n<\/tr>\n<tr>\n<th align=\"right\" nowrap=\"nowrap\" bgcolor=\"#EFEFEF\">\n<div align=\"left\">Consumo de aire<\/div><\/th>\n<td align=\"left\" bgcolor=\"#F7F7F7\">11.5 SCFM<\/td>\n<\/tr>\n<tr>\n<th align=\"right\" nowrap=\"nowrap\" bgcolor=\"#F7F7F7\">\n<div align=\"left\">valor de vibraci\u00f3n<\/div><\/th>\n<td align=\"left\" bgcolor=\"#FFFFFF\">12 <span class=\"xl70\">m\/s\u00b2<\/span><\/td>\n<\/tr>\n<tr>\n<th align=\"right\" nowrap=\"nowrap\" bgcolor=\"#EFEFEF\">\n<div align=\"left\">\u566a\u97f3\u503c<\/div><\/th>\n<td align=\"left\" bgcolor=\"#F7F7F7\">88 db<\/td>\n<\/tr>\n<tr>\n<th align=\"right\" nowrap=\"nowrap\" bgcolor=\"#F7F7F7\">\n<div align=\"left\">\u91cd\u91cf<\/div><\/th>\n<td align=\"left\" bgcolor=\"#FFFFFF\">0.45 kgs<\/td>\n<\/tr>\n<tr>\n<th align=\"right\" nowrap=\"nowrap\" bgcolor=\"#EFEFEF\">\n<div align=\"left\">tama\u00f1o<\/div><\/th>\n<td align=\"left\" bgcolor=\"#F7F7F7\"><span class=\"xl70\">74 L \u00d7 74 W \u00d7 91 H<\/span><\/td>\n<\/tr>\n<\/tbody>\n<\/table><\/div>\n\t\t\t\t\t\t\t\t\t<div class=\"elementor-tab-title elementor-tab-mobile-title\" aria-selected=\"false\" data-tab=\"2\" role=\"tab\" tabindex=\"-1\" aria-controls=\"elementor-tab-content-1052\" aria-expanded=\"false\">AM-08<\/div>\n\t\t\t\t\t<div id=\"elementor-tab-content-1052\" class=\"elementor-tab-content elementor-clearfix\" data-tab=\"2\" role=\"tabpanel\" aria-labelledby=\"elementor-tab-title-1052\" tabindex=\"0\" hidden=\"hidden\"><table id=\"tabs-nav\" class=\"xl756500\" border=\"0\" cellspacing=\"2\" cellpadding=\"5\">\n<tbody>\n<tr>\n<th align=\"right\" nowrap=\"nowrap\" bgcolor=\"#EFEFEF\" width=\"152\">\n<div align=\"left\">caballo de fuerza<\/div><\/th>\n<td class=\"xl70\" bgcolor=\"#F7F7F7\" width=\"527\">1\/4 H\/P<\/td>\n<\/tr>\n<tr>\n<th align=\"right\" nowrap=\"nowrap\" bgcolor=\"#F7F7F7\">\n<div align=\"left\">sin velocidad de carga<\/div><\/th>\n<td class=\"xl70\">2700 R.P.M<\/td>\n<\/tr>\n<tr>\n<th align=\"right\" nowrap=\"nowrap\" bgcolor=\"#EFEFEF\">\n<div align=\"left\">Consumo de aire<\/div><\/th>\n<td class=\"xl70\" bgcolor=\"#F7F7F7\">17 SCFM<\/td>\n<\/tr>\n<tr>\n<th align=\"right\" nowrap=\"nowrap\" bgcolor=\"#F7F7F7\">\n<div align=\"left\">valor de vibraci\u00f3n<\/div><\/th>\n<td class=\"xl70\">11 m\/s\u00b2<\/td>\n<\/tr>\n<tr>\n<th align=\"right\" nowrap=\"nowrap\" bgcolor=\"#EFEFEF\">\n<div align=\"left\">\u566a\u97f3\u503c<\/div><\/th>\n<td class=\"xl70\" bgcolor=\"#F7F7F7\">97 db<\/td>\n<\/tr>\n<tr>\n<th align=\"right\" nowrap=\"nowrap\" bgcolor=\"#F7F7F7\">\n<div align=\"left\">\u91cd\u91cf<\/div><\/th>\n<td class=\"xl70\">0.97 Kgs<\/td>\n<\/tr>\n<tr>\n<th align=\"right\" nowrap=\"nowrap\" bgcolor=\"#EFEFEF\">\n<div align=\"left\">\n<div align=\"left\">tama\u00f1o<\/div>\n<\/div><\/th>\n<td class=\"xl70\" bgcolor=\"#F7F7F7\">95 L \u00d7 95 W \u00d7 125 H<\/td>\n<\/tr>\n<\/tbody>\n<\/table><\/div>\n\t\t\t\t\t\t\t\t\t<div class=\"elementor-tab-title elementor-tab-mobile-title\" aria-selected=\"false\" data-tab=\"3\" role=\"tab\" tabindex=\"-1\" aria-controls=\"elementor-tab-content-1053\" aria-expanded=\"false\">AM-02<\/div>\n\t\t\t\t\t<div id=\"elementor-tab-content-1053\" class=\"elementor-tab-content elementor-clearfix\" data-tab=\"3\" role=\"tabpanel\" aria-labelledby=\"elementor-tab-title-1053\" tabindex=\"0\" hidden=\"hidden\"><table id=\"tabs-nav\" class=\"xl756500\" border=\"0\" cellspacing=\"2\" cellpadding=\"5\">\n<tbody>\n<tr>\n<th align=\"right\" nowrap=\"nowrap\" bgcolor=\"#EFEFEF\" width=\"152\">\n<div align=\"left\">caballo de fuerza<\/div><\/th>\n<td class=\"xl69\" bgcolor=\"#F7F7F7\" width=\"527\">1\/3 H\/P<\/td>\n<\/tr>\n<tr>\n<th align=\"right\" nowrap=\"nowrap\" bgcolor=\"#F7F7F7\">\n<div align=\"left\">sin velocidad de carga<\/div><\/th>\n<td class=\"xl69\">2780 R.P.M<\/td>\n<\/tr>\n<tr>\n<th align=\"right\" nowrap=\"nowrap\" bgcolor=\"#EFEFEF\">\n<div align=\"left\">Consumo de aire<\/div><\/th>\n<td class=\"xl69\" bgcolor=\"#F7F7F7\">19 SCFM<\/td>\n<\/tr>\n<tr>\n<th align=\"right\" nowrap=\"nowrap\" bgcolor=\"#F7F7F7\">\n<div align=\"left\">valor de vibraci\u00f3n<\/div><\/th>\n<td class=\"xl69\">11 m\/s\u00b2<\/td>\n<\/tr>\n<tr>\n<th align=\"right\" nowrap=\"nowrap\" bgcolor=\"#EFEFEF\">\n<div align=\"left\">\u566a\u97f3\u503c<\/div><\/th>\n<td class=\"xl69\" bgcolor=\"#F7F7F7\">99 db<\/td>\n<\/tr>\n<tr>\n<th align=\"right\" nowrap=\"nowrap\" bgcolor=\"#F7F7F7\">\n<div align=\"left\">\u91cd\u91cf<\/div><\/th>\n<td class=\"xl69\">1.8 Kgs<\/td>\n<\/tr>\n<tr>\n<th align=\"right\" nowrap=\"nowrap\" bgcolor=\"#EFEFEF\">\n<div align=\"left\">tama\u00f1o<\/div><\/th>\n<td class=\"xl69\" bgcolor=\"#F7F7F7\">120 L \u00d7 120 W \u00d7 147 H<\/td>\n<\/tr>\n<\/tbody>\n<\/table><\/div>\n\t\t\t\t\t\t\t\t\t<div class=\"elementor-tab-title elementor-tab-mobile-title\" aria-selected=\"false\" data-tab=\"4\" role=\"tab\" tabindex=\"-1\" aria-controls=\"elementor-tab-content-1054\" aria-expanded=\"false\">AM-03<\/div>\n\t\t\t\t\t<div id=\"elementor-tab-content-1054\" class=\"elementor-tab-content elementor-clearfix\" data-tab=\"4\" role=\"tabpanel\" aria-labelledby=\"elementor-tab-title-1054\" tabindex=\"0\" hidden=\"hidden\"><table id=\"tabs-nav\" class=\"xl756500\" border=\"0\" cellspacing=\"2\" cellpadding=\"5\">\n<tbody>\n<tr>\n<th align=\"right\" nowrap=\"nowrap\" bgcolor=\"#EFEFEF\" width=\"152\">\n<div align=\"left\">caballo de fuerza<\/div><\/th>\n<td class=\"xl69\" bgcolor=\"#F7F7F7\" width=\"527\">3\/4 H\/P<\/td>\n<\/tr>\n<tr>\n<th align=\"right\" nowrap=\"nowrap\" bgcolor=\"#F7F7F7\">\n<div align=\"left\">sin velocidad de carga<\/div><\/th>\n<td class=\"xl69\">1460 R.P.M<\/td>\n<\/tr>\n<tr>\n<th align=\"right\" nowrap=\"nowrap\" bgcolor=\"#EFEFEF\">\n<div align=\"left\">Consumo de aire<\/div><\/th>\n<td class=\"xl69\" bgcolor=\"#F7F7F7\">19 SCFM<\/td>\n<\/tr>\n<tr>\n<th align=\"right\" nowrap=\"nowrap\" bgcolor=\"#F7F7F7\">\n<div align=\"left\">valor de vibraci\u00f3n<\/div><\/th>\n<td class=\"xl69\">13 m\/s\u00b2<\/td>\n<\/tr>\n<tr>\n<th align=\"right\" nowrap=\"nowrap\" bgcolor=\"#EFEFEF\">\n<div align=\"left\">\u566a\u97f3\u503c<\/div><\/th>\n<td class=\"xl69\" bgcolor=\"#F7F7F7\">99 db<\/td>\n<\/tr>\n<tr>\n<th align=\"right\" nowrap=\"nowrap\" bgcolor=\"#F7F7F7\">\n<div align=\"left\">\u91cd\u91cf<\/div><\/th>\n<td class=\"xl69\">2.95 Kgs<\/td>\n<\/tr>\n<tr>\n<th align=\"right\" nowrap=\"nowrap\" bgcolor=\"#EFEFEF\">\n<div align=\"left\">tama\u00f1o<\/div><\/th>\n<td class=\"xl69\" bgcolor=\"#F7F7F7\">148 L \u00d7 148 W \u00d7 178 H<\/td>\n<\/tr>\n<\/tbody>\n<\/table><\/div>\n\t\t\t\t\t\t\t<\/div>\n\t\t<\/div>\n\t\t\t\t\t\t<\/div>\n\t\t\t\t<\/div>\n\t\t\t\t\t<\/div>\n\t\t<\/div>\n\t\t\t\t\t<\/div>\n\t\t<\/section>\n\t\t\t\t<\/div>","protected":false},"excerpt":{"rendered":"<p>100% est\u00e1 fabricado en Taiw\u00e1n con excelente calidad y larga vida \u00fatil.<br \/>\n\u5b83\u901a\u5e38\u7528\u65bc\u5de5\u696d\u61c9\u7528\u3001\u98df\u54c1\u5de5\u696d\u3001\u751f\u6280\u8207\u91ab\u7642\u7522\u696d\u3002\u7121\u9700\u4efb\u4f55\u8907\u96dc\u7684\u63a7\u5236\u7cfb\u7d71\uff0c\u5373\u53ef\u63d0\u4f9b\u6975\u5176\u53ef\u8b8a\u7684\u626d\u77e9\u548c\u901f\u5ea6\u3002 \u5982\u679c\u60a8\u6b63\u5728\u5c0b\u627e\u6c23\u52d5\u99ac\u9054\u88fd\u9020\u5546\uff0c\u8acb\u96a8\u6642\u8207\u6211\u5011\u806f\u7e6b\u3002<\/p>","protected":false},"featured_media":5025,"comment_status":"open","ping_status":"closed","template":"","meta":{"qubely_global_settings":"","qubely_interactions":"","_uag_custom_page_level_css":"","site-sidebar-layout":"default","site-content-layout":"default","ast-site-content-layout":"","site-content-style":"default","site-sidebar-style":"default","ast-global-header-display":"","ast-banner-title-visibility":"","ast-main-header-display":"","ast-hfb-above-header-display":"","ast-hfb-below-header-display":"","ast-hfb-mobile-header-display":"","site-post-title":"","ast-breadcrumbs-content":"","ast-featured-img":"","footer-sml-layout":"","theme-transparent-header-meta":"default","adv-header-id-meta":"","stick-header-meta":"default","header-above-stick-meta":"","header-main-stick-meta":"","header-below-stick-meta":"","astra-migrate-meta-layouts":"","ast-page-background-enabled":"default","ast-page-background-meta":{"desktop":{"background-color":"","background-image":"","background-repeat":"repeat","background-position":"center center","background-size":"auto","background-attachment":"scroll","background-type":"","background-media":"","overlay-type":"","overlay-color":"","overlay-gradient":""},"tablet":{"background-color":"","background-image":"","background-repeat":"repeat","background-position":"center center","background-size":"auto","background-attachment":"scroll","background-type":"","background-media":"","overlay-type":"","overlay-color":"","overlay-gradient":""},"mobile":{"background-color":"","background-image":"","background-repeat":"repeat","background-position":"center center","background-size":"auto","background-attachment":"scroll","background-type":"","background-media":"","overlay-type":"","overlay-color":"","overlay-gradient":""}},"ast-content-background-meta":{"desktop":{"background-color":"var(--ast-global-color-5)","background-image":"","background-repeat":"repeat","background-position":"center center","background-size":"auto","background-attachment":"scroll","background-type":"","background-media":"","overlay-type":"","overlay-color":"","overlay-gradient":""},"tablet":{"background-color":"var(--ast-global-color-5)","background-image":"","background-repeat":"repeat","background-position":"center center","background-size":"auto","background-attachment":"scroll","background-type":"","background-media":"","overlay-type":"","overlay-color":"","overlay-gradient":""},"mobile":{"background-color":"var(--ast-global-color-5)","background-image":"","background-repeat":"repeat","background-position":"center center","background-size":"auto","background-attachment":"scroll","background-type":"","background-media":"","overlay-type":"","overlay-color":"","overlay-gradient":""}},"_themeisle_gutenberg_block_has_review":false},"product_cat":[80],"product_tag":[81],"class_list":{"0":"post-5663","1":"product","2":"type-product","3":"status-publish","4":"has-post-thumbnail","6":"product_cat-air-motor","7":"product_tag-81","8":"desktop-align-left","9":"tablet-align-left","10":"mobile-align-left","11":"ast-product-gallery-layout-horizontal","12":"ast-product-tabs-layout-horizontal","13":"ast-qv-on-image","15":"","16":"instock","17":"featured","18":"shipping-taxable","19":"purchasable","20":"product-type-simple"},"uagb_featured_image_src":{"full":["https:\/\/prowin-tools.com.tw\/wp-content\/uploads\/2023\/02\/AM-03-1Air-Motor.jpg",1000,1000,false],"thumbnail":["https:\/\/prowin-tools.com.tw\/wp-content\/uploads\/2023\/02\/AM-03-1Air-Motor.jpg",150,150,false],"medium":["https:\/\/prowin-tools.com.tw\/wp-content\/uploads\/2023\/02\/AM-03-1Air-Motor.jpg",300,300,false],"medium_large":["https:\/\/prowin-tools.com.tw\/wp-content\/uploads\/2023\/02\/AM-03-1Air-Motor.jpg",768,768,false],"large":["https:\/\/prowin-tools.com.tw\/wp-content\/uploads\/2023\/02\/AM-03-1Air-Motor.jpg",1000,1000,false],"1536x1536":["https:\/\/prowin-tools.com.tw\/wp-content\/uploads\/2023\/02\/AM-03-1Air-Motor.jpg",1000,1000,false],"2048x2048":["https:\/\/prowin-tools.com.tw\/wp-content\/uploads\/2023\/02\/AM-03-1Air-Motor.jpg",1000,1000,false],"trp-custom-language-flag":["https:\/\/prowin-tools.com.tw\/wp-content\/uploads\/2023\/02\/AM-03-1Air-Motor.jpg",12,12,false],"qubely_landscape":["https:\/\/prowin-tools.com.tw\/wp-content\/uploads\/2023\/02\/AM-03-1Air-Motor.jpg",750,750,false],"qubely_portrait":["https:\/\/prowin-tools.com.tw\/wp-content\/uploads\/2023\/02\/AM-03-1Air-Motor.jpg",320,320,false],"qubely_thumbnail":["https:\/\/prowin-tools.com.tw\/wp-content\/uploads\/2023\/02\/AM-03-1Air-Motor.jpg",100,100,false],"woocommerce_thumbnail":["https:\/\/prowin-tools.com.tw\/wp-content\/uploads\/2023\/02\/AM-03-1Air-Motor-350x350.jpg",350,350,true],"woocommerce_single":["https:\/\/prowin-tools.com.tw\/wp-content\/uploads\/2023\/02\/AM-03-1Air-Motor-600x600.jpg",600,600,true],"woocommerce_gallery_thumbnail":["https:\/\/prowin-tools.com.tw\/wp-content\/uploads\/2023\/02\/AM-03-1Air-Motor-100x100.jpg",100,100,true]},"uagb_author_info":{"display_name":"editor.prowintw","author_link":"https:\/\/prowin-tools.com.tw\/es\/author\/"},"uagb_comment_info":28,"uagb_excerpt":"100% \u53f0\u7063\u88fd\u9020\uff0c\u54c1\u8cea\u5353\u8d8a\uff0c\u4f7f\u7528\u58fd\u547d\u9577\u3002 \u5b83\u901a\u5e38\u7528\u65bc\u5de5\u696d\u61c9\u7528\u3001\u98df\u54c1\u5de5\u696d\u3001\u751f\u6280\u8207\u91ab\u7642\u7522\u696d\u3002\u7121\u9700\u4efb\u4f55\u8907\u96dc\u7684\u63a7\u5236\u7cfb&hellip;","_links":{"self":[{"href":"https:\/\/prowin-tools.com.tw\/es\/wp-json\/wp\/v2\/product\/5663","targetHints":{"allow":["GET"]}}],"collection":[{"href":"https:\/\/prowin-tools.com.tw\/es\/wp-json\/wp\/v2\/product"}],"about":[{"href":"https:\/\/prowin-tools.com.tw\/es\/wp-json\/wp\/v2\/types\/product"}],"replies":[{"embeddable":true,"href":"https:\/\/prowin-tools.com.tw\/es\/wp-json\/wp\/v2\/comments?post=5663"}],"version-history":[{"count":11,"href":"https:\/\/prowin-tools.com.tw\/es\/wp-json\/wp\/v2\/product\/5663\/revisions"}],"predecessor-version":[{"id":6533,"href":"https:\/\/prowin-tools.com.tw\/es\/wp-json\/wp\/v2\/product\/5663\/revisions\/6533"}],"wp:featuredmedia":[{"embeddable":true,"href":"https:\/\/prowin-tools.com.tw\/es\/wp-json\/wp\/v2\/media\/5025"}],"wp:attachment":[{"href":"https:\/\/prowin-tools.com.tw\/es\/wp-json\/wp\/v2\/media?parent=5663"}],"wp:term":[{"taxonomy":"product_cat","embeddable":true,"href":"https:\/\/prowin-tools.com.tw\/es\/wp-json\/wp\/v2\/product_cat?post=5663"},{"taxonomy":"product_tag","embeddable":true,"href":"https:\/\/prowin-tools.com.tw\/es\/wp-json\/wp\/v2\/product_tag?post=5663"}],"curies":[{"name":"wp","href":"https:\/\/api.w.org\/{rel}","templated":true}]}}