{"id":5789,"date":"2023-04-28T07:56:37","date_gmt":"2023-04-28T07:56:37","guid":{"rendered":"https:\/\/prowin-tools.com.tw\/product\/pt-20ed-%e9%8b%bc%e8%a3%bd%e5%a3%93%e5%8a%9b%e6%a1%b6-%e5%ba%95%e9%83%a8%e5%87%ba%e6%96%99-%e7%84%a1%e6%94%aa%e6%8b%8c%e5%9e%8b20l\/"},"modified":"2023-06-14T05:20:09","modified_gmt":"2023-06-14T05:20:09","slug":"pt-20ed-dove-type-steel-pressure-paint-tank-non-agitator-20l","status":"publish","type":"product","link":"https:\/\/prowin-tools.com.tw\/es\/producto\/pt-20ed-dove-type-steel-pressure-paint-tank-non-agitator-20l\/","title":{"rendered":"Tanque de presi\u00f3n de acero PT-20ED\/descarga inferior\/tipo sin agitaci\u00f3n (20L)"},"content":{"rendered":"<h3><strong><span class=\"style2\">\u2611<\/span> <\/strong>caracter\u00edstica<\/h3>\n<ul>\n<li>Tanque de presi\u00f3n de una sola pieza.<\/li>\n<li>Tapa de acero prensado pesado.<\/li>\n<li>Abrazaderas de acero forjado especialmente dise\u00f1adas.<\/li>\n<li>V\u00e1lvula de seguridad autom\u00e1tica de alivio de presi\u00f3n.<\/li>\n<li>Todos los modelos est\u00e1n equipados con salidas de aire superiores.<\/li>\n<li>Cumple con el certificado CE.<\/li>\n<li>Equipado con regulador de aire y man\u00f3metro.<\/li>\n<\/ul>\n<h3><strong><span class=\"style2\">\u2611<\/span> Especificaci\u00f3n<\/strong><\/h3>\n<table id=\"tabs-nav\" class=\"xl756500\" border=\"0\" cellspacing=\"2\" cellpadding=\"5\">\n<tbody>\n<tr>\n<th class=\"xl71\" nowrap=\"nowrap\" bgcolor=\"#EFEFEF\" width=\"152\">\n<div align=\"left\">capacidad<\/div>\n<\/th>\n<td class=\"xl71\" bgcolor=\"#F7F7F7\" width=\"527\">20L<\/td>\n<\/tr>\n<tr>\n<th class=\"xl73\" nowrap=\"nowrap\" bgcolor=\"#F7F7F7\">\n<div align=\"left\">entrada de aire<\/div>\n<\/th>\n<td class=\"xl71\" width=\"527\">1\/4&#8243;<\/td>\n<\/tr>\n<tr>\n<th class=\"xl73\" nowrap=\"nowrap\" bgcolor=\"#EFEFEF\">\n<div align=\"left\">salida de fluido<\/div>\n<\/th>\n<td class=\"xl71\" bgcolor=\"#F7F7F7\" width=\"527\">1\/4\u2033 (o 3\/8\u2033)<\/td>\n<\/tr>\n<tr>\n<th class=\"xl73\" nowrap=\"nowrap\" bgcolor=\"#F7F7F7\">\n<div align=\"left\">tama\u00f1o del barril<\/div>\n<\/th>\n<td class=\"xl71\" width=\"527\">318 I.D. \u00d7 330 O.D. \u00d7 523 H \u00d7 2.5 T<\/td>\n<\/tr>\n<tr>\n<th class=\"xl73\" nowrap=\"nowrap\" bgcolor=\"#EFEFEF\">\n<div align=\"left\">Tama\u00f1o de la cubierta<\/div>\n<\/th>\n<td class=\"xl71\" bgcolor=\"#F7F7F7\" width=\"527\">330 DI \u00d7 340 DE \u00d7 5T<\/td>\n<\/tr>\n<tr>\n<th class=\"xl73\" nowrap=\"nowrap\" bgcolor=\"#F7F7F7\">\n<div align=\"left\">Tama\u00f1o del producto<\/div>\n<\/th>\n<td class=\"xl71\" width=\"527\">410 L \u00d7 325 W \u00d7 840 H (mm)<\/td>\n<\/tr>\n<tr>\n<th class=\"xl74\" nowrap=\"nowrap\" bgcolor=\"#EFEFEF\">\n<div align=\"left\">presi\u00f3n de trabajo<\/div>\n<\/th>\n<td class=\"xl70\" bgcolor=\"#F7F7F7\" width=\"527\">4,1 bares\/60 psi<\/td>\n<\/tr>\n<tr>\n<th class=\"xl75\" nowrap=\"nowrap\" bgcolor=\"#F7F7F7\">\n<div align=\"left\">Paquete<\/div>\n<\/th>\n<td class=\"xl71\" width=\"527\">20.8 N.W. \u00d7 23.6 G.W. \u00d7 4.5 CUFT<\/td>\n<\/tr>\n<\/tbody>\n<\/table>","protected":false},"excerpt":{"rendered":"<p>La tecnolog\u00eda de fabricaci\u00f3n de tanques a presi\u00f3n de Prowin Tools es diferente de la tecnolog\u00eda de soldadura tradicional general.Todos los nuestros est\u00e1n formados integralmente sin soldadura. Esto tambi\u00e9n se ha convertido en una caracter\u00edstica \u00fanica de los barriles de presi\u00f3n de Prowin Tools. Todos nuestros bidones a presi\u00f3n cuentan con la certificaci\u00f3n CE. 100% est\u00e1 fabricado en Taiw\u00e1n, de alta calidad, larga vida \u00fatil, con salidas de fluido superiores e inferiores. Si est\u00e1 buscando un fabricante de barriles de presi\u00f3n, no dude en contactarnos.<\/p>","protected":false},"featured_media":5764,"comment_status":"open","ping_status":"closed","template":"","meta":{"qubely_global_settings":"","qubely_interactions":"","_uag_custom_page_level_css":"","site-sidebar-layout":"default","site-content-layout":"default","ast-site-content-layout":"","site-content-style":"default","site-sidebar-style":"default","ast-global-header-display":"","ast-banner-title-visibility":"","ast-main-header-display":"","ast-hfb-above-header-display":"","ast-hfb-below-header-display":"","ast-hfb-mobile-header-display":"","site-post-title":"","ast-breadcrumbs-content":"","ast-featured-img":"","footer-sml-layout":"","theme-transparent-header-meta":"default","adv-header-id-meta":"","stick-header-meta":"default","header-above-stick-meta":"","header-main-stick-meta":"","header-below-stick-meta":"","astra-migrate-meta-layouts":"","ast-page-background-enabled":"default","ast-page-background-meta":{"desktop":{"background-color":"","background-image":"","background-repeat":"repeat","background-position":"center center","background-size":"auto","background-attachment":"scroll","background-type":"","background-media":"","overlay-type":"","overlay-color":"","overlay-gradient":""},"tablet":{"background-color":"","background-image":"","background-repeat":"repeat","background-position":"center center","background-size":"auto","background-attachment":"scroll","background-type":"","background-media":"","overlay-type":"","overlay-color":"","overlay-gradient":""},"mobile":{"background-color":"","background-image":"","background-repeat":"repeat","background-position":"center center","background-size":"auto","background-attachment":"scroll","background-type":"","background-media":"","overlay-type":"","overlay-color":"","overlay-gradient":""}},"ast-content-background-meta":{"desktop":{"background-color":"var(--ast-global-color-5)","background-image":"","background-repeat":"repeat","background-position":"center center","background-size":"auto","background-attachment":"scroll","background-type":"","background-media":"","overlay-type":"","overlay-color":"","overlay-gradient":""},"tablet":{"background-color":"var(--ast-global-color-5)","background-image":"","background-repeat":"repeat","background-position":"center center","background-size":"auto","background-attachment":"scroll","background-type":"","background-media":"","overlay-type":"","overlay-color":"","overlay-gradient":""},"mobile":{"background-color":"var(--ast-global-color-5)","background-image":"","background-repeat":"repeat","background-position":"center center","background-size":"auto","background-attachment":"scroll","background-type":"","background-media":"","overlay-type":"","overlay-color":"","overlay-gradient":""}},"_themeisle_gutenberg_block_has_review":false},"product_cat":[135],"product_tag":[113,165,170],"class_list":{"0":"post-5789","1":"product","2":"type-product","3":"status-publish","4":"has-post-thumbnail","6":"product_cat-steel-air-pressure-paint-tank","7":"product_tag-113","8":"product_tag-20l","9":"product_tag-170","10":"desktop-align-left","11":"tablet-align-left","12":"mobile-align-left","13":"ast-product-gallery-layout-horizontal","14":"ast-product-gallery-with-no-image","15":"ast-product-tabs-layout-horizontal","16":"ast-qv-on-image","18":"","19":"instock","20":"shipping-taxable","21":"purchasable","22":"product-type-simple"},"uagb_featured_image_src":{"full":["https:\/\/prowin-tools.com.tw\/wp-content\/uploads\/2023\/04\/PT-20ED-Dove-Type-Pressure-Tank-Non-Agitator.jpg",1000,1000,false],"thumbnail":["https:\/\/prowin-tools.com.tw\/wp-content\/uploads\/2023\/04\/PT-20ED-Dove-Type-Pressure-Tank-Non-Agitator-150x150.jpg",150,150,true],"medium":["https:\/\/prowin-tools.com.tw\/wp-content\/uploads\/2023\/04\/PT-20ED-Dove-Type-Pressure-Tank-Non-Agitator-300x300.jpg",300,300,true],"medium_large":["https:\/\/prowin-tools.com.tw\/wp-content\/uploads\/2023\/04\/PT-20ED-Dove-Type-Pressure-Tank-Non-Agitator-768x768.jpg",768,768,true],"large":["https:\/\/prowin-tools.com.tw\/wp-content\/uploads\/2023\/04\/PT-20ED-Dove-Type-Pressure-Tank-Non-Agitator.jpg",1000,1000,false],"1536x1536":["https:\/\/prowin-tools.com.tw\/wp-content\/uploads\/2023\/04\/PT-20ED-Dove-Type-Pressure-Tank-Non-Agitator.jpg",1000,1000,false],"2048x2048":["https:\/\/prowin-tools.com.tw\/wp-content\/uploads\/2023\/04\/PT-20ED-Dove-Type-Pressure-Tank-Non-Agitator.jpg",1000,1000,false],"trp-custom-language-flag":["https:\/\/prowin-tools.com.tw\/wp-content\/uploads\/2023\/04\/PT-20ED-Dove-Type-Pressure-Tank-Non-Agitator-12x12.jpg",12,12,true],"qubely_landscape":["https:\/\/prowin-tools.com.tw\/wp-content\/uploads\/2023\/04\/PT-20ED-Dove-Type-Pressure-Tank-Non-Agitator-1000x750.jpg",1000,750,true],"qubely_portrait":["https:\/\/prowin-tools.com.tw\/wp-content\/uploads\/2023\/04\/PT-20ED-Dove-Type-Pressure-Tank-Non-Agitator-540x320.jpg",540,320,true],"qubely_thumbnail":["https:\/\/prowin-tools.com.tw\/wp-content\/uploads\/2023\/04\/PT-20ED-Dove-Type-Pressure-Tank-Non-Agitator-140x100.jpg",140,100,true],"woocommerce_thumbnail":["https:\/\/prowin-tools.com.tw\/wp-content\/uploads\/2023\/04\/PT-20ED-Dove-Type-Pressure-Tank-Non-Agitator-350x350.jpg",350,350,true],"woocommerce_single":["https:\/\/prowin-tools.com.tw\/wp-content\/uploads\/2023\/04\/PT-20ED-Dove-Type-Pressure-Tank-Non-Agitator-600x600.jpg",600,600,true],"woocommerce_gallery_thumbnail":["https:\/\/prowin-tools.com.tw\/wp-content\/uploads\/2023\/04\/PT-20ED-Dove-Type-Pressure-Tank-Non-Agitator-100x100.jpg",100,100,true]},"uagb_author_info":{"display_name":"editor.prowintw","author_link":"https:\/\/prowin-tools.com.tw\/es\/author\/"},"uagb_comment_info":1,"uagb_excerpt":"Prowin Tools \u7684\u58d3\u529b\u6876\u88fd\u9020\u6280\u8853\u4e0a\u548c\u4e00\u822c\u50b3\u7d71\u7684\u710a\u63a5\u6280\u8853\u6709\u6240\u4e0d\u540c\uff0c\u6211\u5011\u7684\u90fd\u662f\u4e00\u9ad4\u6210\u5f62\uff0c\u4e26\u7121\u710a\u63a5\u3002\u9019\u4e5f\u6210&hellip;","_links":{"self":[{"href":"https:\/\/prowin-tools.com.tw\/es\/wp-json\/wp\/v2\/product\/5789","targetHints":{"allow":["GET"]}}],"collection":[{"href":"https:\/\/prowin-tools.com.tw\/es\/wp-json\/wp\/v2\/product"}],"about":[{"href":"https:\/\/prowin-tools.com.tw\/es\/wp-json\/wp\/v2\/types\/product"}],"replies":[{"embeddable":true,"href":"https:\/\/prowin-tools.com.tw\/es\/wp-json\/wp\/v2\/comments?post=5789"}],"version-history":[{"count":2,"href":"https:\/\/prowin-tools.com.tw\/es\/wp-json\/wp\/v2\/product\/5789\/revisions"}],"predecessor-version":[{"id":5825,"href":"https:\/\/prowin-tools.com.tw\/es\/wp-json\/wp\/v2\/product\/5789\/revisions\/5825"}],"wp:featuredmedia":[{"embeddable":true,"href":"https:\/\/prowin-tools.com.tw\/es\/wp-json\/wp\/v2\/media\/5764"}],"wp:attachment":[{"href":"https:\/\/prowin-tools.com.tw\/es\/wp-json\/wp\/v2\/media?parent=5789"}],"wp:term":[{"taxonomy":"product_cat","embeddable":true,"href":"https:\/\/prowin-tools.com.tw\/es\/wp-json\/wp\/v2\/product_cat?post=5789"},{"taxonomy":"product_tag","embeddable":true,"href":"https:\/\/prowin-tools.com.tw\/es\/wp-json\/wp\/v2\/product_tag?post=5789"}],"curies":[{"name":"wp","href":"https:\/\/api.w.org\/{rel}","templated":true}]}}