{"id":5908,"date":"2023-05-02T02:51:14","date_gmt":"2023-05-02T02:51:14","guid":{"rendered":"https:\/\/prowin-tools.com.tw\/product\/pts-10ad-%e4%b8%8d%e9%8f%bd%e9%8b%bc%e5%a3%93%e5%8a%9b%e6%a1%b6-%e5%ba%95%e9%83%a8%e5%87%ba%e6%96%99-%e6%b0%a3%e5%8b%95%e6%94%aa%e6%8b%8c%e5%9e%8b10l\/"},"modified":"2024-02-21T08:48:03","modified_gmt":"2024-02-21T08:48:03","slug":"pts-10ad-dove-type-stainless-steel-pressure-paint-tank-air-agitator-10l","status":"publish","type":"product","link":"https:\/\/prowin-tools.com.tw\/es\/producto\/pts-10ad-dove-type-stainless-steel-pressure-paint-tank-air-agitator-10l\/","title":{"rendered":"PTS-10AD \u4e0d\u93fd\u92fc\u58d3\u529b\u6876\/\u5e95\u90e8\u51fa\u6599\/\u6c23\u52d5\u652a\u62cc\u578b(10L)"},"content":{"rendered":"<h2 style=\"font-size: 1.5vw; font-weight: normal;\">\u58d3\u529b\u6876\u88fd\u9020\u6280\u8853\u4e0a\u548c\u4e00\u822c\u50b3\u7d71\u7684\u710a\u63a5\u6280\u8853\u6709\u6240\u4e0d\u540c\uff0c\u6211\u5011\u7684\u90fd\u662f\u4e00\u9ad4\u6210\u5f62\uff0c\u4e26\u7121\u710a\u63a5\uff0c\u9019\u4e5f\u6210\u70baProwin Tools \u58d3\u529b\u6876\u7684\u7368\u6709\u7279\u8272\uff0c100% \u53f0\u7063\u88fd\u9020\uff0c\u54c1\u8cea\u5353\u8d8a\uff0c\u4f7f\u7528\u58fd\u547d\u9577\uff0c\u64c1\u6709\u9802\u90e8\u53ca\u5e95\u90e8\u7684\u6d41\u9ad4\u51fa\u53e3\u3002<\/h2>\n<ul>\n<li>Tanque de presi\u00f3n de una sola pieza.<\/li>\n<li>Tapa de acero prensado pesado.<\/li>\n<li>Abrazaderas de acero forjado especialmente dise\u00f1adas.<\/li>\n<li>V\u00e1lvula de seguridad autom\u00e1tica de alivio de presi\u00f3n.<\/li>\n<li>Todos los modelos est\u00e1n equipados con salidas de aire superiores.<\/li>\n<li>Cumple con el certificado CE.<\/li>\n<li>Equipado con regulador de aire y man\u00f3metro.<\/li>\n<\/ul>\n<p>Especificaci\u00f3n<\/p>\n<table id=\"tabs-nav\" class=\"xl756500\" border=\"0\" cellspacing=\"2\" cellpadding=\"5\">\n<tbody>\n<tr>\n<th class=\"xl71\" align=\"left\" nowrap=\"nowrap\" bgcolor=\"#EFEFEF\" width=\"152\">capacidad<\/th>\n<td class=\"xl70\" bgcolor=\"#F7F7F7\" width=\"527\">10 L<\/td>\n<\/tr>\n<tr>\n<th class=\"xl73\" align=\"left\" nowrap=\"nowrap\" bgcolor=\"#F7F7F7\">entrada de aire<\/th>\n<td class=\"xl71\" width=\"527\">1\/4&#8243;<\/td>\n<\/tr>\n<tr>\n<th class=\"xl73\" align=\"left\" nowrap=\"nowrap\" bgcolor=\"#EFEFEF\">salida de fluido<\/th>\n<td class=\"xl71\" bgcolor=\"#F7F7F7\" width=\"527\">3\/4&#8243;<\/td>\n<\/tr>\n<tr>\n<th class=\"xl73\" align=\"left\" nowrap=\"nowrap\" bgcolor=\"#F7F7F7\">tama\u00f1o del barril<\/th>\n<td class=\"xl71\" width=\"527\">265 I.D. \u00d7 269 O.D. \u00d7 260 H \u00d7 2 T<\/td>\n<\/tr>\n<tr>\n<th class=\"xl73\" align=\"left\" nowrap=\"nowrap\" bgcolor=\"#EFEFEF\">Tama\u00f1o de la cubierta<\/th>\n<td class=\"xl71\" bgcolor=\"#F7F7F7\" width=\"527\">279 I.D. \u00d7 287 O.D. \u00d7 3.5 T<\/td>\n<\/tr>\n<tr>\n<th class=\"xl73\" align=\"left\" nowrap=\"nowrap\" bgcolor=\"#F7F7F7\">Tama\u00f1o del producto<\/th>\n<td class=\"xl71\" width=\"527\">290 L \u00d7 290 W \u00d7 690 H (mm)<\/td>\n<\/tr>\n<tr>\n<th class=\"xl74\" align=\"left\" nowrap=\"nowrap\" bgcolor=\"#EFEFEF\">presi\u00f3n de trabajo<\/th>\n<td class=\"xl72\" bgcolor=\"#F7F7F7\" width=\"527\">4,1 bares\/60 psi<\/td>\n<\/tr>\n<tr>\n<th class=\"xl75\" align=\"left\" nowrap=\"nowrap\" bgcolor=\"#F7F7F7\">Paquete<\/th>\n<td class=\"xl71\" width=\"527\">17.1 N.W. \u00d7 18.3 G.W. \u00d7 2.3 CUFT<\/td>\n<\/tr>\n<\/tbody>\n<\/table>","protected":false},"excerpt":{"rendered":"<h2 style=\"font-size: 1.5vw; font-weight: normal;\">\u548c\u4e00\u822c\u50b3\u7d71\u7684\u710a\u63a5\u6280\u8853\u6709\u6240\u4e0d\u540c\uff0c\u6211\u5011\u7684\u90fd\u662f\u4e00\u9ad4\u6210\u5f62\uff0c\u4e26\u7121\u710a\u63a5\uff0c\u6211\u5011\u6240\u6709\u58d3\u529b\u6876\u5747\u901a\u904e CE \u8a8d\u8b49\uff0c100% \u53f0\u7063\u88fd\u9020\uff0c\u54c1\u8cea\u5353\u8d8a\uff0c\u4f7f\u7528\u58fd\u547d\u9577\uff0c\u5982\u679c\u60a8\u6b63\u5728\u5c0b\u627e\u58d3\u529b\u6876\u88fd\u9020\u5546\uff0c\u8acb\u96a8\u6642\u8207\u6211\u5011\u806f\u7e6b\u3002<\/h2>","protected":false},"featured_media":5876,"comment_status":"open","ping_status":"closed","template":"","meta":{"qubely_global_settings":"","qubely_interactions":"","_uag_custom_page_level_css":"","site-sidebar-layout":"default","site-content-layout":"default","ast-site-content-layout":"default","site-content-style":"default","site-sidebar-style":"default","ast-global-header-display":"","ast-banner-title-visibility":"","ast-main-header-display":"","ast-hfb-above-header-display":"","ast-hfb-below-header-display":"","ast-hfb-mobile-header-display":"","site-post-title":"","ast-breadcrumbs-content":"","ast-featured-img":"","footer-sml-layout":"","theme-transparent-header-meta":"default","adv-header-id-meta":"","stick-header-meta":"default","header-above-stick-meta":"","header-main-stick-meta":"","header-below-stick-meta":"","astra-migrate-meta-layouts":"set","ast-page-background-enabled":"default","ast-page-background-meta":{"desktop":{"background-color":"","background-image":"","background-repeat":"repeat","background-position":"center center","background-size":"auto","background-attachment":"scroll","background-type":"","background-media":"","overlay-type":"","overlay-color":"","overlay-gradient":""},"tablet":{"background-color":"","background-image":"","background-repeat":"repeat","background-position":"center center","background-size":"auto","background-attachment":"scroll","background-type":"","background-media":"","overlay-type":"","overlay-color":"","overlay-gradient":""},"mobile":{"background-color":"","background-image":"","background-repeat":"repeat","background-position":"center center","background-size":"auto","background-attachment":"scroll","background-type":"","background-media":"","overlay-type":"","overlay-color":"","overlay-gradient":""}},"ast-content-background-meta":{"desktop":{"background-color":"var(--ast-global-color-5)","background-image":"","background-repeat":"repeat","background-position":"center center","background-size":"auto","background-attachment":"scroll","background-type":"","background-media":"","overlay-type":"","overlay-color":"","overlay-gradient":""},"tablet":{"background-color":"var(--ast-global-color-5)","background-image":"","background-repeat":"repeat","background-position":"center center","background-size":"auto","background-attachment":"scroll","background-type":"","background-media":"","overlay-type":"","overlay-color":"","overlay-gradient":""},"mobile":{"background-color":"var(--ast-global-color-5)","background-image":"","background-repeat":"repeat","background-position":"center center","background-size":"auto","background-attachment":"scroll","background-type":"","background-media":"","overlay-type":"","overlay-color":"","overlay-gradient":""}},"_themeisle_gutenberg_block_has_review":false},"product_cat":[117],"product_tag":[112,166,167,482],"class_list":{"0":"post-5908","1":"product","2":"type-product","3":"status-publish","4":"has-post-thumbnail","6":"product_cat-stainless-steel-pressure-tank","7":"product_tag-112","8":"product_tag-10l","9":"product_tag-167","10":"product_tag-pts-10ad","11":"desktop-align-left","12":"tablet-align-left","13":"mobile-align-left","14":"ast-product-gallery-layout-horizontal","15":"ast-product-gallery-with-no-image","16":"ast-product-tabs-layout-horizontal","17":"ast-qv-on-image","19":"","20":"instock","21":"shipping-taxable","22":"purchasable","23":"product-type-simple"},"uagb_featured_image_src":{"full":["https:\/\/prowin-tools.com.tw\/wp-content\/uploads\/2023\/05\/PTS-10AD-Dove-Type-Stainless-Pressure-Tank-Air-Agitator.jpg",1000,1000,false],"thumbnail":["https:\/\/prowin-tools.com.tw\/wp-content\/uploads\/2023\/05\/PTS-10AD-Dove-Type-Stainless-Pressure-Tank-Air-Agitator-150x150.jpg",150,150,true],"medium":["https:\/\/prowin-tools.com.tw\/wp-content\/uploads\/2023\/05\/PTS-10AD-Dove-Type-Stainless-Pressure-Tank-Air-Agitator-300x300.jpg",300,300,true],"medium_large":["https:\/\/prowin-tools.com.tw\/wp-content\/uploads\/2023\/05\/PTS-10AD-Dove-Type-Stainless-Pressure-Tank-Air-Agitator-768x768.jpg",768,768,true],"large":["https:\/\/prowin-tools.com.tw\/wp-content\/uploads\/2023\/05\/PTS-10AD-Dove-Type-Stainless-Pressure-Tank-Air-Agitator.jpg",1000,1000,false],"1536x1536":["https:\/\/prowin-tools.com.tw\/wp-content\/uploads\/2023\/05\/PTS-10AD-Dove-Type-Stainless-Pressure-Tank-Air-Agitator.jpg",1000,1000,false],"2048x2048":["https:\/\/prowin-tools.com.tw\/wp-content\/uploads\/2023\/05\/PTS-10AD-Dove-Type-Stainless-Pressure-Tank-Air-Agitator.jpg",1000,1000,false],"trp-custom-language-flag":["https:\/\/prowin-tools.com.tw\/wp-content\/uploads\/2023\/05\/PTS-10AD-Dove-Type-Stainless-Pressure-Tank-Air-Agitator-12x12.jpg",12,12,true],"qubely_landscape":["https:\/\/prowin-tools.com.tw\/wp-content\/uploads\/2023\/05\/PTS-10AD-Dove-Type-Stainless-Pressure-Tank-Air-Agitator-1000x750.jpg",1000,750,true],"qubely_portrait":["https:\/\/prowin-tools.com.tw\/wp-content\/uploads\/2023\/05\/PTS-10AD-Dove-Type-Stainless-Pressure-Tank-Air-Agitator-540x320.jpg",540,320,true],"qubely_thumbnail":["https:\/\/prowin-tools.com.tw\/wp-content\/uploads\/2023\/05\/PTS-10AD-Dove-Type-Stainless-Pressure-Tank-Air-Agitator-140x100.jpg",140,100,true],"woocommerce_thumbnail":["https:\/\/prowin-tools.com.tw\/wp-content\/uploads\/2023\/05\/PTS-10AD-Dove-Type-Stainless-Pressure-Tank-Air-Agitator-350x350.jpg",350,350,true],"woocommerce_single":["https:\/\/prowin-tools.com.tw\/wp-content\/uploads\/2023\/05\/PTS-10AD-Dove-Type-Stainless-Pressure-Tank-Air-Agitator-600x600.jpg",600,600,true],"woocommerce_gallery_thumbnail":["https:\/\/prowin-tools.com.tw\/wp-content\/uploads\/2023\/05\/PTS-10AD-Dove-Type-Stainless-Pressure-Tank-Air-Agitator-100x100.jpg",100,100,true]},"uagb_author_info":{"display_name":"editor.prowintw","author_link":"https:\/\/prowin-tools.com.tw\/es\/author\/"},"uagb_comment_info":0,"uagb_excerpt":"\u548c\u4e00\u822c\u50b3\u7d71\u7684\u710a\u63a5\u6280\u8853\u6709\u6240\u4e0d\u540c\uff0c\u6211\u5011\u7684\u90fd\u662f\u4e00\u9ad4\u6210\u5f62\uff0c\u4e26\u7121\u710a\u63a5\uff0c\u6211\u5011\u6240\u6709\u58d3\u529b\u6876\u5747\u901a\u904e CE \u8a8d\u8b49\uff0c100% \u53f0\u7063\u88fd&hellip;","_links":{"self":[{"href":"https:\/\/prowin-tools.com.tw\/es\/wp-json\/wp\/v2\/product\/5908","targetHints":{"allow":["GET"]}}],"collection":[{"href":"https:\/\/prowin-tools.com.tw\/es\/wp-json\/wp\/v2\/product"}],"about":[{"href":"https:\/\/prowin-tools.com.tw\/es\/wp-json\/wp\/v2\/types\/product"}],"replies":[{"embeddable":true,"href":"https:\/\/prowin-tools.com.tw\/es\/wp-json\/wp\/v2\/comments?post=5908"}],"version-history":[{"count":3,"href":"https:\/\/prowin-tools.com.tw\/es\/wp-json\/wp\/v2\/product\/5908\/revisions"}],"predecessor-version":[{"id":7958,"href":"https:\/\/prowin-tools.com.tw\/es\/wp-json\/wp\/v2\/product\/5908\/revisions\/7958"}],"wp:featuredmedia":[{"embeddable":true,"href":"https:\/\/prowin-tools.com.tw\/es\/wp-json\/wp\/v2\/media\/5876"}],"wp:attachment":[{"href":"https:\/\/prowin-tools.com.tw\/es\/wp-json\/wp\/v2\/media?parent=5908"}],"wp:term":[{"taxonomy":"product_cat","embeddable":true,"href":"https:\/\/prowin-tools.com.tw\/es\/wp-json\/wp\/v2\/product_cat?post=5908"},{"taxonomy":"product_tag","embeddable":true,"href":"https:\/\/prowin-tools.com.tw\/es\/wp-json\/wp\/v2\/product_tag?post=5908"}],"curies":[{"name":"wp","href":"https:\/\/api.w.org\/{rel}","templated":true}]}}