{"id":6187,"date":"2023-05-03T06:27:06","date_gmt":"2023-05-03T06:27:06","guid":{"rendered":"https:\/\/prowin-tools.com.tw\/product\/ct-527-%e6%b0%a3%e5%8b%95%e9%9b%95%e5%88%bb%e7%ad%86\/"},"modified":"2024-02-21T02:41:57","modified_gmt":"2024-02-21T02:41:57","slug":"ct-527-air-engraving-pen","status":"publish","type":"product","link":"https:\/\/prowin-tools.com.tw\/es\/producto\/ct-527-air-engraving-pen\/","title":{"rendered":"Pluma de grabado neum\u00e1tica CT-527"},"content":{"rendered":"<h2 style=\"font-size: 1.5vw; font-weight: normal;\"><strong>\u6c23\u52d5\u96d5\u523b\u7b46\/\u523b\u5b57\u7b46<\/strong>\u9069\u7528\u65bc\u91d1\u5c6c\u3001\u73bb\u7483\u3001\u9676\u74f7\u3001\u5851\u6599\u3001\u77f3\u6750\u7684\u523b\u5b57\u6216\u7d30\u90e8\u96d5\u523b\u7528\uff0c\u4e5f\u53ef\u7528\u65bc\u8abf\u8a66\u3001\u91cd\u5851\u87ba\u7d72\u982d\u6216\u7834\u640d\u87ba\u6813\u4e0a\u7684\u5207\u53e3\u4ee5\u65b9\u4fbf\u62c6\u5378\uff0c\u9084\u53ef\u4ee5\u500b\u6027\u5316\u5de5\u5177\u548c\u8eca\u9593\u5167\u7684\u5176\u4ed6\u8a2d\u5099\u3002<br \/>\n100% est\u00e1 fabricado en Taiw\u00e1n con excelente calidad y larga vida \u00fatil.<\/h2>\n<p>Especificaci\u00f3n<\/p>\n<table id=\"tabs-nav\" class=\"xl756500\" style=\"height: auto; width: 80.6799%; border-style: double; border-color: #ffffff;\" border=\"0\" width=\"530\" rules=\"cols\" cellspacing=\"2\" cellpadding=\"5\">\n<tbody>\n<tr style=\"height: 46px;\" valign=\"middle\">\n<th class=\"xl66\" style=\"border-color: #ffffff; width: 30%;\" nowrap=\"nowrap\" bgcolor=\"#EFEFEF\" width=\"30%\">\n<div align=\"left\"><strong>\u9707\u52a8\u503c<\/strong><\/div>\n<\/th>\n<td class=\"xl67\" style=\"border-color: #ffffff;\" bgcolor=\"#F7F7F7\" width=\"316\"><span style=\"color: #000000;\">11,400 RPM<\/span><\/td>\n<\/tr>\n<tr style=\"height: 46px;\" valign=\"middle\">\n<th class=\"xl66\" style=\"border-color: #ffffff; width: 30%;\" nowrap=\"nowrap\" bgcolor=\"#F7F7F7\" width=\"30%\">\n<div align=\"left\"><span style=\"color: #000000;\"><strong>Consumo de aire <\/strong><\/span><\/div>\n<\/th>\n<td class=\"xl67\" style=\"border-color: #ffffff;\"><span style=\"color: #000000;\">2 CFM (56.6 l\/min)<\/span><\/td>\n<\/tr>\n<tr style=\"height: 46px;\" valign=\"middle\">\n<th class=\"xl66\" style=\"border-color: #ffffff; width: 30%;\" nowrap=\"nowrap\" bgcolor=\"#EFEFEF\" width=\"30%\">\n<div align=\"left\"><span style=\"color: #000000;\"><strong>presi\u00f3n de trabajo<\/strong><\/span><\/div>\n<\/th>\n<td class=\"xl67\" style=\"border-color: #ffffff;\" bgcolor=\"#F7F7F7\"><span style=\"color: #000000;\">90 PSI (6.2 bar)<\/span><\/td>\n<\/tr>\n<tr style=\"height: 45px;\" valign=\"middle\">\n<th class=\"xl66\" style=\"border-color: #ffffff; width: 30%;\" nowrap=\"nowrap\" bgcolor=\"#F7F7F7\" width=\"30%\">\n<div align=\"left\"><span style=\"color: #000000;\"><strong>\u5de5\u5177\u91cd\u91cf<\/strong><\/span><\/div>\n<\/th>\n<td class=\"xl67\" style=\"border-color: #ffffff;\"><span style=\"color: #000000;\">0.19 Kgs (0.42 lbs)<\/span><\/td>\n<\/tr>\n<tr style=\"height: 46px;\" valign=\"middle\">\n<th class=\"xl66\" style=\"border-color: #ffffff; width: 30%;\" nowrap=\"nowrap\" bgcolor=\"#EFEFEF\" width=\"30%\">\n<div align=\"left\"><span style=\"color: #000000;\"><strong>\u5de5\u5177\u5c3a\u5bf8 <\/strong><\/span><\/div>\n<\/th>\n<td class=\"xl67\" style=\"border-color: #ffffff;\" bgcolor=\"#F7F7F7\"><span style=\"color: #000000;\">169 mm<\/span><\/td>\n<\/tr>\n<tr style=\"height: 46px;\" valign=\"middle\">\n<th class=\"xl66\" style=\"border-color: #ffffff; width: 30%;\" nowrap=\"nowrap\" bgcolor=\"#F7F7F7\" width=\"30%\">\n<div align=\"left\"><strong>\u5de5\u5177\u76f4\u5f91<\/strong><\/div>\n<\/th>\n<td class=\"xl67\" style=\"border-color: #ffffff;\"><span style=\"color: #000000;\">16 mm<\/span><\/td>\n<\/tr>\n<tr style=\"height: 46px;\" valign=\"middle\">\n<th class=\"xl66\" style=\"border-color: #ffffff; width: 30%;\" nowrap=\"nowrap\" bgcolor=\"#EFEFEF\" width=\"30%\">\n<div align=\"left\"><span style=\"color: #000000;\"><strong>entrada de aire<\/strong><\/span><\/div>\n<\/th>\n<td class=\"xl67\" style=\"border-color: #ffffff;\" bgcolor=\"#F7F7F7\"><span style=\"color: #000000;\">1\/4&#8243;<\/span><\/td>\n<\/tr>\n<tr style=\"height: 46px;\" valign=\"middle\">\n<th class=\"xl68\" style=\"border-color: #ffffff; width: 30%;\" nowrap=\"nowrap\" bgcolor=\"#F7F7F7\" width=\"30%\">\n<div align=\"left\"><strong>\u9032\u6c23\u7ba1\u5f91<\/strong><\/div>\n<\/th>\n<td class=\"xl67\" style=\"border-color: #ffffff;\"><span style=\"color: #000000;\">1\/4&#8243; (6.5 mm)<\/span><\/td>\n<\/tr>\n<tr style=\"height: 46px;\" valign=\"middle\">\n<th class=\"xl68\" style=\"border-color: #ffffff; width: 30%;\" nowrap=\"nowrap\" bgcolor=\"#EFEFEF\" width=\"30%\">\n<div align=\"left\"><strong>Paquete<\/strong><\/div>\n<\/th>\n<td class=\"xl66\" style=\"border-color: #ffffff;\" bgcolor=\"#F7F7F7\"><span style=\"color: #000000;\">30pcs\/ctn\/1.6cu-ft\/GW:11kg<\/span><\/td>\n<\/tr>\n<\/tbody>\n<\/table>","protected":false},"excerpt":{"rendered":"<h2 style=\"font-size: 1.5vw; font-weight: normal;\">\u9069\u7528\u65bc\u91d1\u5c6c\u3001\u73bb\u7483\u3001\u9676\u74f7\u3001\u5851\u6599\u3001\u77f3\u6750\u7684\u523b\u5b57\u6216\u7d30\u90e8\u96d5\u523b\u7528\uff0c\u4e5f\u53ef\u7528\u65bc\u8abf\u8a66\u3001\u91cd\u5851\u87ba\u7d72\u982d\u6216\u7834\u640d\u87ba\u6813\u4e0a\u7684\u5207\u53e3\u4ee5\u65b9\u4fbf\u62c6\u5378\uff0c\u9084\u53ef\u4ee5\u500b\u6027\u5316\u5de5\u5177\u548c\u8eca\u9593\u5167\u7684\u5176\u4ed6\u8a2d\u5099\u3002<\/h2>","protected":false},"featured_media":6182,"comment_status":"open","ping_status":"closed","template":"","meta":{"qubely_global_settings":"","qubely_interactions":"","_uag_custom_page_level_css":"","site-sidebar-layout":"default","site-content-layout":"default","ast-site-content-layout":"default","site-content-style":"default","site-sidebar-style":"default","ast-global-header-display":"","ast-banner-title-visibility":"","ast-main-header-display":"","ast-hfb-above-header-display":"","ast-hfb-below-header-display":"","ast-hfb-mobile-header-display":"","site-post-title":"","ast-breadcrumbs-content":"","ast-featured-img":"","footer-sml-layout":"","theme-transparent-header-meta":"default","adv-header-id-meta":"","stick-header-meta":"default","header-above-stick-meta":"","header-main-stick-meta":"","header-below-stick-meta":"","astra-migrate-meta-layouts":"set","ast-page-background-enabled":"default","ast-page-background-meta":{"desktop":{"background-color":"","background-image":"","background-repeat":"repeat","background-position":"center center","background-size":"auto","background-attachment":"scroll","background-type":"","background-media":"","overlay-type":"","overlay-color":"","overlay-gradient":""},"tablet":{"background-color":"","background-image":"","background-repeat":"repeat","background-position":"center center","background-size":"auto","background-attachment":"scroll","background-type":"","background-media":"","overlay-type":"","overlay-color":"","overlay-gradient":""},"mobile":{"background-color":"","background-image":"","background-repeat":"repeat","background-position":"center center","background-size":"auto","background-attachment":"scroll","background-type":"","background-media":"","overlay-type":"","overlay-color":"","overlay-gradient":""}},"ast-content-background-meta":{"desktop":{"background-color":"var(--ast-global-color-5)","background-image":"","background-repeat":"repeat","background-position":"center center","background-size":"auto","background-attachment":"scroll","background-type":"","background-media":"","overlay-type":"","overlay-color":"","overlay-gradient":""},"tablet":{"background-color":"var(--ast-global-color-5)","background-image":"","background-repeat":"repeat","background-position":"center center","background-size":"auto","background-attachment":"scroll","background-type":"","background-media":"","overlay-type":"","overlay-color":"","overlay-gradient":""},"mobile":{"background-color":"var(--ast-global-color-5)","background-image":"","background-repeat":"repeat","background-position":"center center","background-size":"auto","background-attachment":"scroll","background-type":"","background-media":"","overlay-type":"","overlay-color":"","overlay-gradient":""}},"_themeisle_gutenberg_block_has_review":false},"product_cat":[115],"product_tag":[124,382],"class_list":{"0":"post-6187","1":"product","2":"type-product","3":"status-publish","4":"has-post-thumbnail","6":"product_cat-wet-air-tools-for-stone-granite","7":"product_tag-124","8":"product_tag-ct-527","9":"desktop-align-left","10":"tablet-align-left","11":"mobile-align-left","12":"ast-product-gallery-layout-horizontal","13":"ast-product-gallery-with-no-image","14":"ast-product-tabs-layout-horizontal","15":"ast-qv-on-image","17":"","18":"instock","19":"shipping-taxable","20":"purchasable","21":"product-type-simple"},"uagb_featured_image_src":{"full":["https:\/\/prowin-tools.com.tw\/wp-content\/uploads\/2023\/05\/CT-527-1Air-Engraving-Stylus.jpg",1000,1000,false],"thumbnail":["https:\/\/prowin-tools.com.tw\/wp-content\/uploads\/2023\/05\/CT-527-1Air-Engraving-Stylus-150x150.jpg",150,150,true],"medium":["https:\/\/prowin-tools.com.tw\/wp-content\/uploads\/2023\/05\/CT-527-1Air-Engraving-Stylus-300x300.jpg",300,300,true],"medium_large":["https:\/\/prowin-tools.com.tw\/wp-content\/uploads\/2023\/05\/CT-527-1Air-Engraving-Stylus-768x768.jpg",768,768,true],"large":["https:\/\/prowin-tools.com.tw\/wp-content\/uploads\/2023\/05\/CT-527-1Air-Engraving-Stylus.jpg",1000,1000,false],"1536x1536":["https:\/\/prowin-tools.com.tw\/wp-content\/uploads\/2023\/05\/CT-527-1Air-Engraving-Stylus.jpg",1000,1000,false],"2048x2048":["https:\/\/prowin-tools.com.tw\/wp-content\/uploads\/2023\/05\/CT-527-1Air-Engraving-Stylus.jpg",1000,1000,false],"trp-custom-language-flag":["https:\/\/prowin-tools.com.tw\/wp-content\/uploads\/2023\/05\/CT-527-1Air-Engraving-Stylus-12x12.jpg",12,12,true],"qubely_landscape":["https:\/\/prowin-tools.com.tw\/wp-content\/uploads\/2023\/05\/CT-527-1Air-Engraving-Stylus-1000x750.jpg",1000,750,true],"qubely_portrait":["https:\/\/prowin-tools.com.tw\/wp-content\/uploads\/2023\/05\/CT-527-1Air-Engraving-Stylus-540x320.jpg",540,320,true],"qubely_thumbnail":["https:\/\/prowin-tools.com.tw\/wp-content\/uploads\/2023\/05\/CT-527-1Air-Engraving-Stylus-140x100.jpg",140,100,true],"woocommerce_thumbnail":["https:\/\/prowin-tools.com.tw\/wp-content\/uploads\/2023\/05\/CT-527-1Air-Engraving-Stylus-350x350.jpg",350,350,true],"woocommerce_single":["https:\/\/prowin-tools.com.tw\/wp-content\/uploads\/2023\/05\/CT-527-1Air-Engraving-Stylus-600x600.jpg",600,600,true],"woocommerce_gallery_thumbnail":["https:\/\/prowin-tools.com.tw\/wp-content\/uploads\/2023\/05\/CT-527-1Air-Engraving-Stylus-100x100.jpg",100,100,true]},"uagb_author_info":{"display_name":"editor.prowintw","author_link":"https:\/\/prowin-tools.com.tw\/es\/author\/"},"uagb_comment_info":0,"uagb_excerpt":"\u9069\u7528\u65bc\u91d1\u5c6c\u3001\u73bb\u7483\u3001\u9676\u74f7\u3001\u5851\u6599\u3001\u77f3\u6750\u7684\u523b\u5b57\u6216\u7d30\u90e8\u96d5\u523b\u7528\uff0c\u4e5f\u53ef\u7528\u65bc\u8abf\u8a66\u3001\u91cd\u5851\u87ba\u7d72\u982d\u6216\u7834\u640d\u87ba\u6813\u4e0a\u7684\u5207\u53e3\u4ee5\u65b9\u4fbf\u62c6\u5378\uff0c\u9084&hellip;","_links":{"self":[{"href":"https:\/\/prowin-tools.com.tw\/es\/wp-json\/wp\/v2\/product\/6187","targetHints":{"allow":["GET"]}}],"collection":[{"href":"https:\/\/prowin-tools.com.tw\/es\/wp-json\/wp\/v2\/product"}],"about":[{"href":"https:\/\/prowin-tools.com.tw\/es\/wp-json\/wp\/v2\/types\/product"}],"replies":[{"embeddable":true,"href":"https:\/\/prowin-tools.com.tw\/es\/wp-json\/wp\/v2\/comments?post=6187"}],"version-history":[{"count":3,"href":"https:\/\/prowin-tools.com.tw\/es\/wp-json\/wp\/v2\/product\/6187\/revisions"}],"predecessor-version":[{"id":7893,"href":"https:\/\/prowin-tools.com.tw\/es\/wp-json\/wp\/v2\/product\/6187\/revisions\/7893"}],"wp:featuredmedia":[{"embeddable":true,"href":"https:\/\/prowin-tools.com.tw\/es\/wp-json\/wp\/v2\/media\/6182"}],"wp:attachment":[{"href":"https:\/\/prowin-tools.com.tw\/es\/wp-json\/wp\/v2\/media?parent=6187"}],"wp:term":[{"taxonomy":"product_cat","embeddable":true,"href":"https:\/\/prowin-tools.com.tw\/es\/wp-json\/wp\/v2\/product_cat?post=6187"},{"taxonomy":"product_tag","embeddable":true,"href":"https:\/\/prowin-tools.com.tw\/es\/wp-json\/wp\/v2\/product_tag?post=6187"}],"curies":[{"name":"wp","href":"https:\/\/api.w.org\/{rel}","templated":true}]}}