{"id":6397,"date":"2023-05-08T03:25:07","date_gmt":"2023-05-08T03:25:07","guid":{"rendered":"https:\/\/prowin-tools.com.tw\/product\/kh-818m-hvlp%e4%bd%8e%e5%a3%93%e7%92%b0%e4%bf%9d-%e6%b0%a3%e5%8b%95%e5%99%b4%e6%a7%8d\/"},"modified":"2025-08-30T05:13:40","modified_gmt":"2025-08-30T05:13:40","slug":"kh-818m-hvlp-air-spray-gun","status":"publish","type":"product","link":"https:\/\/prowin-tools.com.tw\/es\/producto\/kh-818m-hvlp-air-spray-gun\/","title":{"rendered":"Pistola pulverizadora neum\u00e1tica\/protecci\u00f3n ambiental de baja presi\u00f3n KH-818M HVLP"},"content":{"rendered":"<h2 style=\"font-size: 1.5vw; font-weight: normal;\">\u5674\u5634\u548c\u91dd\u982d\u7686\u7531\u7cbe\u5bc6\u4e0d\u93fd\u92fc\u6240\u88fd\u6210\uff0c\u5674\u5634\u548c\u6c23\u7f69\u4f7f\u5f97\u5674\u69cd\u64c1\u6709\u5353\u8d8a\u7684\u9727\u5316\u6548\u679c\uff0c\u6027\u80fd\u5353\u8d8a\uff0c\u4f7f\u7528\u58fd\u547d\u9577\uff0c\u9069\u7528\u65bc\u6cb9\u6027\u548c\u6c34\u6027\u5857\u6599\uff0c\u61c9\u7528\u5728\u6240\u6709\u5de5\u696d\u53ca\u4e00\u822c\u5674\u5857\uff0c\u4f8b\u5982: \u6c7d\u8eca(\u677f\u91d1)\u4fee\u88dc\u3001\u8239\u8236\u5857\u88dd\u3001\u5c45\u5bb6\u5857\u88dd\u3001\u5efa\u7bc9\u5857\u88dd\u3001\u6728\u6750\u5de5\u4f5c&#8230;\u7b49\u3002<br \/>\nLos accesorios incluyen: recipiente para pintura de 600 cc, cepillo de limpieza, llave y filtro de pintura.<br \/>\nPara la serie 818, ofrecemos tipos de pistolas pulverizadoras como HP profesional, protecci\u00f3n ambiental de baja presi\u00f3n HVLP y protecci\u00f3n ambiental de alta eficiencia y baja presi\u00f3n LVLP.<\/h2>\n<ul>\n<li>Cuerpo de pistola - Producido por forja de una sola pieza de aluminio con superficie anodizada de alta calidad.<\/li>\n<li>Boquilla y aguja: la aguja endurecida hecha de acero inoxidable proporciona un efecto de atomizaci\u00f3n y un tratamiento de superficie perfectos.La boquilla 100% ha sido estrictamente inspeccionada a mano para garantizar el mejor efecto de atomizaci\u00f3n.Es adecuada para pintura a base de agua.<\/li>\n<li>Campana de aire: hecha de lat\u00f3n para una vida \u00fatil prolongada, el dise\u00f1o especial de la tapa tambi\u00e9n proporciona una atomizaci\u00f3n excelente.<\/li>\n<li>Sello de empaque de tefl\u00f3n: resistencia a \u00e1cidos y \u00e1lcalis, larga vida \u00fatil.<\/li>\n<li>Regulador de aire incorporado, regulador de flujo de material y controles redondos\/ovalados.<\/li>\n<\/ul>\n<table id=\"tabs-nav\" class=\"xl756500\" border=\"1\" cellspacing=\"0\" cellpadding=\"5\">\n<tbody>\n<tr bgcolor=\"#EFEFEF\">\n<th class=\"xl826500\" colspan=\"5\" nowrap=\"nowrap\" bgcolor=\"#EFEFEF\">\n<div align=\"center\">especificaciones del producto<\/div>\n<\/th>\n<th class=\"xl826500\" colspan=\"2\" nowrap=\"nowrap\">\n<div align=\"center\">juego de boquillas<\/div>\n<\/th>\n<\/tr>\n<tr bgcolor=\"#EFEFEF\">\n<th class=\"xl826500\" nowrap=\"nowrap\">\n<div align=\"center\">modelo<\/div>\n<\/th>\n<th class=\"xl666500\" nowrap=\"nowrap\">\n<div align=\"center\">tama\u00f1o de la boquilla<\/div>\n<\/th>\n<th class=\"xl676500\" nowrap=\"nowrap\">\n<div align=\"center\">fluir<\/div>\n<\/th>\n<th class=\"xl686500\" nowrap=\"nowrap\">\n<div align=\"center\">Arco de pulverizaci\u00f3n<\/div>\n<\/th>\n<th class=\"xl696500\" nowrap=\"nowrap\">\n<div align=\"center\">Consumo de aire<\/div>\n<\/th>\n<th class=\"xl826500\" nowrap=\"nowrap\">\n<div align=\"center\">modelo<\/div>\n<\/th>\n<th class=\"xl666500\" nowrap=\"nowrap\">\n<div align=\"center\">tama\u00f1o de la boquilla<\/div>\n<\/th>\n<\/tr>\n<tr>\n<td class=\"xl7611257\">\n<div align=\"center\">KH-818M-10<\/div>\n<\/td>\n<td class=\"xl7711257\">\n<div align=\"center\">1,0 mm<\/div>\n<\/td>\n<td class=\"xl8611257\">\n<div align=\"center\">110ml<\/div>\n<\/td>\n<td class=\"xl8711257\">\n<div align=\"center\">290mm<\/div>\n<\/td>\n<td class=\"xl8811257\">\n<div align=\"center\">270 l\/min<\/div>\n<\/td>\n<td class=\"xl7611257\">\n<div align=\"center\">SG018-818-10<\/div>\n<\/td>\n<td class=\"xl7711257\">\n<div align=\"center\">1,0 mm<\/div>\n<\/td>\n<\/tr>\n<tr>\n<td class=\"xl7811257\">\n<div align=\"center\">KH-818M-12<\/div>\n<\/td>\n<td class=\"xl7911257\">\n<div align=\"center\">1,2 mm<\/div>\n<\/td>\n<td class=\"xl8911257\">\n<div align=\"center\">130ml<\/div>\n<\/td>\n<td class=\"xl8211257\">\n<div align=\"center\">300mm<\/div>\n<\/td>\n<td class=\"xl9011257\">\n<div align=\"center\">270 l\/min<\/div>\n<\/td>\n<td class=\"xl7811257\">\n<div align=\"center\">SG018-818-12<\/div>\n<\/td>\n<td class=\"xl7911257\">\n<div align=\"center\">1,2 mm<\/div>\n<\/td>\n<\/tr>\n<tr>\n<td class=\"xl7811257\">\n<div align=\"center\">KH-818M-13<\/div>\n<\/td>\n<td class=\"xl7911257\">\n<div align=\"center\">1,3 mm<\/div>\n<\/td>\n<td class=\"xl8911257\">\n<div align=\"center\">140ml<\/div>\n<\/td>\n<td class=\"xl8211257\">\n<div align=\"center\">300mm<\/div>\n<\/td>\n<td class=\"xl9011257\">\n<div align=\"center\">270 l\/min<\/div>\n<\/td>\n<td class=\"xl7811257\">\n<div align=\"center\">SG018-818-13<\/div>\n<\/td>\n<td class=\"xl7911257\">\n<div align=\"center\">1,3 mm<\/div>\n<\/td>\n<\/tr>\n<tr>\n<td class=\"xl7811257\">\n<div align=\"center\">KH-818M-14<\/div>\n<\/td>\n<td class=\"xl7911257\">\n<div align=\"center\">1,4mm<\/div>\n<\/td>\n<td class=\"xl8911257\">\n<div align=\"center\">150ml<\/div>\n<\/td>\n<td class=\"xl8211257\">\n<div align=\"center\">310mm<\/div>\n<\/td>\n<td class=\"xl9011257\">\n<div align=\"center\">270 l\/min<\/div>\n<\/td>\n<td class=\"xl7811257\">\n<div align=\"center\">SG018-818-14<\/div>\n<\/td>\n<td class=\"xl7911257\">\n<div align=\"center\">1,4mm<\/div>\n<\/td>\n<\/tr>\n<tr>\n<td class=\"xl7811257\">\n<div align=\"center\">KH-818M-15<\/div>\n<\/td>\n<td class=\"xl7911257\">\n<div align=\"center\">1,5 mm<\/div>\n<\/td>\n<td class=\"xl8911257\">\n<div align=\"center\">165ml<\/div>\n<\/td>\n<td class=\"xl8211257\">\n<div align=\"center\">310mm<\/div>\n<\/td>\n<td class=\"xl9011257\">\n<div align=\"center\">280 l\/min<\/div>\n<\/td>\n<td class=\"xl7811257\">\n<div align=\"center\">SG018-818-15<\/div>\n<\/td>\n<td class=\"xl7911257\">\n<div align=\"center\">1,5 mm<\/div>\n<\/td>\n<\/tr>\n<tr>\n<td class=\"xl7811257\">\n<div align=\"center\">KH-818M-16<\/div>\n<\/td>\n<td class=\"xl7911257\">\n<div align=\"center\">1,6mm<\/div>\n<\/td>\n<td class=\"xl8911257\">\n<div align=\"center\">180ml<\/div>\n<\/td>\n<td class=\"xl8211257\">\n<div align=\"center\">320mm<\/div>\n<\/td>\n<td class=\"xl9011257\">\n<div align=\"center\">280 l\/min<\/div>\n<\/td>\n<td class=\"xl7811257\">\n<div align=\"center\">SG018-818-16<\/div>\n<\/td>\n<td class=\"xl7911257\">\n<div align=\"center\">1,6mm<\/div>\n<\/td>\n<\/tr>\n<tr>\n<td class=\"xl7811257\">\n<div align=\"center\">KH-818M-18<\/div>\n<\/td>\n<td class=\"xl7911257\">\n<div align=\"center\">1,8 mm<\/div>\n<\/td>\n<td class=\"xl8911257\">\n<div align=\"center\">200ml<\/div>\n<\/td>\n<td class=\"xl8211257\">\n<div align=\"center\">320mm<\/div>\n<\/td>\n<td class=\"xl9011257\">\n<div align=\"center\">280 l\/min<\/div>\n<\/td>\n<td class=\"xl7811257\">\n<div align=\"center\">SG018-818-18<\/div>\n<\/td>\n<td class=\"xl7911257\">\n<div align=\"center\">1,8 mm<\/div>\n<\/td>\n<\/tr>\n<tr>\n<td class=\"xl7811257\">\n<div align=\"center\">KH-818M-20<\/div>\n<\/td>\n<td class=\"xl7911257\">\n<div align=\"center\">2,0 mm<\/div>\n<\/td>\n<td class=\"xl8911257\">\n<div align=\"center\">230ml<\/div>\n<\/td>\n<td class=\"xl8211257\">\n<div align=\"center\">330mm<\/div>\n<\/td>\n<td class=\"xl9011257\">\n<div align=\"center\">290 l\/min<\/div>\n<\/td>\n<td class=\"xl7811257\">\n<div align=\"center\">SG018-818-20<\/div>\n<\/td>\n<td class=\"xl7911257\">\n<div align=\"center\">2,0 mm<\/div>\n<\/td>\n<\/tr>\n<tr>\n<td class=\"xl8011257\">\n<div align=\"center\">KH-818M-25<\/div>\n<\/td>\n<td class=\"xl8111257\">\n<div align=\"center\">2,5 mm<\/div>\n<\/td>\n<td class=\"xl9111257\">\n<div align=\"center\">280ml<\/div>\n<\/td>\n<td class=\"xl9211257\">\n<div align=\"center\">350mm<\/div>\n<\/td>\n<td class=\"xl9311257\">\n<div align=\"center\">290 l\/min<\/div>\n<\/td>\n<td class=\"xl8011257\">\n<div align=\"center\">SG018-818-25<\/div>\n<\/td>\n<td class=\"xl8111257\">\n<div align=\"center\">2,5 mm<\/div>\n<\/td>\n<\/tr>\n<tr>\n<td class=\"xl9511257\" colspan=\"2\" valign=\"top\" nowrap=\"nowrap\">\u2022 Tipo: Gravedad<br \/>\n\u2022 Capacidad de pintura: 600 cc<br \/>\n\u2022 Conector de pintura: M16\u00d71.5P<br \/>\n\u2022 Accesorio de entrada de aire: 1\/4\u2033<\/td>\n<td class=\"xl9711257\" colspan=\"3\" valign=\"top\" nowrap=\"nowrap\"><span class=\"xl9511257\">\u2022 <\/span>Presi\u00f3n de admisi\u00f3n<span class=\"xl9511257\"> : <\/span>20 ~ 28 psi<br \/>\n<span class=\"xl9511257\">\u2022 <\/span>Peso neto<span class=\"xl9511257\"> : <\/span>450g<\/td>\n<td class=\"xl936500\" colspan=\"2\">\n<div align=\"center\"><img decoding=\"async\" class=\"alignnone size-full wp-image-4610\" src=\"http:\/\/www.prowin-tools.com\/wp-content\/uploads\/2021\/12\/KH-818M.png\" alt=\"\" width=\"196\" height=\"96\" \/><\/div>\n<\/td>\n<\/tr>\n<\/tbody>\n<\/table>","protected":false},"excerpt":{"rendered":"<p>KH-818M HVLP\u4f4e\u58d3\u74b0\u4fdd\/\u6c23\u52d5\u5674\u69cd\u5674\u5634\u548c\u91dd\u982d\u7686\u7531\u7cbe\u5bc6\u4e0d\u93fd\u92fc\u6240\u88fd\u6210\uff0c\u9069\u7528\u65bc\u6cb9\u6027\u548c\u6c34\u6027\u5857\u6599\uff0c\u61c9\u7528\u5728\u6240\u6709\u5de5\u696d\u53ca\u4e00\u822c\u5674\u5857\uff0c\u4f8b\u5982: \u6c7d\u8eca(\u677f\u91d1)\u4fee\u88dc\u3001\u8239\u8236\u5857\u88dd\u3001\u5c45\u5bb6\u5857\u88dd\u3001\u5efa\u7bc9\u5857\u88dd\u3001\u6728\u6750\u5de5\u4f5c&#8230;\u7b49\u3002<\/p>","protected":false},"featured_media":6364,"comment_status":"open","ping_status":"closed","template":"","meta":{"qubely_global_settings":"","qubely_interactions":"","_uag_custom_page_level_css":"","site-sidebar-layout":"default","site-content-layout":"default","ast-site-content-layout":"default","site-content-style":"default","site-sidebar-style":"default","ast-global-header-display":"","ast-banner-title-visibility":"","ast-main-header-display":"","ast-hfb-above-header-display":"","ast-hfb-below-header-display":"","ast-hfb-mobile-header-display":"","site-post-title":"","ast-breadcrumbs-content":"","ast-featured-img":"","footer-sml-layout":"","theme-transparent-header-meta":"default","adv-header-id-meta":"","stick-header-meta":"default","header-above-stick-meta":"","header-main-stick-meta":"","header-below-stick-meta":"","astra-migrate-meta-layouts":"set","ast-page-background-enabled":"default","ast-page-background-meta":{"desktop":{"background-color":"","background-image":"","background-repeat":"repeat","background-position":"center center","background-size":"auto","background-attachment":"scroll","background-type":"","background-media":"","overlay-type":"","overlay-color":"","overlay-gradient":""},"tablet":{"background-color":"","background-image":"","background-repeat":"repeat","background-position":"center center","background-size":"auto","background-attachment":"scroll","background-type":"","background-media":"","overlay-type":"","overlay-color":"","overlay-gradient":""},"mobile":{"background-color":"","background-image":"","background-repeat":"repeat","background-position":"center center","background-size":"auto","background-attachment":"scroll","background-type":"","background-media":"","overlay-type":"","overlay-color":"","overlay-gradient":""}},"ast-content-background-meta":{"desktop":{"background-color":"var(--ast-global-color-5)","background-image":"","background-repeat":"repeat","background-position":"center center","background-size":"auto","background-attachment":"scroll","background-type":"","background-media":"","overlay-type":"","overlay-color":"","overlay-gradient":""},"tablet":{"background-color":"var(--ast-global-color-5)","background-image":"","background-repeat":"repeat","background-position":"center center","background-size":"auto","background-attachment":"scroll","background-type":"","background-media":"","overlay-type":"","overlay-color":"","overlay-gradient":""},"mobile":{"background-color":"var(--ast-global-color-5)","background-image":"","background-repeat":"repeat","background-position":"center center","background-size":"auto","background-attachment":"scroll","background-type":"","background-media":"","overlay-type":"","overlay-color":"","overlay-gradient":""}},"_themeisle_gutenberg_block_has_review":false},"product_cat":[72,131],"product_tag":[127,145,146],"class_list":{"0":"post-6397","1":"product","2":"type-product","3":"status-publish","4":"has-post-thumbnail","6":"product_cat-air-spray-gun","7":"product_cat-hvlp-air-spray-gun","8":"product_tag-hvlp","9":"product_tag-hvlp-spray-gun","11":"desktop-align-left","12":"tablet-align-left","13":"mobile-align-left","14":"ast-product-gallery-layout-horizontal","15":"ast-product-tabs-layout-horizontal","16":"ast-qv-on-image","18":"","19":"instock","20":"shipping-taxable","21":"purchasable","22":"product-type-simple"},"uagb_featured_image_src":{"full":["https:\/\/prowin-tools.com.tw\/wp-content\/uploads\/2023\/05\/KH-818M-1HVLP-Spray-Gun.jpg",1000,1000,false],"thumbnail":["https:\/\/prowin-tools.com.tw\/wp-content\/uploads\/2023\/05\/KH-818M-1HVLP-Spray-Gun-150x150.jpg",150,150,true],"medium":["https:\/\/prowin-tools.com.tw\/wp-content\/uploads\/2023\/05\/KH-818M-1HVLP-Spray-Gun-300x300.jpg",300,300,true],"medium_large":["https:\/\/prowin-tools.com.tw\/wp-content\/uploads\/2023\/05\/KH-818M-1HVLP-Spray-Gun-768x768.jpg",768,768,true],"large":["https:\/\/prowin-tools.com.tw\/wp-content\/uploads\/2023\/05\/KH-818M-1HVLP-Spray-Gun.jpg",1000,1000,false],"1536x1536":["https:\/\/prowin-tools.com.tw\/wp-content\/uploads\/2023\/05\/KH-818M-1HVLP-Spray-Gun.jpg",1000,1000,false],"2048x2048":["https:\/\/prowin-tools.com.tw\/wp-content\/uploads\/2023\/05\/KH-818M-1HVLP-Spray-Gun.jpg",1000,1000,false],"trp-custom-language-flag":["https:\/\/prowin-tools.com.tw\/wp-content\/uploads\/2023\/05\/KH-818M-1HVLP-Spray-Gun-12x12.jpg",12,12,true],"qubely_landscape":["https:\/\/prowin-tools.com.tw\/wp-content\/uploads\/2023\/05\/KH-818M-1HVLP-Spray-Gun-1000x750.jpg",1000,750,true],"qubely_portrait":["https:\/\/prowin-tools.com.tw\/wp-content\/uploads\/2023\/05\/KH-818M-1HVLP-Spray-Gun-540x320.jpg",540,320,true],"qubely_thumbnail":["https:\/\/prowin-tools.com.tw\/wp-content\/uploads\/2023\/05\/KH-818M-1HVLP-Spray-Gun-140x100.jpg",140,100,true],"woocommerce_thumbnail":["https:\/\/prowin-tools.com.tw\/wp-content\/uploads\/2023\/05\/KH-818M-1HVLP-Spray-Gun-350x350.jpg",350,350,true],"woocommerce_single":["https:\/\/prowin-tools.com.tw\/wp-content\/uploads\/2023\/05\/KH-818M-1HVLP-Spray-Gun-600x600.jpg",600,600,true],"woocommerce_gallery_thumbnail":["https:\/\/prowin-tools.com.tw\/wp-content\/uploads\/2023\/05\/KH-818M-1HVLP-Spray-Gun-100x100.jpg",100,100,true]},"uagb_author_info":{"display_name":"editor.prowintw","author_link":"https:\/\/prowin-tools.com.tw\/es\/author\/"},"uagb_comment_info":20,"uagb_excerpt":"KH-818M HVLP\u4f4e\u58d3\u74b0\u4fdd\/\u6c23\u52d5\u5674\u69cd\u5674\u5634\u548c\u91dd\u982d\u7686\u7531\u7cbe\u5bc6\u4e0d\u93fd\u92fc\u6240\u88fd\u6210\uff0c\u9069\u7528\u65bc\u6cb9\u6027\u548c\u6c34\u6027\u5857\u6599\uff0c\u61c9\u7528\u5728\u6240\u6709\u5de5\u696d&hellip;","_links":{"self":[{"href":"https:\/\/prowin-tools.com.tw\/es\/wp-json\/wp\/v2\/product\/6397","targetHints":{"allow":["GET"]}}],"collection":[{"href":"https:\/\/prowin-tools.com.tw\/es\/wp-json\/wp\/v2\/product"}],"about":[{"href":"https:\/\/prowin-tools.com.tw\/es\/wp-json\/wp\/v2\/types\/product"}],"replies":[{"embeddable":true,"href":"https:\/\/prowin-tools.com.tw\/es\/wp-json\/wp\/v2\/comments?post=6397"}],"version-history":[{"count":4,"href":"https:\/\/prowin-tools.com.tw\/es\/wp-json\/wp\/v2\/product\/6397\/revisions"}],"predecessor-version":[{"id":7840,"href":"https:\/\/prowin-tools.com.tw\/es\/wp-json\/wp\/v2\/product\/6397\/revisions\/7840"}],"wp:featuredmedia":[{"embeddable":true,"href":"https:\/\/prowin-tools.com.tw\/es\/wp-json\/wp\/v2\/media\/6364"}],"wp:attachment":[{"href":"https:\/\/prowin-tools.com.tw\/es\/wp-json\/wp\/v2\/media?parent=6397"}],"wp:term":[{"taxonomy":"product_cat","embeddable":true,"href":"https:\/\/prowin-tools.com.tw\/es\/wp-json\/wp\/v2\/product_cat?post=6397"},{"taxonomy":"product_tag","embeddable":true,"href":"https:\/\/prowin-tools.com.tw\/es\/wp-json\/wp\/v2\/product_tag?post=6397"}],"curies":[{"name":"wp","href":"https:\/\/api.w.org\/{rel}","templated":true}]}}