{"id":5779,"date":"2023-04-28T07:56:34","date_gmt":"2023-04-28T07:56:34","guid":{"rendered":"https:\/\/prowin-tools.com.tw\/product\/pt-10a-%e9%8b%bc%e8%a3%bd%e5%a3%93%e5%8a%9b%e6%a1%b6-%e6%b0%a3%e5%8b%95%e6%94%aa%e6%8b%8c%e5%9e%8b10l\/"},"modified":"2025-08-30T05:14:47","modified_gmt":"2025-08-30T05:14:47","slug":"pt-10a-steel-pressure-paint-tank-air-agitator-10l","status":"publish","type":"product","link":"https:\/\/prowin-tools.com.tw\/jp\/product\/pt-10a-steel-pressure-paint-tank-air-agitator-10l\/","title":{"rendered":"PT-10A \u30b9\u30c1\u30fc\u30eb\u88fd\u5727\u529b\u30bf\u30f3\u30af\/\u7a7a\u6c17\u64b9\u62cc\u5f0f(10L)"},"content":{"rendered":"<h3><strong><span class=\"style2\">\u2611<\/span> <\/strong>\u7279\u5fb4<\/h3>\n<ul>\n<li>\u4e00\u4f53\u578b\u5727\u529b\u30bf\u30f3\u30af\u3002<\/li>\n<li>\u91cd\u539a\u306a\u30d7\u30ec\u30b9\u30b9\u30c1\u30fc\u30eb\u88fd\u306e\u84cb\u3002<\/li>\n<li>\u7279\u5225\u306b\u8a2d\u8a08\u3055\u308c\u305f\u935b\u9020\u30b9\u30c1\u30fc\u30eb\u30af\u30e9\u30f3\u30d7\u3002<\/li>\n<li>\u81ea\u52d5\u5727\u529b\u30ea\u30ea\u30fc\u30d5\u5b89\u5168\u5f01\u3002<\/li>\n<li>\u5168\u30e2\u30c7\u30eb\u306b\u30c8\u30c3\u30d7\u30a8\u30a2\u30a2\u30a6\u30c8\u30ec\u30c3\u30c8\u3092\u88c5\u5099\u3002<\/li>\n<li>CE\u8a8d\u8a3c\u306b\u6e96\u62e0\u3057\u3066\u3044\u307e\u3059\u3002<\/li>\n<li>\u30a8\u30a2\u30fc\u30ec\u30ae\u30e5\u30ec\u30fc\u30bf\u30fc\u3068\u5727\u529b\u8a08\u3092\u88c5\u5099\u3002<\/li>\n<\/ul>\n<h3><strong><span class=\"style2\">\u2611<\/span> \u4ed5\u69d8<\/strong><\/h3>\n<table id=\"tabs-nav\" class=\"xl756500\" border=\"0\" cellspacing=\"2\" cellpadding=\"5\">\n<tbody>\n<tr>\n<th class=\"xl71\" nowrap=\"nowrap\" bgcolor=\"#EFEFEF\" width=\"152\">\n<div align=\"left\">\u5bb9\u91cf<\/div>\n<\/th>\n<td class=\"xl71\" bgcolor=\"#F7F7F7\" width=\"527\">10L<\/td>\n<\/tr>\n<tr>\n<th class=\"xl73\" nowrap=\"nowrap\" bgcolor=\"#F7F7F7\">\n<div align=\"left\">\u7a7a\u6c17\u5438\u5165\u53e3<\/div>\n<\/th>\n<td class=\"xl71\" width=\"527\">1\/4&#8243;<\/td>\n<\/tr>\n<tr>\n<th class=\"xl73\" nowrap=\"nowrap\" bgcolor=\"#EFEFEF\">\n<div align=\"left\">\u6d41\u4f53\u51fa\u53e3<\/div>\n<\/th>\n<td class=\"xl71\" bgcolor=\"#F7F7F7\" width=\"527\">1\/4\u30a4\u30f3\u30c1\uff08\u307e\u305f\u306f3\/8\u30a4\u30f3\u30c1\uff09<\/td>\n<\/tr>\n<tr>\n<th class=\"xl73\" nowrap=\"nowrap\" bgcolor=\"#F7F7F7\">\n<div align=\"left\">\u30d0\u30ec\u30eb\u30b5\u30a4\u30ba<\/div>\n<\/th>\n<td class=\"xl71\" width=\"527\">265 I.D. \u00d7 277 O.D. \u00d7 220 H \u00d7 2.5 T<\/td>\n<\/tr>\n<tr>\n<th class=\"xl73\" nowrap=\"nowrap\" bgcolor=\"#EFEFEF\">\n<div align=\"left\">\u30ab\u30d0\u30fc\u30b5\u30a4\u30ba<\/div>\n<\/th>\n<td class=\"xl71\" bgcolor=\"#F7F7F7\" width=\"527\">279 I.D. \u00d7 287 O.D. \u00d7 3.5 T<\/td>\n<\/tr>\n<tr>\n<th class=\"xl73\" nowrap=\"nowrap\" bgcolor=\"#F7F7F7\">\n<div align=\"left\">\u5546\u54c1\u306e\u30b5\u30a4\u30ba<\/div>\n<\/th>\n<td class=\"xl71\" width=\"527\">290 L \u00d7 290 W \u00d7 540 H (mm)<\/td>\n<\/tr>\n<tr>\n<th class=\"xl74\" nowrap=\"nowrap\" bgcolor=\"#EFEFEF\">\n<div align=\"left\">\u4ed5\u4e8b\u306e\u30d7\u30ec\u30c3\u30b7\u30e3\u30fc<\/div>\n<\/th>\n<td class=\"xl70\" bgcolor=\"#F7F7F7\" width=\"527\">4.1bar \/ 60psi<\/td>\n<\/tr>\n<tr>\n<th class=\"xl75\" nowrap=\"nowrap\" bgcolor=\"#F7F7F7\">\n<div align=\"left\">\u30d1\u30c3\u30b1\u30fc\u30b8<\/div>\n<\/th>\n<td class=\"xl71\" width=\"527\">17 N.W. \u00d7 18.2 G.W. \u00d7 1.8 CUFT<\/td>\n<\/tr>\n<\/tbody>\n<\/table>","protected":false},"excerpt":{"rendered":"<p>\u30d7\u30ed\u30a6\u30a3\u30f3\u30c4\u30fc\u30eb\u30ba\u306e\u5727\u529b\u30bf\u30f3\u30af\u88fd\u9020\u6280\u8853\u306f\u3001\u4e00\u822c\u7684\u306a\u5f93\u6765\u306e\u6eb6\u63a5\u6280\u8853\u3068\u306f\u7570\u306a\u308a\u3001\u5168\u3066\u6eb6\u63a5\u3092\u884c\u308f\u305a\u306b\u4e00\u4f53\u6210\u5f62\u3057\u3066\u304a\u308a\u307e\u3059\u3002\u3053\u308c\u306f\u3001Prowin Tools \u30d7\u30ec\u30c3\u30b7\u30e3\u30fc\u30d0\u30ec\u30eb\u306e\u30e6\u30cb\u30fc\u30af\u306a\u6a5f\u80fd\u3067\u3082\u3042\u308a\u307e\u3059\u3002\u5f53\u793e\u306e\u5727\u529b\u30c9\u30e9\u30e0\u306f\u3059\u3079\u3066 CE \u8a8d\u5b9a\u3092\u53d7\u3051\u3066\u3044\u307e\u3059\u3002 100% \u306f\u53f0\u6e7e\u88fd\u3067\u3001\u9ad8\u54c1\u8cea\u3001\u9577\u5bff\u547d\u3001\u4e0a\u90e8\u3068\u4e0b\u90e8\u306e\u6db2\u4f53\u51fa\u53e3\u3092\u5099\u3048\u3066\u3044\u307e\u3059\u3002\u5727\u529b\u30d0\u30ec\u30eb\u30e1\u30fc\u30ab\u30fc\u3092\u304a\u63a2\u3057\u306e\u5834\u5408\u306f\u3001\u304a\u6c17\u8efd\u306b\u304a\u554f\u3044\u5408\u308f\u305b\u304f\u3060\u3055\u3044\u3002<\/p>","protected":false},"featured_media":5749,"comment_status":"open","ping_status":"closed","template":"","meta":{"qubely_global_settings":"","qubely_interactions":"","_uag_custom_page_level_css":"","site-sidebar-layout":"default","site-content-layout":"default","ast-site-content-layout":"","site-content-style":"default","site-sidebar-style":"default","ast-global-header-display":"","ast-banner-title-visibility":"","ast-main-header-display":"","ast-hfb-above-header-display":"","ast-hfb-below-header-display":"","ast-hfb-mobile-header-display":"","site-post-title":"","ast-breadcrumbs-content":"","ast-featured-img":"","footer-sml-layout":"","theme-transparent-header-meta":"default","adv-header-id-meta":"","stick-header-meta":"default","header-above-stick-meta":"","header-main-stick-meta":"","header-below-stick-meta":"","astra-migrate-meta-layouts":"","ast-page-background-enabled":"default","ast-page-background-meta":{"desktop":{"background-color":"","background-image":"","background-repeat":"repeat","background-position":"center center","background-size":"auto","background-attachment":"scroll","background-type":"","background-media":"","overlay-type":"","overlay-color":"","overlay-gradient":""},"tablet":{"background-color":"","background-image":"","background-repeat":"repeat","background-position":"center center","background-size":"auto","background-attachment":"scroll","background-type":"","background-media":"","overlay-type":"","overlay-color":"","overlay-gradient":""},"mobile":{"background-color":"","background-image":"","background-repeat":"repeat","background-position":"center center","background-size":"auto","background-attachment":"scroll","background-type":"","background-media":"","overlay-type":"","overlay-color":"","overlay-gradient":""}},"ast-content-background-meta":{"desktop":{"background-color":"var(--ast-global-color-5)","background-image":"","background-repeat":"repeat","background-position":"center center","background-size":"auto","background-attachment":"scroll","background-type":"","background-media":"","overlay-type":"","overlay-color":"","overlay-gradient":""},"tablet":{"background-color":"var(--ast-global-color-5)","background-image":"","background-repeat":"repeat","background-position":"center center","background-size":"auto","background-attachment":"scroll","background-type":"","background-media":"","overlay-type":"","overlay-color":"","overlay-gradient":""},"mobile":{"background-color":"var(--ast-global-color-5)","background-image":"","background-repeat":"repeat","background-position":"center center","background-size":"auto","background-attachment":"scroll","background-type":"","background-media":"","overlay-type":"","overlay-color":"","overlay-gradient":""}},"_themeisle_gutenberg_block_has_review":false},"product_cat":[135],"product_tag":[111,166,170],"class_list":{"0":"post-5779","1":"product","2":"type-product","3":"status-publish","4":"has-post-thumbnail","6":"product_cat-steel-air-pressure-paint-tank","7":"product_tag-111","8":"product_tag-10l","9":"product_tag-170","10":"desktop-align-left","11":"tablet-align-left","12":"mobile-align-left","13":"ast-product-gallery-layout-horizontal","14":"ast-product-tabs-layout-horizontal","15":"ast-qv-on-image","17":"","18":"instock","19":"shipping-taxable","20":"purchasable","21":"product-type-simple"},"uagb_featured_image_src":{"full":["https:\/\/prowin-tools.com.tw\/wp-content\/uploads\/2023\/04\/PT-10A-1Pressure-Tank-Air-Agitator.jpg",1000,1000,false],"thumbnail":["https:\/\/prowin-tools.com.tw\/wp-content\/uploads\/2023\/04\/PT-10A-1Pressure-Tank-Air-Agitator-150x150.jpg",150,150,true],"medium":["https:\/\/prowin-tools.com.tw\/wp-content\/uploads\/2023\/04\/PT-10A-1Pressure-Tank-Air-Agitator-300x300.jpg",300,300,true],"medium_large":["https:\/\/prowin-tools.com.tw\/wp-content\/uploads\/2023\/04\/PT-10A-1Pressure-Tank-Air-Agitator-768x768.jpg",768,768,true],"large":["https:\/\/prowin-tools.com.tw\/wp-content\/uploads\/2023\/04\/PT-10A-1Pressure-Tank-Air-Agitator.jpg",1000,1000,false],"1536x1536":["https:\/\/prowin-tools.com.tw\/wp-content\/uploads\/2023\/04\/PT-10A-1Pressure-Tank-Air-Agitator.jpg",1000,1000,false],"2048x2048":["https:\/\/prowin-tools.com.tw\/wp-content\/uploads\/2023\/04\/PT-10A-1Pressure-Tank-Air-Agitator.jpg",1000,1000,false],"trp-custom-language-flag":["https:\/\/prowin-tools.com.tw\/wp-content\/uploads\/2023\/04\/PT-10A-1Pressure-Tank-Air-Agitator-12x12.jpg",12,12,true],"qubely_landscape":["https:\/\/prowin-tools.com.tw\/wp-content\/uploads\/2023\/04\/PT-10A-1Pressure-Tank-Air-Agitator-1000x750.jpg",1000,750,true],"qubely_portrait":["https:\/\/prowin-tools.com.tw\/wp-content\/uploads\/2023\/04\/PT-10A-1Pressure-Tank-Air-Agitator-540x320.jpg",540,320,true],"qubely_thumbnail":["https:\/\/prowin-tools.com.tw\/wp-content\/uploads\/2023\/04\/PT-10A-1Pressure-Tank-Air-Agitator-140x100.jpg",140,100,true],"woocommerce_thumbnail":["https:\/\/prowin-tools.com.tw\/wp-content\/uploads\/2023\/04\/PT-10A-1Pressure-Tank-Air-Agitator-350x350.jpg",350,350,true],"woocommerce_single":["https:\/\/prowin-tools.com.tw\/wp-content\/uploads\/2023\/04\/PT-10A-1Pressure-Tank-Air-Agitator-600x600.jpg",600,600,true],"woocommerce_gallery_thumbnail":["https:\/\/prowin-tools.com.tw\/wp-content\/uploads\/2023\/04\/PT-10A-1Pressure-Tank-Air-Agitator-100x100.jpg",100,100,true]},"uagb_author_info":{"display_name":"editor.prowintw","author_link":"https:\/\/prowin-tools.com.tw\/jp\/author\/"},"uagb_comment_info":25,"uagb_excerpt":"Prowin Tools \u7684\u58d3\u529b\u6876\u88fd\u9020\u6280\u8853\u4e0a\u548c\u4e00\u822c\u50b3\u7d71\u7684\u710a\u63a5\u6280\u8853\u6709\u6240\u4e0d\u540c\uff0c\u6211\u5011\u7684\u90fd\u662f\u4e00\u9ad4\u6210\u5f62\uff0c\u4e26\u7121\u710a\u63a5\u3002\u9019\u4e5f\u6210&hellip;","_links":{"self":[{"href":"https:\/\/prowin-tools.com.tw\/jp\/wp-json\/wp\/v2\/product\/5779","targetHints":{"allow":["GET"]}}],"collection":[{"href":"https:\/\/prowin-tools.com.tw\/jp\/wp-json\/wp\/v2\/product"}],"about":[{"href":"https:\/\/prowin-tools.com.tw\/jp\/wp-json\/wp\/v2\/types\/product"}],"replies":[{"embeddable":true,"href":"https:\/\/prowin-tools.com.tw\/jp\/wp-json\/wp\/v2\/comments?post=5779"}],"version-history":[{"count":2,"href":"https:\/\/prowin-tools.com.tw\/jp\/wp-json\/wp\/v2\/product\/5779\/revisions"}],"predecessor-version":[{"id":5805,"href":"https:\/\/prowin-tools.com.tw\/jp\/wp-json\/wp\/v2\/product\/5779\/revisions\/5805"}],"wp:featuredmedia":[{"embeddable":true,"href":"https:\/\/prowin-tools.com.tw\/jp\/wp-json\/wp\/v2\/media\/5749"}],"wp:attachment":[{"href":"https:\/\/prowin-tools.com.tw\/jp\/wp-json\/wp\/v2\/media?parent=5779"}],"wp:term":[{"taxonomy":"product_cat","embeddable":true,"href":"https:\/\/prowin-tools.com.tw\/jp\/wp-json\/wp\/v2\/product_cat?post=5779"},{"taxonomy":"product_tag","embeddable":true,"href":"https:\/\/prowin-tools.com.tw\/jp\/wp-json\/wp\/v2\/product_tag?post=5779"}],"curies":[{"name":"wp","href":"https:\/\/api.w.org\/{rel}","templated":true}]}}