{"id":5779,"date":"2023-04-28T07:56:34","date_gmt":"2023-04-28T07:56:34","guid":{"rendered":"https:\/\/prowin-tools.com.tw\/product\/pt-10a-%e9%8b%bc%e8%a3%bd%e5%a3%93%e5%8a%9b%e6%a1%b6-%e6%b0%a3%e5%8b%95%e6%94%aa%e6%8b%8c%e5%9e%8b10l\/"},"modified":"2025-08-30T05:14:47","modified_gmt":"2025-08-30T05:14:47","slug":"pt-10a-steel-pressure-paint-tank-air-agitator-10l","status":"publish","type":"product","link":"https:\/\/prowin-tools.com.tw\/ko\/product\/pt-10a-steel-pressure-paint-tank-air-agitator-10l\/","title":{"rendered":"PT-10A \uc2a4\ud2f8 \uc555\ub825 \ud0f1\ud06c\/\uacf5\uc555 \uad50\ubc18\uc2dd(10L)"},"content":{"rendered":"<h3><strong><span class=\"style2\">\u2611<\/span> <\/strong>\ud2b9\uc9d5<\/h3>\n<ul>\n<li>\uc77c\uccb4\ud615 \uc555\ub825 \ud0f1\ud06c.<\/li>\n<li>\ubb34\uac70\uc6b4 \ud504\ub808\uc2a4 \uc2a4\ud2f8 \ub69c\uaed1.<\/li>\n<li>\ud2b9\ubcc4\ud788 \uc124\uacc4\ub41c \ub2e8\uc870 \uac15\ucca0 \ud074\ub7a8\ud504.<\/li>\n<li>\uc790\ub3d9 \uc555\ub825 \ub9b4\ub9ac\ud504 \uc548\uc804 \ubc38\ube0c.<\/li>\n<li>\ubaa8\ub4e0 \ubaa8\ub378\uc5d0\ub294 \uc0c1\ub2e8 \uacf5\uae30 \ubc30\ucd9c\uad6c\uac00 \uc7a5\ucc29\ub418\uc5b4 \uc788\uc2b5\ub2c8\ub2e4.<\/li>\n<li>CE \uc778\uc99d\uc11c\ub97c \uc900\uc218\ud569\ub2c8\ub2e4.<\/li>\n<li>\uacf5\uae30 \uc870\uc808\uae30\uc640 \uc555\ub825\uacc4\uac00 \uc7a5\ucc29\ub418\uc5b4 \uc788\uc2b5\ub2c8\ub2e4.<\/li>\n<\/ul>\n<h3><strong><span class=\"style2\">\u2611<\/span> \uc0ac\uc591<\/strong><\/h3>\n<table id=\"tabs-nav\" class=\"xl756500\" border=\"0\" cellspacing=\"2\" cellpadding=\"5\">\n<tbody>\n<tr>\n<th class=\"xl71\" nowrap=\"nowrap\" bgcolor=\"#EFEFEF\" width=\"152\">\n<div align=\"left\">\uc6a9\ub7c9<\/div>\n<\/th>\n<td class=\"xl71\" bgcolor=\"#F7F7F7\" width=\"527\">10 L<\/td>\n<\/tr>\n<tr>\n<th class=\"xl73\" nowrap=\"nowrap\" bgcolor=\"#F7F7F7\">\n<div align=\"left\">\uacf5\uae30 \uc720\uc785\uad6c<\/div>\n<\/th>\n<td class=\"xl71\" width=\"527\">1\/4&#8243;<\/td>\n<\/tr>\n<tr>\n<th class=\"xl73\" nowrap=\"nowrap\" bgcolor=\"#EFEFEF\">\n<div align=\"left\">\uc720\uccb4 \ubc30\ucd9c\uad6c<\/div>\n<\/th>\n<td class=\"xl71\" bgcolor=\"#F7F7F7\" width=\"527\">1\/4\u2033(\ub610\ub294 3\/8\u2033)<\/td>\n<\/tr>\n<tr>\n<th class=\"xl73\" nowrap=\"nowrap\" bgcolor=\"#F7F7F7\">\n<div align=\"left\">\ubc30\ub7f4 \ud06c\uae30<\/div>\n<\/th>\n<td class=\"xl71\" width=\"527\">265 I.D. \u00d7 277 O.D. \u00d7 220 H \u00d7 2.5 T<\/td>\n<\/tr>\n<tr>\n<th class=\"xl73\" nowrap=\"nowrap\" bgcolor=\"#EFEFEF\">\n<div align=\"left\">\ud45c\uc9c0 \ud06c\uae30<\/div>\n<\/th>\n<td class=\"xl71\" bgcolor=\"#F7F7F7\" width=\"527\">279 I.D. \u00d7 287 O.D. \u00d7 3.5 T<\/td>\n<\/tr>\n<tr>\n<th class=\"xl73\" nowrap=\"nowrap\" bgcolor=\"#F7F7F7\">\n<div align=\"left\">\uc81c\ud488 \ud06c\uae30<\/div>\n<\/th>\n<td class=\"xl71\" width=\"527\">290 L \u00d7 290 W \u00d7 540 H (mm)<\/td>\n<\/tr>\n<tr>\n<th class=\"xl74\" nowrap=\"nowrap\" bgcolor=\"#EFEFEF\">\n<div align=\"left\">\uc5c5\ubb34 \uc555\ub825<\/div>\n<\/th>\n<td class=\"xl70\" bgcolor=\"#F7F7F7\" width=\"527\">4.1\ubc14 \/ 60psi<\/td>\n<\/tr>\n<tr>\n<th class=\"xl75\" nowrap=\"nowrap\" bgcolor=\"#F7F7F7\">\n<div align=\"left\">\ud328\ud0a4\uc9c0<\/div>\n<\/th>\n<td class=\"xl71\" width=\"527\">17 N.W. \u00d7 18.2 G.W. \u00d7 1.8 CUFT<\/td>\n<\/tr>\n<\/tbody>\n<\/table>","protected":false},"excerpt":{"rendered":"<p>Prowin Tools\uc758 \uc555\ub825 \ud0f1\ud06c \uc81c\uc870 \uae30\uc220\uc740 \uc77c\ubc18\uc801\uc778 \uc804\ud1b5\uc801\uc778 \uc6a9\uc811 \uae30\uc220\uacfc \ub2e4\ub985\ub2c8\ub2e4.\uc6b0\ub9ac\uc758 \ubaa8\ub4e0 \uac83\uc740 \uc6a9\uc811 \uc5c6\uc774 \uc77c\uccb4\ud615\uc73c\ub85c \ud615\uc131\ub429\ub2c8\ub2e4. \uc774\uac83\uc740 \ub610\ud55c Prowin Tools \uc555\ub825 \ubc30\ub7f4\uc758 \uace0\uc720\ud55c \uae30\ub2a5\uc774 \ub418\uc5c8\uc2b5\ub2c8\ub2e4. \ub2f9\uc0ac\uc758 \ubaa8\ub4e0 \uc555\ub825 \ub4dc\ub7fc\uc740 CE \uc778\uc99d\uc744 \ubc1b\uc558\uc2b5\ub2c8\ub2e4. 100%\ub294 \ub300\ub9cc\uc5d0\uc11c \uc81c\uc791\ub418\uc5c8\uc73c\uba70 \uace0\ud488\uc9c8, \uae34 \uc11c\ube44\uc2a4 \uc218\uba85, \uc0c1\ub2e8 \ubc0f \ud558\ub2e8 \uc720\uccb4 \ubc30\ucd9c\uad6c\uac00 \uc788\uc2b5\ub2c8\ub2e4. \uc555\ub825 \ubc30\ub7f4 \uc81c\uc870\uc5c5\uccb4\ub97c \ucc3e\uace0 \uacc4\uc2dc\ub2e4\uba74 \uc5b8\uc81c\ub4e0\uc9c0 \uc800\ud76c\uc5d0\uac8c \uc5f0\ub77d\ud558\uc2ed\uc2dc\uc624.<\/p>","protected":false},"featured_media":5749,"comment_status":"open","ping_status":"closed","template":"","meta":{"qubely_global_settings":"","qubely_interactions":"","_uag_custom_page_level_css":"","site-sidebar-layout":"default","site-content-layout":"default","ast-site-content-layout":"","site-content-style":"default","site-sidebar-style":"default","ast-global-header-display":"","ast-banner-title-visibility":"","ast-main-header-display":"","ast-hfb-above-header-display":"","ast-hfb-below-header-display":"","ast-hfb-mobile-header-display":"","site-post-title":"","ast-breadcrumbs-content":"","ast-featured-img":"","footer-sml-layout":"","theme-transparent-header-meta":"default","adv-header-id-meta":"","stick-header-meta":"default","header-above-stick-meta":"","header-main-stick-meta":"","header-below-stick-meta":"","astra-migrate-meta-layouts":"","ast-page-background-enabled":"default","ast-page-background-meta":{"desktop":{"background-color":"","background-image":"","background-repeat":"repeat","background-position":"center center","background-size":"auto","background-attachment":"scroll","background-type":"","background-media":"","overlay-type":"","overlay-color":"","overlay-gradient":""},"tablet":{"background-color":"","background-image":"","background-repeat":"repeat","background-position":"center center","background-size":"auto","background-attachment":"scroll","background-type":"","background-media":"","overlay-type":"","overlay-color":"","overlay-gradient":""},"mobile":{"background-color":"","background-image":"","background-repeat":"repeat","background-position":"center center","background-size":"auto","background-attachment":"scroll","background-type":"","background-media":"","overlay-type":"","overlay-color":"","overlay-gradient":""}},"ast-content-background-meta":{"desktop":{"background-color":"var(--ast-global-color-5)","background-image":"","background-repeat":"repeat","background-position":"center center","background-size":"auto","background-attachment":"scroll","background-type":"","background-media":"","overlay-type":"","overlay-color":"","overlay-gradient":""},"tablet":{"background-color":"var(--ast-global-color-5)","background-image":"","background-repeat":"repeat","background-position":"center center","background-size":"auto","background-attachment":"scroll","background-type":"","background-media":"","overlay-type":"","overlay-color":"","overlay-gradient":""},"mobile":{"background-color":"var(--ast-global-color-5)","background-image":"","background-repeat":"repeat","background-position":"center center","background-size":"auto","background-attachment":"scroll","background-type":"","background-media":"","overlay-type":"","overlay-color":"","overlay-gradient":""}},"_themeisle_gutenberg_block_has_review":false},"product_cat":[135],"product_tag":[111,166,170],"class_list":{"0":"post-5779","1":"product","2":"type-product","3":"status-publish","4":"has-post-thumbnail","6":"product_cat-steel-air-pressure-paint-tank","7":"product_tag-111","8":"product_tag-10l","9":"product_tag-170","10":"desktop-align-left","11":"tablet-align-left","12":"mobile-align-left","13":"ast-product-gallery-layout-horizontal","14":"ast-product-tabs-layout-horizontal","15":"ast-qv-on-image","17":"","18":"instock","19":"shipping-taxable","20":"purchasable","21":"product-type-simple"},"uagb_featured_image_src":{"full":["https:\/\/prowin-tools.com.tw\/wp-content\/uploads\/2023\/04\/PT-10A-1Pressure-Tank-Air-Agitator.jpg",1000,1000,false],"thumbnail":["https:\/\/prowin-tools.com.tw\/wp-content\/uploads\/2023\/04\/PT-10A-1Pressure-Tank-Air-Agitator-150x150.jpg",150,150,true],"medium":["https:\/\/prowin-tools.com.tw\/wp-content\/uploads\/2023\/04\/PT-10A-1Pressure-Tank-Air-Agitator-300x300.jpg",300,300,true],"medium_large":["https:\/\/prowin-tools.com.tw\/wp-content\/uploads\/2023\/04\/PT-10A-1Pressure-Tank-Air-Agitator-768x768.jpg",768,768,true],"large":["https:\/\/prowin-tools.com.tw\/wp-content\/uploads\/2023\/04\/PT-10A-1Pressure-Tank-Air-Agitator.jpg",1000,1000,false],"1536x1536":["https:\/\/prowin-tools.com.tw\/wp-content\/uploads\/2023\/04\/PT-10A-1Pressure-Tank-Air-Agitator.jpg",1000,1000,false],"2048x2048":["https:\/\/prowin-tools.com.tw\/wp-content\/uploads\/2023\/04\/PT-10A-1Pressure-Tank-Air-Agitator.jpg",1000,1000,false],"trp-custom-language-flag":["https:\/\/prowin-tools.com.tw\/wp-content\/uploads\/2023\/04\/PT-10A-1Pressure-Tank-Air-Agitator-12x12.jpg",12,12,true],"qubely_landscape":["https:\/\/prowin-tools.com.tw\/wp-content\/uploads\/2023\/04\/PT-10A-1Pressure-Tank-Air-Agitator-1000x750.jpg",1000,750,true],"qubely_portrait":["https:\/\/prowin-tools.com.tw\/wp-content\/uploads\/2023\/04\/PT-10A-1Pressure-Tank-Air-Agitator-540x320.jpg",540,320,true],"qubely_thumbnail":["https:\/\/prowin-tools.com.tw\/wp-content\/uploads\/2023\/04\/PT-10A-1Pressure-Tank-Air-Agitator-140x100.jpg",140,100,true],"woocommerce_thumbnail":["https:\/\/prowin-tools.com.tw\/wp-content\/uploads\/2023\/04\/PT-10A-1Pressure-Tank-Air-Agitator-350x350.jpg",350,350,true],"woocommerce_single":["https:\/\/prowin-tools.com.tw\/wp-content\/uploads\/2023\/04\/PT-10A-1Pressure-Tank-Air-Agitator-600x600.jpg",600,600,true],"woocommerce_gallery_thumbnail":["https:\/\/prowin-tools.com.tw\/wp-content\/uploads\/2023\/04\/PT-10A-1Pressure-Tank-Air-Agitator-100x100.jpg",100,100,true]},"uagb_author_info":{"display_name":"editor.prowintw","author_link":"https:\/\/prowin-tools.com.tw\/ko\/author\/"},"uagb_comment_info":25,"uagb_excerpt":"Prowin Tools \u7684\u58d3\u529b\u6876\u88fd\u9020\u6280\u8853\u4e0a\u548c\u4e00\u822c\u50b3\u7d71\u7684\u710a\u63a5\u6280\u8853\u6709\u6240\u4e0d\u540c\uff0c\u6211\u5011\u7684\u90fd\u662f\u4e00\u9ad4\u6210\u5f62\uff0c\u4e26\u7121\u710a\u63a5\u3002\u9019\u4e5f\u6210&hellip;","_links":{"self":[{"href":"https:\/\/prowin-tools.com.tw\/ko\/wp-json\/wp\/v2\/product\/5779","targetHints":{"allow":["GET"]}}],"collection":[{"href":"https:\/\/prowin-tools.com.tw\/ko\/wp-json\/wp\/v2\/product"}],"about":[{"href":"https:\/\/prowin-tools.com.tw\/ko\/wp-json\/wp\/v2\/types\/product"}],"replies":[{"embeddable":true,"href":"https:\/\/prowin-tools.com.tw\/ko\/wp-json\/wp\/v2\/comments?post=5779"}],"version-history":[{"count":2,"href":"https:\/\/prowin-tools.com.tw\/ko\/wp-json\/wp\/v2\/product\/5779\/revisions"}],"predecessor-version":[{"id":5805,"href":"https:\/\/prowin-tools.com.tw\/ko\/wp-json\/wp\/v2\/product\/5779\/revisions\/5805"}],"wp:featuredmedia":[{"embeddable":true,"href":"https:\/\/prowin-tools.com.tw\/ko\/wp-json\/wp\/v2\/media\/5749"}],"wp:attachment":[{"href":"https:\/\/prowin-tools.com.tw\/ko\/wp-json\/wp\/v2\/media?parent=5779"}],"wp:term":[{"taxonomy":"product_cat","embeddable":true,"href":"https:\/\/prowin-tools.com.tw\/ko\/wp-json\/wp\/v2\/product_cat?post=5779"},{"taxonomy":"product_tag","embeddable":true,"href":"https:\/\/prowin-tools.com.tw\/ko\/wp-json\/wp\/v2\/product_tag?post=5779"}],"curies":[{"name":"wp","href":"https:\/\/api.w.org\/{rel}","templated":true}]}}