{"id":7080,"date":"2023-06-12T05:18:05","date_gmt":"2023-06-12T05:18:05","guid":{"rendered":"https:\/\/prowin-tools.com.tw\/?page_id=7080"},"modified":"2023-06-20T04:05:06","modified_gmt":"2023-06-20T04:05:06","slug":"faq","status":"publish","type":"page","link":"https:\/\/prowin-tools.com.tw\/pt\/faq\/","title":{"rendered":"problema comum"},"content":{"rendered":"<div id=\"wp-block-themeisle-blocks-advanced-columns-3e83479b\" class=\"wp-block-themeisle-blocks-advanced-columns alignwide has-1-columns has-desktop-equal-layout has-tablet-equal-layout has-mobile-equal-layout has-vertical-unset\"><div class=\"wp-block-themeisle-blocks-advanced-columns-overlay\"><\/div><div class=\"innerblocks-wrap\">\n<div id=\"wp-block-themeisle-blocks-advanced-column-94581e9f\" class=\"wp-block-themeisle-blocks-advanced-column\">\n<div class=\"wp-block-qubely-heading qubely-block-4e5e50\"><div class=\"qubely-block-heading\"><div class=\"qubely-heading-container\"><h2 class=\"qubely-heading-selector\">problema comum<\/h2><\/div><h3 class=\"qubely-sub-heading-selector\">Perguntas frequentes<\/h3><\/div><\/div>\n<\/div>\n<\/div><\/div>\n\n\n\n<div id=\"wp-block-themeisle-blocks-advanced-columns-7ff16d68\" class=\"wp-block-themeisle-blocks-advanced-columns has-1-columns has-desktop-equal-layout has-tablet-equal-layout has-mobile-equal-layout has-vertical-unset\"><div class=\"wp-block-themeisle-blocks-advanced-columns-overlay\"><\/div><div class=\"innerblocks-wrap\">\n<div id=\"wp-block-themeisle-blocks-advanced-column-e6278b8c\" class=\"wp-block-themeisle-blocks-advanced-column\">\n<div class=\"wp-block-qubely-heading qubely-block-2a00f4\"><div class=\"qubely-block-heading  qubely-has-separator qubely-separator-position-bottom\"><div class=\"qubely-heading-container\"><h2 class=\"qubely-heading-selector\">Perguntas relacionadas ao produto<\/h2><div class=\"qubely-separator qubely-separator-after\"><span class=\"qubely-separator-type-svg qubely-separator-pin_filled\"><svg width=\"100\" height=\"20\" viewbox=\"0 0 100 20\" xmlns=\"http:\/\/www.w3.org\/2000\/svg\"><path d=\"M18.948 8.5h80.196v3h-80.196c-.719 4.534-4.646 8-9.382 8-5.247 0-9.5-4.253-9.5-9.5s4.253-9.5 9.5-9.5c4.736 0 8.663 3.466 9.382 8z\" class=\"qubely-separator-fill\" fill-rule=\"nonzero\"><\/path><\/svg><\/span><\/div><\/div><\/div><\/div>\n\n\n<div class=\"wp-block-uagb-faq uagb-faq__outer-wrap uagb-block-bf03aacb uagb-faq-icon-row uagb-faq-layout-accordion uagb-faq-expand-first-false uagb-faq-inactive-other-true uagb-faq__wrap uagb-buttons-layout-wrap uagb-faq-equal-height\" data-faqtoggle=\"true\" role=\"tablist\"><script type=\"application\/ld+json\">{\"@context\":\"https:\\\/\\\/schema.org\",\"@type\":\"FAQPage\",\"@id\":\"https:\\\/\\\/prowin-tools.com.tw\\\/pt\\\/faq\\\/\",\"mainEntity\":[{\"@type\":\"Question\",\"name\":\"<strong>Q: \\u8acb\\u554f\\u8a72\\u5982\\u4f55\\u9078\\u64c7\\u5674\\u6f06\\u69cd\\u7684\\u7a2e\\u985e\\u5462?<\\\/strong>\",\"acceptedAnswer\":{\"@type\":\"Answer\",\"text\":\"<strong>A:<\\\/strong>\\u6cb9\\u6f06\\u5674\\u69cd\\u53ef\\u5340\\u5206\\u70baHP\\\/XRP\\\/LVLP\\\/HVLP\\\/\\u7121\\u6c23\\\/\\u81ea\\u52d5\\u5674\\u69cd\\uff0c\\u5728\\u9078\\u8cfc\\u5674\\u69cd\\u6642\\uff0c\\u61c9\\u8a72\\u6839\\u64da\\u5674\\u5857\\u7684\\u61c9\\u7528\\u9078\\u64c7\\u9069\\u5408\\u81ea\\u5df1\\u7684\\u5674\\u6f06\\u69cd\\u7a2e\\u985e\\u3002<br><strong>1. <a href=\\\"https:\\\/\\\/prowin-tools.com.tw\\\/product-category\\\/air-spray-gun\\\/hp-air-spray-gun\\\/\\\">HP\\u5674\\u69cd<\\\/a><\\\/strong><br><strong>\\u512a\\u9ede:<\\\/strong><br>HP\\u7a7a\\u6c23\\u5674\\u69cd\\u5c08\\u9580\\u8a2d\\u8a08\\u7528\\u65bc\\u8655\\u7406\\u9ad8\\u9ecf\\u5ea6\\u5857\\u6599\\uff0c\\u4f8b\\u5982\\u5e95\\u6f06\\u548c\\u9ecf\\u5408\\u5291\\u3002HP\\u5674\\u69cd\\u53ef\\u4ee5\\u6709\\u6548\\u5730\\u9727\\u5316\\u548c\\u8f38\\u9001\\u9019\\u4e9b\\u5857\\u6599\\uff0c\\u4f7f\\u5176\\u9069\\u7528\\u65bc\\u9700\\u8981\\u8f03\\u539a\\u5857\\u5c64\\u7684\\u5de5\\u696d\\u61c9\\u7528\\u3002<strong><br>\\u7f3a\\u9ede:<\\\/strong><br>\\u8207HVLP\\u6216LVLP\\u5674\\u69cd\\u76f8\\u6bd4\\uff0cHP\\u7a7a\\u6c23\\u5674\\u69cd\\u5f80\\u5f80\\u6703\\u7522\\u751f\\u66f4\\u591a\\u7684\\u904e\\u5674\\u3002<br><br><strong>2. <a href=\\\"https:\\\/\\\/prowin-tools.com.tw\\\/product-category\\\/air-spray-gun\\\/xrp-rp-air-spray-gun\\\/\\\">RP\\\/XRP\\\/HTE\\u5674\\u69cd<\\\/a><\\\/strong><br><strong>\\u512a\\u9ede: <\\\/strong><br>RP\\u74b0\\u4fdd\\u5674\\u69cd\\u80fd\\u5920\\u5feb\\u901f\\u3001\\u5e73\\u7a69\\u7684\\u8f38\\u9001\\u6cb9\\u6f06\\uff0c\\u50b3\\u8f38\\u6548\\u7387\\u9ad8\\u905470-80+%\\u3002<strong><br>\\u7f3a\\u9ede:<\\\/strong> <br>\\u7531\\u65bc\\u58d3\\u529b\\u8f03\\u4f4e\\uff0c\\u8207\\u9ad8\\u58d3\\u5674\\u69cd\\u76f8\\u6bd4\\uff0cRP\\u5674\\u6f06\\u69cd\\u7684\\u5674\\u5857\\u8ddd\\u96e2\\u548c\\u7bc4\\u570d\\u53ef\\u80fd\\u53d7\\u9650\\u3002<br><br><strong>3. <a href=\\\"https:\\\/\\\/prowin-tools.com.tw\\\/product-category\\\/air-spray-gun\\\/lvlp-air-spray-gun\\\/\\\">LVLP\\u5674\\u69cd<\\\/a><\\\/strong><br><strong>\\u512a\\u9ede:<\\\/strong> <br>\\u5674\\u5857\\u901f\\u5ea6\\u5feb\\uff0c\\u9069\\u5408\\u5927\\u9762\\u7a4d\\u5674\\u5857\\u61c9\\u7528\\u3002<br><strong>\\u7f3a\\u9ede:<\\\/strong> <br>\\u5674\\u5857\\u91cf\\u4e0d\\u5927\\uff0c\\u4e14\\u4e0d\\u9069\\u5408\\u7528\\u65bc\\u9ad8\\u9ecf\\u5ea6\\u6216\\u8f03\\u539a\\u91cd\\u7684\\u5857\\u6599\\u3002<br><br><strong>4. <a href=\\\"https:\\\/\\\/prowin-tools.com.tw\\\/product-category\\\/air-spray-gun\\\/hvlp-air-spray-gun\\\/\\\">HVLP\\u5674\\u69cd<\\\/a><\\\/strong><br><strong>\\u512a\\u9ede:<\\\/strong> <br>HVLP\\u7a7a\\u6c23\\u5674\\u69cd\\u5c08\\u9580\\u8a2d\\u8a08\\u65bc\\u6539\\u5584\\u904e\\u5674\\uff0c\\u80fd\\u5920\\u6709\\u6548\\u7684\\u6e1b\\u5c11\\u5857\\u6599\\u7684\\u6d6a\\u8cbb\\uff0c\\u9069\\u7528\\u65bc\\u6ae5\\u6ac3\\u3001\\u5bb6\\u5177\\u8207DIY\\u5674\\u5857\\u4f5c\\u696d\\u3002 <br><strong>\\u7f3a\\u9ede:<\\\/strong> <br>HVLP\\u5674\\u6f06\\u69cd\\u7684\\u5674\\u5857\\u901f\\u5ea6\\u8f03\\u6162\\uff0c\\u4e0d\\u9069\\u5408\\u5546\\u696d\\u5674\\u5857\\u6216\\u5c08\\u696d\\u61c9\\u7528\\u3002<br><br><strong>5. \\u7121\\u6c23\\u5674\\u69cd<\\\/strong><br><strong>\\u512a\\u9ede:<\\\/strong> <br>\\u7121\\u6c23\\u5674\\u69cd\\u5674\\u5857\\u6548\\u7387\\u9ad8\\uff0c\\u53ef\\u4ee5\\u5feb\\u901f\\u8986\\u84cb\\u5927\\u9762\\u7a4d\\u5340\\u57df\\uff0c\\u9069\\u7528\\u65bc\\u5927\\u578b\\u5674\\u5857\\u61c9\\u7528\\u3002<br><strong>\\u7f3a\\u9ede:<\\\/strong> <br>\\u7121\\u6cd5\\u8abf\\u6574\\u5857\\u6599\\u5674\\u51fa\\u7684\\u6d41\\u91cf\\u4e14\\u5bb9\\u6613\\u7522\\u751f\\u904e\\u5674\\u7684\\u60c5\\u5f62\\u3002<br><br><strong>6. <a href=\\\"https:\\\/\\\/prowin-tools.com.tw\\\/product-category\\\/air-spray-gun\\\/automatic-spray-gun\\\/\\\">\\u81ea\\u52d5\\u5674\\u69cd<\\\/a><\\\/strong><br><strong>\\u512a\\u9ede:<\\\/strong> <br>\\u81ea\\u52d5\\\/\\u6a5f\\u68b0\\u624b\\u5c08\\u7528\\u7a7a\\u6c23\\u5674\\u69cd\\u80fd\\u5920\\u63d0\\u4f9b\\u5353\\u8d8a\\u7684\\u5674\\u5857\\u6548\\u679c\\u4e26\\u78ba\\u4fdd\\u4e00\\u81f4\\u6027\\u8207\\u9ad8\\u7a69\\u5b9a\\u6027\\u3002<br><strong>\\u7f3a\\u9ede:<\\\/strong> <br>\\u76f8\\u8f03\\u65bc\\u624b\\u52d5\\u5674\\u6f06\\u69cd\\uff0c\\u81ea\\u52d5\\u5674\\u6f06\\u69cd\\u7684\\u8cfc\\u8cb7\\u548c\\u5b89\\u88dd\\u6210\\u672c\\u8f03\\u9ad8\\u3002\"}}]}<\/script><div class=\"wp-block-uagb-faq-child uagb-faq-child__outer-wrap uagb-faq-item uagb-block-fa222964\" role=\"tab\" tabindex=\"0\"><div class=\"uagb-faq-questions-button uagb-faq-questions\">\t\t\t<span class=\"uagb-icon uagb-faq-icon-wrap\">\n\t\t\t\t\t\t\t\t<svg xmlns=\"https:\/\/www.w3.org\/2000\/svg\" viewbox= \"0 0 448 512\"><path d=\"M432 256c0 17.69-14.33 32.01-32 32.01H256v144c0 17.69-14.33 31.99-32 31.99s-32-14.3-32-31.99v-144H48c-17.67 0-32-14.32-32-32.01s14.33-31.99 32-31.99H192v-144c0-17.69 14.33-32.01 32-32.01s32 14.32 32 32.01v144h144C417.7 224 432 238.3 432 256z\"><\/path><\/svg>\n\t\t\t\t\t\t\t<\/span>\n\t\t\t\t\t\t<span class=\"uagb-icon-active uagb-faq-icon-wrap\">\n\t\t\t\t\t\t\t\t<svg xmlns=\"https:\/\/www.w3.org\/2000\/svg\" viewbox= \"0 0 448 512\"><path d=\"M400 288h-352c-17.69 0-32-14.32-32-32.01s14.31-31.99 32-31.99h352c17.69 0 32 14.3 32 31.99S417.7 288 400 288z\"><\/path><\/svg>\n\t\t\t\t\t\t\t<\/span>\n\t\t\t<span class=\"uagb-question\"><strong>Q: Como escolher o tipo de pistola de pintura?<\/strong><\/span><\/div><div class=\"uagb-faq-content\"><p><strong>A:<\/strong>As pistolas de pintura podem ser divididas em pistolas de pintura HP\/XRP\/LVLP\/HVLP\/airless\/autom\u00e1ticas.Ao comprar uma pistola de pintura, voc\u00ea deve escolher o tipo de pistola de pintura que combina com voc\u00ea de acordo com a aplica\u00e7\u00e3o de pulveriza\u00e7\u00e3o.<br><strong>1. <a href=\"https:\/\/prowin-tools.com.tw\/pt\/categoria-produto\/air-spray-gun\/hp-air-spray-gun\/\">Pistola de pintura HP<\/a><\/strong><br><strong>vantagem:<\/strong><br>As pistolas de pintura a ar HP s\u00e3o projetadas especificamente para lidar com revestimentos de alta viscosidade, como primers e adesivos. As pistolas de pintura HP podem atomizar e distribuir esses revestimentos com efici\u00eancia, tornando-os adequados para aplica\u00e7\u00f5es industriais que exigem revestimentos mais espessos.<strong><br>defici\u00eancia:<\/strong><br>As pistolas de pintura a ar HP tendem a produzir mais overspray do que as pistolas HVLP ou LVLP.<br><br><strong>2. <a href=\"https:\/\/prowin-tools.com.tw\/pt\/categoria-produto\/air-spray-gun\/xrp-rp-air-spray-gun\/\">Pistola de pintura RP\/XRP\/HTE<\/a><\/strong><br><strong>vantagem: <\/strong><br>A pistola de pulveriza\u00e7\u00e3o de prote\u00e7\u00e3o ambiental RP pode transportar tinta de forma r\u00e1pida e suave, e a efici\u00eancia de transmiss\u00e3o \u00e9 t\u00e3o alta quanto 70-80+%.<strong><br>defici\u00eancia:<\/strong> <br>Devido \u00e0 press\u00e3o mais baixa, a dist\u00e2ncia de pulveriza\u00e7\u00e3o e o alcance das pistolas RP podem ser limitados em compara\u00e7\u00e3o com as pistolas de alta press\u00e3o.<br><br><strong>3. <a href=\"https:\/\/prowin-tools.com.tw\/pt\/categoria-produto\/air-spray-gun\/lvlp-air-spray-gun\/\">Pistola LVLP<\/a><\/strong><br><strong>vantagem:<\/strong> <br>Velocidade de pulveriza\u00e7\u00e3o r\u00e1pida, adequada para aplica\u00e7\u00f5es de pulveriza\u00e7\u00e3o em grandes \u00e1reas.<br><strong>defici\u00eancia:<\/strong> <br>A quantidade de spray n\u00e3o \u00e9 grande e n\u00e3o \u00e9 adequada para revestimentos de alta viscosidade ou mais espessos.<br><br><strong>4. <a href=\"https:\/\/prowin-tools.com.tw\/pt\/categoria-produto\/air-spray-gun\/hvlp-air-spray-gun\/\">Pistola HVLP<\/a><\/strong><br><strong>vantagem:<\/strong> <br>A pistola de pulveriza\u00e7\u00e3o de ar HVLP foi especialmente projetada para melhorar o excesso de pulveriza\u00e7\u00e3o, o que pode efetivamente reduzir o desperd\u00edcio de tinta e \u00e9 adequada para opera\u00e7\u00f5es de pulveriza\u00e7\u00e3o em arm\u00e1rios, m\u00f3veis e bricolage. <br><strong>defici\u00eancia:<\/strong> <br>As pistolas HVLP t\u00eam uma taxa de pulveriza\u00e7\u00e3o mais lenta e n\u00e3o s\u00e3o adequadas para pintura comercial ou aplica\u00e7\u00f5es profissionais.<br><br><strong>5. Pistola de pintura sem ar<\/strong><br><strong>vantagem:<\/strong> <br>As pistolas de pulveriza\u00e7\u00e3o sem ar pulverizam com efici\u00eancia e podem cobrir grandes \u00e1reas rapidamente para grandes aplica\u00e7\u00f5es de pulveriza\u00e7\u00e3o.<br><strong>defici\u00eancia:<\/strong> <br>\u00c9 imposs\u00edvel ajustar a vaz\u00e3o do spray de tinta e \u00e9 f\u00e1cil produzir overspray.<br><br><strong>6. <a href=\"https:\/\/prowin-tools.com.tw\/pt\/categoria-produto\/air-spray-gun\/automatic-spray-gun\/\">pistola de pulveriza\u00e7\u00e3o autom\u00e1tica<\/a><\/strong><br><strong>vantagem:<\/strong> <br>As pistolas autom\u00e1ticas\/rob\u00f4 dedicadas fornecem excelentes resultados de pulveriza\u00e7\u00e3o e garantem consist\u00eancia e alta estabilidade.<br><strong>defici\u00eancia:<\/strong> <br>As pistolas de pintura autom\u00e1ticas s\u00e3o mais caras para comprar e instalar do que as pistolas de pintura manuais.<\/p><\/div><\/div><\/div>\n\n\n<div class=\"wp-block-qubely-heading qubely-block-485ff0\"><div class=\"qubely-block-heading  qubely-has-separator qubely-separator-position-bottom\"><div class=\"qubely-heading-container\"><h2 class=\"qubely-heading-selector\">Perguntas relacionadas ao pedido<\/h2><div class=\"qubely-separator qubely-separator-after\"><span class=\"qubely-separator-type-svg qubely-separator-pin_filled\"><svg width=\"100\" height=\"20\" viewbox=\"0 0 100 20\" xmlns=\"http:\/\/www.w3.org\/2000\/svg\"><path d=\"M18.948 8.5h80.196v3h-80.196c-.719 4.534-4.646 8-9.382 8-5.247 0-9.5-4.253-9.5-9.5s4.253-9.5 9.5-9.5c4.736 0 8.663 3.466 9.382 8z\" class=\"qubely-separator-fill\" fill-rule=\"nonzero\"><\/path><\/svg><\/span><\/div><\/div><\/div><\/div>\n\n\n<div class=\"wp-block-uagb-faq uagb-faq__outer-wrap uagb-block-f3606fd2 uagb-faq-icon-row uagb-faq-layout-accordion uagb-faq-expand-first-false uagb-faq-inactive-other-true uagb-faq__wrap uagb-buttons-layout-wrap uagb-faq-equal-height\" data-faqtoggle=\"true\" role=\"tablist\"><script type=\"application\/ld+json\">{\"@context\":\"https:\\\/\\\/schema.org\",\"@type\":\"FAQPage\",\"@id\":\"https:\\\/\\\/prowin-tools.com.tw\\\/pt\\\/faq\\\/\",\"mainEntity\":[{\"@type\":\"Question\",\"name\":\"<strong>Q:<\\\/strong><a href=\\\"https:\\\/\\\/prowin-tools.com.tw\\\/%e5%b8%b8%e8%a6%8b%e5%95%8f%e9%a1%8c\\\/\\\"><strong>\\u8acb\\u554f\\u4f60\\u5011\\u7684\\u4ea4\\u8ca8\\u6642\\u9593\\u662f\\u591a\\u4e45\\u5462?<\\\/strong><\\\/a>\",\"acceptedAnswer\":{\"@type\":\"Answer\",\"text\":\"<strong>A:<\\\/strong>\\u6839\\u64da<a href=\\\"https:\\\/\\\/prowin-tools.com.tw\\\/home\\\/product\\\/\\\">\\u7522\\u54c1<\\\/a>\\u8a02\\u88fd\\u898f\\u683c\\u4e0d\\u540c\\u800c\\u7570\\uff0c\\u4e00\\u822c\\u5728\\u5eab\\u54c13\\u65e5\\u5167\\u53ef\\u767c\\u8ca8\\uff0c\\u5ba2\\u88fd\\u54c1\\u63a5\\u55ae\\u5f8c\\u7d0430\\u5929\\u3002\"}},{\"@type\":\"Question\",\"name\":\"<strong>Q:<\\\/strong><a href=\\\"https:\\\/\\\/prowin-tools.com.tw\\\/%e5%b8%b8%e8%a6%8b%e5%95%8f%e9%a1%8c\\\/\\\"><strong>\\u8acb\\u554fProwin\\u63d0\\u4f9b\\u54ea\\u4e9b\\u4ed8\\u6b3e\\u65b9\\u5f0f\\u5462?<\\\/strong><\\\/a>\",\"acceptedAnswer\":{\"@type\":\"Answer\",\"text\":\"<strong>A:<\\\/strong>\\u9280\\u884c\\u8f49\\u5e33\\u532f\\u6b3e\\u3002\\u6216<a href=\\\"https:\\\/\\\/prowin-tools.com.tw\\\/contact-us\\\/\\\">\\u9023\\u7e6b\\u6211\\u5011<\\\/a>\\u8a0e\\u8ad6\\u3002\"}},{\"@type\":\"Question\",\"name\":\"<strong>Q:<\\\/strong><a href=\\\"https:\\\/\\\/prowin-tools.com.tw\\\/%e5%b8%b8%e8%a6%8b%e5%95%8f%e9%a1%8c\\\/\\\"><strong>\\u8acb\\u554f\\u80fd\\u5920\\u5728\\u7522\\u54c1\\u6216\\u5305\\u88dd\\u4e0a\\u6253\\u5370\\u6211\\u5011\\u7684\\u54c1\\u724c\\u6216LOGO\\u55ce?<\\\/strong><\\\/a>\",\"acceptedAnswer\":{\"@type\":\"Answer\",\"text\":\"<strong>A:<\\\/strong>\\u6b61\\u8fce\\u7d93\\u92b7Prowin\\u7522\\u54c1\\uff0c\\u82e5\\u6709\\u5ba2\\u88fd\\u5316\\u8981\\u6c42\\uff0c\\u8acb<a href=\\\"https:\\\/\\\/prowin-tools.com.tw\\\/contact-us\\\/\\\">\\u806f\\u7e6b\\u6211\\u5011<\\\/a>\\u8a0e\\u8ad6\\u3002\"}}]}<\/script><div class=\"wp-block-uagb-faq-child uagb-faq-child__outer-wrap uagb-faq-item uagb-block-c5889ba6\" role=\"tab\" tabindex=\"0\"><div class=\"uagb-faq-questions-button uagb-faq-questions\">\t\t\t<span class=\"uagb-icon uagb-faq-icon-wrap\">\n\t\t\t\t\t\t\t\t<svg xmlns=\"https:\/\/www.w3.org\/2000\/svg\" viewbox= \"0 0 448 512\"><path d=\"M432 256c0 17.69-14.33 32.01-32 32.01H256v144c0 17.69-14.33 31.99-32 31.99s-32-14.3-32-31.99v-144H48c-17.67 0-32-14.32-32-32.01s14.33-31.99 32-31.99H192v-144c0-17.69 14.33-32.01 32-32.01s32 14.32 32 32.01v144h144C417.7 224 432 238.3 432 256z\"><\/path><\/svg>\n\t\t\t\t\t\t\t<\/span>\n\t\t\t\t\t\t<span class=\"uagb-icon-active uagb-faq-icon-wrap\">\n\t\t\t\t\t\t\t\t<svg xmlns=\"https:\/\/www.w3.org\/2000\/svg\" viewbox= \"0 0 448 512\"><path d=\"M400 288h-352c-17.69 0-32-14.32-32-32.01s14.31-31.99 32-31.99h352c17.69 0 32 14.3 32 31.99S417.7 288 400 288z\"><\/path><\/svg>\n\t\t\t\t\t\t\t<\/span>\n\t\t\t<h5 class=\"uagb-question\"><strong>P:<\/strong><a href=\"https:\/\/prowin-tools.com.tw\/pt\/\u5e38\u898b\u554f\u984c\/\"><strong>quanto tempo \u00e9 o seu tempo de entrega?<\/strong><\/a><\/h5><\/div><div class=\"uagb-faq-content\"><p><strong>A:<\/strong>de acordo com<a href=\"https:\/\/prowin-tools.com.tw\/pt\/home\/produto\/\">produtos<\/a>As especifica\u00e7\u00f5es personalizadas variam. Geralmente, os produtos em estoque podem ser enviados dentro de 3 dias e os produtos do cliente podem ser enviados dentro de 30 dias ap\u00f3s o recebimento do pedido.<\/p><\/div><\/div><div class=\"wp-block-uagb-faq-child uagb-faq-child__outer-wrap uagb-faq-item uagb-block-db270386\" role=\"tab\" tabindex=\"0\"><div class=\"uagb-faq-questions-button uagb-faq-questions\">\t\t\t<span class=\"uagb-icon uagb-faq-icon-wrap\">\n\t\t\t\t\t\t\t\t<svg xmlns=\"https:\/\/www.w3.org\/2000\/svg\" viewbox= \"0 0 448 512\"><path d=\"M432 256c0 17.69-14.33 32.01-32 32.01H256v144c0 17.69-14.33 31.99-32 31.99s-32-14.3-32-31.99v-144H48c-17.67 0-32-14.32-32-32.01s14.33-31.99 32-31.99H192v-144c0-17.69 14.33-32.01 32-32.01s32 14.32 32 32.01v144h144C417.7 224 432 238.3 432 256z\"><\/path><\/svg>\n\t\t\t\t\t\t\t<\/span>\n\t\t\t\t\t\t<span class=\"uagb-icon-active uagb-faq-icon-wrap\">\n\t\t\t\t\t\t\t\t<svg xmlns=\"https:\/\/www.w3.org\/2000\/svg\" viewbox= \"0 0 448 512\"><path d=\"M400 288h-352c-17.69 0-32-14.32-32-32.01s14.31-31.99 32-31.99h352c17.69 0 32 14.3 32 31.99S417.7 288 400 288z\"><\/path><\/svg>\n\t\t\t\t\t\t\t<\/span>\n\t\t\t<h5 class=\"uagb-question\"><strong>P:<\/strong><a href=\"https:\/\/prowin-tools.com.tw\/pt\/\u5e38\u898b\u554f\u984c\/\"><strong>Quais m\u00e9todos de pagamento a Prowin oferece?<\/strong><\/a><\/h5><\/div><div class=\"uagb-faq-content\"><p><strong>A:<\/strong>Remessa por transfer\u00eancia banc\u00e1ria. ou<a href=\"https:\/\/prowin-tools.com.tw\/pt\/contact-us\/\">Contate-nos<\/a>discutir.<\/p><\/div><\/div><div class=\"wp-block-uagb-faq-child uagb-faq-child__outer-wrap uagb-faq-item uagb-block-321b9de2\" role=\"tab\" tabindex=\"0\"><div class=\"uagb-faq-questions-button uagb-faq-questions\">\t\t\t<span class=\"uagb-icon uagb-faq-icon-wrap\">\n\t\t\t\t\t\t\t\t<svg xmlns=\"https:\/\/www.w3.org\/2000\/svg\" viewbox= \"0 0 448 512\"><path d=\"M432 256c0 17.69-14.33 32.01-32 32.01H256v144c0 17.69-14.33 31.99-32 31.99s-32-14.3-32-31.99v-144H48c-17.67 0-32-14.32-32-32.01s14.33-31.99 32-31.99H192v-144c0-17.69 14.33-32.01 32-32.01s32 14.32 32 32.01v144h144C417.7 224 432 238.3 432 256z\"><\/path><\/svg>\n\t\t\t\t\t\t\t<\/span>\n\t\t\t\t\t\t<span class=\"uagb-icon-active uagb-faq-icon-wrap\">\n\t\t\t\t\t\t\t\t<svg xmlns=\"https:\/\/www.w3.org\/2000\/svg\" viewbox= \"0 0 448 512\"><path d=\"M400 288h-352c-17.69 0-32-14.32-32-32.01s14.31-31.99 32-31.99h352c17.69 0 32 14.3 32 31.99S417.7 288 400 288z\"><\/path><\/svg>\n\t\t\t\t\t\t\t<\/span>\n\t\t\t<h5 class=\"uagb-question\"><strong>P:<\/strong><a href=\"https:\/\/prowin-tools.com.tw\/pt\/\u5e38\u898b\u554f\u984c\/\"><strong>\u00c9 poss\u00edvel imprimir nossa marca ou LOGO no produto ou na embalagem?<\/strong><\/a><\/h5><\/div><div class=\"uagb-faq-content\"><p><strong>A:<\/strong>Bem-vindo a distribuir produtos Prowin, se voc\u00ea tiver requisitos personalizados, por favor<a href=\"https:\/\/prowin-tools.com.tw\/pt\/contact-us\/\">Contate-nos<\/a>discutir.<\/p><\/div><\/div><\/div><\/div>\n<\/div><\/div>","protected":false},"excerpt":{"rendered":"","protected":false},"author":1,"featured_media":0,"parent":0,"menu_order":0,"comment_status":"closed","ping_status":"closed","template":"","meta":{"qubely_global_settings":"","qubely_interactions":"","_uag_custom_page_level_css":"","site-sidebar-layout":"no-sidebar","site-content-layout":"page-builder","ast-site-content-layout":"","site-content-style":"default","site-sidebar-style":"default","ast-global-header-display":"","ast-banner-title-visibility":"","ast-main-header-display":"","ast-hfb-above-header-display":"","ast-hfb-below-header-display":"","ast-hfb-mobile-header-display":"","site-post-title":"disabled","ast-breadcrumbs-content":"","ast-featured-img":"","footer-sml-layout":"","theme-transparent-header-meta":"","adv-header-id-meta":"","stick-header-meta":"","header-above-stick-meta":"","header-main-stick-meta":"","header-below-stick-meta":"","astra-migrate-meta-layouts":"","ast-page-background-enabled":"default","ast-page-background-meta":{"desktop":{"background-color":"","background-image":"","background-repeat":"repeat","background-position":"center center","background-size":"auto","background-attachment":"scroll","background-type":"","background-media":"","overlay-type":"","overlay-color":"","overlay-gradient":""},"tablet":{"background-color":"","background-image":"","background-repeat":"repeat","background-position":"center center","background-size":"auto","background-attachment":"scroll","background-type":"","background-media":"","overlay-type":"","overlay-color":"","overlay-gradient":""},"mobile":{"background-color":"","background-image":"","background-repeat":"repeat","background-position":"center center","background-size":"auto","background-attachment":"scroll","background-type":"","background-media":"","overlay-type":"","overlay-color":"","overlay-gradient":""}},"ast-content-background-meta":{"desktop":{"background-color":"var(--ast-global-color-5)","background-image":"","background-repeat":"repeat","background-position":"center center","background-size":"auto","background-attachment":"scroll","background-type":"","background-media":"","overlay-type":"","overlay-color":"","overlay-gradient":""},"tablet":{"background-color":"var(--ast-global-color-5)","background-image":"","background-repeat":"repeat","background-position":"center center","background-size":"auto","background-attachment":"scroll","background-type":"","background-media":"","overlay-type":"","overlay-color":"","overlay-gradient":""},"mobile":{"background-color":"var(--ast-global-color-5)","background-image":"","background-repeat":"repeat","background-position":"center center","background-size":"auto","background-attachment":"scroll","background-type":"","background-media":"","overlay-type":"","overlay-color":"","overlay-gradient":""}},"_themeisle_gutenberg_block_has_review":false,"footnotes":""},"class_list":["post-7080","page","type-page","status-publish","hentry"],"uagb_featured_image_src":{"full":false,"thumbnail":false,"medium":false,"medium_large":false,"large":false,"1536x1536":false,"2048x2048":false,"trp-custom-language-flag":false,"qubely_landscape":false,"qubely_portrait":false,"qubely_thumbnail":false,"woocommerce_thumbnail":false,"woocommerce_single":false,"woocommerce_gallery_thumbnail":false},"uagb_author_info":{"display_name":"prowintoolstw","author_link":"https:\/\/prowin-tools.com.tw\/pt\/author\/prowintoolstw\/"},"uagb_comment_info":0,"uagb_excerpt":null,"_links":{"self":[{"href":"https:\/\/prowin-tools.com.tw\/pt\/wp-json\/wp\/v2\/pages\/7080","targetHints":{"allow":["GET"]}}],"collection":[{"href":"https:\/\/prowin-tools.com.tw\/pt\/wp-json\/wp\/v2\/pages"}],"about":[{"href":"https:\/\/prowin-tools.com.tw\/pt\/wp-json\/wp\/v2\/types\/page"}],"author":[{"embeddable":true,"href":"https:\/\/prowin-tools.com.tw\/pt\/wp-json\/wp\/v2\/users\/1"}],"replies":[{"embeddable":true,"href":"https:\/\/prowin-tools.com.tw\/pt\/wp-json\/wp\/v2\/comments?post=7080"}],"version-history":[{"count":32,"href":"https:\/\/prowin-tools.com.tw\/pt\/wp-json\/wp\/v2\/pages\/7080\/revisions"}],"predecessor-version":[{"id":7396,"href":"https:\/\/prowin-tools.com.tw\/pt\/wp-json\/wp\/v2\/pages\/7080\/revisions\/7396"}],"wp:attachment":[{"href":"https:\/\/prowin-tools.com.tw\/pt\/wp-json\/wp\/v2\/media?parent=7080"}],"curies":[{"name":"wp","href":"https:\/\/api.w.org\/{rel}","templated":true}]}}