{"id":3598,"date":"2022-08-25T06:16:22","date_gmt":"2022-08-25T06:16:22","guid":{"rendered":"https:\/\/prowin-tools.com.tw\/?post_type=product&#038;p=3598"},"modified":"2025-08-29T18:03:18","modified_gmt":"2025-08-29T18:03:18","slug":"pt-003-stand-type-air-agitator","status":"publish","type":"product","link":"https:\/\/prowin-tools.com.tw\/pt\/produto\/pt-003-stand-type-air-agitator\/","title":{"rendered":"PT-003 Agitador de p\u00e9 de ar"},"content":{"rendered":"<p>para<span lang=\"EN-US\">Para barris quadrados e barris redondos, desde que o barril de material l\u00edquido seja colocado no suporte de quatro pernas, a opera\u00e7\u00e3o de mistura pode ser realizada e a velocidade pode ser ajustada continuamente.<\/span><\/p>\n<h3><strong><span class=\"style2\">\u2611<\/span> recurso<\/strong><\/h3>\n<ul>\n<li>Os agitadores de ar s\u00e3o acionados por motores pneum\u00e1ticos com uma ampla gama de configura\u00e7\u00f5es de engrenagens para atender a uma variedade de aplica\u00e7\u00f5es.<\/li>\n<li>As l\u00e2minas de mistura s\u00e3o selecionadas de alum\u00ednio, nylon e a\u00e7o inoxid\u00e1vel para atender a diferentes finalidades.<\/li>\n<li>O misturador de ar \u00e9 f\u00e1cil de operar, \u00e0 prova de explos\u00e3o e funciona uniformemente sem fa\u00edscas por um longo tempo.<\/li>\n<li>\u00c9 adequado para opera\u00e7\u00f5es de agita\u00e7\u00e3o e mistura de v\u00e1rios l\u00edquidos e possui bom desempenho de seguran\u00e7a.<\/li>\n<\/ul>\n<h3><strong><span class=\"style2\">\u2611<\/span> Especifica\u00e7\u00e3o<\/strong><\/h3>\n<table id=\"tabs-nav\" class=\"xl756500\" border=\"0\" cellspacing=\"2\" cellpadding=\"5\">\n<tbody>\n<tr>\n<th class=\"xl69\" nowrap=\"nowrap\" bgcolor=\"#EFEFEF\" width=\"152\">\n<div align=\"left\">tipo<\/div>\n<\/th>\n<td class=\"xl70\" bgcolor=\"#F7F7F7\" width=\"527\">ficar<\/td>\n<\/tr>\n<tr>\n<th class=\"xl71\" nowrap=\"nowrap\" bgcolor=\"#F7F7F7\">\n<div align=\"left\">cavalos de pot\u00eancia<\/div>\n<\/th>\n<td class=\"xl70\" width=\"527\">1\/3HP<\/td>\n<\/tr>\n<tr>\n<th class=\"xl69\" nowrap=\"nowrap\" bgcolor=\"#EFEFEF\">\n<div align=\"left\">sem velocidade de carga<\/div>\n<\/th>\n<td class=\"xl70\" bgcolor=\"#F7F7F7\" width=\"527\">2780 RPM<\/td>\n<\/tr>\n<tr>\n<th class=\"xl69\" nowrap=\"nowrap\" bgcolor=\"#F7F7F7\">\n<div align=\"left\">rela\u00e7\u00e3o de transmiss\u00e3o<\/div>\n<\/th>\n<td class=\"xl70\" width=\"527\">1 : 1<\/td>\n<\/tr>\n<tr>\n<th class=\"xl69\" nowrap=\"nowrap\" bgcolor=\"#EFEFEF\">\n<div align=\"left\">Adequado<\/div>\n<\/th>\n<td class=\"xl70\" bgcolor=\"#F7F7F7\" width=\"527\">20L<\/td>\n<\/tr>\n<tr>\n<th class=\"xl71\" nowrap=\"nowrap\" bgcolor=\"#F7F7F7\">\n<div align=\"left\">Tamanho da barra de agita\u00e7\u00e3o<\/div>\n<\/th>\n<td class=\"xl70\" width=\"527\">\u00d8 15 \u00d7 550 mm<\/td>\n<\/tr>\n<tr>\n<th class=\"xl69\" nowrap=\"nowrap\" bgcolor=\"#EFEFEF\">\n<div align=\"left\">Di\u00e2metro\/material da l\u00e2mina<\/div>\n<\/th>\n<td class=\"xl70\" bgcolor=\"#F7F7F7\" width=\"527\">DE100mm \/ Nylon<\/td>\n<\/tr>\n<tr>\n<th class=\"xl71\" nowrap=\"nowrap\" bgcolor=\"#F7F7F7\">\n<div align=\"left\">Consumo de ar<\/div>\n<\/th>\n<td class=\"xl70\" width=\"527\">19 SCFM<\/td>\n<\/tr>\n<tr>\n<th class=\"xl69\" nowrap=\"nowrap\" bgcolor=\"#EFEFEF\">\n<div align=\"left\">valor de vibra\u00e7\u00e3o<\/div>\n<\/th>\n<td class=\"xl70\" bgcolor=\"#F7F7F7\" width=\"527\">11 m\/s\u00b2<\/td>\n<\/tr>\n<tr>\n<th class=\"xl71\" nowrap=\"nowrap\" bgcolor=\"#F7F7F7\">\n<div align=\"left\">Pacote<\/div>\n<\/th>\n<td class=\"xl70\" width=\"527\">7,8 NW \/ 9 GW \/ 1,8 CUFT<\/td>\n<\/tr>\n<tr>\n<th class=\"xl69\" nowrap=\"nowrap\" bgcolor=\"#EFEFEF\">\n<div align=\"left\">tamanho<\/div>\n<\/th>\n<td class=\"xl70\" bgcolor=\"#F7F7F7\" width=\"527\">640 C \u00d7 170 L \u00d7 510 A (mm)<\/td>\n<\/tr>\n<\/tbody>\n<\/table>\n<p>&nbsp;<\/p>","protected":false},"excerpt":{"rendered":"<p>100% \u00e9 fabricado em Taiwan com excelente qualidade e longa vida \u00fatil.<br \/>\nDiferentes especifica\u00e7\u00f5es e configura\u00e7\u00f5es, como rela\u00e7\u00e3o de transmiss\u00e3o, velocidade, tipo de mandril, eixo e material da l\u00e2mina, podem ser ajustadas de acordo com suas necessidades. Se voc\u00ea estiver procurando por um fabricante de misturador, n\u00e3o hesite em nos contatar.<\/p>\n<p>&nbsp;<\/p>","protected":false},"featured_media":3254,"comment_status":"open","ping_status":"closed","template":"","meta":{"qubely_global_settings":"","qubely_interactions":"","_uag_custom_page_level_css":"","site-sidebar-layout":"default","site-content-layout":"default","ast-site-content-layout":"","site-content-style":"default","site-sidebar-style":"default","ast-global-header-display":"","ast-banner-title-visibility":"","ast-main-header-display":"","ast-hfb-above-header-display":"","ast-hfb-below-header-display":"","ast-hfb-mobile-header-display":"","site-post-title":"","ast-breadcrumbs-content":"","ast-featured-img":"","footer-sml-layout":"","theme-transparent-header-meta":"default","adv-header-id-meta":"","stick-header-meta":"default","header-above-stick-meta":"","header-main-stick-meta":"","header-below-stick-meta":"","astra-migrate-meta-layouts":"","ast-page-background-enabled":"default","ast-page-background-meta":{"desktop":{"background-color":"","background-image":"","background-repeat":"repeat","background-position":"center center","background-size":"auto","background-attachment":"scroll","background-type":"","background-media":"","overlay-type":"","overlay-color":"","overlay-gradient":""},"tablet":{"background-color":"","background-image":"","background-repeat":"repeat","background-position":"center center","background-size":"auto","background-attachment":"scroll","background-type":"","background-media":"","overlay-type":"","overlay-color":"","overlay-gradient":""},"mobile":{"background-color":"","background-image":"","background-repeat":"repeat","background-position":"center center","background-size":"auto","background-attachment":"scroll","background-type":"","background-media":"","overlay-type":"","overlay-color":"","overlay-gradient":""}},"ast-content-background-meta":{"desktop":{"background-color":"var(--ast-global-color-5)","background-image":"","background-repeat":"repeat","background-position":"center center","background-size":"auto","background-attachment":"scroll","background-type":"","background-media":"","overlay-type":"","overlay-color":"","overlay-gradient":""},"tablet":{"background-color":"var(--ast-global-color-5)","background-image":"","background-repeat":"repeat","background-position":"center center","background-size":"auto","background-attachment":"scroll","background-type":"","background-media":"","overlay-type":"","overlay-color":"","overlay-gradient":""},"mobile":{"background-color":"var(--ast-global-color-5)","background-image":"","background-repeat":"repeat","background-position":"center center","background-size":"auto","background-attachment":"scroll","background-type":"","background-media":"","overlay-type":"","overlay-color":"","overlay-gradient":""}},"_themeisle_gutenberg_block_has_review":false},"product_cat":[78],"product_tag":[79,108],"class_list":{"0":"post-3598","1":"product","2":"type-product","3":"status-publish","4":"has-post-thumbnail","6":"product_cat-air-agitator","7":"product_tag-air-agitator","8":"product_tag-108","9":"desktop-align-left","10":"tablet-align-left","11":"mobile-align-left","12":"ast-product-gallery-layout-horizontal","13":"ast-product-tabs-layout-horizontal","14":"ast-qv-on-image","16":"","17":"instock","18":"featured","19":"shipping-taxable","20":"purchasable","21":"product-type-simple"},"uagb_featured_image_src":{"full":["https:\/\/prowin-tools.com.tw\/wp-content\/uploads\/2022\/08\/PT-00311-1.jpg",1000,1000,false],"thumbnail":["https:\/\/prowin-tools.com.tw\/wp-content\/uploads\/2022\/08\/PT-00311-1-150x150.jpg",150,150,true],"medium":["https:\/\/prowin-tools.com.tw\/wp-content\/uploads\/2022\/08\/PT-00311-1-300x300.jpg",300,300,true],"medium_large":["https:\/\/prowin-tools.com.tw\/wp-content\/uploads\/2022\/08\/PT-00311-1-768x768.jpg",768,768,true],"large":["https:\/\/prowin-tools.com.tw\/wp-content\/uploads\/2022\/08\/PT-00311-1.jpg",1000,1000,false],"1536x1536":["https:\/\/prowin-tools.com.tw\/wp-content\/uploads\/2022\/08\/PT-00311-1.jpg",1000,1000,false],"2048x2048":["https:\/\/prowin-tools.com.tw\/wp-content\/uploads\/2022\/08\/PT-00311-1.jpg",1000,1000,false],"trp-custom-language-flag":["https:\/\/prowin-tools.com.tw\/wp-content\/uploads\/2022\/08\/PT-00311-1-12x12.jpg",12,12,true],"qubely_landscape":["https:\/\/prowin-tools.com.tw\/wp-content\/uploads\/2022\/08\/PT-00311-1-1000x750.jpg",1000,750,true],"qubely_portrait":["https:\/\/prowin-tools.com.tw\/wp-content\/uploads\/2022\/08\/PT-00311-1-540x320.jpg",540,320,true],"qubely_thumbnail":["https:\/\/prowin-tools.com.tw\/wp-content\/uploads\/2022\/08\/PT-00311-1-140x100.jpg",140,100,true],"woocommerce_thumbnail":["https:\/\/prowin-tools.com.tw\/wp-content\/uploads\/2022\/08\/PT-00311-1-350x350.jpg",350,350,true],"woocommerce_single":["https:\/\/prowin-tools.com.tw\/wp-content\/uploads\/2022\/08\/PT-00311-1-600x600.jpg",600,600,true],"woocommerce_gallery_thumbnail":["https:\/\/prowin-tools.com.tw\/wp-content\/uploads\/2022\/08\/PT-00311-1-100x100.jpg",100,100,true]},"uagb_author_info":{"display_name":"prowintoolstw","author_link":"https:\/\/prowin-tools.com.tw\/pt\/author\/"},"uagb_comment_info":34,"uagb_excerpt":"100% \u53f0\u7063\u88fd\u9020\uff0c\u54c1\u8cea\u5353\u8d8a\uff0c\u4f7f\u7528\u58fd\u547d\u9577\u3002 \u4e0d\u540c\u7684\u898f\u683c\u914d\u7f6e\u5982\u9f52\u8f2a\u6bd4\u3001\u8f49\u901f\u3001\u593e\u982d\u7a2e\u985e\u3001\u8ef8\u4ee5\u53ca\u5200\u62cc\u7247\u6750\u8cea\u7686\u53ef\u4f9d\u60a8\u7684&hellip;","_links":{"self":[{"href":"https:\/\/prowin-tools.com.tw\/pt\/wp-json\/wp\/v2\/product\/3598","targetHints":{"allow":["GET"]}}],"collection":[{"href":"https:\/\/prowin-tools.com.tw\/pt\/wp-json\/wp\/v2\/product"}],"about":[{"href":"https:\/\/prowin-tools.com.tw\/pt\/wp-json\/wp\/v2\/types\/product"}],"replies":[{"embeddable":true,"href":"https:\/\/prowin-tools.com.tw\/pt\/wp-json\/wp\/v2\/comments?post=3598"}],"version-history":[{"count":3,"href":"https:\/\/prowin-tools.com.tw\/pt\/wp-json\/wp\/v2\/product\/3598\/revisions"}],"predecessor-version":[{"id":7380,"href":"https:\/\/prowin-tools.com.tw\/pt\/wp-json\/wp\/v2\/product\/3598\/revisions\/7380"}],"wp:featuredmedia":[{"embeddable":true,"href":"https:\/\/prowin-tools.com.tw\/pt\/wp-json\/wp\/v2\/media\/3254"}],"wp:attachment":[{"href":"https:\/\/prowin-tools.com.tw\/pt\/wp-json\/wp\/v2\/media?parent=3598"}],"wp:term":[{"taxonomy":"product_cat","embeddable":true,"href":"https:\/\/prowin-tools.com.tw\/pt\/wp-json\/wp\/v2\/product_cat?post=3598"},{"taxonomy":"product_tag","embeddable":true,"href":"https:\/\/prowin-tools.com.tw\/pt\/wp-json\/wp\/v2\/product_tag?post=3598"}],"curies":[{"name":"wp","href":"https:\/\/api.w.org\/{rel}","templated":true}]}}