{"id":3609,"date":"2022-08-25T06:52:12","date_gmt":"2022-08-25T06:52:12","guid":{"rendered":"https:\/\/prowin-tools.com.tw\/?post_type=product&#038;p=3609"},"modified":"2025-09-05T10:56:06","modified_gmt":"2025-09-05T10:56:06","slug":"pts-102-twin-diaphragm-pump","status":"publish","type":"product","link":"https:\/\/prowin-tools.com.tw\/pt\/produto\/pts-102-twin-diaphragm-pump\/","title":{"rendered":"Bomba de duplo diafragma PTS-102 com suporte"},"content":{"rendered":"<h2>descrever<\/h2>\n<ul>\n<li>\n<h5>As bombas de diafragma duplo PROWIN bombeiam qualquer l\u00edquido como: \u00e1gua, tinta spray, \u00f3leo lubrificante, detergente, anticongelante a uma vaz\u00e3o de at\u00e9 10 l\/min.<\/h5>\n<\/li>\n<li role=\"tabpanel\" aria-labelledby=\"tab-title-description\">\n<h5>Feito de Teflon para maior vida \u00fatil do produto e maior efici\u00eancia da bomba.<\/h5>\n<\/li>\n<li>\n<h5>Esta bomba de diafragma duplo pode satisfazer usu\u00e1rios que precisam usar 1-2 pistolas de pulveriza\u00e7\u00e3o ao mesmo tempo e \u00e9 bastante adequada para pulveriza\u00e7\u00e3o industrial. Al\u00e9m disso, este produto tamb\u00e9m \u00e9 adequado para entrega de tinta dentro da f\u00e1brica, podendo entregar tinta em diferentes locais de pulveriza\u00e7\u00e3o.<\/h5>\n<\/li>\n<\/ul>\n<p><strong style=\"font-size: 1.5em;\">Especifica\u00e7\u00e3o<\/strong><\/p>\n<table id=\"tabs-nav\" class=\"xl756500\" border=\"0\" cellspacing=\"2\" cellpadding=\"5\">\n<tbody>\n<tr>\n<th class=\"xl79\" rowspan=\"3\" nowrap=\"nowrap\" bgcolor=\"#EFEFEF\" width=\"152\">\n<h6 align=\"left\">capacidade de transmiss\u00e3o<\/h6>\n<\/th>\n<td class=\"xl78\" bgcolor=\"#F7F7F7\" width=\"527\">\n<h6>5 L\/min (0,4 kg\/cm\u00b2)<\/h6>\n<\/td>\n<\/tr>\n<tr>\n<td class=\"xl78\">\n<h6>7,5 L\/min (1 kg\/cm\u00b2)<\/h6>\n<\/td>\n<\/tr>\n<tr>\n<td class=\"xl78\" bgcolor=\"#F7F7F7\">\n<h6>10,5 L\/min (2 kg\/cm\u00b2)<\/h6>\n<\/td>\n<\/tr>\n<tr>\n<th class=\"xl79\" nowrap=\"nowrap\" bgcolor=\"#F7F7F7\">\n<h6 align=\"left\">rela\u00e7\u00e3o de press\u00e3o<\/h6>\n<\/th>\n<td class=\"xl77\">\n<h6>01:01<\/h6>\n<\/td>\n<\/tr>\n<tr>\n<th class=\"xl79\" nowrap=\"nowrap\" bgcolor=\"#EFEFEF\">\n<h6 align=\"left\">maior press\u00e3o<\/h6>\n<\/th>\n<td class=\"xl78\" bgcolor=\"#F7F7F7\">\n<h6>5kg\/cm\u00b2<\/h6>\n<\/td>\n<\/tr>\n<tr>\n<th class=\"xl79\" nowrap=\"nowrap\" bgcolor=\"#F7F7F7\">\n<h6 align=\"left\">press\u00e3o do trabalho<\/h6>\n<\/th>\n<td class=\"xl78\">\n<h6>1~5kg\/cm\u00b2<\/h6>\n<\/td>\n<\/tr>\n<tr>\n<th class=\"xl73\" nowrap=\"nowrap\" bgcolor=\"#EFEFEF\">\n<h6 align=\"left\">tamanho<\/h6>\n<\/th>\n<td class=\"xl76\" bgcolor=\"#F7F7F7\" width=\"527\">\n<h6>36 (C) cm x 32 (L) cm x 76 (A) cm<\/h6>\n<\/td>\n<\/tr>\n<tr>\n<th class=\"xl75\" nowrap=\"nowrap\" bgcolor=\"#F7F7F7\">\n<h6 align=\"left\">entrada de ar<\/h6>\n<\/th>\n<td class=\"xl76\" width=\"527\">\n<h6>1\/4\u2033PT (BSP)<\/h6>\n<\/td>\n<\/tr>\n<tr>\n<th class=\"xl75\" nowrap=\"nowrap\" bgcolor=\"#EFEFEF\">\n<h6 align=\"left\">sa\u00edda de ar<\/h6>\n<\/th>\n<td class=\"xl76\" bgcolor=\"#F7F7F7\" width=\"527\">\n<h6>3\/8\u2033PT (BSP)<\/h6>\n<\/td>\n<\/tr>\n<tr>\n<th class=\"xl79\" nowrap=\"nowrap\" bgcolor=\"#F7F7F7\">\n<h6 align=\"left\">velocidade da bomba<\/h6>\n<\/th>\n<td class=\"xl78\">\n<h6>160 ciclos\/min (a 5 kg\/cm\u00b2)<\/h6>\n<\/td>\n<\/tr>\n<tr>\n<th class=\"xl79\" nowrap=\"nowrap\" bgcolor=\"#EFEFEF\">\n<h6 align=\"left\">Velocidade m\u00ednima da bomba<\/h6>\n<\/th>\n<td class=\"xl78\" bgcolor=\"#F7F7F7\">\n<h6>80 ciclos\/min (a 0,4 kg\/cm\u00b2)<\/h6>\n<\/td>\n<\/tr>\n<tr bgcolor=\"#FFFFFF\">\n<td class=\"xl74\" colspan=\"2\">\n<div align=\"left\"><span class=\"xl80\">n\u00edvel de som<br \/>\nSem carga: 60 dB(A) \/ 2kg\/cm\u00b2, 65 dB(A) \/ 5kg\/cm\u00b2<br \/>\nCarga: 63 dB(A) \/ 2kg\/cm\u00b2, 70 dB(A) \/ 5kg\/cm\u00b2<\/span><\/div>\n<\/td>\n<\/tr>\n<\/tbody>\n<\/table>","protected":false},"excerpt":{"rendered":"<ul>\n<li>\n<h6>As bombas pneum\u00e1ticas de diafragma duplo da Prowin Tools Company s\u00e3o um produto muito econ\u00f4mico para uma ampla variedade de aplica\u00e7\u00f5es.<\/h6>\n<\/li>\n<li>\n<h6>Pode transportar cascalho, l\u00edquidos de alta viscosidade, produtos qu\u00edmicos e cimento, etc.<\/h6>\n<\/li>\n<li>\n<h6>A inatividade de longo prazo n\u00e3o causar\u00e1 danos \u00e0s mercadorias.<\/h6>\n<\/li>\n<li>\n<h6>Pode ser usado com seguran\u00e7a em ambientes de alto risco, n\u00e3o requer equipamento de controle e n\u00e3o representa risco el\u00e9trico.<\/h6>\n<\/li>\n<li>\n<h6>Quando a m\u00e1quina est\u00e1 funcionando, a press\u00e3o da sa\u00edda do fluido pode ser ajustada diretamente sem a necessidade de instalar motores ou acionamentos de velocidade vari\u00e1vel adicionais e dispendiosos.<\/h6>\n<\/li>\n<li>\n<h6>Se voc\u00ea estiver procurando um fabricante de bomba de diafragma, sinta-se \u00e0 vontade para<a href=\"https:\/\/prowin-tools.com.tw\/pt\/\u806f\u7d61\u6211\u5011\/\">Contate-nos<\/a>.<\/h6>\n<\/li>\n<\/ul>","protected":false},"featured_media":3398,"comment_status":"open","ping_status":"closed","template":"","meta":{"qubely_global_settings":"","qubely_interactions":"","_uag_custom_page_level_css":"","site-sidebar-layout":"default","site-content-layout":"default","ast-site-content-layout":"","site-content-style":"default","site-sidebar-style":"default","ast-global-header-display":"","ast-banner-title-visibility":"","ast-main-header-display":"","ast-hfb-above-header-display":"","ast-hfb-below-header-display":"","ast-hfb-mobile-header-display":"","site-post-title":"","ast-breadcrumbs-content":"","ast-featured-img":"","footer-sml-layout":"","theme-transparent-header-meta":"default","adv-header-id-meta":"","stick-header-meta":"default","header-above-stick-meta":"","header-main-stick-meta":"","header-below-stick-meta":"","astra-migrate-meta-layouts":"","ast-page-background-enabled":"default","ast-page-background-meta":{"desktop":{"background-color":"","background-image":"","background-repeat":"repeat","background-position":"center center","background-size":"auto","background-attachment":"scroll","background-type":"","background-media":"","overlay-type":"","overlay-color":"","overlay-gradient":""},"tablet":{"background-color":"","background-image":"","background-repeat":"repeat","background-position":"center center","background-size":"auto","background-attachment":"scroll","background-type":"","background-media":"","overlay-type":"","overlay-color":"","overlay-gradient":""},"mobile":{"background-color":"","background-image":"","background-repeat":"repeat","background-position":"center center","background-size":"auto","background-attachment":"scroll","background-type":"","background-media":"","overlay-type":"","overlay-color":"","overlay-gradient":""}},"ast-content-background-meta":{"desktop":{"background-color":"var(--ast-global-color-5)","background-image":"","background-repeat":"repeat","background-position":"center center","background-size":"auto","background-attachment":"scroll","background-type":"","background-media":"","overlay-type":"","overlay-color":"","overlay-gradient":""},"tablet":{"background-color":"var(--ast-global-color-5)","background-image":"","background-repeat":"repeat","background-position":"center center","background-size":"auto","background-attachment":"scroll","background-type":"","background-media":"","overlay-type":"","overlay-color":"","overlay-gradient":""},"mobile":{"background-color":"var(--ast-global-color-5)","background-image":"","background-repeat":"repeat","background-position":"center center","background-size":"auto","background-attachment":"scroll","background-type":"","background-media":"","overlay-type":"","overlay-color":"","overlay-gradient":""}},"_themeisle_gutenberg_block_has_review":false},"product_cat":[75],"product_tag":[82],"class_list":{"0":"post-3609","1":"product","2":"type-product","3":"status-publish","4":"has-post-thumbnail","6":"product_cat-diaphragm-pump","7":"product_tag-82","8":"desktop-align-left","9":"tablet-align-left","10":"mobile-align-left","11":"ast-product-gallery-layout-horizontal","12":"ast-product-gallery-with-no-image","13":"ast-product-tabs-layout-horizontal","14":"ast-qv-on-image","16":"","17":"instock","18":"featured","19":"shipping-taxable","20":"purchasable","21":"product-type-simple"},"uagb_featured_image_src":{"full":["https:\/\/prowin-tools.com.tw\/wp-content\/uploads\/2022\/08\/PTS-102.jpg",1000,1000,false],"thumbnail":["https:\/\/prowin-tools.com.tw\/wp-content\/uploads\/2022\/08\/PTS-102-150x150.jpg",150,150,true],"medium":["https:\/\/prowin-tools.com.tw\/wp-content\/uploads\/2022\/08\/PTS-102-300x300.jpg",300,300,true],"medium_large":["https:\/\/prowin-tools.com.tw\/wp-content\/uploads\/2022\/08\/PTS-102-768x768.jpg",768,768,true],"large":["https:\/\/prowin-tools.com.tw\/wp-content\/uploads\/2022\/08\/PTS-102.jpg",1000,1000,false],"1536x1536":["https:\/\/prowin-tools.com.tw\/wp-content\/uploads\/2022\/08\/PTS-102.jpg",1000,1000,false],"2048x2048":["https:\/\/prowin-tools.com.tw\/wp-content\/uploads\/2022\/08\/PTS-102.jpg",1000,1000,false],"trp-custom-language-flag":["https:\/\/prowin-tools.com.tw\/wp-content\/uploads\/2022\/08\/PTS-102-12x12.jpg",12,12,true],"qubely_landscape":["https:\/\/prowin-tools.com.tw\/wp-content\/uploads\/2022\/08\/PTS-102-1000x750.jpg",1000,750,true],"qubely_portrait":["https:\/\/prowin-tools.com.tw\/wp-content\/uploads\/2022\/08\/PTS-102-540x320.jpg",540,320,true],"qubely_thumbnail":["https:\/\/prowin-tools.com.tw\/wp-content\/uploads\/2022\/08\/PTS-102-140x100.jpg",140,100,true],"woocommerce_thumbnail":["https:\/\/prowin-tools.com.tw\/wp-content\/uploads\/2022\/08\/PTS-102-350x350.jpg",350,350,true],"woocommerce_single":["https:\/\/prowin-tools.com.tw\/wp-content\/uploads\/2022\/08\/PTS-102-600x600.jpg",600,600,true],"woocommerce_gallery_thumbnail":["https:\/\/prowin-tools.com.tw\/wp-content\/uploads\/2022\/08\/PTS-102-100x100.jpg",100,100,true]},"uagb_author_info":{"display_name":"prowintoolstw","author_link":"https:\/\/prowin-tools.com.tw\/pt\/author\/"},"uagb_comment_info":29,"uagb_excerpt":"Prowin Tools Company \u7684\u6c23\u52d5\u96d9\u9694\u819c\u6cf5\u904b\u7528\u7bc4\u570d\u5341\u5206\u5ee3\u6cdb\uff0c\u662f\u76f8\u7576\u7b26\u5408\u6210\u672c\u6548\u76ca\u7684\u7522\u54c1\u3002 \u5b83\u53ef\u8f93\u9001&hellip;","_links":{"self":[{"href":"https:\/\/prowin-tools.com.tw\/pt\/wp-json\/wp\/v2\/product\/3609","targetHints":{"allow":["GET"]}}],"collection":[{"href":"https:\/\/prowin-tools.com.tw\/pt\/wp-json\/wp\/v2\/product"}],"about":[{"href":"https:\/\/prowin-tools.com.tw\/pt\/wp-json\/wp\/v2\/types\/product"}],"replies":[{"embeddable":true,"href":"https:\/\/prowin-tools.com.tw\/pt\/wp-json\/wp\/v2\/comments?post=3609"}],"version-history":[{"count":3,"href":"https:\/\/prowin-tools.com.tw\/pt\/wp-json\/wp\/v2\/product\/3609\/revisions"}],"predecessor-version":[{"id":7379,"href":"https:\/\/prowin-tools.com.tw\/pt\/wp-json\/wp\/v2\/product\/3609\/revisions\/7379"}],"wp:featuredmedia":[{"embeddable":true,"href":"https:\/\/prowin-tools.com.tw\/pt\/wp-json\/wp\/v2\/media\/3398"}],"wp:attachment":[{"href":"https:\/\/prowin-tools.com.tw\/pt\/wp-json\/wp\/v2\/media?parent=3609"}],"wp:term":[{"taxonomy":"product_cat","embeddable":true,"href":"https:\/\/prowin-tools.com.tw\/pt\/wp-json\/wp\/v2\/product_cat?post=3609"},{"taxonomy":"product_tag","embeddable":true,"href":"https:\/\/prowin-tools.com.tw\/pt\/wp-json\/wp\/v2\/product_tag?post=3609"}],"curies":[{"name":"wp","href":"https:\/\/api.w.org\/{rel}","templated":true}]}}