{"id":45,"date":"2019-01-23T10:48:06","date_gmt":"2019-01-23T10:48:06","guid":{"rendered":"https:\/\/prowin-tools.com.tw\/product\/old-lady-cactus\/"},"modified":"2025-09-05T10:55:00","modified_gmt":"2025-09-05T10:55:00","slug":"pt-001-air-agitator","status":"publish","type":"product","link":"https:\/\/prowin-tools.com.tw\/pt\/produto\/pt-001-air-agitator\/","title":{"rendered":"Misturador de ar port\u00e1til PT-001"},"content":{"rendered":"<h2 style=\"font-size: 1.5vw; font-weight: normal;\">\u958b\u653e\u5f0f\u6db2\u6599\u6876\u7684\u6700\u4f73\u9078\u914d\uff0c\u8f15\u6613\u5730\u628a\u652a\u62cc\u6a5f\u593e\u5728\u6876\u908a\uff0c\u4e26\u53ef\u8abf\u6574\u593e\u982d\u652a\u62cc\u89d2\u5ea6\u3002<\/h2>\n<h2 style=\"font-size: 1.5vw; font-weight: normal;\">Diferentes especifica\u00e7\u00f5es e configura\u00e7\u00f5es, como rela\u00e7\u00e3o de transmiss\u00e3o, velocidade, tipo de mandril, eixo e material da l\u00e2mina, podem ser ajustadas de acordo com suas necessidades.<\/h2>\n<p><strong>recurso<\/strong><\/p>\n<ul>\n<li>Os agitadores de ar s\u00e3o acionados por motores pneum\u00e1ticos com uma ampla gama de configura\u00e7\u00f5es de engrenagens para atender a uma variedade de aplica\u00e7\u00f5es.<\/li>\n<li>As l\u00e2minas de mistura s\u00e3o selecionadas de alum\u00ednio, nylon e a\u00e7o inoxid\u00e1vel para atender a diferentes finalidades.<\/li>\n<li>O misturador de ar \u00e9 f\u00e1cil de operar, \u00e0 prova de explos\u00e3o e funciona uniformemente sem fa\u00edscas por um longo tempo.<\/li>\n<li>\u00c9 adequado para opera\u00e7\u00f5es de agita\u00e7\u00e3o e mistura de v\u00e1rios l\u00edquidos e possui bom desempenho de seguran\u00e7a.<\/li>\n<\/ul>\n<p><strong>Especifica\u00e7\u00e3o<\/strong><\/p>\n<table id=\"tabs-nav\" class=\"xl756500\" border=\"0\" cellspacing=\"2\" cellpadding=\"5\">\n<tbody>\n<tr>\n<th class=\"xl69\" nowrap=\"nowrap\" bgcolor=\"#EFEFEF\" width=\"152\">\n<div align=\"left\">tipo<\/div>\n<\/th>\n<td class=\"xl70\" bgcolor=\"#F7F7F7\" width=\"527\">bra\u00e7adeira<\/td>\n<\/tr>\n<tr>\n<th class=\"xl71\" nowrap=\"nowrap\" bgcolor=\"#F7F7F7\">\n<div align=\"left\">cavalos de pot\u00eancia<\/div>\n<\/th>\n<td class=\"xl72\" bgcolor=\"#FFFFFF\" width=\"527\">1\/3HP<\/td>\n<\/tr>\n<tr>\n<th class=\"xl69\" nowrap=\"nowrap\" bgcolor=\"#EFEFEF\">\n<div align=\"left\">sem velocidade de carga<\/div>\n<\/th>\n<td class=\"xl70\" bgcolor=\"#F7F7F7\" width=\"527\">2.700 RPM<\/td>\n<\/tr>\n<tr>\n<th class=\"xl69\" nowrap=\"nowrap\" bgcolor=\"#F7F7F7\">\n<div align=\"left\">rela\u00e7\u00e3o de transmiss\u00e3o<\/div>\n<\/th>\n<td class=\"xl70\" bgcolor=\"#FFFFFF\">x<\/td>\n<\/tr>\n<tr>\n<th class=\"xl69\" nowrap=\"nowrap\" bgcolor=\"#EFEFEF\">\n<div align=\"left\">Adequado<\/div>\n<\/th>\n<td class=\"xl70\" bgcolor=\"#F7F7F7\" width=\"527\">200L<\/td>\n<\/tr>\n<tr>\n<th class=\"xl71\" nowrap=\"nowrap\" bgcolor=\"#F7F7F7\">\n<div align=\"left\">Tamanho da barra de agita\u00e7\u00e3o<\/div>\n<\/th>\n<td class=\"xl72\" bgcolor=\"#FFFFFF\" width=\"527\">\u00d8 15 \u00d7 950 mm<\/td>\n<\/tr>\n<tr>\n<th class=\"xl69\" nowrap=\"nowrap\" bgcolor=\"#EFEFEF\">\n<div align=\"left\">Di\u00e2metro\/material da l\u00e2mina<\/div>\n<\/th>\n<td class=\"xl70\" bgcolor=\"#F7F7F7\" width=\"527\">DE 162 mm \/ Alum\u00ednio<\/td>\n<\/tr>\n<tr>\n<th class=\"xl71\" nowrap=\"nowrap\" bgcolor=\"#F7F7F7\">\n<div align=\"left\">Consumo de ar<\/div>\n<\/th>\n<td class=\"xl72\" bgcolor=\"#FFFFFF\" width=\"527\">19 SCFM<\/td>\n<\/tr>\n<tr>\n<th class=\"xl69\" nowrap=\"nowrap\" bgcolor=\"#EFEFEF\">\n<div align=\"left\">valor de vibra\u00e7\u00e3o<\/div>\n<\/th>\n<td class=\"xl70\" bgcolor=\"#F7F7F7\" width=\"527\">11 m\/s\u00b2<\/td>\n<\/tr>\n<tr>\n<th class=\"xl71\" nowrap=\"nowrap\" bgcolor=\"#F7F7F7\">\n<div align=\"left\">Pacote<\/div>\n<\/th>\n<td class=\"xl72\" bgcolor=\"#FFFFFF\" width=\"527\"><span class=\"xl70\">7 NW \/ 8 GW \/ 1 CUFT<\/span><\/td>\n<\/tr>\n<tr>\n<th class=\"xl69\" nowrap=\"nowrap\" bgcolor=\"#EFEFEF\">\n<div align=\"left\">tamanho<\/div>\n<\/th>\n<td class=\"xl70\" bgcolor=\"#F7F7F7\" width=\"527\">1130 C \u00d7 175 L \u00d7 170 A (mm)<\/td>\n<\/tr>\n<\/tbody>\n<\/table>\n<p>&nbsp;<\/p>","protected":false},"excerpt":{"rendered":"<h2 style=\"font-size: 1.5vw; font-weight: normal;\">PT-001 \u624b\u6301\u5f0f\u7a7a\u6c23\u652a\u62cc\u5668\u662f\u958b\u653e\u5f0f\u6db2\u6599\u6876\u7684\u6700\u4f73\u9078\u914d\uff0c\u8f15\u6613\u5730\u628a\u652a\u62cc\u6a5f\u593e\u5728\u6876\u908a\uff0c\u4e26\u53ef\u8abf\u6574\u593e\u982d\u652a\u62cc\u89d2\u5ea6\u3002<\/h2>\n<h2 style=\"font-size: 1.5vw; font-weight: normal;\">Diferentes especifica\u00e7\u00f5es e configura\u00e7\u00f5es, como rela\u00e7\u00e3o de transmiss\u00e3o, velocidade, tipo de mandril, eixo e material da l\u00e2mina, podem ser ajustadas de acordo com suas necessidades.<\/h2>\n<p>&nbsp;<\/p>","protected":false},"featured_media":5021,"comment_status":"open","ping_status":"closed","template":"","meta":{"qubely_global_settings":"","qubely_interactions":"","_uag_custom_page_level_css":"","site-sidebar-layout":"default","site-content-layout":"default","ast-site-content-layout":"default","site-content-style":"default","site-sidebar-style":"default","ast-global-header-display":"","ast-banner-title-visibility":"","ast-main-header-display":"","ast-hfb-above-header-display":"","ast-hfb-below-header-display":"","ast-hfb-mobile-header-display":"","site-post-title":"","ast-breadcrumbs-content":"","ast-featured-img":"","footer-sml-layout":"","theme-transparent-header-meta":"default","adv-header-id-meta":"","stick-header-meta":"default","header-above-stick-meta":"","header-main-stick-meta":"","header-below-stick-meta":"","astra-migrate-meta-layouts":"set","ast-page-background-enabled":"default","ast-page-background-meta":{"desktop":{"background-color":"","background-image":"","background-repeat":"repeat","background-position":"center center","background-size":"auto","background-attachment":"scroll","background-type":"","background-media":"","overlay-type":"","overlay-color":"","overlay-gradient":""},"tablet":{"background-color":"","background-image":"","background-repeat":"repeat","background-position":"center center","background-size":"auto","background-attachment":"scroll","background-type":"","background-media":"","overlay-type":"","overlay-color":"","overlay-gradient":""},"mobile":{"background-color":"","background-image":"","background-repeat":"repeat","background-position":"center center","background-size":"auto","background-attachment":"scroll","background-type":"","background-media":"","overlay-type":"","overlay-color":"","overlay-gradient":""}},"ast-content-background-meta":{"desktop":{"background-color":"var(--ast-global-color-5)","background-image":"","background-repeat":"repeat","background-position":"center center","background-size":"auto","background-attachment":"scroll","background-type":"","background-media":"","overlay-type":"","overlay-color":"","overlay-gradient":""},"tablet":{"background-color":"var(--ast-global-color-5)","background-image":"","background-repeat":"repeat","background-position":"center center","background-size":"auto","background-attachment":"scroll","background-type":"","background-media":"","overlay-type":"","overlay-color":"","overlay-gradient":""},"mobile":{"background-color":"var(--ast-global-color-5)","background-image":"","background-repeat":"repeat","background-position":"center center","background-size":"auto","background-attachment":"scroll","background-type":"","background-media":"","overlay-type":"","overlay-color":"","overlay-gradient":""}},"_themeisle_gutenberg_block_has_review":false},"product_cat":[78],"product_tag":[79,178],"class_list":{"0":"post-45","1":"product","2":"type-product","3":"status-publish","4":"has-post-thumbnail","6":"product_cat-air-agitator","7":"product_tag-air-agitator","8":"product_tag-178","9":"desktop-align-left","10":"tablet-align-left","11":"mobile-align-left","12":"ast-product-gallery-layout-horizontal","13":"ast-product-tabs-layout-horizontal","14":"ast-qv-on-image","16":"","17":"instock","18":"featured","19":"shipping-taxable","20":"purchasable","21":"product-type-simple"},"uagb_featured_image_src":{"full":["https:\/\/prowin-tools.com.tw\/wp-content\/uploads\/2023\/02\/PT-001-1Air-Agitator.jpg",1000,1000,false],"thumbnail":["https:\/\/prowin-tools.com.tw\/wp-content\/uploads\/2023\/02\/PT-001-1Air-Agitator-150x150.jpg",150,150,true],"medium":["https:\/\/prowin-tools.com.tw\/wp-content\/uploads\/2023\/02\/PT-001-1Air-Agitator-300x300.jpg",300,300,true],"medium_large":["https:\/\/prowin-tools.com.tw\/wp-content\/uploads\/2023\/02\/PT-001-1Air-Agitator-768x768.jpg",768,768,true],"large":["https:\/\/prowin-tools.com.tw\/wp-content\/uploads\/2023\/02\/PT-001-1Air-Agitator.jpg",1000,1000,false],"1536x1536":["https:\/\/prowin-tools.com.tw\/wp-content\/uploads\/2023\/02\/PT-001-1Air-Agitator.jpg",1000,1000,false],"2048x2048":["https:\/\/prowin-tools.com.tw\/wp-content\/uploads\/2023\/02\/PT-001-1Air-Agitator.jpg",1000,1000,false],"trp-custom-language-flag":["https:\/\/prowin-tools.com.tw\/wp-content\/uploads\/2023\/02\/PT-001-1Air-Agitator-12x12.jpg",12,12,true],"qubely_landscape":["https:\/\/prowin-tools.com.tw\/wp-content\/uploads\/2023\/02\/PT-001-1Air-Agitator-1000x750.jpg",1000,750,true],"qubely_portrait":["https:\/\/prowin-tools.com.tw\/wp-content\/uploads\/2023\/02\/PT-001-1Air-Agitator-540x320.jpg",540,320,true],"qubely_thumbnail":["https:\/\/prowin-tools.com.tw\/wp-content\/uploads\/2023\/02\/PT-001-1Air-Agitator-140x100.jpg",140,100,true],"woocommerce_thumbnail":["https:\/\/prowin-tools.com.tw\/wp-content\/uploads\/2023\/02\/PT-001-1Air-Agitator-350x350.jpg",350,350,true],"woocommerce_single":["https:\/\/prowin-tools.com.tw\/wp-content\/uploads\/2023\/02\/PT-001-1Air-Agitator-600x600.jpg",600,600,true],"woocommerce_gallery_thumbnail":["https:\/\/prowin-tools.com.tw\/wp-content\/uploads\/2023\/02\/PT-001-1Air-Agitator-100x100.jpg",100,100,true]},"uagb_author_info":{"display_name":"prowintoolstw","author_link":"https:\/\/prowin-tools.com.tw\/pt\/author\/"},"uagb_comment_info":34,"uagb_excerpt":"PT-001 \u624b\u6301\u5f0f\u7a7a\u6c23\u652a\u62cc\u5668\u662f\u958b\u653e\u5f0f\u6db2\u6599\u6876\u7684\u6700\u4f73\u9078\u914d\uff0c\u8f15\u6613\u5730\u628a\u652a\u62cc\u6a5f\u593e\u5728\u6876\u908a\uff0c\u4e26\u53ef\u8abf\u6574\u593e\u982d\u652a\u62cc\u89d2\u5ea6\u3002 \u4e0d\u540c\u7684&hellip;","_links":{"self":[{"href":"https:\/\/prowin-tools.com.tw\/pt\/wp-json\/wp\/v2\/product\/45","targetHints":{"allow":["GET"]}}],"collection":[{"href":"https:\/\/prowin-tools.com.tw\/pt\/wp-json\/wp\/v2\/product"}],"about":[{"href":"https:\/\/prowin-tools.com.tw\/pt\/wp-json\/wp\/v2\/types\/product"}],"replies":[{"embeddable":true,"href":"https:\/\/prowin-tools.com.tw\/pt\/wp-json\/wp\/v2\/comments?post=45"}],"version-history":[{"count":3,"href":"https:\/\/prowin-tools.com.tw\/pt\/wp-json\/wp\/v2\/product\/45\/revisions"}],"predecessor-version":[{"id":7855,"href":"https:\/\/prowin-tools.com.tw\/pt\/wp-json\/wp\/v2\/product\/45\/revisions\/7855"}],"wp:featuredmedia":[{"embeddable":true,"href":"https:\/\/prowin-tools.com.tw\/pt\/wp-json\/wp\/v2\/media\/5021"}],"wp:attachment":[{"href":"https:\/\/prowin-tools.com.tw\/pt\/wp-json\/wp\/v2\/media?parent=45"}],"wp:term":[{"taxonomy":"product_cat","embeddable":true,"href":"https:\/\/prowin-tools.com.tw\/pt\/wp-json\/wp\/v2\/product_cat?post=45"},{"taxonomy":"product_tag","embeddable":true,"href":"https:\/\/prowin-tools.com.tw\/pt\/wp-json\/wp\/v2\/product_tag?post=45"}],"curies":[{"name":"wp","href":"https:\/\/api.w.org\/{rel}","templated":true}]}}