{"id":5725,"date":"2023-04-28T06:18:36","date_gmt":"2023-04-28T06:18:36","guid":{"rendered":"https:\/\/prowin-tools.com.tw\/?post_type=product&#038;p=5725"},"modified":"2023-06-14T05:37:20","modified_gmt":"2023-06-14T05:37:20","slug":"pt-018-pt-028-cross-type-air-agitator","status":"publish","type":"product","link":"https:\/\/prowin-tools.com.tw\/pt\/produto\/pt-018-pt-028-cross-type-air-agitator\/","title":{"rendered":"PT-018\/PT-028 \u8de8\u5ea7\u5f0f\u7a7a\u6c23\u652a\u62cc\u5668"},"content":{"rendered":"<div data-elementor-type=\"wp-post\" data-elementor-id=\"5725\" class=\"elementor elementor-5725\">\n\t\t\t\t\t\t<section class=\"elementor-section elementor-top-section elementor-element elementor-element-dbf2a6 elementor-section-boxed elementor-section-height-default elementor-section-height-default\" data-id=\"dbf2a6\" data-element_type=\"section\" data-e-type=\"section\">\n\t\t\t\t\t\t<div class=\"elementor-container elementor-column-gap-default\">\n\t\t\t\t\t<div class=\"elementor-column elementor-col-100 elementor-top-column elementor-element elementor-element-4242e8ea\" data-id=\"4242e8ea\" data-element_type=\"column\" data-e-type=\"column\">\n\t\t\t<div class=\"elementor-widget-wrap elementor-element-populated\">\n\t\t\t\t\t\t<div class=\"elementor-element elementor-element-427b9af4 elementor-widget__width-initial elementor-widget elementor-widget-text-editor\" data-id=\"427b9af4\" data-element_type=\"widget\" data-e-type=\"widget\" data-widget_type=\"text-editor.default\">\n\t\t\t\t<div class=\"elementor-widget-container\">\n\t\t\t\t\t\t\t\t\t<p>\u652a\u62cc\u6db2\u9ad4\u6642\uff0c\u5805\u56fa\u7684\u6a6b\u677f\u652f\u67b6\u65bc\u58d3\u529b<span lang=\"EN-US\">\u6876\u4e0a\uff0c\u80fd\u4f7f\u652a\u62cc\u6a5f\u7a69\u56fa\u65bc\u6876\u4e0a\uff0c\u4e26\u53ef\u5feb\u901f\u62c6\u63db\u81f3\u5225\u6876\u4f7f\u7528\u3002<\/span><\/p><p>\u00a0<\/p><h3><strong><span class=\"style2\">\u2611<\/span> recurso<\/strong><\/h3><ul><li>Os agitadores de ar s\u00e3o acionados por motores pneum\u00e1ticos com uma ampla gama de configura\u00e7\u00f5es de engrenagens para atender a uma variedade de aplica\u00e7\u00f5es.<\/li><li>As l\u00e2minas de mistura s\u00e3o selecionadas de alum\u00ednio, nylon e a\u00e7o inoxid\u00e1vel para atender a diferentes finalidades.<\/li><li>O misturador de ar \u00e9 f\u00e1cil de operar, \u00e0 prova de explos\u00e3o e funciona uniformemente sem fa\u00edscas por um longo tempo.<\/li><li>\u00c9 adequado para opera\u00e7\u00f5es de agita\u00e7\u00e3o e mistura de v\u00e1rios l\u00edquidos e possui bom desempenho de seguran\u00e7a.<\/li><\/ul><h3><strong><span class=\"style2\">\u2611<\/span> Especifica\u00e7\u00e3o <\/strong><\/h3>\t\t\t\t\t\t\t\t<\/div>\n\t\t\t\t<\/div>\n\t\t\t\t<div class=\"elementor-element elementor-element-64f1c67 elementor-tabs-view-horizontal elementor-widget elementor-widget-tabs\" data-id=\"64f1c67\" data-element_type=\"widget\" data-e-type=\"widget\" data-widget_type=\"tabs.default\">\n\t\t\t\t<div class=\"elementor-widget-container\">\n\t\t\t\t\t\t\t<div class=\"elementor-tabs\">\n\t\t\t<div class=\"elementor-tabs-wrapper\" role=\"tablist\" >\n\t\t\t\t\t\t\t\t\t<div id=\"elementor-tab-title-1051\" class=\"elementor-tab-title elementor-tab-desktop-title\" aria-selected=\"true\" data-tab=\"1\" role=\"tab\" tabindex=\"0\" aria-controls=\"elementor-tab-content-1051\" aria-expanded=\"false\">PT-018<\/div>\n\t\t\t\t\t\t\t\t\t<div id=\"elementor-tab-title-1052\" class=\"elementor-tab-title elementor-tab-desktop-title\" aria-selected=\"false\" data-tab=\"2\" role=\"tab\" tabindex=\"-1\" aria-controls=\"elementor-tab-content-1052\" aria-expanded=\"false\">PT-028<\/div>\n\t\t\t\t\t\t\t<\/div>\n\t\t\t<div class=\"elementor-tabs-content-wrapper\" role=\"tablist\" aria-orientation=\"vertical\">\n\t\t\t\t\t\t\t\t\t<div class=\"elementor-tab-title elementor-tab-mobile-title\" aria-selected=\"true\" data-tab=\"1\" role=\"tab\" tabindex=\"0\" aria-controls=\"elementor-tab-content-1051\" aria-expanded=\"false\">PT-018<\/div>\n\t\t\t\t\t<div id=\"elementor-tab-content-1051\" class=\"elementor-tab-content elementor-clearfix\" data-tab=\"1\" role=\"tabpanel\" aria-labelledby=\"elementor-tab-title-1051\" tabindex=\"0\" hidden=\"false\"><table id=\"tabs-nav\" class=\"xl756500\" border=\"0\" cellspacing=\"2\" cellpadding=\"5\"><tbody><tr><th class=\"xl69\" nowrap=\"nowrap\" bgcolor=\"#EFEFEF\" width=\"152\"><div align=\"left\">tipo<\/div><\/th><td class=\"xl70\" bgcolor=\"#F7F7F7\" width=\"527\">MOBILE<\/td><\/tr><tr><th class=\"xl71\" nowrap=\"nowrap\" bgcolor=\"#F7F7F7\"><div align=\"left\">cavalos de pot\u00eancia<\/div><\/th><td class=\"xl70\" width=\"527\">1\/3HP<\/td><\/tr><tr><th class=\"xl69\" nowrap=\"nowrap\" bgcolor=\"#EFEFEF\"><div align=\"left\">sem velocidade de carga<\/div><\/th><td class=\"xl70\" bgcolor=\"#F7F7F7\" width=\"527\">630 RPM<\/td><\/tr><tr><th class=\"xl69\" nowrap=\"nowrap\" bgcolor=\"#F7F7F7\"><div align=\"left\">rela\u00e7\u00e3o de transmiss\u00e3o<\/div><\/th><td class=\"xl70\" width=\"527\">5:1<\/td><\/tr><tr><th class=\"xl69\" nowrap=\"nowrap\" bgcolor=\"#EFEFEF\"><div align=\"left\">Adequado<\/div><\/th><td class=\"xl70\" bgcolor=\"#F7F7F7\" width=\"527\">200L<\/td><\/tr><tr><th class=\"xl71\" nowrap=\"nowrap\" bgcolor=\"#F7F7F7\"><div align=\"left\">Tamanho da barra de agita\u00e7\u00e3o<\/div><\/th><td class=\"xl70\" width=\"527\">\u00d8 15 \u00d7 790 mm<\/td><\/tr><tr><th class=\"xl69\" nowrap=\"nowrap\" bgcolor=\"#EFEFEF\"><div align=\"left\">Di\u00e2metro\/material da l\u00e2mina<\/div><\/th><td class=\"xl70\" bgcolor=\"#F7F7F7\" width=\"527\">O.D.162 mm \/ Aluminum<\/td><\/tr><tr><th class=\"xl71\" nowrap=\"nowrap\" bgcolor=\"#F7F7F7\"><div align=\"left\">Consumo de ar<\/div><\/th><td class=\"xl70\" width=\"527\">16 SCFM<\/td><\/tr><tr><th class=\"xl69\" nowrap=\"nowrap\" bgcolor=\"#EFEFEF\"><div align=\"left\">valor de vibra\u00e7\u00e3o<\/div><\/th><td class=\"xl70\" bgcolor=\"#F7F7F7\" width=\"527\">7 m\/s\u00b2<\/td><\/tr><tr><th class=\"xl71\" nowrap=\"nowrap\" bgcolor=\"#F7F7F7\"><div align=\"left\">Pacote<\/div><\/th><td class=\"xl70\" width=\"527\">14.1 N.W. \/ 14.9 G.W. \/ 1 CUFT<\/td><\/tr><tr><th class=\"xl69\" nowrap=\"nowrap\" bgcolor=\"#EFEFEF\"><div align=\"left\">tamanho<\/div><\/th><td class=\"xl70\" bgcolor=\"#F7F7F7\" width=\"527\">810 L \u00d7 220 W \u00d7 170 H (mm)<\/td><\/tr><\/tbody><\/table><\/div>\n\t\t\t\t\t\t\t\t\t<div class=\"elementor-tab-title elementor-tab-mobile-title\" aria-selected=\"false\" data-tab=\"2\" role=\"tab\" tabindex=\"-1\" aria-controls=\"elementor-tab-content-1052\" aria-expanded=\"false\">PT-028<\/div>\n\t\t\t\t\t<div id=\"elementor-tab-content-1052\" class=\"elementor-tab-content elementor-clearfix\" data-tab=\"2\" role=\"tabpanel\" aria-labelledby=\"elementor-tab-title-1052\" tabindex=\"0\" hidden=\"hidden\"><table id=\"tabs-nav\" class=\"xl756500\" border=\"0\" cellspacing=\"2\" cellpadding=\"5\"><tbody><tr><th class=\"xl69\" nowrap=\"nowrap\" bgcolor=\"#EFEFEF\" width=\"152\"><div align=\"left\">tipo<\/div><\/th><td class=\"xl70\" bgcolor=\"#F7F7F7\" width=\"527\">MOBILE<\/td><\/tr><tr><th class=\"xl71\" nowrap=\"nowrap\" bgcolor=\"#F7F7F7\"><div align=\"left\">cavalos de pot\u00eancia<\/div><\/th><td class=\"xl70\" width=\"527\">1\/3HP<\/td><\/tr><tr><th class=\"xl69\" nowrap=\"nowrap\" bgcolor=\"#EFEFEF\"><div align=\"left\">sem velocidade de carga<\/div><\/th><td class=\"xl70\" bgcolor=\"#F7F7F7\" width=\"527\">278 RPM<\/td><\/tr><tr><th class=\"xl69\" nowrap=\"nowrap\" bgcolor=\"#F7F7F7\"><div align=\"left\">rela\u00e7\u00e3o de transmiss\u00e3o<\/div><\/th><td class=\"xl70\" width=\"527\">10:1<\/td><\/tr><tr><th class=\"xl69\" nowrap=\"nowrap\" bgcolor=\"#EFEFEF\"><div align=\"left\">Adequado<\/div><\/th><td class=\"xl70\" bgcolor=\"#F7F7F7\" width=\"527\">200L<\/td><\/tr><tr><th class=\"xl71\" nowrap=\"nowrap\" bgcolor=\"#F7F7F7\"><div align=\"left\">Tamanho da barra de agita\u00e7\u00e3o<\/div><\/th><td class=\"xl70\" width=\"527\">\u00d8 15 \u00d7 790 mm<\/td><\/tr><tr><th class=\"xl69\" nowrap=\"nowrap\" bgcolor=\"#EFEFEF\"><div align=\"left\">Di\u00e2metro\/material da l\u00e2mina<\/div><\/th><td class=\"xl70\" bgcolor=\"#F7F7F7\" width=\"527\">O.D.162 mm \/ Aluminum<\/td><\/tr><tr><th class=\"xl71\" nowrap=\"nowrap\" bgcolor=\"#F7F7F7\"><div align=\"left\">Consumo de ar<\/div><\/th><td class=\"xl70\" width=\"527\">16 SCFM<\/td><\/tr><tr><th class=\"xl69\" nowrap=\"nowrap\" bgcolor=\"#EFEFEF\"><div align=\"left\">valor de vibra\u00e7\u00e3o<\/div><\/th><td class=\"xl70\" bgcolor=\"#F7F7F7\" width=\"527\">7 m\/s\u00b2<\/td><\/tr><tr><th class=\"xl71\" nowrap=\"nowrap\" bgcolor=\"#F7F7F7\"><div align=\"left\">Pacote<\/div><\/th><td class=\"xl70\" width=\"527\">14.2 N.W. \/ 15 G.W. \/ 1 CUFT<\/td><\/tr><tr><th class=\"xl69\" nowrap=\"nowrap\" bgcolor=\"#EFEFEF\"><div align=\"left\">tamanho<\/div><\/th><td class=\"xl70\" bgcolor=\"#F7F7F7\" width=\"527\">810 L \u00d7 220 W \u00d7 170 H (mm)<\/td><\/tr><\/tbody><\/table><\/div>\n\t\t\t\t\t\t\t<\/div>\n\t\t<\/div>\n\t\t\t\t\t\t<\/div>\n\t\t\t\t<\/div>\n\t\t\t\t\t<\/div>\n\t\t<\/div>\n\t\t\t\t\t<\/div>\n\t\t<\/section>\n\t\t\t\t<\/div>","protected":false},"excerpt":{"rendered":"<p>100% \u00e9 fabricado em Taiwan com excelente qualidade e longa vida \u00fatil.<br \/>\nDiferentes especifica\u00e7\u00f5es e configura\u00e7\u00f5es, como rela\u00e7\u00e3o de transmiss\u00e3o, velocidade, tipo de mandril, eixo e material da l\u00e2mina, podem ser ajustadas de acordo com suas necessidades. Se voc\u00ea estiver procurando por um fabricante de misturador, n\u00e3o hesite em nos contatar.<\/p>","protected":false},"featured_media":5042,"comment_status":"open","ping_status":"closed","template":"","meta":{"qubely_global_settings":"","qubely_interactions":"","_uag_custom_page_level_css":"","site-sidebar-layout":"default","site-content-layout":"default","ast-site-content-layout":"","site-content-style":"default","site-sidebar-style":"default","ast-global-header-display":"","ast-banner-title-visibility":"","ast-main-header-display":"","ast-hfb-above-header-display":"","ast-hfb-below-header-display":"","ast-hfb-mobile-header-display":"","site-post-title":"","ast-breadcrumbs-content":"","ast-featured-img":"","footer-sml-layout":"","theme-transparent-header-meta":"default","adv-header-id-meta":"","stick-header-meta":"default","header-above-stick-meta":"","header-main-stick-meta":"","header-below-stick-meta":"","astra-migrate-meta-layouts":"","ast-page-background-enabled":"default","ast-page-background-meta":{"desktop":{"background-color":"","background-image":"","background-repeat":"repeat","background-position":"center center","background-size":"auto","background-attachment":"scroll","background-type":"","background-media":"","overlay-type":"","overlay-color":"","overlay-gradient":""},"tablet":{"background-color":"","background-image":"","background-repeat":"repeat","background-position":"center center","background-size":"auto","background-attachment":"scroll","background-type":"","background-media":"","overlay-type":"","overlay-color":"","overlay-gradient":""},"mobile":{"background-color":"","background-image":"","background-repeat":"repeat","background-position":"center center","background-size":"auto","background-attachment":"scroll","background-type":"","background-media":"","overlay-type":"","overlay-color":"","overlay-gradient":""}},"ast-content-background-meta":{"desktop":{"background-color":"var(--ast-global-color-5)","background-image":"","background-repeat":"repeat","background-position":"center center","background-size":"auto","background-attachment":"scroll","background-type":"","background-media":"","overlay-type":"","overlay-color":"","overlay-gradient":""},"tablet":{"background-color":"var(--ast-global-color-5)","background-image":"","background-repeat":"repeat","background-position":"center center","background-size":"auto","background-attachment":"scroll","background-type":"","background-media":"","overlay-type":"","overlay-color":"","overlay-gradient":""},"mobile":{"background-color":"var(--ast-global-color-5)","background-image":"","background-repeat":"repeat","background-position":"center center","background-size":"auto","background-attachment":"scroll","background-type":"","background-media":"","overlay-type":"","overlay-color":"","overlay-gradient":""}},"_themeisle_gutenberg_block_has_review":false},"product_cat":[78],"product_tag":[79,109],"class_list":{"0":"post-5725","1":"product","2":"type-product","3":"status-publish","4":"has-post-thumbnail","6":"product_cat-air-agitator","7":"product_tag-air-agitator","8":"product_tag-109","9":"desktop-align-left","10":"tablet-align-left","11":"mobile-align-left","12":"ast-product-gallery-layout-horizontal","13":"ast-product-gallery-with-no-image","14":"ast-product-tabs-layout-horizontal","15":"ast-qv-on-image","17":"","18":"instock","19":"featured","20":"shipping-taxable","21":"purchasable","22":"product-type-simple"},"uagb_featured_image_src":{"full":["https:\/\/prowin-tools.com.tw\/wp-content\/uploads\/2023\/02\/PT-018PT-028-1AirAgitator-.jpg",1000,1000,false],"thumbnail":["https:\/\/prowin-tools.com.tw\/wp-content\/uploads\/2023\/02\/PT-018PT-028-1AirAgitator--150x150.jpg",150,150,true],"medium":["https:\/\/prowin-tools.com.tw\/wp-content\/uploads\/2023\/02\/PT-018PT-028-1AirAgitator--300x300.jpg",300,300,true],"medium_large":["https:\/\/prowin-tools.com.tw\/wp-content\/uploads\/2023\/02\/PT-018PT-028-1AirAgitator--768x768.jpg",768,768,true],"large":["https:\/\/prowin-tools.com.tw\/wp-content\/uploads\/2023\/02\/PT-018PT-028-1AirAgitator-.jpg",1000,1000,false],"1536x1536":["https:\/\/prowin-tools.com.tw\/wp-content\/uploads\/2023\/02\/PT-018PT-028-1AirAgitator-.jpg",1000,1000,false],"2048x2048":["https:\/\/prowin-tools.com.tw\/wp-content\/uploads\/2023\/02\/PT-018PT-028-1AirAgitator-.jpg",1000,1000,false],"trp-custom-language-flag":["https:\/\/prowin-tools.com.tw\/wp-content\/uploads\/2023\/02\/PT-018PT-028-1AirAgitator--12x12.jpg",12,12,true],"qubely_landscape":["https:\/\/prowin-tools.com.tw\/wp-content\/uploads\/2023\/02\/PT-018PT-028-1AirAgitator--1000x750.jpg",1000,750,true],"qubely_portrait":["https:\/\/prowin-tools.com.tw\/wp-content\/uploads\/2023\/02\/PT-018PT-028-1AirAgitator--540x320.jpg",540,320,true],"qubely_thumbnail":["https:\/\/prowin-tools.com.tw\/wp-content\/uploads\/2023\/02\/PT-018PT-028-1AirAgitator--140x100.jpg",140,100,true],"woocommerce_thumbnail":["https:\/\/prowin-tools.com.tw\/wp-content\/uploads\/2023\/02\/PT-018PT-028-1AirAgitator--350x350.jpg",350,350,true],"woocommerce_single":["https:\/\/prowin-tools.com.tw\/wp-content\/uploads\/2023\/02\/PT-018PT-028-1AirAgitator--600x600.jpg",600,600,true],"woocommerce_gallery_thumbnail":["https:\/\/prowin-tools.com.tw\/wp-content\/uploads\/2023\/02\/PT-018PT-028-1AirAgitator--100x100.jpg",100,100,true]},"uagb_author_info":{"display_name":"editor.prowintw","author_link":"https:\/\/prowin-tools.com.tw\/pt\/author\/"},"uagb_comment_info":0,"uagb_excerpt":"100% \u53f0\u7063\u88fd\u9020\uff0c\u54c1\u8cea\u5353\u8d8a\uff0c\u4f7f\u7528\u58fd\u547d\u9577\u3002 \u4e0d\u540c\u7684\u898f\u683c\u914d\u7f6e\u5982\u9f52\u8f2a\u6bd4\u3001\u8f49\u901f\u3001\u593e\u982d\u7a2e\u985e\u3001\u8ef8\u4ee5\u53ca\u5200\u62cc\u7247\u6750\u8cea\u7686\u53ef\u4f9d\u60a8\u7684&hellip;","_links":{"self":[{"href":"https:\/\/prowin-tools.com.tw\/pt\/wp-json\/wp\/v2\/product\/5725","targetHints":{"allow":["GET"]}}],"collection":[{"href":"https:\/\/prowin-tools.com.tw\/pt\/wp-json\/wp\/v2\/product"}],"about":[{"href":"https:\/\/prowin-tools.com.tw\/pt\/wp-json\/wp\/v2\/types\/product"}],"replies":[{"embeddable":true,"href":"https:\/\/prowin-tools.com.tw\/pt\/wp-json\/wp\/v2\/comments?post=5725"}],"version-history":[{"count":14,"href":"https:\/\/prowin-tools.com.tw\/pt\/wp-json\/wp\/v2\/product\/5725\/revisions"}],"predecessor-version":[{"id":6523,"href":"https:\/\/prowin-tools.com.tw\/pt\/wp-json\/wp\/v2\/product\/5725\/revisions\/6523"}],"wp:featuredmedia":[{"embeddable":true,"href":"https:\/\/prowin-tools.com.tw\/pt\/wp-json\/wp\/v2\/media\/5042"}],"wp:attachment":[{"href":"https:\/\/prowin-tools.com.tw\/pt\/wp-json\/wp\/v2\/media?parent=5725"}],"wp:term":[{"taxonomy":"product_cat","embeddable":true,"href":"https:\/\/prowin-tools.com.tw\/pt\/wp-json\/wp\/v2\/product_cat?post=5725"},{"taxonomy":"product_tag","embeddable":true,"href":"https:\/\/prowin-tools.com.tw\/pt\/wp-json\/wp\/v2\/product_tag?post=5725"}],"curies":[{"name":"wp","href":"https:\/\/api.w.org\/{rel}","templated":true}]}}