{"id":6072,"date":"2023-05-02T08:33:19","date_gmt":"2023-05-02T08:33:19","guid":{"rendered":"https:\/\/prowin-tools.com.tw\/product\/pt-2ass-%e4%b8%8d%e9%8f%bd%e9%8b%bc%e9%8f%a1%e9%9d%a2%e6%8b%8b%e5%85%89%e5%a3%93%e5%8a%9b%e6%a1%b6-%e6%b0%a3%e5%8b%95%e6%94%aa%e6%8b%8c%e5%9e%8b2l\/"},"modified":"2024-02-21T03:48:21","modified_gmt":"2024-02-21T03:48:21","slug":"pt-2ass-mirror-polished-stainless-steel-pressure-paint-tank-with-agitator-2l","status":"publish","type":"product","link":"https:\/\/prowin-tools.com.tw\/pt\/produto\/pt-2ass-mirror-polished-stainless-steel-pressure-paint-tank-with-agitator-2l\/","title":{"rendered":"Barril de press\u00e3o polido espelho de a\u00e7o inoxid\u00e1vel PT-2ASS\/tipo de agita\u00e7\u00e3o pneum\u00e1tica (2L)"},"content":{"rendered":"<h2 style=\"font-size: 1.5vw; font-weight: normal;\">\u58d3\u529b\u6876\u88fd\u9020\u6280\u8853\u4e0a\u548c\u4e00\u822c\u50b3\u7d71\u7684\u710a\u63a5\u6280\u8853\u6709\u6240\u4e0d\u540c\uff0c\u6211\u5011\u7684\u90fd\u662f\u4e00\u9ad4\u6210\u5f62\uff0c\u4e26\u7121\u710a\u63a5\uff0c\u9019\u4e5f\u6210\u70baProwin Tools \u58d3\u529b\u6876\u7684\u7368\u6709\u7279\u8272\uff0c100% \u53f0\u7063\u88fd\u9020\uff0c\u54c1\u8cea\u5353\u8d8a\uff0c\u4f7f\u7528\u58fd\u547d\u9577\uff0c\u64c1\u6709\u9802\u90e8\u53ca\u5e95\u90e8\u7684\u6d41\u9ad4\u51fa\u53e3\u3002<\/h2>\n<ul>\n<li>Tanque de press\u00e3o de pe\u00e7a \u00fanica.<\/li>\n<li>Tampa de a\u00e7o prensado pesado.<\/li>\n<li>Bra\u00e7adeiras de a\u00e7o forjado especialmente projetadas.<\/li>\n<li>V\u00e1lvula de seguran\u00e7a de al\u00edvio autom\u00e1tico de press\u00e3o.<\/li>\n<li>Todos os modelos est\u00e3o equipados com sa\u00eddas de ar superiores.<\/li>\n<li>Compat\u00edvel com certificado CE.<\/li>\n<li>Equipado com regulador de ar e man\u00f4metro.<\/li>\n<\/ul>\n<p>Especifica\u00e7\u00e3o<\/p>\n<table id=\"tabs-nav\" class=\"xl756500\" border=\"0\" cellspacing=\"2\" cellpadding=\"5\">\n<tbody>\n<tr>\n<th class=\"xl71\" align=\"left\" nowrap=\"nowrap\" bgcolor=\"#EFEFEF\" width=\"152\">capacidade<\/th>\n<td class=\"xl70\" bgcolor=\"#F7F7F7\" width=\"527\">2 litros<\/td>\n<\/tr>\n<tr>\n<th class=\"xl73\" align=\"left\" nowrap=\"nowrap\" bgcolor=\"#F7F7F7\">entrada de ar<\/th>\n<td class=\"xl71\" width=\"527\">x<\/td>\n<\/tr>\n<tr>\n<th class=\"xl73\" align=\"left\" nowrap=\"nowrap\" bgcolor=\"#EFEFEF\">sa\u00edda de fluido<\/th>\n<td class=\"xl71\" bgcolor=\"#F7F7F7\" width=\"527\">x<\/td>\n<\/tr>\n<tr>\n<th class=\"xl73\" align=\"left\" nowrap=\"nowrap\" bgcolor=\"#F7F7F7\">tamanho do barril<\/th>\n<td class=\"xl71\" width=\"527\">159 ID \u00d7 163 DE \u00d7 179,8 H \u00d7 2 T<\/td>\n<\/tr>\n<tr>\n<th class=\"xl73\" align=\"left\" nowrap=\"nowrap\" bgcolor=\"#EFEFEF\">Tamanho da capa<\/th>\n<td class=\"xl71\" bgcolor=\"#F7F7F7\" width=\"527\">174,4 DI \u00d7 182,6 DE \u00d7 3,5 T<\/td>\n<\/tr>\n<tr>\n<th class=\"xl73\" align=\"left\" nowrap=\"nowrap\" bgcolor=\"#F7F7F7\">Tamanho do produto<\/th>\n<td class=\"xl71\" width=\"527\">200 L \u00d7 210 W \u00d7 437 A (mm)<\/td>\n<\/tr>\n<tr>\n<th class=\"xl74\" align=\"left\" nowrap=\"nowrap\" bgcolor=\"#EFEFEF\">press\u00e3o do trabalho<\/th>\n<td class=\"xl72\" bgcolor=\"#F7F7F7\" width=\"527\">4,1bar\/60psi<\/td>\n<\/tr>\n<tr>\n<th class=\"xl75\" align=\"left\" nowrap=\"nowrap\" bgcolor=\"#F7F7F7\">Pacote<\/th>\n<td class=\"xl71\" width=\"527\">6,5 NW \u00d7 7,2 GW \u00d7 0,8 CUFT<\/td>\n<\/tr>\n<\/tbody>\n<\/table>","protected":false},"excerpt":{"rendered":"<h2 style=\"font-size: 1.5vw; font-weight: normal;\">\u548c\u4e00\u822c\u50b3\u7d71\u7684\u710a\u63a5\u6280\u8853\u6709\u6240\u4e0d\u540c\uff0c\u6211\u5011\u7684\u90fd\u662f\u4e00\u9ad4\u6210\u5f62\uff0c\u4e26\u7121\u710a\u63a5\uff0c\u6211\u5011\u6240\u6709\u58d3\u529b\u6876\u5747\u901a\u904e CE \u8a8d\u8b49\uff0c100% \u53f0\u7063\u88fd\u9020\uff0c\u54c1\u8cea\u5353\u8d8a\uff0c\u4f7f\u7528\u58fd\u547d\u9577\uff0c\u5982\u679c\u60a8\u6b63\u5728\u5c0b\u627e\u58d3\u529b\u6876\u88fd\u9020\u5546\uff0c\u8acb\u96a8\u6642\u8207\u6211\u5011\u806f\u7e6b\u3002<\/h2>\n<p>&nbsp;<\/p>","protected":false},"featured_media":6066,"comment_status":"open","ping_status":"closed","template":"","meta":{"qubely_global_settings":"","qubely_interactions":"","_uag_custom_page_level_css":"","site-sidebar-layout":"default","site-content-layout":"default","ast-site-content-layout":"default","site-content-style":"default","site-sidebar-style":"default","ast-global-header-display":"","ast-banner-title-visibility":"","ast-main-header-display":"","ast-hfb-above-header-display":"","ast-hfb-below-header-display":"","ast-hfb-mobile-header-display":"","site-post-title":"","ast-breadcrumbs-content":"","ast-featured-img":"","footer-sml-layout":"","theme-transparent-header-meta":"default","adv-header-id-meta":"","stick-header-meta":"default","header-above-stick-meta":"","header-main-stick-meta":"","header-below-stick-meta":"","astra-migrate-meta-layouts":"set","ast-page-background-enabled":"default","ast-page-background-meta":{"desktop":{"background-color":"","background-image":"","background-repeat":"repeat","background-position":"center center","background-size":"auto","background-attachment":"scroll","background-type":"","background-media":"","overlay-type":"","overlay-color":"","overlay-gradient":""},"tablet":{"background-color":"","background-image":"","background-repeat":"repeat","background-position":"center center","background-size":"auto","background-attachment":"scroll","background-type":"","background-media":"","overlay-type":"","overlay-color":"","overlay-gradient":""},"mobile":{"background-color":"","background-image":"","background-repeat":"repeat","background-position":"center center","background-size":"auto","background-attachment":"scroll","background-type":"","background-media":"","overlay-type":"","overlay-color":"","overlay-gradient":""}},"ast-content-background-meta":{"desktop":{"background-color":"var(--ast-global-color-5)","background-image":"","background-repeat":"repeat","background-position":"center center","background-size":"auto","background-attachment":"scroll","background-type":"","background-media":"","overlay-type":"","overlay-color":"","overlay-gradient":""},"tablet":{"background-color":"var(--ast-global-color-5)","background-image":"","background-repeat":"repeat","background-position":"center center","background-size":"auto","background-attachment":"scroll","background-type":"","background-media":"","overlay-type":"","overlay-color":"","overlay-gradient":""},"mobile":{"background-color":"var(--ast-global-color-5)","background-image":"","background-repeat":"repeat","background-position":"center center","background-size":"auto","background-attachment":"scroll","background-type":"","background-media":"","overlay-type":"","overlay-color":"","overlay-gradient":""}},"_themeisle_gutenberg_block_has_review":false},"product_cat":[118],"product_tag":[111,160,161,402],"class_list":{"0":"post-6072","1":"product","2":"type-product","3":"status-publish","4":"has-post-thumbnail","6":"product_cat-polished-stainless-pressure-tank","7":"product_tag-111","8":"product_tag-160","9":"product_tag-2l","10":"product_tag-pt-2ass","11":"desktop-align-left","12":"tablet-align-left","13":"mobile-align-left","14":"ast-product-gallery-layout-horizontal","15":"ast-product-gallery-with-no-image","16":"ast-product-tabs-layout-horizontal","17":"ast-qv-on-image","19":"","20":"instock","21":"shipping-taxable","22":"purchasable","23":"product-type-simple"},"uagb_featured_image_src":{"full":["https:\/\/prowin-tools.com.tw\/wp-content\/uploads\/2023\/05\/PT-2ASS-Stainless-Steel-Pressure-Tank.jpg",1000,1000,false],"thumbnail":["https:\/\/prowin-tools.com.tw\/wp-content\/uploads\/2023\/05\/PT-2ASS-Stainless-Steel-Pressure-Tank-150x150.jpg",150,150,true],"medium":["https:\/\/prowin-tools.com.tw\/wp-content\/uploads\/2023\/05\/PT-2ASS-Stainless-Steel-Pressure-Tank-300x300.jpg",300,300,true],"medium_large":["https:\/\/prowin-tools.com.tw\/wp-content\/uploads\/2023\/05\/PT-2ASS-Stainless-Steel-Pressure-Tank-768x768.jpg",768,768,true],"large":["https:\/\/prowin-tools.com.tw\/wp-content\/uploads\/2023\/05\/PT-2ASS-Stainless-Steel-Pressure-Tank.jpg",1000,1000,false],"1536x1536":["https:\/\/prowin-tools.com.tw\/wp-content\/uploads\/2023\/05\/PT-2ASS-Stainless-Steel-Pressure-Tank.jpg",1000,1000,false],"2048x2048":["https:\/\/prowin-tools.com.tw\/wp-content\/uploads\/2023\/05\/PT-2ASS-Stainless-Steel-Pressure-Tank.jpg",1000,1000,false],"trp-custom-language-flag":["https:\/\/prowin-tools.com.tw\/wp-content\/uploads\/2023\/05\/PT-2ASS-Stainless-Steel-Pressure-Tank-12x12.jpg",12,12,true],"qubely_landscape":["https:\/\/prowin-tools.com.tw\/wp-content\/uploads\/2023\/05\/PT-2ASS-Stainless-Steel-Pressure-Tank-1000x750.jpg",1000,750,true],"qubely_portrait":["https:\/\/prowin-tools.com.tw\/wp-content\/uploads\/2023\/05\/PT-2ASS-Stainless-Steel-Pressure-Tank-540x320.jpg",540,320,true],"qubely_thumbnail":["https:\/\/prowin-tools.com.tw\/wp-content\/uploads\/2023\/05\/PT-2ASS-Stainless-Steel-Pressure-Tank-140x100.jpg",140,100,true],"woocommerce_thumbnail":["https:\/\/prowin-tools.com.tw\/wp-content\/uploads\/2023\/05\/PT-2ASS-Stainless-Steel-Pressure-Tank-350x350.jpg",350,350,true],"woocommerce_single":["https:\/\/prowin-tools.com.tw\/wp-content\/uploads\/2023\/05\/PT-2ASS-Stainless-Steel-Pressure-Tank-600x600.jpg",600,600,true],"woocommerce_gallery_thumbnail":["https:\/\/prowin-tools.com.tw\/wp-content\/uploads\/2023\/05\/PT-2ASS-Stainless-Steel-Pressure-Tank-100x100.jpg",100,100,true]},"uagb_author_info":{"display_name":"editor.prowintw","author_link":"https:\/\/prowin-tools.com.tw\/pt\/author\/"},"uagb_comment_info":0,"uagb_excerpt":"\u548c\u4e00\u822c\u50b3\u7d71\u7684\u710a\u63a5\u6280\u8853\u6709\u6240\u4e0d\u540c\uff0c\u6211\u5011\u7684\u90fd\u662f\u4e00\u9ad4\u6210\u5f62\uff0c\u4e26\u7121\u710a\u63a5\uff0c\u6211\u5011\u6240\u6709\u58d3\u529b\u6876\u5747\u901a\u904e CE \u8a8d\u8b49\uff0c100% \u53f0\u7063\u88fd&hellip;","_links":{"self":[{"href":"https:\/\/prowin-tools.com.tw\/pt\/wp-json\/wp\/v2\/product\/6072","targetHints":{"allow":["GET"]}}],"collection":[{"href":"https:\/\/prowin-tools.com.tw\/pt\/wp-json\/wp\/v2\/product"}],"about":[{"href":"https:\/\/prowin-tools.com.tw\/pt\/wp-json\/wp\/v2\/types\/product"}],"replies":[{"embeddable":true,"href":"https:\/\/prowin-tools.com.tw\/pt\/wp-json\/wp\/v2\/comments?post=6072"}],"version-history":[{"count":3,"href":"https:\/\/prowin-tools.com.tw\/pt\/wp-json\/wp\/v2\/product\/6072\/revisions"}],"predecessor-version":[{"id":7906,"href":"https:\/\/prowin-tools.com.tw\/pt\/wp-json\/wp\/v2\/product\/6072\/revisions\/7906"}],"wp:featuredmedia":[{"embeddable":true,"href":"https:\/\/prowin-tools.com.tw\/pt\/wp-json\/wp\/v2\/media\/6066"}],"wp:attachment":[{"href":"https:\/\/prowin-tools.com.tw\/pt\/wp-json\/wp\/v2\/media?parent=6072"}],"wp:term":[{"taxonomy":"product_cat","embeddable":true,"href":"https:\/\/prowin-tools.com.tw\/pt\/wp-json\/wp\/v2\/product_cat?post=6072"},{"taxonomy":"product_tag","embeddable":true,"href":"https:\/\/prowin-tools.com.tw\/pt\/wp-json\/wp\/v2\/product_tag?post=6072"}],"curies":[{"name":"wp","href":"https:\/\/api.w.org\/{rel}","templated":true}]}}