{"id":6189,"date":"2023-05-03T06:35:01","date_gmt":"2023-05-03T06:35:01","guid":{"rendered":"https:\/\/prowin-tools.com.tw\/product\/wg-830-%e6%b3%a8%e6%b0%b4%e5%bc%8f%e6%b0%a3%e5%8b%95%e6%8b%8b%e5%85%89%e6%a9%9f\/"},"modified":"2024-02-21T02:34:16","modified_gmt":"2024-02-21T02:34:16","slug":"wg-830-wet-angle-air-grinder","status":"publish","type":"product","link":"https:\/\/prowin-tools.com.tw\/pt\/produto\/wg-830-wet-angle-air-grinder\/","title":{"rendered":"M\u00e1quina de polimento pneum\u00e1tica com inje\u00e7\u00e3o de \u00e1gua WG-830"},"content":{"rendered":"<h2 style=\"font-size: 1.5vw; font-weight: normal;\">100% \u53f0\u7063\u88fd\u9020\uff0c\u54c1\u8cea\u5353\u8d8a\uff0c\u91cd\u91cf\u8f15\u3001\u63e1\u611f\u8212\u9069\uff0c\u4e26\u9632\u6b62\u89f8\u96fb\u5371\u96aa\uff0c\u4e14\u5de6\u3001\u53f3\u6487\u5b50\u7528\u6236\u5747\u53ef\u5b89\u88dd\u8f14\u52a9\u624b\u67c4\uff0c\u53ef\u7528\u65bc\u82b1\u5d17\u5ca9\u3001\u5927\u7406\u77f3\u3001\u77f3\u82f1\u77f3\u548c\u4eba\u9020\u77f3\u7b49\u77f3\u6750\u7684\u8868\u9762\/\u908a\u89d2\u62cb\u5149\u3001\u7814\u78e8\u3001\u5012\u89d2&#8230;\u7b49\u3002<\/h2>\n<ul>\n<li>\u91cd\u91cf\u8f15\uff0c\u63e1\u611f\u8212\u9069\u3002<\/li>\n<li>\u9632\u6b62\u89f8\u96fb\u5371\u96aa\u3002<\/li>\n<li>\u4f4e\u632f\u52d5\u3001\u4f4e\u566a\u97f3\uff0c\u6027\u80fd\u512a\u826f\u3002<\/li>\n<li>\u4e2d\u592e\u4f9b\u6c34\u7cfb\u7d71\uff0c\u6e1b\u5c11\u7c89\u5875\uff0c\u63d0\u9ad8\u74b0\u4fdd\u6027\u3002<\/li>\n<li>\u5de6\u6487\u5b50\u6216\u53f3\u6487\u5b50\u7528\u6236\u5747\u53ef\u5b89\u88dd\u8f14\u52a9\u624b\u67c4\u3002<\/li>\n<li>\u6c34\u95a5\u958b\u95dc\u8a2d\u8a08\uff0c\u8f15\u9b06\u63a7\u5236\u6c34\u6d41\u901f\u5ea6\u3002<\/li>\n<\/ul>\n<p>Especifica\u00e7\u00e3o<\/p>\n<table id=\"tabs-nav\" class=\"xl756500\" style=\"height: auto; width: 80.6799%; border-style: double; border-color: #ffffff;\" border=\"0\" width=\"517\" rules=\"cols\" cellspacing=\"2\" cellpadding=\"5\">\n<tbody>\n<tr style=\"height: 46px;\" valign=\"middle\">\n<th class=\"xl72\" style=\"border-color: #ffffff;\" nowrap=\"nowrap\" bgcolor=\"#EFEFEF\" width=\"30%\">\n<div align=\"left\"><span style=\"color: #000000;\"><strong>\u7802\u8f2a\u5c3a\u5bf8 <\/strong><\/span><\/div>\n<\/th>\n<td class=\"xl70\" style=\"border-color: #ffffff;\" bgcolor=\"#F7F7F7\" width=\"284\"><span style=\"color: #000000;\">3&#8243; or 4&#8243; (75 mm or 100 mm)<\/span><\/td>\n<\/tr>\n<tr style=\"height: 46px;\" valign=\"middle\">\n<th class=\"xl72\" style=\"border-color: #ffffff;\" nowrap=\"nowrap\" bgcolor=\"#F7F7F7\" width=\"30%\">\n<div align=\"left\"><span style=\"color: #000000;\"><strong>\u4e3b\u8ef8\u87ba\u7d72\u898f\u683c <\/strong><\/span><\/div>\n<\/th>\n<td class=\"xl70\" style=\"border-color: #ffffff;\"><span style=\"color: #000000;\">M14 or M16 or 5\/8&#8243; x 11T<\/span><\/td>\n<\/tr>\n<tr style=\"height: 46px;\" valign=\"middle\">\n<th class=\"xl72\" style=\"border-color: #ffffff;\" nowrap=\"nowrap\" bgcolor=\"#EFEFEF\" width=\"30%\">\n<div align=\"left\"><span style=\"color: #000000;\"><strong>sem velocidade de carga<\/strong><\/span><\/div>\n<\/th>\n<td class=\"xl70\" style=\"border-color: #ffffff;\" bgcolor=\"#F7F7F7\"><span style=\"color: #000000;\">4,500 RPM<\/span><\/td>\n<\/tr>\n<tr style=\"height: 46px;\" valign=\"middle\">\n<th class=\"xl72\" style=\"border-color: #ffffff;\" nowrap=\"nowrap\" bgcolor=\"#F7F7F7\" width=\"30%\">\n<div align=\"left\"><span style=\"color: #000000;\"><strong>Consumo de ar <\/strong><\/span><\/div>\n<\/th>\n<td class=\"xl71\" style=\"border-color: #ffffff;\"><span style=\"color: #000000;\">7 SCFM (198 l\/min)<\/span><\/td>\n<\/tr>\n<tr style=\"height: 45px;\" valign=\"middle\">\n<th class=\"xl72\" style=\"border-color: #ffffff;\" nowrap=\"nowrap\" bgcolor=\"#EFEFEF\" width=\"30%\">\n<div align=\"left\"><span style=\"color: #000000;\"><strong>press\u00e3o do trabalho<\/strong><\/span><\/div>\n<\/th>\n<td class=\"xl71\" style=\"border-color: #ffffff;\" bgcolor=\"#F7F7F7\"><span style=\"color: #000000;\">90 PSI (6.2 Bar)<\/span><\/td>\n<\/tr>\n<tr style=\"height: 46px;\" valign=\"middle\">\n<th class=\"xl72\" style=\"border-color: #ffffff;\" nowrap=\"nowrap\" bgcolor=\"#F7F7F7\" width=\"30%\">\n<div align=\"left\"><span style=\"color: #000000;\"><strong>\u5de5\u5177\u91cd\u91cf<\/strong><\/span><\/div>\n<\/th>\n<td class=\"xl70\" style=\"border-color: #ffffff;\"><span style=\"color: #000000;\">1.5 Kgs (3.33 lbs)<\/span><\/td>\n<\/tr>\n<tr style=\"height: 46px;\" valign=\"middle\">\n<th class=\"xl72\" style=\"border-color: #ffffff;\" nowrap=\"nowrap\" bgcolor=\"#EFEFEF\" width=\"30%\">\n<div align=\"left\"><span style=\"color: #000000;\"><strong>\u5de5\u5177\u5c3a\u5bf8 <\/strong><\/span><\/div>\n<\/th>\n<td class=\"xl70\" style=\"border-color: #ffffff;\" bgcolor=\"#F7F7F7\"><span style=\"color: #000000;\">240 mm (9.4&#8243;)<\/span><\/td>\n<\/tr>\n<tr style=\"height: 46px;\" valign=\"middle\">\n<th class=\"xl72\" style=\"border-color: #ffffff;\" nowrap=\"nowrap\" bgcolor=\"#F7F7F7\" width=\"30%\">\n<div align=\"left\"><span style=\"color: #000000;\"><strong>entrada de ar<\/strong><\/span><\/div>\n<\/th>\n<td class=\"xl70\" style=\"border-color: #ffffff;\"><span style=\"color: #000000;\">1\/4&#8243;<\/span><\/td>\n<\/tr>\n<tr style=\"height: 46px;\" valign=\"middle\">\n<th class=\"xl72\" style=\"border-color: #ffffff;\" nowrap=\"nowrap\" bgcolor=\"#EFEFEF\" width=\"30%\">\n<div align=\"left\"><span style=\"color: #000000;\"><strong>\u6392\u6c23\u65b9\u5f0f<\/strong><\/span><\/div>\n<\/th>\n<td class=\"xl70\" style=\"border-color: #ffffff;\" bgcolor=\"#F7F7F7\"><span style=\"color: #000000;\">Front<\/span><\/td>\n<\/tr>\n<tr style=\"height: 46px;\" valign=\"middle\">\n<th class=\"xl72\" style=\"border-color: #ffffff;\" nowrap=\"nowrap\" bgcolor=\"#F7F7F7\" width=\"30%\">\n<div align=\"left\"><span style=\"color: #000000;\">\u566a\u97f3\u503c<\/span><\/div>\n<\/th>\n<td class=\"xl70\" style=\"border-color: #ffffff;\"><span style=\"color: #000000;\">90 dB(A)<\/span><\/td>\n<\/tr>\n<tr style=\"height: 46px;\" valign=\"middle\">\n<th class=\"xl72\" style=\"border-color: #ffffff;\" nowrap=\"nowrap\" bgcolor=\"#EFEFEF\" width=\"30%\">\n<div align=\"left\"><span style=\"color: #000000;\"><strong>valor de vibra\u00e7\u00e3o<\/strong><\/span><\/div>\n<\/th>\n<td class=\"xl70\" style=\"border-color: #ffffff;\" bgcolor=\"#F7F7F7\"><span style=\"color: #000000;\">2.22 m\/s\u00b2<\/span><\/td>\n<\/tr>\n<\/tbody>\n<\/table>","protected":false},"excerpt":{"rendered":"<h2 style=\"font-size: 1.5vw; font-weight: normal;\">WG-830 \u6ce8\u6c34\u5f0f\u6c23\u52d5\u62cb\u5149\u6a5f\uff0c100% \u53f0\u7063\u88fd\u9020\uff0c\u54c1\u8cea\u5353\u8d8a\uff0c\u53ef\u7528\u65bc\u82b1\u5d17\u5ca9\u3001\u5927\u7406\u77f3\u3001\u77f3\u82f1\u77f3\u548c\u4eba\u9020\u77f3\u7b49\u77f3\u6750\u7684\u8868\u9762\/\u908a\u89d2\u62cb\u5149\u3001\u7814\u78e8\u3001\u5012\u89d2&#8230;\u7b49\u3002<\/h2>","protected":false},"featured_media":6157,"comment_status":"open","ping_status":"closed","template":"","meta":{"qubely_global_settings":"","qubely_interactions":"","_uag_custom_page_level_css":"","site-sidebar-layout":"default","site-content-layout":"default","ast-site-content-layout":"default","site-content-style":"default","site-sidebar-style":"default","ast-global-header-display":"","ast-banner-title-visibility":"","ast-main-header-display":"","ast-hfb-above-header-display":"","ast-hfb-below-header-display":"","ast-hfb-mobile-header-display":"","site-post-title":"","ast-breadcrumbs-content":"","ast-featured-img":"","footer-sml-layout":"","theme-transparent-header-meta":"default","adv-header-id-meta":"","stick-header-meta":"default","header-above-stick-meta":"","header-main-stick-meta":"","header-below-stick-meta":"","astra-migrate-meta-layouts":"set","ast-page-background-enabled":"default","ast-page-background-meta":{"desktop":{"background-color":"","background-image":"","background-repeat":"repeat","background-position":"center center","background-size":"auto","background-attachment":"scroll","background-type":"","background-media":"","overlay-type":"","overlay-color":"","overlay-gradient":""},"tablet":{"background-color":"","background-image":"","background-repeat":"repeat","background-position":"center center","background-size":"auto","background-attachment":"scroll","background-type":"","background-media":"","overlay-type":"","overlay-color":"","overlay-gradient":""},"mobile":{"background-color":"","background-image":"","background-repeat":"repeat","background-position":"center center","background-size":"auto","background-attachment":"scroll","background-type":"","background-media":"","overlay-type":"","overlay-color":"","overlay-gradient":""}},"ast-content-background-meta":{"desktop":{"background-color":"var(--ast-global-color-5)","background-image":"","background-repeat":"repeat","background-position":"center center","background-size":"auto","background-attachment":"scroll","background-type":"","background-media":"","overlay-type":"","overlay-color":"","overlay-gradient":""},"tablet":{"background-color":"var(--ast-global-color-5)","background-image":"","background-repeat":"repeat","background-position":"center center","background-size":"auto","background-attachment":"scroll","background-type":"","background-media":"","overlay-type":"","overlay-color":"","overlay-gradient":""},"mobile":{"background-color":"var(--ast-global-color-5)","background-image":"","background-repeat":"repeat","background-position":"center center","background-size":"auto","background-attachment":"scroll","background-type":"","background-media":"","overlay-type":"","overlay-color":"","overlay-gradient":""}},"_themeisle_gutenberg_block_has_review":false},"product_cat":[115],"product_tag":[119,379],"class_list":{"0":"post-6189","1":"product","2":"type-product","3":"status-publish","4":"has-post-thumbnail","6":"product_cat-wet-air-tools-for-stone-granite","7":"product_tag-119","8":"product_tag-wg-830","9":"desktop-align-left","10":"tablet-align-left","11":"mobile-align-left","12":"ast-product-gallery-layout-horizontal","13":"ast-product-tabs-layout-horizontal","14":"ast-qv-on-image","16":"","17":"instock","18":"shipping-taxable","19":"purchasable","20":"product-type-simple"},"uagb_featured_image_src":{"full":["https:\/\/prowin-tools.com.tw\/wp-content\/uploads\/2023\/05\/WG-830-1Wet-Angle-Air-Grinder.jpg",1000,1000,false],"thumbnail":["https:\/\/prowin-tools.com.tw\/wp-content\/uploads\/2023\/05\/WG-830-1Wet-Angle-Air-Grinder-150x150.jpg",150,150,true],"medium":["https:\/\/prowin-tools.com.tw\/wp-content\/uploads\/2023\/05\/WG-830-1Wet-Angle-Air-Grinder-300x300.jpg",300,300,true],"medium_large":["https:\/\/prowin-tools.com.tw\/wp-content\/uploads\/2023\/05\/WG-830-1Wet-Angle-Air-Grinder-768x768.jpg",768,768,true],"large":["https:\/\/prowin-tools.com.tw\/wp-content\/uploads\/2023\/05\/WG-830-1Wet-Angle-Air-Grinder.jpg",1000,1000,false],"1536x1536":["https:\/\/prowin-tools.com.tw\/wp-content\/uploads\/2023\/05\/WG-830-1Wet-Angle-Air-Grinder.jpg",1000,1000,false],"2048x2048":["https:\/\/prowin-tools.com.tw\/wp-content\/uploads\/2023\/05\/WG-830-1Wet-Angle-Air-Grinder.jpg",1000,1000,false],"trp-custom-language-flag":["https:\/\/prowin-tools.com.tw\/wp-content\/uploads\/2023\/05\/WG-830-1Wet-Angle-Air-Grinder-12x12.jpg",12,12,true],"qubely_landscape":["https:\/\/prowin-tools.com.tw\/wp-content\/uploads\/2023\/05\/WG-830-1Wet-Angle-Air-Grinder-1000x750.jpg",1000,750,true],"qubely_portrait":["https:\/\/prowin-tools.com.tw\/wp-content\/uploads\/2023\/05\/WG-830-1Wet-Angle-Air-Grinder-540x320.jpg",540,320,true],"qubely_thumbnail":["https:\/\/prowin-tools.com.tw\/wp-content\/uploads\/2023\/05\/WG-830-1Wet-Angle-Air-Grinder-140x100.jpg",140,100,true],"woocommerce_thumbnail":["https:\/\/prowin-tools.com.tw\/wp-content\/uploads\/2023\/05\/WG-830-1Wet-Angle-Air-Grinder-350x350.jpg",350,350,true],"woocommerce_single":["https:\/\/prowin-tools.com.tw\/wp-content\/uploads\/2023\/05\/WG-830-1Wet-Angle-Air-Grinder-600x600.jpg",600,600,true],"woocommerce_gallery_thumbnail":["https:\/\/prowin-tools.com.tw\/wp-content\/uploads\/2023\/05\/WG-830-1Wet-Angle-Air-Grinder-100x100.jpg",100,100,true]},"uagb_author_info":{"display_name":"editor.prowintw","author_link":"https:\/\/prowin-tools.com.tw\/pt\/author\/"},"uagb_comment_info":0,"uagb_excerpt":"WG-830 \u6ce8\u6c34\u5f0f\u6c23\u52d5\u62cb\u5149\u6a5f\uff0c100% \u53f0\u7063\u88fd\u9020\uff0c\u54c1\u8cea\u5353\u8d8a\uff0c\u53ef\u7528\u65bc\u82b1\u5d17\u5ca9\u3001\u5927\u7406\u77f3\u3001\u77f3\u82f1\u77f3\u548c\u4eba\u9020\u77f3\u7b49\u77f3\u6750\u7684\u8868\u9762&hellip;","_links":{"self":[{"href":"https:\/\/prowin-tools.com.tw\/pt\/wp-json\/wp\/v2\/product\/6189","targetHints":{"allow":["GET"]}}],"collection":[{"href":"https:\/\/prowin-tools.com.tw\/pt\/wp-json\/wp\/v2\/product"}],"about":[{"href":"https:\/\/prowin-tools.com.tw\/pt\/wp-json\/wp\/v2\/types\/product"}],"replies":[{"embeddable":true,"href":"https:\/\/prowin-tools.com.tw\/pt\/wp-json\/wp\/v2\/comments?post=6189"}],"version-history":[{"count":3,"href":"https:\/\/prowin-tools.com.tw\/pt\/wp-json\/wp\/v2\/product\/6189\/revisions"}],"predecessor-version":[{"id":7894,"href":"https:\/\/prowin-tools.com.tw\/pt\/wp-json\/wp\/v2\/product\/6189\/revisions\/7894"}],"wp:featuredmedia":[{"embeddable":true,"href":"https:\/\/prowin-tools.com.tw\/pt\/wp-json\/wp\/v2\/media\/6157"}],"wp:attachment":[{"href":"https:\/\/prowin-tools.com.tw\/pt\/wp-json\/wp\/v2\/media?parent=6189"}],"wp:term":[{"taxonomy":"product_cat","embeddable":true,"href":"https:\/\/prowin-tools.com.tw\/pt\/wp-json\/wp\/v2\/product_cat?post=6189"},{"taxonomy":"product_tag","embeddable":true,"href":"https:\/\/prowin-tools.com.tw\/pt\/wp-json\/wp\/v2\/product_tag?post=6189"}],"curies":[{"name":"wp","href":"https:\/\/api.w.org\/{rel}","templated":true}]}}