{"id":6381,"date":"2023-05-08T03:25:06","date_gmt":"2023-05-08T03:25:06","guid":{"rendered":"https:\/\/prowin-tools.com.tw\/product\/k-506s-%e5%b0%88%e6%a5%ad%e7%94%a8-%e6%b0%a3%e5%8b%95%e5%99%b4%e6%a7%8d\/"},"modified":"2023-06-14T02:51:51","modified_gmt":"2023-06-14T02:51:51","slug":"k-506s-hp-air-spray-gun","status":"publish","type":"product","link":"https:\/\/prowin-tools.com.tw\/pt\/produto\/k-506s-hp-air-spray-gun\/","title":{"rendered":"Pistola de pulveriza\u00e7\u00e3o profissional\/pneum\u00e1tica K-506S"},"content":{"rendered":"<p>K-506S \u00e9 uma pistola profissional ecologicamente correta. O bico e a agulha s\u00e3o feitos de a\u00e7o inoxid\u00e1vel de precis\u00e3o para excelente desempenho. Adequado para todas as aplica\u00e7\u00f5es industriais e de pulveriza\u00e7\u00e3o.<br \/>\nOs acess\u00f3rios incluem: copo sif\u00e3o de alum\u00ednio de 700 ou 1000 cc, escova de limpeza, chave inglesa e filtro spray.<\/p>\n<table id=\"tabs-nav\" class=\"xl756500\" border=\"1\" cellspacing=\"0\" cellpadding=\"5\">\n<tbody>\n<tr bgcolor=\"#EFEFEF\">\n<th class=\"xl826500\" colspan=\"5\" nowrap=\"nowrap\" bgcolor=\"#EFEFEF\">\n<div align=\"center\">especifica\u00e7\u00f5es do produto<\/div>\n<\/th>\n<th class=\"xl826500\" colspan=\"2\" nowrap=\"nowrap\" bgcolor=\"#EFEFEF\">\n<div align=\"center\">Grupo de bicos<\/div>\n<\/th>\n<\/tr>\n<tr bgcolor=\"#E6E6E6\">\n<th class=\"xl826500\" nowrap=\"nowrap\" bgcolor=\"#EFEFEF\">\n<div align=\"center\">modelo<\/div>\n<\/th>\n<th class=\"xl666500\" nowrap=\"nowrap\" bgcolor=\"#EFEFEF\">\n<div align=\"center\">Tamanho do bico<\/div>\n<\/th>\n<th class=\"xl676500\" nowrap=\"nowrap\" bgcolor=\"#EFEFEF\">\n<div align=\"center\">fluxo<\/div>\n<\/th>\n<th class=\"xl686500\" nowrap=\"nowrap\" bgcolor=\"#EFEFEF\">\n<div align=\"center\">arco de pulveriza\u00e7\u00e3o<\/div>\n<\/th>\n<th class=\"xl696500\" nowrap=\"nowrap\" bgcolor=\"#EFEFEF\">\n<div align=\"center\">Consumo de ar<\/div>\n<\/th>\n<th class=\"xl826500\" nowrap=\"nowrap\" bgcolor=\"#EFEFEF\">\n<div align=\"center\">N\u00famero da pe\u00e7a<\/div>\n<\/th>\n<th class=\"xl666500\" nowrap=\"nowrap\" bgcolor=\"#EFEFEF\">\n<div align=\"center\">Tamanho do bico<\/div>\n<\/th>\n<\/tr>\n<tr>\n<td class=\"xl70\">\n<div align=\"center\">K-506S-08<\/div>\n<\/td>\n<td class=\"xl71\">\n<div align=\"center\">0,8 mm<\/div>\n<\/td>\n<td class=\"xl78\">\n<div align=\"center\">170ml<\/div>\n<\/td>\n<td class=\"xl79\">\n<div align=\"center\">265 mil\u00edmetros<\/div>\n<\/td>\n<td class=\"xl80\">\n<div align=\"center\">200 l\/min<\/div>\n<\/td>\n<td class=\"xl70\">\n<div align=\"center\">SG008-506-08<\/div>\n<\/td>\n<td class=\"xl71\">\n<div align=\"center\">0,8 mm<\/div>\n<\/td>\n<\/tr>\n<tr>\n<td class=\"xl72\">\n<div align=\"center\">K-506S-11<\/div>\n<\/td>\n<td class=\"xl73\">\n<div align=\"center\">1,1 mm<\/div>\n<\/td>\n<td class=\"xl81\">\n<div align=\"center\">210ml<\/div>\n<\/td>\n<td class=\"xl77\">\n<div align=\"center\">265 mil\u00edmetros<\/div>\n<\/td>\n<td class=\"xl82\">\n<div align=\"center\">200 l\/min<\/div>\n<\/td>\n<td class=\"xl72\">\n<div align=\"center\">SG008-506-11<\/div>\n<\/td>\n<td class=\"xl73\">\n<div align=\"center\">1,1 mm<\/div>\n<\/td>\n<\/tr>\n<tr>\n<td class=\"xl72\">\n<div align=\"center\">K-506S-14<\/div>\n<\/td>\n<td class=\"xl73\">\n<div align=\"center\">1,4 mm<\/div>\n<\/td>\n<td class=\"xl81\">\n<div align=\"center\">170ml<\/div>\n<\/td>\n<td class=\"xl77\">\n<div align=\"center\">265 mil\u00edmetros<\/div>\n<\/td>\n<td class=\"xl82\">\n<div align=\"center\">200 l\/min<\/div>\n<\/td>\n<td class=\"xl72\">\n<div align=\"center\">SG008-506-14<\/div>\n<\/td>\n<td class=\"xl73\">\n<div align=\"center\">1,4 mm<\/div>\n<\/td>\n<\/tr>\n<tr>\n<td class=\"xl72\">\n<div align=\"center\">K-506S-18<\/div>\n<\/td>\n<td class=\"xl73\">\n<div align=\"center\">1,8 mm<\/div>\n<\/td>\n<td class=\"xl81\">\n<div align=\"center\">190ml<\/div>\n<\/td>\n<td class=\"xl77\">\n<div align=\"center\">265 mil\u00edmetros<\/div>\n<\/td>\n<td class=\"xl82\">\n<div align=\"center\">200 l\/min<\/div>\n<\/td>\n<td class=\"xl72\">\n<div align=\"center\">SG008-506-18<\/div>\n<\/td>\n<td class=\"xl73\">\n<div align=\"center\">1,8 mm<\/div>\n<\/td>\n<\/tr>\n<tr>\n<td class=\"xl72\">\n<div align=\"center\">K-506S-20<\/div>\n<\/td>\n<td class=\"xl73\">\n<div align=\"center\">2,0mm<\/div>\n<\/td>\n<td class=\"xl81\">\n<div align=\"center\">240ml<\/div>\n<\/td>\n<td class=\"xl77\">\n<div align=\"center\">265 mil\u00edmetros<\/div>\n<\/td>\n<td class=\"xl82\">\n<div align=\"center\">200 l\/min<\/div>\n<\/td>\n<td class=\"xl72\">\n<div align=\"center\">SG008-506-20<\/div>\n<\/td>\n<td class=\"xl73\">\n<div align=\"center\">2,0mm<\/div>\n<\/td>\n<\/tr>\n<tr>\n<td class=\"xl74\">\n<div align=\"center\">K-506S-25<\/div>\n<\/td>\n<td class=\"xl75\">\n<div align=\"center\">2,5mm<\/div>\n<\/td>\n<td class=\"xl83\">\n<div align=\"center\">260ml<\/div>\n<\/td>\n<td class=\"xl84\">\n<div align=\"center\">265 mil\u00edmetros<\/div>\n<\/td>\n<td class=\"xl85\">\n<div align=\"center\">200 l\/min<\/div>\n<\/td>\n<td class=\"xl74\">\n<div align=\"center\">SG008-506-25<\/div>\n<\/td>\n<td class=\"xl75\">\n<div align=\"center\">2,5mm<\/div>\n<\/td>\n<\/tr>\n<tr>\n<td class=\"xl91\" colspan=\"3\" valign=\"top\" nowrap=\"nowrap\">\n<div align=\"left\">\u2022 Tipo: tipo Sif\u00e3o<br \/>\n\u2022 Capacidade de pintura: 700 ou 1000 cc<br \/>\n\u2022 Conector de pintura: 1\/4\u201d ou 3\/8\u2033<br \/>\n\u2022 Conector de entrada: 1\/4\u2033<\/div>\n<\/td>\n<td class=\"xl95\" colspan=\"2\" valign=\"top\" nowrap=\"nowrap\">\n<div align=\"left\">\u2022 Press\u00e3o de entrada: 30~43 psi<br \/>\n\u2022 Peso l\u00edquido: 486 g<\/div>\n<\/td>\n<td class=\"xl93\" colspan=\"2\">\n<div align=\"center\"><img decoding=\"async\" class=\"alignnone size-full wp-image-8518\" src=\"http:\/\/www.prowin-tools.com\/wp-content\/uploads\/2022\/04\/506528523Nozzle-Set.png\" alt=\"K-506S\" \/><\/div>\n<\/td>\n<\/tr>\n<\/tbody>\n<\/table>","protected":false},"excerpt":{"rendered":"<p>As pistolas de pulveriza\u00e7\u00e3o Prowin Tools oferecem excelente desempenho de atomiza\u00e7\u00e3o e pulveriza\u00e7\u00e3o; adequadas para tintas \u00e0 base de \u00f3leo e \u00e0 base de \u00e1gua. O bico e a agulha s\u00e3o feitos de a\u00e7o inoxid\u00e1vel de precis\u00e3o para excelente desempenho e longa vida \u00fatil. As pistolas pulverizadoras s\u00e3o usadas principalmente para retoque automotivo, decora\u00e7\u00e3o de casas, fins industriais\/de constru\u00e7\u00e3o, trabalhos em madeira, etc.<br \/>\nNesta s\u00e9rie, fornecemos pistolas de pulveriza\u00e7\u00e3o profissionais HP, tipos de pistolas de pulveriza\u00e7\u00e3o de prote\u00e7\u00e3o ambiental de baixa press\u00e3o HVLP, tipos de pistolas de pulveriza\u00e7\u00e3o de prote\u00e7\u00e3o ambiental de baixa press\u00e3o e alto desempenho LVLP.<\/p>","protected":false},"featured_media":6291,"comment_status":"open","ping_status":"closed","template":"","meta":{"qubely_global_settings":"","qubely_interactions":"","_uag_custom_page_level_css":"","site-sidebar-layout":"default","site-content-layout":"default","ast-site-content-layout":"","site-content-style":"default","site-sidebar-style":"default","ast-global-header-display":"","ast-banner-title-visibility":"","ast-main-header-display":"","ast-hfb-above-header-display":"","ast-hfb-below-header-display":"","ast-hfb-mobile-header-display":"","site-post-title":"","ast-breadcrumbs-content":"","ast-featured-img":"","footer-sml-layout":"","theme-transparent-header-meta":"default","adv-header-id-meta":"","stick-header-meta":"default","header-above-stick-meta":"","header-main-stick-meta":"","header-below-stick-meta":"","astra-migrate-meta-layouts":"","ast-page-background-enabled":"default","ast-page-background-meta":{"desktop":{"background-color":"","background-image":"","background-repeat":"repeat","background-position":"center center","background-size":"auto","background-attachment":"scroll","background-type":"","background-media":"","overlay-type":"","overlay-color":"","overlay-gradient":""},"tablet":{"background-color":"","background-image":"","background-repeat":"repeat","background-position":"center center","background-size":"auto","background-attachment":"scroll","background-type":"","background-media":"","overlay-type":"","overlay-color":"","overlay-gradient":""},"mobile":{"background-color":"","background-image":"","background-repeat":"repeat","background-position":"center center","background-size":"auto","background-attachment":"scroll","background-type":"","background-media":"","overlay-type":"","overlay-color":"","overlay-gradient":""}},"ast-content-background-meta":{"desktop":{"background-color":"var(--ast-global-color-5)","background-image":"","background-repeat":"repeat","background-position":"center center","background-size":"auto","background-attachment":"scroll","background-type":"","background-media":"","overlay-type":"","overlay-color":"","overlay-gradient":""},"tablet":{"background-color":"var(--ast-global-color-5)","background-image":"","background-repeat":"repeat","background-position":"center center","background-size":"auto","background-attachment":"scroll","background-type":"","background-media":"","overlay-type":"","overlay-color":"","overlay-gradient":""},"mobile":{"background-color":"var(--ast-global-color-5)","background-image":"","background-repeat":"repeat","background-position":"center center","background-size":"auto","background-attachment":"scroll","background-type":"","background-media":"","overlay-type":"","overlay-color":"","overlay-gradient":""}},"_themeisle_gutenberg_block_has_review":false},"product_cat":[72,134],"product_tag":[126,151],"class_list":{"0":"post-6381","1":"product","2":"type-product","3":"status-publish","4":"has-post-thumbnail","6":"product_cat-air-spray-gun","7":"product_cat-hp-air-spray-gun","8":"product_tag-126","9":"product_tag-hp","10":"desktop-align-left","11":"tablet-align-left","12":"mobile-align-left","13":"ast-product-gallery-layout-horizontal","14":"ast-product-gallery-with-no-image","15":"ast-product-tabs-layout-horizontal","16":"ast-qv-on-image","18":"","19":"instock","20":"shipping-taxable","21":"purchasable","22":"product-type-simple"},"uagb_featured_image_src":{"full":["https:\/\/prowin-tools.com.tw\/wp-content\/uploads\/2023\/05\/K-506S-K-528S-Air-Spray-Gun.jpg",1000,1000,false],"thumbnail":["https:\/\/prowin-tools.com.tw\/wp-content\/uploads\/2023\/05\/K-506S-K-528S-Air-Spray-Gun-150x150.jpg",150,150,true],"medium":["https:\/\/prowin-tools.com.tw\/wp-content\/uploads\/2023\/05\/K-506S-K-528S-Air-Spray-Gun-300x300.jpg",300,300,true],"medium_large":["https:\/\/prowin-tools.com.tw\/wp-content\/uploads\/2023\/05\/K-506S-K-528S-Air-Spray-Gun-768x768.jpg",768,768,true],"large":["https:\/\/prowin-tools.com.tw\/wp-content\/uploads\/2023\/05\/K-506S-K-528S-Air-Spray-Gun.jpg",1000,1000,false],"1536x1536":["https:\/\/prowin-tools.com.tw\/wp-content\/uploads\/2023\/05\/K-506S-K-528S-Air-Spray-Gun.jpg",1000,1000,false],"2048x2048":["https:\/\/prowin-tools.com.tw\/wp-content\/uploads\/2023\/05\/K-506S-K-528S-Air-Spray-Gun.jpg",1000,1000,false],"trp-custom-language-flag":["https:\/\/prowin-tools.com.tw\/wp-content\/uploads\/2023\/05\/K-506S-K-528S-Air-Spray-Gun-12x12.jpg",12,12,true],"qubely_landscape":["https:\/\/prowin-tools.com.tw\/wp-content\/uploads\/2023\/05\/K-506S-K-528S-Air-Spray-Gun-1000x750.jpg",1000,750,true],"qubely_portrait":["https:\/\/prowin-tools.com.tw\/wp-content\/uploads\/2023\/05\/K-506S-K-528S-Air-Spray-Gun-540x320.jpg",540,320,true],"qubely_thumbnail":["https:\/\/prowin-tools.com.tw\/wp-content\/uploads\/2023\/05\/K-506S-K-528S-Air-Spray-Gun-140x100.jpg",140,100,true],"woocommerce_thumbnail":["https:\/\/prowin-tools.com.tw\/wp-content\/uploads\/2023\/05\/K-506S-K-528S-Air-Spray-Gun-350x350.jpg",350,350,true],"woocommerce_single":["https:\/\/prowin-tools.com.tw\/wp-content\/uploads\/2023\/05\/K-506S-K-528S-Air-Spray-Gun-600x600.jpg",600,600,true],"woocommerce_gallery_thumbnail":["https:\/\/prowin-tools.com.tw\/wp-content\/uploads\/2023\/05\/K-506S-K-528S-Air-Spray-Gun-100x100.jpg",100,100,true]},"uagb_author_info":{"display_name":"editor.prowintw","author_link":"https:\/\/prowin-tools.com.tw\/pt\/author\/"},"uagb_comment_info":0,"uagb_excerpt":"Prowin Tools \u7684\u5674\u69cd\u64c1\u6709\u51fa\u8272\u7684\u9727\u5316\u4ee5\u53ca\u5674\u5857\u8868\u73fe\uff1b\u9069\u7528\u65bc\u6cb9\u6027\u548c\u6c34\u6027\u5857\u6599\u3002\u5674\u5634\u548c\u91dd\u982d\u7686\u7531\u7cbe\u5bc6\u4e0d\u93fd\u92fc\u6240\u88fd&hellip;","_links":{"self":[{"href":"https:\/\/prowin-tools.com.tw\/pt\/wp-json\/wp\/v2\/product\/6381","targetHints":{"allow":["GET"]}}],"collection":[{"href":"https:\/\/prowin-tools.com.tw\/pt\/wp-json\/wp\/v2\/product"}],"about":[{"href":"https:\/\/prowin-tools.com.tw\/pt\/wp-json\/wp\/v2\/types\/product"}],"replies":[{"embeddable":true,"href":"https:\/\/prowin-tools.com.tw\/pt\/wp-json\/wp\/v2\/comments?post=6381"}],"version-history":[{"count":2,"href":"https:\/\/prowin-tools.com.tw\/pt\/wp-json\/wp\/v2\/product\/6381\/revisions"}],"predecessor-version":[{"id":6417,"href":"https:\/\/prowin-tools.com.tw\/pt\/wp-json\/wp\/v2\/product\/6381\/revisions\/6417"}],"wp:featuredmedia":[{"embeddable":true,"href":"https:\/\/prowin-tools.com.tw\/pt\/wp-json\/wp\/v2\/media\/6291"}],"wp:attachment":[{"href":"https:\/\/prowin-tools.com.tw\/pt\/wp-json\/wp\/v2\/media?parent=6381"}],"wp:term":[{"taxonomy":"product_cat","embeddable":true,"href":"https:\/\/prowin-tools.com.tw\/pt\/wp-json\/wp\/v2\/product_cat?post=6381"},{"taxonomy":"product_tag","embeddable":true,"href":"https:\/\/prowin-tools.com.tw\/pt\/wp-json\/wp\/v2\/product_tag?post=6381"}],"curies":[{"name":"wp","href":"https:\/\/api.w.org\/{rel}","templated":true}]}}