{"id":6383,"date":"2023-05-08T03:25:06","date_gmt":"2023-05-08T03:25:06","guid":{"rendered":"https:\/\/prowin-tools.com.tw\/product\/k-528g-hvlp%e4%bd%8e%e5%a3%93%e7%92%b0%e4%bf%9d-%e6%b0%a3%e5%8b%95%e5%99%b4%e6%a7%8d\/"},"modified":"2024-02-16T06:23:45","modified_gmt":"2024-02-16T06:23:45","slug":"k-528g-hvlp-air-spray-gun","status":"publish","type":"product","link":"https:\/\/prowin-tools.com.tw\/pt\/produto\/k-528g-hvlp-air-spray-gun\/","title":{"rendered":"Prote\u00e7\u00e3o ambiental de baixa press\u00e3o K-528G HVLP\/pistola de pulveriza\u00e7\u00e3o pneum\u00e1tica"},"content":{"rendered":"<h2 style=\"font-size: 1.5vw; font-weight: normal;\">K-528G\u662fHVLP\u4f4e\u58d3\u74b0\u4fdd\u91cd\u529b\u5f0f\u5674\u69cd\uff0c\u4f7f\u7528\u91cd\u529b\u9032\u6599\u8a2d\u8a08\u6709\u52a9\u65bc\u6e1b\u5c11\u8272\u676f\u4e2d\u6b98\u7559\u6750\u6599\u7684\u6d6a\u8cbb\uff0c\u5f9e\u800c\u5e6b\u52a9\u60a8\u7bc0\u7701\u6210\u672c\u548c\u6750\u6599\uff1b\u914d\u4ef6\u542b\u6709\uff1a400 c.c.\u5857\u6599\u676f\u3001\u6e05\u6f54\u5237\u3001\u6273\u624b\u548c\u5674\u6f06\u904e\u6ffe\u5668\u3002<br \/>\n\u9069\u7528\u65bc\u6c7d\u8eca\u677f\u91d1\u4fee\u5fa9\u53ca\u5857\u88dd(\u6c7d\u8eca\u5e95\u6f06\u3001\u6c7d\u8eca\u6f06)\u3001\u5bb6\u5177\u8868\u9762\u5857\u88dd\u3001\u58c1\u756b\u3001\u85dd\u8853\u53ca\u5de5\u85dd\u54c1\u3001\u5e03\u5674\u6f06\u3001\u57fa\u790e\u5857\u6599\u3001\u6728\u6750\u5de5\u4f5c&#8230;\u7b49\u3002<\/h2>\n<h3 style=\"font-size: 1.5vw; font-weight: normal;\">Nesta s\u00e9rie, fornecemos pistolas de pulveriza\u00e7\u00e3o profissionais HP, tipos de pistolas de pulveriza\u00e7\u00e3o de prote\u00e7\u00e3o ambiental de baixa press\u00e3o HVLP, tipos de pistolas de pulveriza\u00e7\u00e3o de prote\u00e7\u00e3o ambiental de baixa press\u00e3o e alto desempenho LVLP.<\/h3>\n<table id=\"tabs-nav\" class=\"xl756500\" border=\"1\" cellspacing=\"0\" cellpadding=\"5\">\n<tbody>\n<tr bgcolor=\"#EFEFEF\">\n<th class=\"xl826500\" colspan=\"5\" nowrap=\"nowrap\" bgcolor=\"#EFEFEF\">\n<div align=\"center\">especifica\u00e7\u00f5es do produto<\/div>\n<\/th>\n<th class=\"xl826500\" colspan=\"2\" nowrap=\"nowrap\" bgcolor=\"#EFEFEF\">\n<div align=\"center\">Grupo de bicos<\/div>\n<\/th>\n<\/tr>\n<tr bgcolor=\"#E6E6E6\">\n<th class=\"xl826500\" nowrap=\"nowrap\" bgcolor=\"#EFEFEF\">\n<div align=\"center\">modelo<\/div>\n<\/th>\n<th class=\"xl666500\" nowrap=\"nowrap\" bgcolor=\"#EFEFEF\">\n<div align=\"center\">Tamanho do bico<\/div>\n<\/th>\n<th class=\"xl676500\" nowrap=\"nowrap\" bgcolor=\"#EFEFEF\">\n<div align=\"center\">fluxo<\/div>\n<\/th>\n<th class=\"xl686500\" nowrap=\"nowrap\" bgcolor=\"#EFEFEF\">\n<div align=\"center\">arco de pulveriza\u00e7\u00e3o<\/div>\n<\/th>\n<th class=\"xl696500\" nowrap=\"nowrap\" bgcolor=\"#EFEFEF\">\n<div align=\"center\">Consumo de ar<\/div>\n<\/th>\n<th class=\"xl826500\" nowrap=\"nowrap\" bgcolor=\"#EFEFEF\">\n<div align=\"center\">N\u00famero da pe\u00e7a<\/div>\n<\/th>\n<th class=\"xl666500\" nowrap=\"nowrap\" bgcolor=\"#EFEFEF\">\n<div align=\"center\">Tamanho do bico<\/div>\n<\/th>\n<\/tr>\n<tr valign=\"top\">\n<td class=\"xl70\">\n<div align=\"center\">K-528G-10<\/div>\n<\/td>\n<td class=\"xl71\">\n<div align=\"center\">1,0 mm<\/div>\n<\/td>\n<td class=\"xl78\">\n<div align=\"center\">90 ml<\/div>\n<\/td>\n<td class=\"xl79\">\n<div align=\"center\">290 mm<\/div>\n<\/td>\n<td class=\"xl80\">\n<div align=\"center\">250 l\/min<\/div>\n<\/td>\n<td class=\"xl70\">\n<div align=\"center\">SG018-528-10<\/div>\n<\/td>\n<td class=\"xl71\">\n<div align=\"center\">1,0 mm<\/div>\n<\/td>\n<\/tr>\n<tr valign=\"top\">\n<td class=\"xl72\">\n<div align=\"center\">K-528G-12<\/div>\n<\/td>\n<td class=\"xl73\">\n<div align=\"center\">1,2 mm<\/div>\n<\/td>\n<td class=\"xl81\">\n<div align=\"center\">110 ml<\/div>\n<\/td>\n<td class=\"xl77\">\n<div align=\"center\">300 mil\u00edmetros<\/div>\n<\/td>\n<td class=\"xl82\">\n<div align=\"center\">250 l\/min<\/div>\n<\/td>\n<td class=\"xl72\">\n<div align=\"center\">SG018-528-12<\/div>\n<\/td>\n<td class=\"xl73\">\n<div align=\"center\">1,2 mm<\/div>\n<\/td>\n<\/tr>\n<tr valign=\"top\">\n<td class=\"xl72\">\n<div align=\"center\">K-528G-14<\/div>\n<\/td>\n<td class=\"xl73\">\n<div align=\"center\">1,4 mm<\/div>\n<\/td>\n<td class=\"xl81\">\n<div align=\"center\">150ml<\/div>\n<\/td>\n<td class=\"xl77\">\n<div align=\"center\">300 mil\u00edmetros<\/div>\n<\/td>\n<td class=\"xl82\">\n<div align=\"center\">250 l\/min<\/div>\n<\/td>\n<td class=\"xl72\">\n<div align=\"center\">SG018-528-14<\/div>\n<\/td>\n<td class=\"xl73\">\n<div align=\"center\">1,4 mm<\/div>\n<\/td>\n<\/tr>\n<tr valign=\"top\">\n<td class=\"xl72\">\n<div align=\"center\">K-528G-17<\/div>\n<\/td>\n<td class=\"xl73\">\n<div align=\"center\">1,7mm<\/div>\n<\/td>\n<td class=\"xl81\">\n<div align=\"center\">170ml<\/div>\n<\/td>\n<td class=\"xl77\">\n<div align=\"center\">310 mm<\/div>\n<\/td>\n<td class=\"xl82\">\n<div align=\"center\">250 l\/min<\/div>\n<\/td>\n<td class=\"xl72\">\n<div align=\"center\">SG018-528-17<\/div>\n<\/td>\n<td class=\"xl73\">\n<div align=\"center\">1,7mm<\/div>\n<\/td>\n<\/tr>\n<tr valign=\"top\">\n<td class=\"xl72\">\n<div align=\"center\">K-528G-20<\/div>\n<\/td>\n<td class=\"xl73\">\n<div align=\"center\">2,0mm<\/div>\n<\/td>\n<td class=\"xl81\">\n<div align=\"center\">200ml<\/div>\n<\/td>\n<td class=\"xl77\">\n<div align=\"center\">310 mm<\/div>\n<\/td>\n<td class=\"xl82\">\n<div align=\"center\">250 l\/min<\/div>\n<\/td>\n<td class=\"xl72\">\n<div align=\"center\">SG018-528-20<\/div>\n<\/td>\n<td class=\"xl73\">\n<div align=\"center\">2,0mm<\/div>\n<\/td>\n<\/tr>\n<tr valign=\"top\">\n<td class=\"xl72\">\n<div align=\"center\">K-528G-24<\/div>\n<\/td>\n<td class=\"xl73\">\n<div align=\"center\">2,4mm<\/div>\n<\/td>\n<td class=\"xl81\">\n<div align=\"center\">245 ml<\/div>\n<\/td>\n<td class=\"xl77\">\n<div align=\"center\">310 mm<\/div>\n<\/td>\n<td class=\"xl82\">\n<div align=\"center\">250 l\/min<\/div>\n<\/td>\n<td class=\"xl72\">\n<div align=\"center\">SG018-528-24<\/div>\n<\/td>\n<td class=\"xl73\">\n<div align=\"center\">2,4mm<\/div>\n<\/td>\n<\/tr>\n<tr valign=\"top\">\n<td class=\"xl74\">\n<div align=\"center\">K-528G-28<\/div>\n<\/td>\n<td class=\"xl75\">\n<div align=\"center\">2,8mm<\/div>\n<\/td>\n<td class=\"xl83\">\n<div align=\"center\">290ml<\/div>\n<\/td>\n<td class=\"xl84\">\n<div align=\"center\">310 mm<\/div>\n<\/td>\n<td class=\"xl85\">\n<div align=\"center\">250 l\/min<\/div>\n<\/td>\n<td class=\"xl74\">\n<div align=\"center\">SG018-528-28<\/div>\n<\/td>\n<td class=\"xl75\">\n<div align=\"center\">2,8mm<\/div>\n<\/td>\n<\/tr>\n<tr valign=\"top\">\n<td class=\"xl91\" colspan=\"3\" valign=\"top\">\n<div align=\"left\">\u2022 \u578b\u5f0f : \u91cd\u529b\u5f0f\u5074\u676f<br \/>\n\u2022 \u6f06\u6599\u5bb9\u91cf : 400 c.c.<br \/>\n\u2022 \u6f06\u6599\u63a5\u982d : 1\/4&#8243;<br \/>\n\u2022 Conector de entrada: 1\/4\u2033<\/div>\n<\/td>\n<td class=\"xl95\" colspan=\"2\" valign=\"top\">\n<div align=\"left\">\u2022 Press\u00e3o de entrada: 20~28 psi<br \/>\n\u2022 \u6a5f\u9ad4\u6de8\u91cd : 488 gs<\/div>\n<\/td>\n<td class=\"xl93\" colspan=\"2\" valign=\"middle\">\n<div align=\"center\"><img decoding=\"async\" class=\"alignnone size-full wp-image-8518\" src=\"http:\/\/www.prowin-tools.com\/wp-content\/uploads\/2022\/04\/506528523Nozzle-Set.png\" alt=\"K-528G\" \/><\/div>\n<\/td>\n<\/tr>\n<\/tbody>\n<\/table>","protected":false},"excerpt":{"rendered":"<h2 style=\"font-size: 1.5vw; font-weight: normal;\">K-528G\u662fHVLP\u4f4e\u58d3\u74b0\u4fdd\u91cd\u529b\u5f0f\u5674\u69cd\uff0c\u7bc0\u7701\u6210\u672c\u548c\u6750\u6599\uff0c\u9069\u7528\u65bc\u6c7d\u8eca\u677f\u91d1\u4fee\u5fa9\u53ca\u5857\u88dd(\u6c7d\u8eca\u5e95\u6f06\u3001\u6c7d\u8eca\u6f06)\u3001\u5bb6\u5177\u8868\u9762\u5857\u88dd\u3001\u58c1\u756b\u3001\u85dd\u8853\u53ca\u5de5\u85dd\u54c1\u3001\u5e03\u5674\u6f06\u3001\u57fa\u790e\u5857\u6599\u3001\u6728\u6750\u5de5\u4f5c&#8230;\u7b49\u3002<\/h2>\n<p>&nbsp;<\/p>","protected":false},"featured_media":6288,"comment_status":"open","ping_status":"closed","template":"","meta":{"qubely_global_settings":"","qubely_interactions":"","_uag_custom_page_level_css":"","site-sidebar-layout":"default","site-content-layout":"default","ast-site-content-layout":"default","site-content-style":"default","site-sidebar-style":"default","ast-global-header-display":"","ast-banner-title-visibility":"","ast-main-header-display":"","ast-hfb-above-header-display":"","ast-hfb-below-header-display":"","ast-hfb-mobile-header-display":"","site-post-title":"","ast-breadcrumbs-content":"","ast-featured-img":"","footer-sml-layout":"","theme-transparent-header-meta":"default","adv-header-id-meta":"","stick-header-meta":"default","header-above-stick-meta":"","header-main-stick-meta":"","header-below-stick-meta":"","astra-migrate-meta-layouts":"set","ast-page-background-enabled":"default","ast-page-background-meta":{"desktop":{"background-color":"","background-image":"","background-repeat":"repeat","background-position":"center center","background-size":"auto","background-attachment":"scroll","background-type":"","background-media":"","overlay-type":"","overlay-color":"","overlay-gradient":""},"tablet":{"background-color":"","background-image":"","background-repeat":"repeat","background-position":"center center","background-size":"auto","background-attachment":"scroll","background-type":"","background-media":"","overlay-type":"","overlay-color":"","overlay-gradient":""},"mobile":{"background-color":"","background-image":"","background-repeat":"repeat","background-position":"center center","background-size":"auto","background-attachment":"scroll","background-type":"","background-media":"","overlay-type":"","overlay-color":"","overlay-gradient":""}},"ast-content-background-meta":{"desktop":{"background-color":"var(--ast-global-color-5)","background-image":"","background-repeat":"repeat","background-position":"center center","background-size":"auto","background-attachment":"scroll","background-type":"","background-media":"","overlay-type":"","overlay-color":"","overlay-gradient":""},"tablet":{"background-color":"var(--ast-global-color-5)","background-image":"","background-repeat":"repeat","background-position":"center center","background-size":"auto","background-attachment":"scroll","background-type":"","background-media":"","overlay-type":"","overlay-color":"","overlay-gradient":""},"mobile":{"background-color":"var(--ast-global-color-5)","background-image":"","background-repeat":"repeat","background-position":"center center","background-size":"auto","background-attachment":"scroll","background-type":"","background-media":"","overlay-type":"","overlay-color":"","overlay-gradient":""}},"_themeisle_gutenberg_block_has_review":false},"product_cat":[72,131],"product_tag":[127,146,152,256],"class_list":{"0":"post-6383","1":"product","2":"type-product","3":"status-publish","4":"has-post-thumbnail","6":"product_cat-air-spray-gun","7":"product_cat-hvlp-air-spray-gun","8":"product_tag-hvlp","10":"product_tag-hvlp-air-spray-gun","11":"product_tag-256","12":"desktop-align-left","13":"tablet-align-left","14":"mobile-align-left","15":"ast-product-gallery-layout-horizontal","16":"ast-product-gallery-with-no-image","17":"ast-product-tabs-layout-horizontal","18":"ast-qv-on-image","20":"","21":"instock","22":"shipping-taxable","23":"purchasable","24":"product-type-simple"},"uagb_featured_image_src":{"full":["https:\/\/prowin-tools.com.tw\/wp-content\/uploads\/2023\/05\/K-506G-K-528G-Air-Spray-Gun.jpg",1000,1000,false],"thumbnail":["https:\/\/prowin-tools.com.tw\/wp-content\/uploads\/2023\/05\/K-506G-K-528G-Air-Spray-Gun-150x150.jpg",150,150,true],"medium":["https:\/\/prowin-tools.com.tw\/wp-content\/uploads\/2023\/05\/K-506G-K-528G-Air-Spray-Gun-300x300.jpg",300,300,true],"medium_large":["https:\/\/prowin-tools.com.tw\/wp-content\/uploads\/2023\/05\/K-506G-K-528G-Air-Spray-Gun-768x768.jpg",768,768,true],"large":["https:\/\/prowin-tools.com.tw\/wp-content\/uploads\/2023\/05\/K-506G-K-528G-Air-Spray-Gun.jpg",1000,1000,false],"1536x1536":["https:\/\/prowin-tools.com.tw\/wp-content\/uploads\/2023\/05\/K-506G-K-528G-Air-Spray-Gun.jpg",1000,1000,false],"2048x2048":["https:\/\/prowin-tools.com.tw\/wp-content\/uploads\/2023\/05\/K-506G-K-528G-Air-Spray-Gun.jpg",1000,1000,false],"trp-custom-language-flag":["https:\/\/prowin-tools.com.tw\/wp-content\/uploads\/2023\/05\/K-506G-K-528G-Air-Spray-Gun-12x12.jpg",12,12,true],"qubely_landscape":["https:\/\/prowin-tools.com.tw\/wp-content\/uploads\/2023\/05\/K-506G-K-528G-Air-Spray-Gun-1000x750.jpg",1000,750,true],"qubely_portrait":["https:\/\/prowin-tools.com.tw\/wp-content\/uploads\/2023\/05\/K-506G-K-528G-Air-Spray-Gun-540x320.jpg",540,320,true],"qubely_thumbnail":["https:\/\/prowin-tools.com.tw\/wp-content\/uploads\/2023\/05\/K-506G-K-528G-Air-Spray-Gun-140x100.jpg",140,100,true],"woocommerce_thumbnail":["https:\/\/prowin-tools.com.tw\/wp-content\/uploads\/2023\/05\/K-506G-K-528G-Air-Spray-Gun-350x350.jpg",350,350,true],"woocommerce_single":["https:\/\/prowin-tools.com.tw\/wp-content\/uploads\/2023\/05\/K-506G-K-528G-Air-Spray-Gun-600x600.jpg",600,600,true],"woocommerce_gallery_thumbnail":["https:\/\/prowin-tools.com.tw\/wp-content\/uploads\/2023\/05\/K-506G-K-528G-Air-Spray-Gun-100x100.jpg",100,100,true]},"uagb_author_info":{"display_name":"editor.prowintw","author_link":"https:\/\/prowin-tools.com.tw\/pt\/author\/"},"uagb_comment_info":0,"uagb_excerpt":"K-528G\u662fHVLP\u4f4e\u58d3\u74b0\u4fdd\u91cd\u529b\u5f0f\u5674\u69cd\uff0c\u7bc0\u7701\u6210\u672c\u548c\u6750\u6599\uff0c\u9069\u7528\u65bc\u6c7d\u8eca\u677f\u91d1\u4fee\u5fa9\u53ca\u5857\u88dd(\u6c7d\u8eca\u5e95\u6f06\u3001\u6c7d\u8eca\u6f06)\u3001\u5bb6\u5177\u8868&hellip;","_links":{"self":[{"href":"https:\/\/prowin-tools.com.tw\/pt\/wp-json\/wp\/v2\/product\/6383","targetHints":{"allow":["GET"]}}],"collection":[{"href":"https:\/\/prowin-tools.com.tw\/pt\/wp-json\/wp\/v2\/product"}],"about":[{"href":"https:\/\/prowin-tools.com.tw\/pt\/wp-json\/wp\/v2\/types\/product"}],"replies":[{"embeddable":true,"href":"https:\/\/prowin-tools.com.tw\/pt\/wp-json\/wp\/v2\/comments?post=6383"}],"version-history":[{"count":4,"href":"https:\/\/prowin-tools.com.tw\/pt\/wp-json\/wp\/v2\/product\/6383\/revisions"}],"predecessor-version":[{"id":7823,"href":"https:\/\/prowin-tools.com.tw\/pt\/wp-json\/wp\/v2\/product\/6383\/revisions\/7823"}],"wp:featuredmedia":[{"embeddable":true,"href":"https:\/\/prowin-tools.com.tw\/pt\/wp-json\/wp\/v2\/media\/6288"}],"wp:attachment":[{"href":"https:\/\/prowin-tools.com.tw\/pt\/wp-json\/wp\/v2\/media?parent=6383"}],"wp:term":[{"taxonomy":"product_cat","embeddable":true,"href":"https:\/\/prowin-tools.com.tw\/pt\/wp-json\/wp\/v2\/product_cat?post=6383"},{"taxonomy":"product_tag","embeddable":true,"href":"https:\/\/prowin-tools.com.tw\/pt\/wp-json\/wp\/v2\/product_tag?post=6383"}],"curies":[{"name":"wp","href":"https:\/\/api.w.org\/{rel}","templated":true}]}}