{"id":6385,"date":"2023-05-08T03:25:06","date_gmt":"2023-05-08T03:25:06","guid":{"rendered":"https:\/\/prowin-tools.com.tw\/product\/k-528p-hvlp%e4%bd%8e%e5%a3%93%e7%92%b0%e4%bf%9d-%e6%b0%a3%e5%8b%95%e5%99%b4%e6%a7%8d\/"},"modified":"2024-02-20T05:42:16","modified_gmt":"2024-02-20T05:42:16","slug":"k-528p-hvlp-air-spray-gun","status":"publish","type":"product","link":"https:\/\/prowin-tools.com.tw\/pt\/produto\/k-528p-hvlp-air-spray-gun\/","title":{"rendered":"K-528P HVLP Prote\u00e7\u00e3o Ambiental de Baixa Press\u00e3o\/Pistola de Pulveriza\u00e7\u00e3o Pneum\u00e1tica"},"content":{"rendered":"<h2 style=\"font-size: 1.5vw; font-weight: normal;\">\u9019\u6b3e\u4f4e\u58d3\u74b0\u4fdd\u91cd\u529b\u5f0f\u5674\u69cd\uff0c\u4f7f\u7528 <strong>HVLP \u5674\u69cd\u5957\u7d44<\/strong>\uff0c\u63a1\u7528\u91cd\u529b\u9032\u6599\u8a2d\u8a08\u6e1b\u5c11\u5857\u6599\u676f\u4e2d\u6b98\u7559\u6750\u6599\u7684\u6d6a\u8cbb\uff0c\u5f9e\u800c\u5e6b\u52a9\u60a8\u7bc0\u7701\u6210\u672c\u548c\u6750\u6599\uff1b\u5674\u5634\u548c\u91dd\u982d\u7686\u7531\u7cbe\u5bc6\u4e0d\u93fd\u92fc\u6240\u88fd\u6210\uff0c\u6027\u80fd\u5353\u8d8a\uff0c\u4f7f\u7528\u58fd\u547d\u9577\uff0c\u9069\u7528\u65bc\u6cb9\u6027\u548c\u6c34\u6027\u5857\u6599\uff0c\u5305\u542b: \u6c7d\u8eca\u5e95\u6f06\u3001\u5bb6\u5177\u8868\u9762\u5857\u88dd\u3001\u58c1\u756b\u3001\u85dd\u8853\u5de5\u85dd\u54c1\u3001\u6c7d\u8eca\u6f06\u3001\u5e03\u5674\u6f06\u3001\u57fa\u790e\u5857\u6599&#8230;\u7b49\u3002<\/h2>\n<h3 style=\"font-size: 1.5vw; font-weight: normal;\">\u4e3b\u8981\u7528\u65bc\u8239\u96bb\u5857\u88dd\u3001\u6c7d\u8eca (\u677f\u91d1) \u4fee\u88dc\u3001\u5c45\u5bb6\u5857\u88dd\u3001\u5de5\u696d\/\u5efa\u7bc9\u7528\u9014\u3001\u6728\u6750\u5de5\u4f5c&#8230;\u7b49\u3002<br \/>\nOs acess\u00f3rios incluem: escova de limpeza, chave inglesa e filtro de tinta.<br \/>\nNesta s\u00e9rie, fornecemos pistolas de pulveriza\u00e7\u00e3o profissionais HP, tipos de pistolas de pulveriza\u00e7\u00e3o de prote\u00e7\u00e3o ambiental de baixa press\u00e3o HVLP, tipos de pistolas de pulveriza\u00e7\u00e3o de prote\u00e7\u00e3o ambiental de baixa press\u00e3o e alto desempenho LVLP.<\/h3>\n<table id=\"tabs-nav\" class=\"xl756500\" border=\"1\" cellspacing=\"0\" cellpadding=\"5\">\n<tbody>\n<tr bgcolor=\"#EFEFEF\">\n<th class=\"xl826500\" colspan=\"5\" nowrap=\"nowrap\" bgcolor=\"#EFEFEF\">\n<div align=\"center\">especifica\u00e7\u00f5es do produto<\/div>\n<\/th>\n<th class=\"xl826500\" colspan=\"2\" nowrap=\"nowrap\" bgcolor=\"#EFEFEF\">\n<div align=\"center\">Grupo de bicos<\/div>\n<\/th>\n<\/tr>\n<tr bgcolor=\"#E6E6E6\">\n<th class=\"xl826500\" nowrap=\"nowrap\" bgcolor=\"#EFEFEF\">\n<div align=\"center\">modelo<\/div>\n<\/th>\n<th class=\"xl666500\" nowrap=\"nowrap\" bgcolor=\"#EFEFEF\">\n<div align=\"center\">Tamanho do bico<\/div>\n<\/th>\n<th class=\"xl676500\" nowrap=\"nowrap\" bgcolor=\"#EFEFEF\">\n<div align=\"center\">fluxo<\/div>\n<\/th>\n<th class=\"xl686500\" nowrap=\"nowrap\" bgcolor=\"#EFEFEF\">\n<div align=\"center\">arco de pulveriza\u00e7\u00e3o<\/div>\n<\/th>\n<th class=\"xl696500\" nowrap=\"nowrap\" bgcolor=\"#EFEFEF\">\n<div align=\"center\">Consumo de ar<\/div>\n<\/th>\n<th class=\"xl826500\" nowrap=\"nowrap\" bgcolor=\"#EFEFEF\">\n<div align=\"center\">N\u00famero da pe\u00e7a<\/div>\n<\/th>\n<th class=\"xl666500\" nowrap=\"nowrap\" bgcolor=\"#EFEFEF\">\n<div align=\"center\">Tamanho do bico<\/div>\n<\/th>\n<\/tr>\n<tr>\n<td class=\"xl70\">\n<div align=\"center\">K-528P-12<\/div>\n<\/td>\n<td class=\"xl70\">\n<div align=\"center\">1,2 mm<\/div>\n<\/td>\n<td class=\"xl72\">\n<div align=\"center\">140 mm<\/div>\n<\/td>\n<td class=\"xl72\">\n<div align=\"center\">290 mm<\/div>\n<\/td>\n<td class=\"xl72\">\n<div align=\"center\">260 mm<\/div>\n<\/td>\n<td class=\"xl70\">\n<div align=\"center\">SG018-528-12<\/div>\n<\/td>\n<td class=\"xl70\">\n<div align=\"center\">1,2 mm<\/div>\n<\/td>\n<\/tr>\n<tr>\n<td class=\"xl70\">\n<div align=\"center\">K-528P-14<\/div>\n<\/td>\n<td class=\"xl70\">\n<div align=\"center\">1,4 mm<\/div>\n<\/td>\n<td class=\"xl72\">\n<div align=\"center\">140 mm<\/div>\n<\/td>\n<td class=\"xl72\">\n<div align=\"center\">300 mil\u00edmetros<\/div>\n<\/td>\n<td class=\"xl72\">\n<div align=\"center\">260 mm<\/div>\n<\/td>\n<td class=\"xl70\">\n<div align=\"center\">SG018-528-14<\/div>\n<\/td>\n<td class=\"xl70\">\n<div align=\"center\">1,4 mm<\/div>\n<\/td>\n<\/tr>\n<tr>\n<td class=\"xl70\">\n<div align=\"center\">K-528P-17<\/div>\n<\/td>\n<td class=\"xl70\">\n<div align=\"center\">1,7mm<\/div>\n<\/td>\n<td class=\"xl72\">\n<div align=\"center\">155mm<\/div>\n<\/td>\n<td class=\"xl72\">\n<div align=\"center\">300 mil\u00edmetros<\/div>\n<\/td>\n<td class=\"xl72\">\n<div align=\"center\">260 mm<\/div>\n<\/td>\n<td class=\"xl70\">\n<div align=\"center\">SG018-528-17<\/div>\n<\/td>\n<td class=\"xl70\">\n<div align=\"center\">1,7mm<\/div>\n<\/td>\n<\/tr>\n<tr>\n<td class=\"xl70\">\n<div align=\"center\">K-528P-20<\/div>\n<\/td>\n<td class=\"xl70\">\n<div align=\"center\">2,0mm<\/div>\n<\/td>\n<td class=\"xl72\">\n<div align=\"center\">180 mm<\/div>\n<\/td>\n<td class=\"xl72\">\n<div align=\"center\">310 mm<\/div>\n<\/td>\n<td class=\"xl72\">\n<div align=\"center\">260 mm<\/div>\n<\/td>\n<td class=\"xl70\">\n<div align=\"center\">SG018-528-20<\/div>\n<\/td>\n<td class=\"xl70\">\n<div align=\"center\">2,0mm<\/div>\n<\/td>\n<\/tr>\n<tr>\n<td class=\"xl78\" colspan=\"3\" valign=\"top\">\n<div align=\"left\">\u2022 Tipo: Tipo de alimenta\u00e7\u00e3o por press\u00e3o<br \/>\n\u2022 Capacidade de pintura: N\u00e3o<br \/>\n\u2022 \u6f06\u6599\u63a5\u982d : 3\/8&#8243;<br \/>\n\u2022 Conector de entrada: 1\/4\u2033<\/div>\n<div align=\"left\"><\/div>\n<\/td>\n<td class=\"xl80\" colspan=\"2\" valign=\"top\">\u2022 Press\u00e3o de entrada: 20~28 psi<br \/>\n\u2022 \u6a5f\u9ad4\u6de8\u91cd : 482 gs<\/td>\n<td class=\"xl78\" colspan=\"2\">\n<div align=\"center\"><img decoding=\"async\" class=\"alignnone size-full wp-image-8518\" src=\"http:\/\/www.prowin-tools.com\/wp-content\/uploads\/2022\/04\/506528523Nozzle-Set.png\" alt=\"K-528P\" \/><\/div>\n<\/td>\n<\/tr>\n<\/tbody>\n<\/table>","protected":false},"excerpt":{"rendered":"<h2 style=\"font-size: 1.5vw; font-weight: normal;\">\u63a1\u7528\u91cd\u529b\u9032\u6599\u8a2d\u8a08\u6e1b\u5c11\u5857\u6599\u676f\u4e2d\u6b98\u7559\u6750\u6599\u7684\u6d6a\u8cbb\uff0c\u5f9e\u800c\u5e6b\u52a9\u60a8\u7bc0\u7701\u6210\u672c\u548c\u6750\u6599\uff0c\u9069\u7528\u65bc\u6cb9\u6027\u548c\u6c34\u6027\u5857\u6599\uff0c\u5305\u542b: \u6c7d\u8eca\u5e95\u6f06\u3001\u5bb6\u5177\u8868\u9762\u5857\u88dd\u3001\u58c1\u756b\u3001\u85dd\u8853\u5de5\u85dd\u54c1\u3001\u6c7d\u8eca\u6f06\u3001\u5e03\u5674\u6f06\u3001\u57fa\u790e\u5857\u6599&#8230;\u7b49\u3002<\/h2>","protected":false},"featured_media":6290,"comment_status":"open","ping_status":"closed","template":"","meta":{"qubely_global_settings":"","qubely_interactions":"","_uag_custom_page_level_css":"","site-sidebar-layout":"default","site-content-layout":"default","ast-site-content-layout":"default","site-content-style":"default","site-sidebar-style":"default","ast-global-header-display":"","ast-banner-title-visibility":"","ast-main-header-display":"","ast-hfb-above-header-display":"","ast-hfb-below-header-display":"","ast-hfb-mobile-header-display":"","site-post-title":"","ast-breadcrumbs-content":"","ast-featured-img":"","footer-sml-layout":"","theme-transparent-header-meta":"default","adv-header-id-meta":"","stick-header-meta":"default","header-above-stick-meta":"","header-main-stick-meta":"","header-below-stick-meta":"","astra-migrate-meta-layouts":"set","ast-page-background-enabled":"default","ast-page-background-meta":{"desktop":{"background-color":"","background-image":"","background-repeat":"repeat","background-position":"center center","background-size":"auto","background-attachment":"scroll","background-type":"","background-media":"","overlay-type":"","overlay-color":"","overlay-gradient":""},"tablet":{"background-color":"","background-image":"","background-repeat":"repeat","background-position":"center center","background-size":"auto","background-attachment":"scroll","background-type":"","background-media":"","overlay-type":"","overlay-color":"","overlay-gradient":""},"mobile":{"background-color":"","background-image":"","background-repeat":"repeat","background-position":"center center","background-size":"auto","background-attachment":"scroll","background-type":"","background-media":"","overlay-type":"","overlay-color":"","overlay-gradient":""}},"ast-content-background-meta":{"desktop":{"background-color":"var(--ast-global-color-5)","background-image":"","background-repeat":"repeat","background-position":"center center","background-size":"auto","background-attachment":"scroll","background-type":"","background-media":"","overlay-type":"","overlay-color":"","overlay-gradient":""},"tablet":{"background-color":"var(--ast-global-color-5)","background-image":"","background-repeat":"repeat","background-position":"center center","background-size":"auto","background-attachment":"scroll","background-type":"","background-media":"","overlay-type":"","overlay-color":"","overlay-gradient":""},"mobile":{"background-color":"var(--ast-global-color-5)","background-image":"","background-repeat":"repeat","background-position":"center center","background-size":"auto","background-attachment":"scroll","background-type":"","background-media":"","overlay-type":"","overlay-color":"","overlay-gradient":""}},"_themeisle_gutenberg_block_has_review":false},"product_cat":[72,131],"product_tag":[127,146,152,319],"class_list":{"0":"post-6385","1":"product","2":"type-product","3":"status-publish","4":"has-post-thumbnail","6":"product_cat-air-spray-gun","7":"product_cat-hvlp-air-spray-gun","8":"product_tag-hvlp","10":"product_tag-hvlp-air-spray-gun","11":"product_tag-k-528p","12":"desktop-align-left","13":"tablet-align-left","14":"mobile-align-left","15":"ast-product-gallery-layout-horizontal","16":"ast-product-gallery-with-no-image","17":"ast-product-tabs-layout-horizontal","18":"ast-qv-on-image","20":"","21":"instock","22":"shipping-taxable","23":"purchasable","24":"product-type-simple"},"uagb_featured_image_src":{"full":["https:\/\/prowin-tools.com.tw\/wp-content\/uploads\/2023\/05\/K-506P-K-528P-Air-Spray-Gun.jpg",1000,1000,false],"thumbnail":["https:\/\/prowin-tools.com.tw\/wp-content\/uploads\/2023\/05\/K-506P-K-528P-Air-Spray-Gun-150x150.jpg",150,150,true],"medium":["https:\/\/prowin-tools.com.tw\/wp-content\/uploads\/2023\/05\/K-506P-K-528P-Air-Spray-Gun-300x300.jpg",300,300,true],"medium_large":["https:\/\/prowin-tools.com.tw\/wp-content\/uploads\/2023\/05\/K-506P-K-528P-Air-Spray-Gun-768x768.jpg",768,768,true],"large":["https:\/\/prowin-tools.com.tw\/wp-content\/uploads\/2023\/05\/K-506P-K-528P-Air-Spray-Gun.jpg",1000,1000,false],"1536x1536":["https:\/\/prowin-tools.com.tw\/wp-content\/uploads\/2023\/05\/K-506P-K-528P-Air-Spray-Gun.jpg",1000,1000,false],"2048x2048":["https:\/\/prowin-tools.com.tw\/wp-content\/uploads\/2023\/05\/K-506P-K-528P-Air-Spray-Gun.jpg",1000,1000,false],"trp-custom-language-flag":["https:\/\/prowin-tools.com.tw\/wp-content\/uploads\/2023\/05\/K-506P-K-528P-Air-Spray-Gun-12x12.jpg",12,12,true],"qubely_landscape":["https:\/\/prowin-tools.com.tw\/wp-content\/uploads\/2023\/05\/K-506P-K-528P-Air-Spray-Gun-1000x750.jpg",1000,750,true],"qubely_portrait":["https:\/\/prowin-tools.com.tw\/wp-content\/uploads\/2023\/05\/K-506P-K-528P-Air-Spray-Gun-540x320.jpg",540,320,true],"qubely_thumbnail":["https:\/\/prowin-tools.com.tw\/wp-content\/uploads\/2023\/05\/K-506P-K-528P-Air-Spray-Gun-140x100.jpg",140,100,true],"woocommerce_thumbnail":["https:\/\/prowin-tools.com.tw\/wp-content\/uploads\/2023\/05\/K-506P-K-528P-Air-Spray-Gun-350x350.jpg",350,350,true],"woocommerce_single":["https:\/\/prowin-tools.com.tw\/wp-content\/uploads\/2023\/05\/K-506P-K-528P-Air-Spray-Gun-600x600.jpg",600,600,true],"woocommerce_gallery_thumbnail":["https:\/\/prowin-tools.com.tw\/wp-content\/uploads\/2023\/05\/K-506P-K-528P-Air-Spray-Gun-100x100.jpg",100,100,true]},"uagb_author_info":{"display_name":"editor.prowintw","author_link":"https:\/\/prowin-tools.com.tw\/pt\/author\/"},"uagb_comment_info":0,"uagb_excerpt":"\u63a1\u7528\u91cd\u529b\u9032\u6599\u8a2d\u8a08\u6e1b\u5c11\u5857\u6599\u676f\u4e2d\u6b98\u7559\u6750\u6599\u7684\u6d6a\u8cbb\uff0c\u5f9e\u800c\u5e6b\u52a9\u60a8\u7bc0\u7701\u6210\u672c\u548c\u6750\u6599\uff0c\u9069\u7528\u65bc\u6cb9\u6027\u548c\u6c34\u6027\u5857\u6599\uff0c\u5305\u542b: \u6c7d\u8eca\u5e95\u6f06\u3001&hellip;","_links":{"self":[{"href":"https:\/\/prowin-tools.com.tw\/pt\/wp-json\/wp\/v2\/product\/6385","targetHints":{"allow":["GET"]}}],"collection":[{"href":"https:\/\/prowin-tools.com.tw\/pt\/wp-json\/wp\/v2\/product"}],"about":[{"href":"https:\/\/prowin-tools.com.tw\/pt\/wp-json\/wp\/v2\/types\/product"}],"replies":[{"embeddable":true,"href":"https:\/\/prowin-tools.com.tw\/pt\/wp-json\/wp\/v2\/comments?post=6385"}],"version-history":[{"count":3,"href":"https:\/\/prowin-tools.com.tw\/pt\/wp-json\/wp\/v2\/product\/6385\/revisions"}],"predecessor-version":[{"id":7863,"href":"https:\/\/prowin-tools.com.tw\/pt\/wp-json\/wp\/v2\/product\/6385\/revisions\/7863"}],"wp:featuredmedia":[{"embeddable":true,"href":"https:\/\/prowin-tools.com.tw\/pt\/wp-json\/wp\/v2\/media\/6290"}],"wp:attachment":[{"href":"https:\/\/prowin-tools.com.tw\/pt\/wp-json\/wp\/v2\/media?parent=6385"}],"wp:term":[{"taxonomy":"product_cat","embeddable":true,"href":"https:\/\/prowin-tools.com.tw\/pt\/wp-json\/wp\/v2\/product_cat?post=6385"},{"taxonomy":"product_tag","embeddable":true,"href":"https:\/\/prowin-tools.com.tw\/pt\/wp-json\/wp\/v2\/product_tag?post=6385"}],"curies":[{"name":"wp","href":"https:\/\/api.w.org\/{rel}","templated":true}]}}