{"id":6404,"date":"2023-05-08T03:25:08","date_gmt":"2023-05-08T03:25:08","guid":{"rendered":"https:\/\/prowin-tools.com.tw\/product\/kl-528m-lvlp%e5%ba%95%e5%a3%93%e9%ab%98%e6%95%88%e8%83%bd%e7%92%b0%e4%bf%9d-%e6%b0%a3%e5%8b%95%e5%99%b4%e6%a7%8d\/"},"modified":"2024-02-16T07:27:24","modified_gmt":"2024-02-16T07:27:24","slug":"kl-528m-lvlp-air-spray-gun","status":"publish","type":"product","link":"https:\/\/prowin-tools.com.tw\/pt\/produto\/kl-528m-lvlp-air-spray-gun\/","title":{"rendered":"KL-528M LVLP de baixa press\u00e3o de alta efici\u00eancia prote\u00e7\u00e3o ambiental\/pistola de pulveriza\u00e7\u00e3o pneum\u00e1tica"},"content":{"rendered":"<h2 style=\"font-size: 1.5vw; font-weight: normal;\">\u5674\u5634\u548c\u6c23\u7f69\u4f7f\u5f97\u5674\u69cd\u64c1\u6709\u5353\u8d8a\u7684\u9727\u5316\u6548\u679c\uff0c\u9069\u7528\u65bc\u6cb9\u6027\u548c\u6c34\u6027\u5857\u6599\uff0c\u5674\u5634\u548c\u91dd\u982d\u7686\u7531\u7cbe\u5bc6\u4e0d\u93fd\u92fc\u6240\u88fd\u6210\uff0c\u6027\u80fd\u5353\u8d8a\uff0c\u4f7f\u7528\u58fd\u547d\u9577\uff0c\u61c9\u7528\u5728\u6240\u6709\u5de5\u696d\u4ee5\u53ca\u4e00\u822c\u5674\u5857\uff0c\u4f8b\u5982: \u6c7d\u8eca(\u677f\u91d1)\u4fee\u88dc\u3001\u8239\u8236\u5857\u88dd\u3001\u5efa\u7bc9\u5857\u88dd\u3001\u6728\u6750\u5de5\u4f5c&#8230;\u7b49\u3002<br \/>\nOs acess\u00f3rios incluem: copo de tinta de 600 cc, escova de limpeza, chave inglesa e filtro spray.<br \/>\nNesta s\u00e9rie, fornecemos pistolas de pulveriza\u00e7\u00e3o profissionais HP, tipos de pistolas de pulveriza\u00e7\u00e3o de prote\u00e7\u00e3o ambiental de baixa press\u00e3o HVLP, tipos de pistolas de pulveriza\u00e7\u00e3o de prote\u00e7\u00e3o ambiental de baixa press\u00e3o e alto desempenho LVLP.<\/h2>\n<table id=\"tabs-nav\" class=\"xl756500\" border=\"1\" cellspacing=\"0\" cellpadding=\"5\">\n<tbody>\n<tr bgcolor=\"#EFEFEF\">\n<th class=\"xl826500\" colspan=\"5\" nowrap=\"nowrap\" bgcolor=\"#EFEFEF\">\n<div align=\"center\">especifica\u00e7\u00f5es do produto<\/div>\n<\/th>\n<th class=\"xl826500\" colspan=\"2\" nowrap=\"nowrap\" bgcolor=\"#EFEFEF\">\n<div align=\"center\">Grupo de bicos<\/div>\n<\/th>\n<\/tr>\n<tr bgcolor=\"#E6E6E6\">\n<th class=\"xl826500\" nowrap=\"nowrap\" bgcolor=\"#EFEFEF\">\n<div align=\"center\">modelo<\/div>\n<\/th>\n<th class=\"xl666500\" nowrap=\"nowrap\" bgcolor=\"#EFEFEF\">\n<div align=\"center\">Tamanho do bico<\/div>\n<\/th>\n<th class=\"xl676500\" nowrap=\"nowrap\" bgcolor=\"#EFEFEF\">\n<div align=\"center\">fluxo<\/div>\n<\/th>\n<th class=\"xl686500\" nowrap=\"nowrap\" bgcolor=\"#EFEFEF\">\n<div align=\"center\">arco de pulveriza\u00e7\u00e3o<\/div>\n<\/th>\n<th class=\"xl696500\" nowrap=\"nowrap\" bgcolor=\"#EFEFEF\">\n<div align=\"center\">Consumo de ar<\/div>\n<\/th>\n<th class=\"xl826500\" nowrap=\"nowrap\" bgcolor=\"#EFEFEF\">\n<div align=\"center\">N\u00famero da pe\u00e7a<\/div>\n<\/th>\n<th class=\"xl666500\" nowrap=\"nowrap\" bgcolor=\"#EFEFEF\">\n<div align=\"center\">Tamanho do bico<\/div>\n<\/th>\n<\/tr>\n<tr>\n<td class=\"xl84\">\n<div align=\"center\">KL-528M-10<\/div>\n<\/td>\n<td class=\"xl83\">\n<div align=\"center\">1,0 mm<\/div>\n<\/td>\n<td class=\"xl92\">\n<div align=\"center\">85ml<\/div>\n<\/td>\n<td class=\"xl91\">\n<div align=\"center\">290 mm<\/div>\n<\/td>\n<td class=\"xl90\">\n<div align=\"center\">250 l\/min<\/div>\n<\/td>\n<td class=\"xl84\">\n<div align=\"center\">SG028-528-10<\/div>\n<\/td>\n<td class=\"xl83\">\n<div align=\"center\">1,0 mm<\/div>\n<\/td>\n<\/tr>\n<tr>\n<td class=\"xl93\">\n<div align=\"center\">KL-528M-12<\/div>\n<\/td>\n<td class=\"xl79\">\n<div align=\"center\">1,2 mm<\/div>\n<\/td>\n<td class=\"xl82\">\n<div align=\"center\">105ml<\/div>\n<\/td>\n<td class=\"xl81\">\n<div align=\"center\">300 mil\u00edmetros<\/div>\n<\/td>\n<td class=\"xl80\">\n<div align=\"center\">250 l\/min<\/div>\n<\/td>\n<td class=\"xl93\">\n<div align=\"center\">SG028-528-12<\/div>\n<\/td>\n<td class=\"xl79\">\n<div align=\"center\">1,2 mm<\/div>\n<\/td>\n<\/tr>\n<tr>\n<td class=\"xl93\">\n<div align=\"center\">KL-528M-13<\/div>\n<\/td>\n<td class=\"xl79\">\n<div align=\"center\">1,3 mm<\/div>\n<\/td>\n<td class=\"xl82\">\n<div align=\"center\">140ml<\/div>\n<\/td>\n<td class=\"xl81\">\n<div align=\"center\">300 mil\u00edmetros<\/div>\n<\/td>\n<td class=\"xl80\">\n<div align=\"center\">250 l\/min<\/div>\n<\/td>\n<td class=\"xl93\">\n<div align=\"center\">SG028-528-13<\/div>\n<\/td>\n<td class=\"xl79\">\n<div align=\"center\">1,3 mm<\/div>\n<\/td>\n<\/tr>\n<tr>\n<td class=\"xl93\">\n<div align=\"center\">KL-528M-14<\/div>\n<\/td>\n<td class=\"xl79\">\n<div align=\"center\">1,4 mm<\/div>\n<\/td>\n<td class=\"xl82\">\n<div align=\"center\">150ml<\/div>\n<\/td>\n<td class=\"xl81\">\n<div align=\"center\">300 mil\u00edmetros<\/div>\n<\/td>\n<td class=\"xl80\">\n<div align=\"center\">250 l\/min<\/div>\n<\/td>\n<td class=\"xl93\">\n<div align=\"center\">SG028-528-14<\/div>\n<\/td>\n<td class=\"xl79\">\n<div align=\"center\">1,4 mm<\/div>\n<\/td>\n<\/tr>\n<tr>\n<td class=\"xl93\">\n<div align=\"center\">KL-528M-17<\/div>\n<\/td>\n<td class=\"xl79\">\n<div align=\"center\">1,7mm<\/div>\n<\/td>\n<td class=\"xl82\">\n<div align=\"center\">160ml<\/div>\n<\/td>\n<td class=\"xl81\">\n<div align=\"center\">310 mm<\/div>\n<\/td>\n<td class=\"xl80\">\n<div align=\"center\">250 l\/min<\/div>\n<\/td>\n<td class=\"xl93\">\n<div align=\"center\">SG028-528-17<\/div>\n<\/td>\n<td class=\"xl79\">\n<div align=\"center\">1,7mm<\/div>\n<\/td>\n<\/tr>\n<tr>\n<td class=\"xl93\">\n<div align=\"center\">KL-528M-20<\/div>\n<\/td>\n<td class=\"xl79\">\n<div align=\"center\">2,0mm<\/div>\n<\/td>\n<td class=\"xl82\">\n<div align=\"center\">190ml<\/div>\n<\/td>\n<td class=\"xl81\">\n<div align=\"center\">310 mm<\/div>\n<\/td>\n<td class=\"xl80\">\n<div align=\"center\">250 l\/min<\/div>\n<\/td>\n<td class=\"xl93\">\n<div align=\"center\">SG028-528-20<\/div>\n<\/td>\n<td class=\"xl79\">\n<div align=\"center\">2,0mm<\/div>\n<\/td>\n<\/tr>\n<tr>\n<td class=\"xl93\">\n<div align=\"center\">KL-528M-24<\/div>\n<\/td>\n<td class=\"xl79\">\n<div align=\"center\">2,4mm<\/div>\n<\/td>\n<td class=\"xl82\">\n<div align=\"center\">235ml<\/div>\n<\/td>\n<td class=\"xl81\">\n<div align=\"center\">320mm<\/div>\n<\/td>\n<td class=\"xl80\">\n<div align=\"center\">250 l\/min<\/div>\n<\/td>\n<td class=\"xl93\">\n<div align=\"center\">SG028-528-24<\/div>\n<\/td>\n<td class=\"xl79\">\n<div align=\"center\">2,4mm<\/div>\n<\/td>\n<\/tr>\n<tr>\n<td class=\"xl86\">\n<div align=\"center\">KL-528M-28<\/div>\n<\/td>\n<td class=\"xl85\">\n<div align=\"center\">2,8mm<\/div>\n<\/td>\n<td class=\"xl89\">\n<div align=\"center\">280ml<\/div>\n<\/td>\n<td class=\"xl88\">\n<div align=\"center\">330 mm<\/div>\n<\/td>\n<td class=\"xl87\">\n<div align=\"center\">250 l\/min<\/div>\n<\/td>\n<td class=\"xl86\">\n<div align=\"center\">SG028-528-28<\/div>\n<\/td>\n<td class=\"xl85\">\n<div align=\"center\">2,8mm<\/div>\n<\/td>\n<\/tr>\n<tr>\n<td class=\"xl75\" colspan=\"2\" valign=\"top\" nowrap=\"nowrap\">\n<div align=\"left\">\u2022 Tipo: tipo gravidade<br \/>\n\u2022 Capacidade de tinta: 600 cc<br \/>\n\u2022 Conector de pintura: M16\u00d71,5P<br \/>\n\u2022 Conector de entrada: 1\/4\u2033<\/div>\n<\/td>\n<td class=\"xl77\" colspan=\"3\" valign=\"top\" nowrap=\"nowrap\">\n<div align=\"left\">\u2022 Press\u00e3o de entrada: 20~28 psi<br \/>\n\u2022 Peso l\u00edquido: 476 g<\/div>\n<\/td>\n<td class=\"xl93\" colspan=\"2\">\n<div align=\"center\"><img decoding=\"async\" class=\"alignnone size-full wp-image-8518\" src=\"http:\/\/www.prowin-tools.com\/wp-content\/uploads\/2022\/04\/506528523Nozzle-Set.png\" alt=\"KL-528M\" \/><\/div>\n<\/td>\n<\/tr>\n<\/tbody>\n<\/table>","protected":false},"excerpt":{"rendered":"<h2 style=\"font-size: 1.5vw; font-weight: normal;\">KL-528M LVLP\u4f4e\u58d3\u9ad8\u6548\u80fd\u74b0\u4fdd\/\u6c23\u52d5\u5674\u69cd\u7684\u5674\u5634\u548c\u6c23\u7f69\u4f7f\u5f97\u5674\u69cd\u64c1\u6709\u5353\u8d8a\u7684\u9727\u5316\u6548\u679c\uff0c\u61c9\u7528\u5728\u6240\u6709\u5de5\u696d\u4ee5\u53ca\u4e00\u822c\u5674\u5857\uff0c\u4f8b\u5982: \u6c7d\u8eca(\u677f\u91d1)\u4fee\u88dc\u3001\u8239\u8236\u5857\u88dd\u3001\u5efa\u7bc9\u5857\u88dd\u3001\u6728\u6750\u5de5\u4f5c&#8230;\u7b49\u3002<\/h2>","protected":false},"featured_media":6289,"comment_status":"open","ping_status":"closed","template":"","meta":{"qubely_global_settings":"","qubely_interactions":"","_uag_custom_page_level_css":"","site-sidebar-layout":"default","site-content-layout":"default","ast-site-content-layout":"default","site-content-style":"default","site-sidebar-style":"default","ast-global-header-display":"","ast-banner-title-visibility":"","ast-main-header-display":"","ast-hfb-above-header-display":"","ast-hfb-below-header-display":"","ast-hfb-mobile-header-display":"","site-post-title":"","ast-breadcrumbs-content":"","ast-featured-img":"","footer-sml-layout":"","theme-transparent-header-meta":"default","adv-header-id-meta":"","stick-header-meta":"default","header-above-stick-meta":"","header-main-stick-meta":"","header-below-stick-meta":"","astra-migrate-meta-layouts":"set","ast-page-background-enabled":"default","ast-page-background-meta":{"desktop":{"background-color":"","background-image":"","background-repeat":"repeat","background-position":"center center","background-size":"auto","background-attachment":"scroll","background-type":"","background-media":"","overlay-type":"","overlay-color":"","overlay-gradient":""},"tablet":{"background-color":"","background-image":"","background-repeat":"repeat","background-position":"center center","background-size":"auto","background-attachment":"scroll","background-type":"","background-media":"","overlay-type":"","overlay-color":"","overlay-gradient":""},"mobile":{"background-color":"","background-image":"","background-repeat":"repeat","background-position":"center center","background-size":"auto","background-attachment":"scroll","background-type":"","background-media":"","overlay-type":"","overlay-color":"","overlay-gradient":""}},"ast-content-background-meta":{"desktop":{"background-color":"var(--ast-global-color-5)","background-image":"","background-repeat":"repeat","background-position":"center center","background-size":"auto","background-attachment":"scroll","background-type":"","background-media":"","overlay-type":"","overlay-color":"","overlay-gradient":""},"tablet":{"background-color":"var(--ast-global-color-5)","background-image":"","background-repeat":"repeat","background-position":"center center","background-size":"auto","background-attachment":"scroll","background-type":"","background-media":"","overlay-type":"","overlay-color":"","overlay-gradient":""},"mobile":{"background-color":"var(--ast-global-color-5)","background-image":"","background-repeat":"repeat","background-position":"center center","background-size":"auto","background-attachment":"scroll","background-type":"","background-media":"","overlay-type":"","overlay-color":"","overlay-gradient":""}},"_themeisle_gutenberg_block_has_review":false},"product_cat":[72,132],"product_tag":[142,143,256],"class_list":{"0":"post-6404","1":"product","2":"type-product","3":"status-publish","4":"has-post-thumbnail","6":"product_cat-air-spray-gun","7":"product_cat-lvlp-air-spray-gun","8":"product_tag-lvlp","9":"product_tag-lvlp-spray-gun","10":"product_tag-256","11":"desktop-align-left","12":"tablet-align-left","13":"mobile-align-left","14":"ast-product-gallery-layout-horizontal","15":"ast-product-gallery-with-no-image","16":"ast-product-tabs-layout-horizontal","17":"ast-qv-on-image","19":"","20":"instock","21":"shipping-taxable","22":"purchasable","23":"product-type-simple"},"uagb_featured_image_src":{"full":["https:\/\/prowin-tools.com.tw\/wp-content\/uploads\/2023\/05\/K-506M-K-528M-Air-Spray-Gun.jpg",1000,1000,false],"thumbnail":["https:\/\/prowin-tools.com.tw\/wp-content\/uploads\/2023\/05\/K-506M-K-528M-Air-Spray-Gun-150x150.jpg",150,150,true],"medium":["https:\/\/prowin-tools.com.tw\/wp-content\/uploads\/2023\/05\/K-506M-K-528M-Air-Spray-Gun-300x300.jpg",300,300,true],"medium_large":["https:\/\/prowin-tools.com.tw\/wp-content\/uploads\/2023\/05\/K-506M-K-528M-Air-Spray-Gun-768x768.jpg",768,768,true],"large":["https:\/\/prowin-tools.com.tw\/wp-content\/uploads\/2023\/05\/K-506M-K-528M-Air-Spray-Gun.jpg",1000,1000,false],"1536x1536":["https:\/\/prowin-tools.com.tw\/wp-content\/uploads\/2023\/05\/K-506M-K-528M-Air-Spray-Gun.jpg",1000,1000,false],"2048x2048":["https:\/\/prowin-tools.com.tw\/wp-content\/uploads\/2023\/05\/K-506M-K-528M-Air-Spray-Gun.jpg",1000,1000,false],"trp-custom-language-flag":["https:\/\/prowin-tools.com.tw\/wp-content\/uploads\/2023\/05\/K-506M-K-528M-Air-Spray-Gun-12x12.jpg",12,12,true],"qubely_landscape":["https:\/\/prowin-tools.com.tw\/wp-content\/uploads\/2023\/05\/K-506M-K-528M-Air-Spray-Gun-1000x750.jpg",1000,750,true],"qubely_portrait":["https:\/\/prowin-tools.com.tw\/wp-content\/uploads\/2023\/05\/K-506M-K-528M-Air-Spray-Gun-540x320.jpg",540,320,true],"qubely_thumbnail":["https:\/\/prowin-tools.com.tw\/wp-content\/uploads\/2023\/05\/K-506M-K-528M-Air-Spray-Gun-140x100.jpg",140,100,true],"woocommerce_thumbnail":["https:\/\/prowin-tools.com.tw\/wp-content\/uploads\/2023\/05\/K-506M-K-528M-Air-Spray-Gun-350x350.jpg",350,350,true],"woocommerce_single":["https:\/\/prowin-tools.com.tw\/wp-content\/uploads\/2023\/05\/K-506M-K-528M-Air-Spray-Gun-600x600.jpg",600,600,true],"woocommerce_gallery_thumbnail":["https:\/\/prowin-tools.com.tw\/wp-content\/uploads\/2023\/05\/K-506M-K-528M-Air-Spray-Gun-100x100.jpg",100,100,true]},"uagb_author_info":{"display_name":"editor.prowintw","author_link":"https:\/\/prowin-tools.com.tw\/pt\/author\/"},"uagb_comment_info":0,"uagb_excerpt":"KL-528M LVLP\u4f4e\u58d3\u9ad8\u6548\u80fd\u74b0\u4fdd\/\u6c23\u52d5\u5674\u69cd\u7684\u5674\u5634\u548c\u6c23\u7f69\u4f7f\u5f97\u5674\u69cd\u64c1\u6709\u5353\u8d8a\u7684\u9727\u5316\u6548\u679c\uff0c\u61c9\u7528\u5728\u6240\u6709\u5de5\u696d\u4ee5\u53ca\u4e00\u822c&hellip;","_links":{"self":[{"href":"https:\/\/prowin-tools.com.tw\/pt\/wp-json\/wp\/v2\/product\/6404","targetHints":{"allow":["GET"]}}],"collection":[{"href":"https:\/\/prowin-tools.com.tw\/pt\/wp-json\/wp\/v2\/product"}],"about":[{"href":"https:\/\/prowin-tools.com.tw\/pt\/wp-json\/wp\/v2\/types\/product"}],"replies":[{"embeddable":true,"href":"https:\/\/prowin-tools.com.tw\/pt\/wp-json\/wp\/v2\/comments?post=6404"}],"version-history":[{"count":4,"href":"https:\/\/prowin-tools.com.tw\/pt\/wp-json\/wp\/v2\/product\/6404\/revisions"}],"predecessor-version":[{"id":7832,"href":"https:\/\/prowin-tools.com.tw\/pt\/wp-json\/wp\/v2\/product\/6404\/revisions\/7832"}],"wp:featuredmedia":[{"embeddable":true,"href":"https:\/\/prowin-tools.com.tw\/pt\/wp-json\/wp\/v2\/media\/6289"}],"wp:attachment":[{"href":"https:\/\/prowin-tools.com.tw\/pt\/wp-json\/wp\/v2\/media?parent=6404"}],"wp:term":[{"taxonomy":"product_cat","embeddable":true,"href":"https:\/\/prowin-tools.com.tw\/pt\/wp-json\/wp\/v2\/product_cat?post=6404"},{"taxonomy":"product_tag","embeddable":true,"href":"https:\/\/prowin-tools.com.tw\/pt\/wp-json\/wp\/v2\/product_tag?post=6404"}],"curies":[{"name":"wp","href":"https:\/\/api.w.org\/{rel}","templated":true}]}}