{"id":8383,"date":"2024-04-15T03:23:09","date_gmt":"2024-04-15T03:23:09","guid":{"rendered":"https:\/\/prowin-tools.com.tw\/?post_type=product&#038;p=8383"},"modified":"2024-04-15T03:48:12","modified_gmt":"2024-04-15T03:48:12","slug":"k-411m-%e5%b0%88%e6%a5%ad-%e6%b0%a3%e5%8b%95%e5%99%b4%e6%bc%86%e6%a7%8d","status":"publish","type":"product","link":"https:\/\/prowin-tools.com.tw\/pt\/produto\/k-411m-%e5%b0%88%e6%a5%ad-%e6%b0%a3%e5%8b%95%e5%99%b4%e6%bc%86%e6%a7%8d\/","title":{"rendered":"K-411M \u5c08\u696d \u6c23\u52d5\u5674\u6f06\u69cd"},"content":{"rendered":"<h2 style=\"font-size: 1.5vw; font-weight: normal;\">K-411M \u6c23\u52d5\u5674\u6f06\u69cd\u70ba\u50b3\u7d71\u5f0f\u91cd\u529b\u9001\u6599\uff0c\u61c9\u7528\u7bc4\u570d\u5305\u542b\u8239\u8236\u5857\u88dd\u3001\u6c7d\u8eca\u4fee\u88dc&#8230;\u7b49\u5404\u7a2e\u5de5\u696d\u7528\u9014\uff0c\u9069\u7528\u6c7d\u8eca\u4fee\u88dc\u6f06\u3001\u91d1\u5c6c\u6f06\u3001\u6a61\u81a0\u6f06&#8230;\u7b49\u3002<\/h2>\n<h3 style=\"font-size: 1.5vw; font-weight: normal;\">\u914d\u4ef6\u542b\u6709: 600c.c.\u91cd\u529b\u676f\u3001\u6273\u624b\u3001\u6e05\u6f54\u5237\u548c\u6cb9\u6f06\u904e\u6ffe\u5668\u3002<\/h3>\n<p>&nbsp;<\/p>\n<div class=\"woocommerce-tabs wc-tabs-wrapper\">\n<div id=\"tab-description\" class=\"woocommerce-Tabs-panel woocommerce-Tabs-panel--description panel entry-content wc-tab\" role=\"tabpanel\" aria-labelledby=\"tab-title-description\">\n<table id=\"tabs-nav\" class=\"xl756500\" border=\"1\" cellspacing=\"0\" cellpadding=\"5\">\n<tbody>\n<tr bgcolor=\"#EFEFEF\">\n<th class=\"xl826500\" colspan=\"5\" nowrap=\"nowrap\">\n<div align=\"center\">especifica\u00e7\u00f5es do produto<\/div>\n<\/th>\n<th class=\"xl826500\" colspan=\"2\" nowrap=\"nowrap\">\n<div align=\"center\">Grupo de bicos<\/div>\n<\/th>\n<\/tr>\n<tr bgcolor=\"#EFEFEF\">\n<th class=\"xl826500\" nowrap=\"nowrap\">\n<div align=\"center\">\u00a0 \u00a0 \u00a0 modelo<\/div>\n<\/th>\n<th class=\"xl666500\" nowrap=\"nowrap\">\n<div align=\"center\">Tamanho do bico<\/div>\n<\/th>\n<th class=\"xl676500\" nowrap=\"nowrap\">\n<div align=\"center\">fluxo<\/div>\n<\/th>\n<th class=\"xl686500\" nowrap=\"nowrap\">\n<div align=\"center\">arco de pulveriza\u00e7\u00e3o<\/div>\n<\/th>\n<th class=\"xl696500\" nowrap=\"nowrap\">\n<div align=\"center\">Consumo de ar<\/div>\n<\/th>\n<th class=\"xl826500\" nowrap=\"nowrap\">\n<div align=\"center\">N\u00famero da pe\u00e7a<\/div>\n<\/th>\n<th class=\"xl666500\" nowrap=\"nowrap\">\n<div align=\"center\">Tamanho do bico<\/div>\n<\/th>\n<\/tr>\n<tr>\n<td class=\"xl83\">\n<div align=\"center\">K-411M-12<\/div>\n<\/td>\n<td class=\"xl82\">\n<div align=\"center\">1,2 mm<\/div>\n<\/td>\n<td class=\"xl86\">\n<div align=\"center\">195 ml<\/div>\n<\/td>\n<td class=\"xl85\">\n<div align=\"center\">260 mm<\/div>\n<\/td>\n<td class=\"xl84\">\n<div align=\"center\">265 l\/min<\/div>\n<\/td>\n<td class=\"xl83\">\n<div align=\"center\">SG008-411M-12<\/div>\n<\/td>\n<td class=\"xl82\">\n<div align=\"center\">1,2 mm<\/div>\n<\/td>\n<\/tr>\n<tr>\n<td class=\"xl87\">\n<div align=\"center\">K-411M-13<\/div>\n<\/td>\n<td class=\"xl78\">\n<div align=\"center\">1,3 mm<\/div>\n<\/td>\n<td class=\"xl81\">\n<div align=\"center\">240ml<\/div>\n<\/td>\n<td class=\"xl80\">\n<div align=\"center\">285 mil\u00edmetros<\/div>\n<\/td>\n<td class=\"xl79\">\n<div align=\"center\">265 l\/min<\/div>\n<\/td>\n<td class=\"xl87\">\n<div align=\"center\">SG008-411M-13<\/div>\n<\/td>\n<td class=\"xl78\">\n<div align=\"center\">1,3 mm<\/div>\n<\/td>\n<\/tr>\n<tr>\n<td class=\"xl87\">\n<div align=\"center\">K-411M-14<\/div>\n<\/td>\n<td class=\"xl78\">\n<div align=\"center\">1,4 mm<\/div>\n<\/td>\n<td class=\"xl81\">\n<div align=\"center\">265 ml<\/div>\n<\/td>\n<td class=\"xl80\">\n<div align=\"center\">300 mil\u00edmetros<\/div>\n<\/td>\n<td class=\"xl79\">\n<div align=\"center\">265 l\/min<\/div>\n<\/td>\n<td class=\"xl87\">\n<div align=\"center\">SG008-411M-14<\/div>\n<\/td>\n<td class=\"xl78\">\n<div align=\"center\">1,4 mm<\/div>\n<\/td>\n<\/tr>\n<tr>\n<td class=\"xl87\">\n<div align=\"center\">K-411M-16<\/div>\n<\/td>\n<td class=\"xl78\">\n<div align=\"center\">1,6 mm<\/div>\n<\/td>\n<td class=\"xl81\">\n<div align=\"center\">300ml<\/div>\n<\/td>\n<td class=\"xl80\">\n<div align=\"center\">340 mm<\/div>\n<\/td>\n<td class=\"xl79\">\n<div align=\"center\">265 l\/min<\/div>\n<\/td>\n<td class=\"xl87\">\n<div align=\"center\">SG008-411M-16<\/div>\n<\/td>\n<td class=\"xl78\">\n<div align=\"center\">1,6 mm<\/div>\n<\/td>\n<\/tr>\n<tr>\n<td class=\"xl87\">\n<div align=\"center\">K-411M-18<\/div>\n<\/td>\n<td class=\"xl78\">\n<div align=\"center\">1,8 mm<\/div>\n<\/td>\n<td class=\"xl81\">\n<div align=\"center\">360 ml<\/div>\n<\/td>\n<td class=\"xl80\">\n<div align=\"center\">370mm<\/div>\n<\/td>\n<td class=\"xl79\">\n<div align=\"center\">265 l\/min<\/div>\n<\/td>\n<td class=\"xl87\">\n<div align=\"center\">SG008-411M-18<\/div>\n<\/td>\n<td class=\"xl78\">\n<div align=\"center\">1,8 mm<\/div>\n<\/td>\n<\/tr>\n<tr>\n<td class=\"xl87\">\n<div align=\"center\">K-411M-20<\/div>\n<\/td>\n<td class=\"xl78\">\n<div align=\"center\">2,0mm<\/div>\n<\/td>\n<td class=\"xl81\">\n<div align=\"center\">380 ml<\/div>\n<\/td>\n<td class=\"xl80\">\n<div align=\"center\">390 mm<\/div>\n<\/td>\n<td class=\"xl79\">\n<div align=\"center\">265 l\/min<\/div>\n<\/td>\n<td class=\"xl87\">\n<div align=\"center\">SG008-411M-20<\/div>\n<\/td>\n<td class=\"xl78\">\n<div align=\"center\">2,0mm<\/div>\n<\/td>\n<\/tr>\n<tr>\n<td class=\"xl91\" colspan=\"2\" valign=\"top\" nowrap=\"nowrap\">\n<div align=\"left\">\u2022 \u578b\u5f0f : \u91cd\u529b\u5f0f\u5074\u676f<br \/>\n\u2022 Capacidade de tinta: 600 cc<br \/>\n\u2022 Conector de pintura: M16\u00d71,5P<br \/>\n\u2022 Conector de entrada: 1\/4\u2033<\/div>\n<\/td>\n<td class=\"xl95\" colspan=\"3\" valign=\"top\" nowrap=\"nowrap\">\n<div align=\"left\">\u2022 Press\u00e3o de entrada: 30~43 psi<br \/>\n\u2022 \u6a5f\u9ad4\u6de8\u91cd : 497 gs<\/div>\n<\/td>\n<td class=\"xl93\" colspan=\"2\">\n<div align=\"center\"><img decoding=\"async\" id=\"exifviewer-img-1\" class=\"alignnone wp-image-4610 size-full\" src=\"http:\/\/www.prowin-tools.com\/wp-content\/uploads\/2021\/12\/KH-818M.png\" alt=\"K-410M\" width=\"196\" height=\"96\" \/><\/div>\n<\/td>\n<\/tr>\n<\/tbody>\n<\/table>\n<\/div>\n<\/div>","protected":false},"excerpt":{"rendered":"<p>Prowin Tools \u7684\u6c23\u52d5\u5674\u6f06\u69cd\u64c1\u6709\u51fa\u8272\u7684\u9727\u5316\u4ee5\u53ca\u5674\u5857\u8868\u73fe\uff1b\u9069\u7528\u65bc\u6cb9\u6027\u548c\u6c34\u6027\u5857\u6599\u3002\u5674\u5634\u548c\u91dd\u982d\u7686\u7531\u7cbe\u5bc6\u4e0d\u93fd\u92fc\u6240\u88fd\u6210\uff0c\u6027\u80fd\u5353\u8d8a\uff0c\u4f7f\u7528\u58fd\u547d\u9577\u3002\u5674\u69cd\u4e3b\u8981\u7528\u65bc\u6c7d\u8eca\u4fee\u88dc\uff0c\u623f\u5c4b\u88dd\u98fe\uff0c\u5de5\u696d\/\u5efa\u7bc9\u7528\u9014\uff0c\u6728\u6750\u5de5\u4f5c\u7b49\u3002<br \/>\nNesta s\u00e9rie, fornecemos pistolas de pulveriza\u00e7\u00e3o profissionais HP, tipos de pistolas de pulveriza\u00e7\u00e3o de prote\u00e7\u00e3o ambiental de baixa press\u00e3o HVLP, tipos de pistolas de pulveriza\u00e7\u00e3o de prote\u00e7\u00e3o ambiental de baixa press\u00e3o e alto desempenho LVLP.<\/p>","protected":false},"featured_media":8384,"comment_status":"open","ping_status":"closed","template":"","meta":{"qubely_global_settings":"","qubely_interactions":"","_uag_custom_page_level_css":"","site-sidebar-layout":"default","site-content-layout":"default","ast-site-content-layout":"default","site-content-style":"default","site-sidebar-style":"default","ast-global-header-display":"","ast-banner-title-visibility":"","ast-main-header-display":"","ast-hfb-above-header-display":"","ast-hfb-below-header-display":"","ast-hfb-mobile-header-display":"","site-post-title":"","ast-breadcrumbs-content":"","ast-featured-img":"","footer-sml-layout":"","theme-transparent-header-meta":"default","adv-header-id-meta":"","stick-header-meta":"default","header-above-stick-meta":"","header-main-stick-meta":"","header-below-stick-meta":"","astra-migrate-meta-layouts":"set","ast-page-background-enabled":"default","ast-page-background-meta":{"desktop":{"background-color":"","background-image":"","background-repeat":"repeat","background-position":"center center","background-size":"auto","background-attachment":"scroll","background-type":"","background-media":"","overlay-type":"","overlay-color":"","overlay-gradient":""},"tablet":{"background-color":"","background-image":"","background-repeat":"repeat","background-position":"center center","background-size":"auto","background-attachment":"scroll","background-type":"","background-media":"","overlay-type":"","overlay-color":"","overlay-gradient":""},"mobile":{"background-color":"","background-image":"","background-repeat":"repeat","background-position":"center center","background-size":"auto","background-attachment":"scroll","background-type":"","background-media":"","overlay-type":"","overlay-color":"","overlay-gradient":""}},"ast-content-background-meta":{"desktop":{"background-color":"var(--ast-global-color-5)","background-image":"","background-repeat":"repeat","background-position":"center center","background-size":"auto","background-attachment":"scroll","background-type":"","background-media":"","overlay-type":"","overlay-color":"","overlay-gradient":""},"tablet":{"background-color":"var(--ast-global-color-5)","background-image":"","background-repeat":"repeat","background-position":"center center","background-size":"auto","background-attachment":"scroll","background-type":"","background-media":"","overlay-type":"","overlay-color":"","overlay-gradient":""},"mobile":{"background-color":"var(--ast-global-color-5)","background-image":"","background-repeat":"repeat","background-position":"center center","background-size":"auto","background-attachment":"scroll","background-type":"","background-media":"","overlay-type":"","overlay-color":"","overlay-gradient":""}},"_themeisle_gutenberg_block_has_review":false},"product_cat":[72,134],"product_tag":[126,151,656,657],"class_list":{"0":"post-8383","1":"product","2":"type-product","3":"status-publish","4":"has-post-thumbnail","6":"product_cat-air-spray-gun","7":"product_cat-hp-air-spray-gun","8":"product_tag-126","9":"product_tag-hp","10":"product_tag-k-411m","11":"product_tag-657","12":"desktop-align-left","13":"tablet-align-left","14":"mobile-align-left","15":"ast-product-gallery-layout-horizontal","16":"ast-product-tabs-layout-horizontal","17":"ast-qv-on-image","19":"","20":"instock","21":"shipping-taxable","22":"purchasable","23":"product-type-simple"},"uagb_featured_image_src":{"full":["https:\/\/prowin-tools.com.tw\/wp-content\/uploads\/2024\/04\/K-411MKH-411M-1Air-Spray-Gun.jpg",1000,1000,false],"thumbnail":["https:\/\/prowin-tools.com.tw\/wp-content\/uploads\/2024\/04\/K-411MKH-411M-1Air-Spray-Gun-150x150.jpg",150,150,true],"medium":["https:\/\/prowin-tools.com.tw\/wp-content\/uploads\/2024\/04\/K-411MKH-411M-1Air-Spray-Gun-300x300.jpg",300,300,true],"medium_large":["https:\/\/prowin-tools.com.tw\/wp-content\/uploads\/2024\/04\/K-411MKH-411M-1Air-Spray-Gun-768x768.jpg",768,768,true],"large":["https:\/\/prowin-tools.com.tw\/wp-content\/uploads\/2024\/04\/K-411MKH-411M-1Air-Spray-Gun.jpg",1000,1000,false],"1536x1536":["https:\/\/prowin-tools.com.tw\/wp-content\/uploads\/2024\/04\/K-411MKH-411M-1Air-Spray-Gun.jpg",1000,1000,false],"2048x2048":["https:\/\/prowin-tools.com.tw\/wp-content\/uploads\/2024\/04\/K-411MKH-411M-1Air-Spray-Gun.jpg",1000,1000,false],"trp-custom-language-flag":["https:\/\/prowin-tools.com.tw\/wp-content\/uploads\/2024\/04\/K-411MKH-411M-1Air-Spray-Gun-12x12.jpg",12,12,true],"qubely_landscape":["https:\/\/prowin-tools.com.tw\/wp-content\/uploads\/2024\/04\/K-411MKH-411M-1Air-Spray-Gun-1000x750.jpg",1000,750,true],"qubely_portrait":["https:\/\/prowin-tools.com.tw\/wp-content\/uploads\/2024\/04\/K-411MKH-411M-1Air-Spray-Gun-540x320.jpg",540,320,true],"qubely_thumbnail":["https:\/\/prowin-tools.com.tw\/wp-content\/uploads\/2024\/04\/K-411MKH-411M-1Air-Spray-Gun-140x100.jpg",140,100,true],"woocommerce_thumbnail":["https:\/\/prowin-tools.com.tw\/wp-content\/uploads\/2024\/04\/K-411MKH-411M-1Air-Spray-Gun-350x350.jpg",350,350,true],"woocommerce_single":["https:\/\/prowin-tools.com.tw\/wp-content\/uploads\/2024\/04\/K-411MKH-411M-1Air-Spray-Gun-600x600.jpg",600,600,true],"woocommerce_gallery_thumbnail":["https:\/\/prowin-tools.com.tw\/wp-content\/uploads\/2024\/04\/K-411MKH-411M-1Air-Spray-Gun-100x100.jpg",100,100,true]},"uagb_author_info":{"display_name":"editor.prowintw","author_link":"https:\/\/prowin-tools.com.tw\/pt\/author\/"},"uagb_comment_info":0,"uagb_excerpt":"Prowin Tools \u7684\u6c23\u52d5\u5674\u6f06\u69cd\u64c1\u6709\u51fa\u8272\u7684\u9727\u5316\u4ee5\u53ca\u5674\u5857\u8868\u73fe\uff1b\u9069\u7528\u65bc\u6cb9\u6027\u548c\u6c34\u6027\u5857\u6599\u3002\u5674\u5634\u548c\u91dd\u982d\u7686\u7531\u7cbe\u5bc6\u4e0d\u93fd&hellip;","_links":{"self":[{"href":"https:\/\/prowin-tools.com.tw\/pt\/wp-json\/wp\/v2\/product\/8383","targetHints":{"allow":["GET"]}}],"collection":[{"href":"https:\/\/prowin-tools.com.tw\/pt\/wp-json\/wp\/v2\/product"}],"about":[{"href":"https:\/\/prowin-tools.com.tw\/pt\/wp-json\/wp\/v2\/types\/product"}],"replies":[{"embeddable":true,"href":"https:\/\/prowin-tools.com.tw\/pt\/wp-json\/wp\/v2\/comments?post=8383"}],"version-history":[{"count":3,"href":"https:\/\/prowin-tools.com.tw\/pt\/wp-json\/wp\/v2\/product\/8383\/revisions"}],"predecessor-version":[{"id":8389,"href":"https:\/\/prowin-tools.com.tw\/pt\/wp-json\/wp\/v2\/product\/8383\/revisions\/8389"}],"wp:featuredmedia":[{"embeddable":true,"href":"https:\/\/prowin-tools.com.tw\/pt\/wp-json\/wp\/v2\/media\/8384"}],"wp:attachment":[{"href":"https:\/\/prowin-tools.com.tw\/pt\/wp-json\/wp\/v2\/media?parent=8383"}],"wp:term":[{"taxonomy":"product_cat","embeddable":true,"href":"https:\/\/prowin-tools.com.tw\/pt\/wp-json\/wp\/v2\/product_cat?post=8383"},{"taxonomy":"product_tag","embeddable":true,"href":"https:\/\/prowin-tools.com.tw\/pt\/wp-json\/wp\/v2\/product_tag?post=8383"}],"curies":[{"name":"wp","href":"https:\/\/api.w.org\/{rel}","templated":true}]}}